{"id":3108,"date":"2020-11-26T08:42:40","date_gmt":"2020-11-26T08:42:40","guid":{"rendered":"https:\/\/safetykleenstg.wpengine.com\/products\/parts-washers\/solvent\/"},"modified":"2022-03-23T16:05:20","modified_gmt":"2022-03-23T16:05:20","slug":"solventli","status":"publish","type":"page","link":"https:\/\/safetykleeninternational.com\/tr\/urunler\/parca-yikayicilar\/solventli\/","title":{"rendered":"Solventli par\u00e7a y\u0131kay\u0131c\u0131lar"},"content":{"rendered":"","protected":false},"excerpt":{"rendered":"","protected":false},"author":3,"featured_media":10334,"parent":3058,"menu_order":1,"comment_status":"closed","ping_status":"closed","template":"","format":[],"meta":{"_acf_changed":false,"footnotes":""},"funnel":[],"industry":[],"pillar":[],"searchcategory":[],"class_list":["post-3108","page","type-page","status-publish","has-post-thumbnail","hentry"],"acf":[],"yoast_head":"<!-- This site is optimized with the Yoast SEO plugin v27.3 - https:\/\/yoast.com\/product\/yoast-seo-wordpress\/ -->\n<title>Solventli par\u00e7a y\u0131kay\u0131c\u0131lar - Safetykleen<\/title>\n<meta name=\"robots\" content=\"index, follow, max-snippet:-1, max-image-preview:large, max-video-preview:-1\" \/>\n<link rel=\"canonical\" href=\"https:\/\/safetykleeninternational.com\/tr\/urunler\/parca-yikayicilar\/solventli\/\" \/>\n<meta property=\"og:locale\" content=\"tr_TR\" \/>\n<meta property=\"og:type\" content=\"article\" \/>\n<meta property=\"og:title\" content=\"Solventli par\u00e7a y\u0131kay\u0131c\u0131lar - Safetykleen\" \/>\n<meta property=\"og:url\" content=\"https:\/\/safetykleeninternational.com\/tr\/urunler\/parca-yikayicilar\/solventli\/\" \/>\n<meta property=\"og:site_name\" content=\"Safetykleen\" \/>\n<meta property=\"article:modified_time\" content=\"2022-03-23T16:05:20+00:00\" \/>\n<meta property=\"og:image\" content=\"https:\/\/safetykleeninternational.com\/wp-content\/uploads\/2020\/12\/M205_Service_0883-scaled.jpg\" \/>\n\t<meta property=\"og:image:width\" content=\"2560\" \/>\n\t<meta property=\"og:image:height\" content=\"1707\" \/>\n\t<meta property=\"og:image:type\" content=\"image\/jpeg\" \/>\n<meta name=\"twitter:card\" content=\"summary_large_image\" \/>\n<meta name=\"twitter:site\" content=\"@SafetykleenUK\" \/>\n<script type=\"application\/ld+json\" class=\"yoast-schema-graph\">{\"@context\":\"https:\\\/\\\/schema.org\",\"@graph\":[{\"@type\":\"WebPage\",\"@id\":\"https:\\\/\\\/safetykleeninternational.com\\\/tr\\\/urunler\\\/parca-yikayicilar\\\/solventli\\\/\",\"url\":\"https:\\\/\\\/safetykleeninternational.com\\\/tr\\\/urunler\\\/parca-yikayicilar\\\/solventli\\\/\",\"name\":\"Solventli par\u00e7a y\u0131kay\u0131c\u0131lar - Safetykleen\",\"isPartOf\":{\"@id\":\"https:\\\/\\\/safetykleeninternational.com\\\/tr\\\/#website\"},\"primaryImageOfPage\":{\"@id\":\"https:\\\/\\\/safetykleeninternational.com\\\/tr\\\/urunler\\\/parca-yikayicilar\\\/solventli\\\/#primaryimage\"},\"image\":{\"@id\":\"https:\\\/\\\/safetykleeninternational.com\\\/tr\\\/urunler\\\/parca-yikayicilar\\\/solventli\\\/#primaryimage\"},\"thumbnailUrl\":\"https:\\\/\\\/safetykleeninternational.com\\\/wp-content\\\/uploads\\\/2020\\\/12\\\/M205_Service_0883-scaled.jpg\",\"datePublished\":\"2020-11-26T08:42:40+00:00\",\"dateModified\":\"2022-03-23T16:05:20+00:00\",\"breadcrumb\":{\"@id\":\"https:\\\/\\\/safetykleeninternational.com\\\/tr\\\/urunler\\\/parca-yikayicilar\\\/solventli\\\/#breadcrumb\"},\"inLanguage\":\"tr\",\"potentialAction\":[{\"@type\":\"ReadAction\",\"target\":[\"https:\\\/\\\/safetykleeninternational.com\\\/tr\\\/urunler\\\/parca-yikayicilar\\\/solventli\\\/\"]}]},{\"@type\":\"ImageObject\",\"inLanguage\":\"tr\",\"@id\":\"https:\\\/\\\/safetykleeninternational.com\\\/tr\\\/urunler\\\/parca-yikayicilar\\\/solventli\\\/#primaryimage\",\"url\":\"https:\\\/\\\/safetykleeninternational.com\\\/wp-content\\\/uploads\\\/2020\\\/12\\\/M205_Service_0883-scaled.jpg\",\"contentUrl\":\"https:\\\/\\\/safetykleeninternational.com\\\/wp-content\\\/uploads\\\/2020\\\/12\\\/M205_Service_0883-scaled.jpg\",\"width\":2560,\"height\":1707},{\"@type\":\"BreadcrumbList\",\"@id\":\"https:\\\/\\\/safetykleeninternational.com\\\/tr\\\/urunler\\\/parca-yikayicilar\\\/solventli\\\/#breadcrumb\",\"itemListElement\":[{\"@type\":\"ListItem\",\"position\":1,\"name\":\"\u00dcr\u00fcnler\",\"item\":\"https:\\\/\\\/safetykleeninternational.com\\\/tr\\\/products\\\/\"},{\"@type\":\"ListItem\",\"position\":2,\"name\":\"Par\u00e7a y\u0131kay\u0131c\u0131lar\",\"item\":\"https:\\\/\\\/safetykleeninternational.com\\\/tr\\\/products\\\/parts-washers\\\/\"},{\"@type\":\"ListItem\",\"position\":3,\"name\":\"Solventli par\u00e7a y\u0131kay\u0131c\u0131lar\"}]},{\"@type\":\"WebSite\",\"@id\":\"https:\\\/\\\/safetykleeninternational.com\\\/tr\\\/#website\",\"url\":\"https:\\\/\\\/safetykleeninternational.com\\\/tr\\\/\",\"name\":\"Safetykleen\",\"description\":\"Parts Cleaning Services for Business &amp; Industry\",\"publisher\":{\"@id\":\"https:\\\/\\\/safetykleeninternational.com\\\/tr\\\/#organization\"},\"potentialAction\":[{\"@type\":\"SearchAction\",\"target\":{\"@type\":\"EntryPoint\",\"urlTemplate\":\"https:\\\/\\\/safetykleeninternational.com\\\/tr\\\/?s={search_term_string}\"},\"query-input\":{\"@type\":\"PropertyValueSpecification\",\"valueRequired\":true,\"valueName\":\"search_term_string\"}}],\"inLanguage\":\"tr\"},{\"@type\":\"Organization\",\"@id\":\"https:\\\/\\\/safetykleeninternational.com\\\/tr\\\/#organization\",\"name\":\"Safetykleen\",\"url\":\"https:\\\/\\\/safetykleeninternational.com\\\/tr\\\/\",\"logo\":{\"@type\":\"ImageObject\",\"inLanguage\":\"tr\",\"@id\":\"https:\\\/\\\/safetykleeninternational.com\\\/tr\\\/#\\\/schema\\\/logo\\\/image\\\/\",\"url\":\"https:\\\/\\\/safetykleeninternational.com\\\/wp-content\\\/uploads\\\/2020\\\/12\\\/Screen-Shot-2020-12-15-at-09.13.37.png\",\"contentUrl\":\"https:\\\/\\\/safetykleeninternational.com\\\/wp-content\\\/uploads\\\/2020\\\/12\\\/Screen-Shot-2020-12-15-at-09.13.37.png\",\"width\":628,\"height\":280,\"caption\":\"Safetykleen\"},\"image\":{\"@id\":\"https:\\\/\\\/safetykleeninternational.com\\\/tr\\\/#\\\/schema\\\/logo\\\/image\\\/\"},\"sameAs\":[\"https:\\\/\\\/x.com\\\/SafetykleenUK\",\"https:\\\/\\\/www.instagram.com\\\/safetykleeninternational\\\/\",\"https:\\\/\\\/www.linkedin.com\\\/company\\\/safetykleen\\\/\",\"https:\\\/\\\/www.youtube.com\\\/channel\\\/UCWA-lHlJu6XDHKtNszhebFA\"]}]}<\/script>\n<!-- \/ Yoast SEO plugin. -->","yoast_head_json":{"title":"Solventli par\u00e7a y\u0131kay\u0131c\u0131lar - Safetykleen","robots":{"index":"index","follow":"follow","max-snippet":"max-snippet:-1","max-image-preview":"max-image-preview:large","max-video-preview":"max-video-preview:-1"},"canonical":"https:\/\/safetykleeninternational.com\/tr\/urunler\/parca-yikayicilar\/solventli\/","og_locale":"tr_TR","og_type":"article","og_title":"Solventli par\u00e7a y\u0131kay\u0131c\u0131lar - Safetykleen","og_url":"https:\/\/safetykleeninternational.com\/tr\/urunler\/parca-yikayicilar\/solventli\/","og_site_name":"Safetykleen","article_modified_time":"2022-03-23T16:05:20+00:00","og_image":[{"width":2560,"height":1707,"url":"https:\/\/safetykleeninternational.com\/wp-content\/uploads\/2020\/12\/M205_Service_0883-scaled.jpg","type":"image\/jpeg"}],"twitter_card":"summary_large_image","twitter_site":"@SafetykleenUK","schema":{"@context":"https:\/\/schema.org","@graph":[{"@type":"WebPage","@id":"https:\/\/safetykleeninternational.com\/tr\/urunler\/parca-yikayicilar\/solventli\/","url":"https:\/\/safetykleeninternational.com\/tr\/urunler\/parca-yikayicilar\/solventli\/","name":"Solventli par\u00e7a y\u0131kay\u0131c\u0131lar - Safetykleen","isPartOf":{"@id":"https:\/\/safetykleeninternational.com\/tr\/#website"},"primaryImageOfPage":{"@id":"https:\/\/safetykleeninternational.com\/tr\/urunler\/parca-yikayicilar\/solventli\/#primaryimage"},"image":{"@id":"https:\/\/safetykleeninternational.com\/tr\/urunler\/parca-yikayicilar\/solventli\/#primaryimage"},"thumbnailUrl":"https:\/\/safetykleeninternational.com\/wp-content\/uploads\/2020\/12\/M205_Service_0883-scaled.jpg","datePublished":"2020-11-26T08:42:40+00:00","dateModified":"2022-03-23T16:05:20+00:00","breadcrumb":{"@id":"https:\/\/safetykleeninternational.com\/tr\/urunler\/parca-yikayicilar\/solventli\/#breadcrumb"},"inLanguage":"tr","potentialAction":[{"@type":"ReadAction","target":["https:\/\/safetykleeninternational.com\/tr\/urunler\/parca-yikayicilar\/solventli\/"]}]},{"@type":"ImageObject","inLanguage":"tr","@id":"https:\/\/safetykleeninternational.com\/tr\/urunler\/parca-yikayicilar\/solventli\/#primaryimage","url":"https:\/\/safetykleeninternational.com\/wp-content\/uploads\/2020\/12\/M205_Service_0883-scaled.jpg","contentUrl":"https:\/\/safetykleeninternational.com\/wp-content\/uploads\/2020\/12\/M205_Service_0883-scaled.jpg","width":2560,"height":1707},{"@type":"BreadcrumbList","@id":"https:\/\/safetykleeninternational.com\/tr\/urunler\/parca-yikayicilar\/solventli\/#breadcrumb","itemListElement":[{"@type":"ListItem","position":1,"name":"\u00dcr\u00fcnler","item":"https:\/\/safetykleeninternational.com\/tr\/products\/"},{"@type":"ListItem","position":2,"name":"Par\u00e7a y\u0131kay\u0131c\u0131lar","item":"https:\/\/safetykleeninternational.com\/tr\/products\/parts-washers\/"},{"@type":"ListItem","position":3,"name":"Solventli par\u00e7a y\u0131kay\u0131c\u0131lar"}]},{"@type":"WebSite","@id":"https:\/\/safetykleeninternational.com\/tr\/#website","url":"https:\/\/safetykleeninternational.com\/tr\/","name":"Safetykleen","description":"Parts Cleaning Services for Business &amp; Industry","publisher":{"@id":"https:\/\/safetykleeninternational.com\/tr\/#organization"},"potentialAction":[{"@type":"SearchAction","target":{"@type":"EntryPoint","urlTemplate":"https:\/\/safetykleeninternational.com\/tr\/?s={search_term_string}"},"query-input":{"@type":"PropertyValueSpecification","valueRequired":true,"valueName":"search_term_string"}}],"inLanguage":"tr"},{"@type":"Organization","@id":"https:\/\/safetykleeninternational.com\/tr\/#organization","name":"Safetykleen","url":"https:\/\/safetykleeninternational.com\/tr\/","logo":{"@type":"ImageObject","inLanguage":"tr","@id":"https:\/\/safetykleeninternational.com\/tr\/#\/schema\/logo\/image\/","url":"https:\/\/safetykleeninternational.com\/wp-content\/uploads\/2020\/12\/Screen-Shot-2020-12-15-at-09.13.37.png","contentUrl":"https:\/\/safetykleeninternational.com\/wp-content\/uploads\/2020\/12\/Screen-Shot-2020-12-15-at-09.13.37.png","width":628,"height":280,"caption":"Safetykleen"},"image":{"@id":"https:\/\/safetykleeninternational.com\/tr\/#\/schema\/logo\/image\/"},"sameAs":["https:\/\/x.com\/SafetykleenUK","https:\/\/www.instagram.com\/safetykleeninternational\/","https:\/\/www.linkedin.com\/company\/safetykleen\/","https:\/\/www.youtube.com\/channel\/UCWA-lHlJu6XDHKtNszhebFA"]}]}},"_links":{"self":[{"href":"https:\/\/safetykleeninternational.com\/tr\/wp-json\/wp\/v2\/pages\/3108","targetHints":{"allow":["GET"]}}],"collection":[{"href":"https:\/\/safetykleeninternational.com\/tr\/wp-json\/wp\/v2\/pages"}],"about":[{"href":"https:\/\/safetykleeninternational.com\/tr\/wp-json\/wp\/v2\/types\/page"}],"author":[{"embeddable":true,"href":"https:\/\/safetykleeninternational.com\/tr\/wp-json\/wp\/v2\/users\/3"}],"replies":[{"embeddable":true,"href":"https:\/\/safetykleeninternational.com\/tr\/wp-json\/wp\/v2\/comments?post=3108"}],"version-history":[{"count":0,"href":"https:\/\/safetykleeninternational.com\/tr\/wp-json\/wp\/v2\/pages\/3108\/revisions"}],"up":[{"embeddable":true,"href":"https:\/\/safetykleeninternational.com\/tr\/wp-json\/wp\/v2\/pages\/3058"}],"wp:featuredmedia":[{"embeddable":true,"href":"https:\/\/safetykleeninternational.com\/tr\/wp-json\/wp\/v2\/media\/10334"}],"wp:attachment":[{"href":"https:\/\/safetykleeninternational.com\/tr\/wp-json\/wp\/v2\/media?parent=3108"}],"wp:term":[{"taxonomy":"format","embeddable":true,"href":"https:\/\/safetykleeninternational.com\/tr\/wp-json\/wp\/v2\/format?post=3108"},{"taxonomy":"funnel","embeddable":true,"href":"https:\/\/safetykleeninternational.com\/tr\/wp-json\/wp\/v2\/funnel?post=3108"},{"taxonomy":"industry","embeddable":true,"href":"https:\/\/safetykleeninternational.com\/tr\/wp-json\/wp\/v2\/industry?post=3108"},{"taxonomy":"pillar","embeddable":true,"href":"https:\/\/safetykleeninternational.com\/tr\/wp-json\/wp\/v2\/pillar?post=3108"},{"taxonomy":"searchcategory","embeddable":true,"href":"https:\/\/safetykleeninternational.com\/tr\/wp-json\/wp\/v2\/searchcategory?post=3108"}],"curies":[{"name":"wp","href":"https:\/\/api.w.org\/{rel}","templated":true}]}}