{"id":3137,"date":"2020-11-26T09:41:27","date_gmt":"2020-11-26T09:41:27","guid":{"rendered":"https:\/\/safetykleenstg.wpengine.com\/products\/spray-equipment-cleaning\/"},"modified":"2021-02-20T14:17:00","modified_gmt":"2021-02-20T14:17:00","slug":"cistice-striekacich-pistoli","status":"publish","type":"page","link":"https:\/\/safetykleeninternational.com\/sk\/produkty\/cistice-striekacich-pistoli\/","title":{"rendered":"\u010cisti\u010de Striekac\u00edch Pi\u0161tol\u00ed"},"content":{"rendered":"","protected":false},"excerpt":{"rendered":"","protected":false},"author":3,"featured_media":14452,"parent":3052,"menu_order":2,"comment_status":"closed","ping_status":"closed","template":"","format":[],"meta":{"_acf_changed":false,"footnotes":""},"funnel":[],"industry":[],"pillar":[],"searchcategory":[],"class_list":["post-3137","page","type-page","status-publish","has-post-thumbnail","hentry"],"acf":[],"yoast_head":"<!-- This site is optimized with the Yoast SEO plugin v27.3 - https:\/\/yoast.com\/product\/yoast-seo-wordpress\/ -->\n<title>\u010cisti\u010de Striekac\u00edch Pi\u0161tol\u00ed - Safetykleen<\/title>\n<meta name=\"robots\" content=\"index, follow, max-snippet:-1, max-image-preview:large, max-video-preview:-1\" \/>\n<link rel=\"canonical\" href=\"https:\/\/safetykleeninternational.com\/sk\/produkty\/cistice-striekacich-pistoli\/\" \/>\n<meta property=\"og:locale\" content=\"sk_SK\" \/>\n<meta property=\"og:type\" content=\"article\" \/>\n<meta property=\"og:title\" content=\"\u010cisti\u010de Striekac\u00edch Pi\u0161tol\u00ed - Safetykleen\" \/>\n<meta property=\"og:url\" content=\"https:\/\/safetykleeninternational.com\/sk\/produkty\/cistice-striekacich-pistoli\/\" \/>\n<meta property=\"og:site_name\" content=\"Safetykleen\" \/>\n<meta property=\"article:modified_time\" content=\"2021-02-20T14:17:00+00:00\" \/>\n<meta property=\"og:image\" content=\"https:\/\/safetykleeninternational.com\/wp-content\/uploads\/2020\/12\/Spray-Gun-Cleaner-2-scaled.jpg\" \/>\n\t<meta property=\"og:image:width\" content=\"2560\" \/>\n\t<meta property=\"og:image:height\" content=\"1563\" \/>\n\t<meta property=\"og:image:type\" content=\"image\/jpeg\" \/>\n<meta name=\"twitter:card\" content=\"summary_large_image\" \/>\n<meta name=\"twitter:site\" content=\"@SafetykleenUK\" \/>\n<script type=\"application\/ld+json\" class=\"yoast-schema-graph\">{\"@context\":\"https:\\\/\\\/schema.org\",\"@graph\":[{\"@type\":\"WebPage\",\"@id\":\"https:\\\/\\\/safetykleeninternational.com\\\/sk\\\/produkty\\\/cistice-striekacich-pistoli\\\/\",\"url\":\"https:\\\/\\\/safetykleeninternational.com\\\/sk\\\/produkty\\\/cistice-striekacich-pistoli\\\/\",\"name\":\"\u010cisti\u010de Striekac\u00edch Pi\u0161tol\u00ed - Safetykleen\",\"isPartOf\":{\"@id\":\"https:\\\/\\\/safetykleeninternational.com\\\/sk\\\/#website\"},\"primaryImageOfPage\":{\"@id\":\"https:\\\/\\\/safetykleeninternational.com\\\/sk\\\/produkty\\\/cistice-striekacich-pistoli\\\/#primaryimage\"},\"image\":{\"@id\":\"https:\\\/\\\/safetykleeninternational.com\\\/sk\\\/produkty\\\/cistice-striekacich-pistoli\\\/#primaryimage\"},\"thumbnailUrl\":\"https:\\\/\\\/safetykleeninternational.com\\\/wp-content\\\/uploads\\\/2020\\\/12\\\/Spray-Gun-Cleaner-2-scaled.jpg\",\"datePublished\":\"2020-11-26T09:41:27+00:00\",\"dateModified\":\"2021-02-20T14:17:00+00:00\",\"breadcrumb\":{\"@id\":\"https:\\\/\\\/safetykleeninternational.com\\\/sk\\\/produkty\\\/cistice-striekacich-pistoli\\\/#breadcrumb\"},\"inLanguage\":\"sk-SK\",\"potentialAction\":[{\"@type\":\"ReadAction\",\"target\":[\"https:\\\/\\\/safetykleeninternational.com\\\/sk\\\/produkty\\\/cistice-striekacich-pistoli\\\/\"]}]},{\"@type\":\"ImageObject\",\"inLanguage\":\"sk-SK\",\"@id\":\"https:\\\/\\\/safetykleeninternational.com\\\/sk\\\/produkty\\\/cistice-striekacich-pistoli\\\/#primaryimage\",\"url\":\"https:\\\/\\\/safetykleeninternational.com\\\/wp-content\\\/uploads\\\/2020\\\/12\\\/Spray-Gun-Cleaner-2-scaled.jpg\",\"contentUrl\":\"https:\\\/\\\/safetykleeninternational.com\\\/wp-content\\\/uploads\\\/2020\\\/12\\\/Spray-Gun-Cleaner-2-scaled.jpg\",\"width\":2560,\"height\":1563},{\"@type\":\"BreadcrumbList\",\"@id\":\"https:\\\/\\\/safetykleeninternational.com\\\/sk\\\/produkty\\\/cistice-striekacich-pistoli\\\/#breadcrumb\",\"itemListElement\":[{\"@type\":\"ListItem\",\"position\":1,\"name\":\"Produkty\",\"item\":\"https:\\\/\\\/safetykleeninternational.com\\\/sk\\\/products\\\/\"},{\"@type\":\"ListItem\",\"position\":2,\"name\":\"\u010cisti\u010de Striekac\u00edch Pi\u0161tol\u00ed\"}]},{\"@type\":\"WebSite\",\"@id\":\"https:\\\/\\\/safetykleeninternational.com\\\/sk\\\/#website\",\"url\":\"https:\\\/\\\/safetykleeninternational.com\\\/sk\\\/\",\"name\":\"Safetykleen\",\"description\":\"Parts Cleaning Services for Business &amp; Industry\",\"publisher\":{\"@id\":\"https:\\\/\\\/safetykleeninternational.com\\\/sk\\\/#organization\"},\"potentialAction\":[{\"@type\":\"SearchAction\",\"target\":{\"@type\":\"EntryPoint\",\"urlTemplate\":\"https:\\\/\\\/safetykleeninternational.com\\\/sk\\\/?s={search_term_string}\"},\"query-input\":{\"@type\":\"PropertyValueSpecification\",\"valueRequired\":true,\"valueName\":\"search_term_string\"}}],\"inLanguage\":\"sk-SK\"},{\"@type\":\"Organization\",\"@id\":\"https:\\\/\\\/safetykleeninternational.com\\\/sk\\\/#organization\",\"name\":\"Safetykleen\",\"url\":\"https:\\\/\\\/safetykleeninternational.com\\\/sk\\\/\",\"logo\":{\"@type\":\"ImageObject\",\"inLanguage\":\"sk-SK\",\"@id\":\"https:\\\/\\\/safetykleeninternational.com\\\/sk\\\/#\\\/schema\\\/logo\\\/image\\\/\",\"url\":\"https:\\\/\\\/safetykleeninternational.com\\\/wp-content\\\/uploads\\\/2020\\\/12\\\/Screen-Shot-2020-12-15-at-09.13.37.png\",\"contentUrl\":\"https:\\\/\\\/safetykleeninternational.com\\\/wp-content\\\/uploads\\\/2020\\\/12\\\/Screen-Shot-2020-12-15-at-09.13.37.png\",\"width\":628,\"height\":280,\"caption\":\"Safetykleen\"},\"image\":{\"@id\":\"https:\\\/\\\/safetykleeninternational.com\\\/sk\\\/#\\\/schema\\\/logo\\\/image\\\/\"},\"sameAs\":[\"https:\\\/\\\/x.com\\\/SafetykleenUK\",\"https:\\\/\\\/www.instagram.com\\\/safetykleeninternational\\\/\",\"https:\\\/\\\/www.linkedin.com\\\/company\\\/safetykleen\\\/\",\"https:\\\/\\\/www.youtube.com\\\/channel\\\/UCWA-lHlJu6XDHKtNszhebFA\"]}]}<\/script>\n<!-- \/ Yoast SEO plugin. -->","yoast_head_json":{"title":"\u010cisti\u010de Striekac\u00edch Pi\u0161tol\u00ed - Safetykleen","robots":{"index":"index","follow":"follow","max-snippet":"max-snippet:-1","max-image-preview":"max-image-preview:large","max-video-preview":"max-video-preview:-1"},"canonical":"https:\/\/safetykleeninternational.com\/sk\/produkty\/cistice-striekacich-pistoli\/","og_locale":"sk_SK","og_type":"article","og_title":"\u010cisti\u010de Striekac\u00edch Pi\u0161tol\u00ed - Safetykleen","og_url":"https:\/\/safetykleeninternational.com\/sk\/produkty\/cistice-striekacich-pistoli\/","og_site_name":"Safetykleen","article_modified_time":"2021-02-20T14:17:00+00:00","og_image":[{"width":2560,"height":1563,"url":"https:\/\/safetykleeninternational.com\/wp-content\/uploads\/2020\/12\/Spray-Gun-Cleaner-2-scaled.jpg","type":"image\/jpeg"}],"twitter_card":"summary_large_image","twitter_site":"@SafetykleenUK","schema":{"@context":"https:\/\/schema.org","@graph":[{"@type":"WebPage","@id":"https:\/\/safetykleeninternational.com\/sk\/produkty\/cistice-striekacich-pistoli\/","url":"https:\/\/safetykleeninternational.com\/sk\/produkty\/cistice-striekacich-pistoli\/","name":"\u010cisti\u010de Striekac\u00edch Pi\u0161tol\u00ed - Safetykleen","isPartOf":{"@id":"https:\/\/safetykleeninternational.com\/sk\/#website"},"primaryImageOfPage":{"@id":"https:\/\/safetykleeninternational.com\/sk\/produkty\/cistice-striekacich-pistoli\/#primaryimage"},"image":{"@id":"https:\/\/safetykleeninternational.com\/sk\/produkty\/cistice-striekacich-pistoli\/#primaryimage"},"thumbnailUrl":"https:\/\/safetykleeninternational.com\/wp-content\/uploads\/2020\/12\/Spray-Gun-Cleaner-2-scaled.jpg","datePublished":"2020-11-26T09:41:27+00:00","dateModified":"2021-02-20T14:17:00+00:00","breadcrumb":{"@id":"https:\/\/safetykleeninternational.com\/sk\/produkty\/cistice-striekacich-pistoli\/#breadcrumb"},"inLanguage":"sk-SK","potentialAction":[{"@type":"ReadAction","target":["https:\/\/safetykleeninternational.com\/sk\/produkty\/cistice-striekacich-pistoli\/"]}]},{"@type":"ImageObject","inLanguage":"sk-SK","@id":"https:\/\/safetykleeninternational.com\/sk\/produkty\/cistice-striekacich-pistoli\/#primaryimage","url":"https:\/\/safetykleeninternational.com\/wp-content\/uploads\/2020\/12\/Spray-Gun-Cleaner-2-scaled.jpg","contentUrl":"https:\/\/safetykleeninternational.com\/wp-content\/uploads\/2020\/12\/Spray-Gun-Cleaner-2-scaled.jpg","width":2560,"height":1563},{"@type":"BreadcrumbList","@id":"https:\/\/safetykleeninternational.com\/sk\/produkty\/cistice-striekacich-pistoli\/#breadcrumb","itemListElement":[{"@type":"ListItem","position":1,"name":"Produkty","item":"https:\/\/safetykleeninternational.com\/sk\/products\/"},{"@type":"ListItem","position":2,"name":"\u010cisti\u010de Striekac\u00edch Pi\u0161tol\u00ed"}]},{"@type":"WebSite","@id":"https:\/\/safetykleeninternational.com\/sk\/#website","url":"https:\/\/safetykleeninternational.com\/sk\/","name":"Safetykleen","description":"Parts Cleaning Services for Business &amp; Industry","publisher":{"@id":"https:\/\/safetykleeninternational.com\/sk\/#organization"},"potentialAction":[{"@type":"SearchAction","target":{"@type":"EntryPoint","urlTemplate":"https:\/\/safetykleeninternational.com\/sk\/?s={search_term_string}"},"query-input":{"@type":"PropertyValueSpecification","valueRequired":true,"valueName":"search_term_string"}}],"inLanguage":"sk-SK"},{"@type":"Organization","@id":"https:\/\/safetykleeninternational.com\/sk\/#organization","name":"Safetykleen","url":"https:\/\/safetykleeninternational.com\/sk\/","logo":{"@type":"ImageObject","inLanguage":"sk-SK","@id":"https:\/\/safetykleeninternational.com\/sk\/#\/schema\/logo\/image\/","url":"https:\/\/safetykleeninternational.com\/wp-content\/uploads\/2020\/12\/Screen-Shot-2020-12-15-at-09.13.37.png","contentUrl":"https:\/\/safetykleeninternational.com\/wp-content\/uploads\/2020\/12\/Screen-Shot-2020-12-15-at-09.13.37.png","width":628,"height":280,"caption":"Safetykleen"},"image":{"@id":"https:\/\/safetykleeninternational.com\/sk\/#\/schema\/logo\/image\/"},"sameAs":["https:\/\/x.com\/SafetykleenUK","https:\/\/www.instagram.com\/safetykleeninternational\/","https:\/\/www.linkedin.com\/company\/safetykleen\/","https:\/\/www.youtube.com\/channel\/UCWA-lHlJu6XDHKtNszhebFA"]}]}},"_links":{"self":[{"href":"https:\/\/safetykleeninternational.com\/sk\/wp-json\/wp\/v2\/pages\/3137","targetHints":{"allow":["GET"]}}],"collection":[{"href":"https:\/\/safetykleeninternational.com\/sk\/wp-json\/wp\/v2\/pages"}],"about":[{"href":"https:\/\/safetykleeninternational.com\/sk\/wp-json\/wp\/v2\/types\/page"}],"author":[{"embeddable":true,"href":"https:\/\/safetykleeninternational.com\/sk\/wp-json\/wp\/v2\/users\/3"}],"replies":[{"embeddable":true,"href":"https:\/\/safetykleeninternational.com\/sk\/wp-json\/wp\/v2\/comments?post=3137"}],"version-history":[{"count":0,"href":"https:\/\/safetykleeninternational.com\/sk\/wp-json\/wp\/v2\/pages\/3137\/revisions"}],"up":[{"embeddable":true,"href":"https:\/\/safetykleeninternational.com\/sk\/wp-json\/wp\/v2\/pages\/3052"}],"wp:featuredmedia":[{"embeddable":true,"href":"https:\/\/safetykleeninternational.com\/sk\/wp-json\/wp\/v2\/media\/14452"}],"wp:attachment":[{"href":"https:\/\/safetykleeninternational.com\/sk\/wp-json\/wp\/v2\/media?parent=3137"}],"wp:term":[{"taxonomy":"format","embeddable":true,"href":"https:\/\/safetykleeninternational.com\/sk\/wp-json\/wp\/v2\/format?post=3137"},{"taxonomy":"funnel","embeddable":true,"href":"https:\/\/safetykleeninternational.com\/sk\/wp-json\/wp\/v2\/funnel?post=3137"},{"taxonomy":"industry","embeddable":true,"href":"https:\/\/safetykleeninternational.com\/sk\/wp-json\/wp\/v2\/industry?post=3137"},{"taxonomy":"pillar","embeddable":true,"href":"https:\/\/safetykleeninternational.com\/sk\/wp-json\/wp\/v2\/pillar?post=3137"},{"taxonomy":"searchcategory","embeddable":true,"href":"https:\/\/safetykleeninternational.com\/sk\/wp-json\/wp\/v2\/searchcategory?post=3137"}],"curies":[{"name":"wp","href":"https:\/\/api.w.org\/{rel}","templated":true}]}}