{"id":3077,"date":"2020-11-28T10:06:53","date_gmt":"2020-11-28T10:06:53","guid":{"rendered":"https:\/\/safetykleenstg.wpengine.com\/products\/parts-washers\/water-based\/automatic\/aquakleen-auto-plus\/"},"modified":"2023-09-20T12:05:14","modified_gmt":"2023-09-20T12:05:14","slug":"aquakleen-auto-plus","status":"publish","type":"page","link":"https:\/\/safetykleeninternational.com\/sk\/produkty\/umyvacky-dielov\/vodna-baza\/automatizovane\/aquakleen-auto-plus\/","title":{"rendered":"Aquakleen Automatic Plus"},"content":{"rendered":"","protected":false},"excerpt":{"rendered":"","protected":false},"author":3,"featured_media":13385,"parent":3067,"menu_order":1,"comment_status":"closed","ping_status":"closed","template":"","format":[],"meta":{"_acf_changed":false,"footnotes":""},"funnel":[],"industry":[],"pillar":[],"searchcategory":[],"class_list":["post-3077","page","type-page","status-publish","has-post-thumbnail","hentry"],"acf":[],"yoast_head":"<!-- This site is optimized with the Yoast SEO plugin v27.3 - https:\/\/yoast.com\/product\/yoast-seo-wordpress\/ -->\n<title>Aquakleen Automatic Plus - Safetykleen<\/title>\n<meta name=\"robots\" content=\"index, follow, max-snippet:-1, max-image-preview:large, max-video-preview:-1\" \/>\n<link rel=\"canonical\" href=\"https:\/\/safetykleeninternational.com\/sk\/produkty\/umyvacky-dielov\/vodna-baza\/automatizovane\/aquakleen-auto-plus\/\" \/>\n<meta property=\"og:locale\" content=\"sk_SK\" \/>\n<meta property=\"og:type\" content=\"article\" \/>\n<meta property=\"og:title\" content=\"Aquakleen Automatic Plus - Safetykleen\" \/>\n<meta property=\"og:url\" content=\"https:\/\/safetykleeninternational.com\/sk\/produkty\/umyvacky-dielov\/vodna-baza\/automatizovane\/aquakleen-auto-plus\/\" \/>\n<meta property=\"og:site_name\" content=\"Safetykleen\" \/>\n<meta property=\"article:modified_time\" content=\"2023-09-20T12:05:14+00:00\" \/>\n<meta property=\"og:image\" content=\"https:\/\/safetykleeninternational.com\/wp-content\/uploads\/2023\/07\/Aquakleen-Automatic-M285.jpg\" \/>\n\t<meta property=\"og:image:width\" content=\"1024\" \/>\n\t<meta property=\"og:image:height\" content=\"684\" \/>\n\t<meta property=\"og:image:type\" content=\"image\/jpeg\" \/>\n<meta name=\"twitter:card\" content=\"summary_large_image\" \/>\n<meta name=\"twitter:site\" content=\"@SafetykleenUK\" \/>\n<script type=\"application\/ld+json\" class=\"yoast-schema-graph\">{\"@context\":\"https:\\\/\\\/schema.org\",\"@graph\":[{\"@type\":\"WebPage\",\"@id\":\"https:\\\/\\\/safetykleeninternational.com\\\/sk\\\/produkty\\\/umyvacky-dielov\\\/vodna-baza\\\/automatizovane\\\/aquakleen-auto-plus\\\/\",\"url\":\"https:\\\/\\\/safetykleeninternational.com\\\/sk\\\/produkty\\\/umyvacky-dielov\\\/vodna-baza\\\/automatizovane\\\/aquakleen-auto-plus\\\/\",\"name\":\"Aquakleen Automatic Plus - Safetykleen\",\"isPartOf\":{\"@id\":\"https:\\\/\\\/safetykleeninternational.com\\\/sk\\\/#website\"},\"primaryImageOfPage\":{\"@id\":\"https:\\\/\\\/safetykleeninternational.com\\\/sk\\\/produkty\\\/umyvacky-dielov\\\/vodna-baza\\\/automatizovane\\\/aquakleen-auto-plus\\\/#primaryimage\"},\"image\":{\"@id\":\"https:\\\/\\\/safetykleeninternational.com\\\/sk\\\/produkty\\\/umyvacky-dielov\\\/vodna-baza\\\/automatizovane\\\/aquakleen-auto-plus\\\/#primaryimage\"},\"thumbnailUrl\":\"https:\\\/\\\/safetykleeninternational.com\\\/wp-content\\\/uploads\\\/2023\\\/07\\\/Aquakleen-Automatic-M285.jpg\",\"datePublished\":\"2020-11-28T10:06:53+00:00\",\"dateModified\":\"2023-09-20T12:05:14+00:00\",\"breadcrumb\":{\"@id\":\"https:\\\/\\\/safetykleeninternational.com\\\/sk\\\/produkty\\\/umyvacky-dielov\\\/vodna-baza\\\/automatizovane\\\/aquakleen-auto-plus\\\/#breadcrumb\"},\"inLanguage\":\"sk-SK\",\"potentialAction\":[{\"@type\":\"ReadAction\",\"target\":[\"https:\\\/\\\/safetykleeninternational.com\\\/sk\\\/produkty\\\/umyvacky-dielov\\\/vodna-baza\\\/automatizovane\\\/aquakleen-auto-plus\\\/\"]}]},{\"@type\":\"ImageObject\",\"inLanguage\":\"sk-SK\",\"@id\":\"https:\\\/\\\/safetykleeninternational.com\\\/sk\\\/produkty\\\/umyvacky-dielov\\\/vodna-baza\\\/automatizovane\\\/aquakleen-auto-plus\\\/#primaryimage\",\"url\":\"https:\\\/\\\/safetykleeninternational.com\\\/wp-content\\\/uploads\\\/2023\\\/07\\\/Aquakleen-Automatic-M285.jpg\",\"contentUrl\":\"https:\\\/\\\/safetykleeninternational.com\\\/wp-content\\\/uploads\\\/2023\\\/07\\\/Aquakleen-Automatic-M285.jpg\",\"width\":1024,\"height\":684},{\"@type\":\"BreadcrumbList\",\"@id\":\"https:\\\/\\\/safetykleeninternational.com\\\/sk\\\/produkty\\\/umyvacky-dielov\\\/vodna-baza\\\/automatizovane\\\/aquakleen-auto-plus\\\/#breadcrumb\",\"itemListElement\":[{\"@type\":\"ListItem\",\"position\":1,\"name\":\"Produkty\",\"item\":\"https:\\\/\\\/safetykleeninternational.com\\\/sk\\\/products\\\/\"},{\"@type\":\"ListItem\",\"position\":2,\"name\":\"Um\u00fdva\u010dky Dielov\",\"item\":\"https:\\\/\\\/safetykleeninternational.com\\\/sk\\\/products\\\/parts-washers\\\/\"},{\"@type\":\"ListItem\",\"position\":3,\"name\":\"\u010cisti\u010de Dielov na Vodnej B\u00e1ze\",\"item\":\"https:\\\/\\\/safetykleeninternational.com\\\/sk\\\/products\\\/parts-washers\\\/water-based\\\/\"},{\"@type\":\"ListItem\",\"position\":4,\"name\":\"Automatizovan\u00e9 Um\u00fdva\u010dky\",\"item\":\"https:\\\/\\\/safetykleeninternational.com\\\/sk\\\/products\\\/parts-washers\\\/water-based\\\/automatic\\\/\"},{\"@type\":\"ListItem\",\"position\":5,\"name\":\"Aquakleen Automatic Plus\"}]},{\"@type\":\"WebSite\",\"@id\":\"https:\\\/\\\/safetykleeninternational.com\\\/sk\\\/#website\",\"url\":\"https:\\\/\\\/safetykleeninternational.com\\\/sk\\\/\",\"name\":\"Safetykleen\",\"description\":\"Parts Cleaning Services for Business &amp; Industry\",\"publisher\":{\"@id\":\"https:\\\/\\\/safetykleeninternational.com\\\/sk\\\/#organization\"},\"potentialAction\":[{\"@type\":\"SearchAction\",\"target\":{\"@type\":\"EntryPoint\",\"urlTemplate\":\"https:\\\/\\\/safetykleeninternational.com\\\/sk\\\/?s={search_term_string}\"},\"query-input\":{\"@type\":\"PropertyValueSpecification\",\"valueRequired\":true,\"valueName\":\"search_term_string\"}}],\"inLanguage\":\"sk-SK\"},{\"@type\":\"Organization\",\"@id\":\"https:\\\/\\\/safetykleeninternational.com\\\/sk\\\/#organization\",\"name\":\"Safetykleen\",\"url\":\"https:\\\/\\\/safetykleeninternational.com\\\/sk\\\/\",\"logo\":{\"@type\":\"ImageObject\",\"inLanguage\":\"sk-SK\",\"@id\":\"https:\\\/\\\/safetykleeninternational.com\\\/sk\\\/#\\\/schema\\\/logo\\\/image\\\/\",\"url\":\"https:\\\/\\\/safetykleeninternational.com\\\/wp-content\\\/uploads\\\/2020\\\/12\\\/Screen-Shot-2020-12-15-at-09.13.37.png\",\"contentUrl\":\"https:\\\/\\\/safetykleeninternational.com\\\/wp-content\\\/uploads\\\/2020\\\/12\\\/Screen-Shot-2020-12-15-at-09.13.37.png\",\"width\":628,\"height\":280,\"caption\":\"Safetykleen\"},\"image\":{\"@id\":\"https:\\\/\\\/safetykleeninternational.com\\\/sk\\\/#\\\/schema\\\/logo\\\/image\\\/\"},\"sameAs\":[\"https:\\\/\\\/x.com\\\/SafetykleenUK\",\"https:\\\/\\\/www.instagram.com\\\/safetykleeninternational\\\/\",\"https:\\\/\\\/www.linkedin.com\\\/company\\\/safetykleen\\\/\",\"https:\\\/\\\/www.youtube.com\\\/channel\\\/UCWA-lHlJu6XDHKtNszhebFA\"]}]}<\/script>\n<!-- \/ Yoast SEO plugin. -->","yoast_head_json":{"title":"Aquakleen Automatic Plus - Safetykleen","robots":{"index":"index","follow":"follow","max-snippet":"max-snippet:-1","max-image-preview":"max-image-preview:large","max-video-preview":"max-video-preview:-1"},"canonical":"https:\/\/safetykleeninternational.com\/sk\/produkty\/umyvacky-dielov\/vodna-baza\/automatizovane\/aquakleen-auto-plus\/","og_locale":"sk_SK","og_type":"article","og_title":"Aquakleen Automatic Plus - Safetykleen","og_url":"https:\/\/safetykleeninternational.com\/sk\/produkty\/umyvacky-dielov\/vodna-baza\/automatizovane\/aquakleen-auto-plus\/","og_site_name":"Safetykleen","article_modified_time":"2023-09-20T12:05:14+00:00","og_image":[{"width":1024,"height":684,"url":"https:\/\/safetykleeninternational.com\/wp-content\/uploads\/2023\/07\/Aquakleen-Automatic-M285.jpg","type":"image\/jpeg"}],"twitter_card":"summary_large_image","twitter_site":"@SafetykleenUK","schema":{"@context":"https:\/\/schema.org","@graph":[{"@type":"WebPage","@id":"https:\/\/safetykleeninternational.com\/sk\/produkty\/umyvacky-dielov\/vodna-baza\/automatizovane\/aquakleen-auto-plus\/","url":"https:\/\/safetykleeninternational.com\/sk\/produkty\/umyvacky-dielov\/vodna-baza\/automatizovane\/aquakleen-auto-plus\/","name":"Aquakleen Automatic Plus - Safetykleen","isPartOf":{"@id":"https:\/\/safetykleeninternational.com\/sk\/#website"},"primaryImageOfPage":{"@id":"https:\/\/safetykleeninternational.com\/sk\/produkty\/umyvacky-dielov\/vodna-baza\/automatizovane\/aquakleen-auto-plus\/#primaryimage"},"image":{"@id":"https:\/\/safetykleeninternational.com\/sk\/produkty\/umyvacky-dielov\/vodna-baza\/automatizovane\/aquakleen-auto-plus\/#primaryimage"},"thumbnailUrl":"https:\/\/safetykleeninternational.com\/wp-content\/uploads\/2023\/07\/Aquakleen-Automatic-M285.jpg","datePublished":"2020-11-28T10:06:53+00:00","dateModified":"2023-09-20T12:05:14+00:00","breadcrumb":{"@id":"https:\/\/safetykleeninternational.com\/sk\/produkty\/umyvacky-dielov\/vodna-baza\/automatizovane\/aquakleen-auto-plus\/#breadcrumb"},"inLanguage":"sk-SK","potentialAction":[{"@type":"ReadAction","target":["https:\/\/safetykleeninternational.com\/sk\/produkty\/umyvacky-dielov\/vodna-baza\/automatizovane\/aquakleen-auto-plus\/"]}]},{"@type":"ImageObject","inLanguage":"sk-SK","@id":"https:\/\/safetykleeninternational.com\/sk\/produkty\/umyvacky-dielov\/vodna-baza\/automatizovane\/aquakleen-auto-plus\/#primaryimage","url":"https:\/\/safetykleeninternational.com\/wp-content\/uploads\/2023\/07\/Aquakleen-Automatic-M285.jpg","contentUrl":"https:\/\/safetykleeninternational.com\/wp-content\/uploads\/2023\/07\/Aquakleen-Automatic-M285.jpg","width":1024,"height":684},{"@type":"BreadcrumbList","@id":"https:\/\/safetykleeninternational.com\/sk\/produkty\/umyvacky-dielov\/vodna-baza\/automatizovane\/aquakleen-auto-plus\/#breadcrumb","itemListElement":[{"@type":"ListItem","position":1,"name":"Produkty","item":"https:\/\/safetykleeninternational.com\/sk\/products\/"},{"@type":"ListItem","position":2,"name":"Um\u00fdva\u010dky Dielov","item":"https:\/\/safetykleeninternational.com\/sk\/products\/parts-washers\/"},{"@type":"ListItem","position":3,"name":"\u010cisti\u010de Dielov na Vodnej B\u00e1ze","item":"https:\/\/safetykleeninternational.com\/sk\/products\/parts-washers\/water-based\/"},{"@type":"ListItem","position":4,"name":"Automatizovan\u00e9 Um\u00fdva\u010dky","item":"https:\/\/safetykleeninternational.com\/sk\/products\/parts-washers\/water-based\/automatic\/"},{"@type":"ListItem","position":5,"name":"Aquakleen Automatic Plus"}]},{"@type":"WebSite","@id":"https:\/\/safetykleeninternational.com\/sk\/#website","url":"https:\/\/safetykleeninternational.com\/sk\/","name":"Safetykleen","description":"Parts Cleaning Services for Business &amp; Industry","publisher":{"@id":"https:\/\/safetykleeninternational.com\/sk\/#organization"},"potentialAction":[{"@type":"SearchAction","target":{"@type":"EntryPoint","urlTemplate":"https:\/\/safetykleeninternational.com\/sk\/?s={search_term_string}"},"query-input":{"@type":"PropertyValueSpecification","valueRequired":true,"valueName":"search_term_string"}}],"inLanguage":"sk-SK"},{"@type":"Organization","@id":"https:\/\/safetykleeninternational.com\/sk\/#organization","name":"Safetykleen","url":"https:\/\/safetykleeninternational.com\/sk\/","logo":{"@type":"ImageObject","inLanguage":"sk-SK","@id":"https:\/\/safetykleeninternational.com\/sk\/#\/schema\/logo\/image\/","url":"https:\/\/safetykleeninternational.com\/wp-content\/uploads\/2020\/12\/Screen-Shot-2020-12-15-at-09.13.37.png","contentUrl":"https:\/\/safetykleeninternational.com\/wp-content\/uploads\/2020\/12\/Screen-Shot-2020-12-15-at-09.13.37.png","width":628,"height":280,"caption":"Safetykleen"},"image":{"@id":"https:\/\/safetykleeninternational.com\/sk\/#\/schema\/logo\/image\/"},"sameAs":["https:\/\/x.com\/SafetykleenUK","https:\/\/www.instagram.com\/safetykleeninternational\/","https:\/\/www.linkedin.com\/company\/safetykleen\/","https:\/\/www.youtube.com\/channel\/UCWA-lHlJu6XDHKtNszhebFA"]}]}},"_links":{"self":[{"href":"https:\/\/safetykleeninternational.com\/sk\/wp-json\/wp\/v2\/pages\/3077","targetHints":{"allow":["GET"]}}],"collection":[{"href":"https:\/\/safetykleeninternational.com\/sk\/wp-json\/wp\/v2\/pages"}],"about":[{"href":"https:\/\/safetykleeninternational.com\/sk\/wp-json\/wp\/v2\/types\/page"}],"author":[{"embeddable":true,"href":"https:\/\/safetykleeninternational.com\/sk\/wp-json\/wp\/v2\/users\/3"}],"replies":[{"embeddable":true,"href":"https:\/\/safetykleeninternational.com\/sk\/wp-json\/wp\/v2\/comments?post=3077"}],"version-history":[{"count":0,"href":"https:\/\/safetykleeninternational.com\/sk\/wp-json\/wp\/v2\/pages\/3077\/revisions"}],"up":[{"embeddable":true,"href":"https:\/\/safetykleeninternational.com\/sk\/wp-json\/wp\/v2\/pages\/3067"}],"wp:featuredmedia":[{"embeddable":true,"href":"https:\/\/safetykleeninternational.com\/sk\/wp-json\/wp\/v2\/media\/13385"}],"wp:attachment":[{"href":"https:\/\/safetykleeninternational.com\/sk\/wp-json\/wp\/v2\/media?parent=3077"}],"wp:term":[{"taxonomy":"format","embeddable":true,"href":"https:\/\/safetykleeninternational.com\/sk\/wp-json\/wp\/v2\/format?post=3077"},{"taxonomy":"funnel","embeddable":true,"href":"https:\/\/safetykleeninternational.com\/sk\/wp-json\/wp\/v2\/funnel?post=3077"},{"taxonomy":"industry","embeddable":true,"href":"https:\/\/safetykleeninternational.com\/sk\/wp-json\/wp\/v2\/industry?post=3077"},{"taxonomy":"pillar","embeddable":true,"href":"https:\/\/safetykleeninternational.com\/sk\/wp-json\/wp\/v2\/pillar?post=3077"},{"taxonomy":"searchcategory","embeddable":true,"href":"https:\/\/safetykleeninternational.com\/sk\/wp-json\/wp\/v2\/searchcategory?post=3077"}],"curies":[{"name":"wp","href":"https:\/\/api.w.org\/{rel}","templated":true}]}}