{"id":2982,"date":"2020-11-19T10:23:44","date_gmt":"2020-11-19T10:23:44","guid":{"rendered":"https:\/\/safetykleenstg.wpengine.com\/services\/aqueous-solvent-parts-cleaning\/"},"modified":"2021-02-19T10:34:36","modified_gmt":"2021-02-19T10:34:36","slug":"cistenie-dielov-na-baze-vody-a-rozpustadiel","status":"publish","type":"page","link":"https:\/\/safetykleeninternational.com\/sk\/sluzby\/cistenie-dielov-na-baze-vody-a-rozpustadiel\/","title":{"rendered":"\u010cistenie dielov na b\u00e1ze vody &#038; rozp\u00fa\u0161\u0165adiel"},"content":{"rendered":"","protected":false},"excerpt":{"rendered":"","protected":false},"author":2,"featured_media":7952,"parent":2962,"menu_order":1,"comment_status":"closed","ping_status":"closed","template":"","format":[],"meta":{"_acf_changed":false,"footnotes":""},"funnel":[],"industry":[],"pillar":[],"searchcategory":[],"class_list":["post-2982","page","type-page","status-publish","has-post-thumbnail","hentry"],"acf":[],"yoast_head":"<!-- This site is optimized with the Yoast SEO plugin v27.4 - https:\/\/yoast.com\/product\/yoast-seo-wordpress\/ -->\n<title>\u010cistenie dielov na b\u00e1ze vody &amp; rozp\u00fa\u0161\u0165adiel - Safetykleen<\/title>\n<meta name=\"robots\" content=\"index, follow, max-snippet:-1, max-image-preview:large, max-video-preview:-1\" \/>\n<link rel=\"canonical\" href=\"https:\/\/safetykleeninternational.com\/sk\/sluzby\/cistenie-dielov-na-baze-vody-a-rozpustadiel\/\" \/>\n<meta property=\"og:locale\" content=\"sk_SK\" \/>\n<meta property=\"og:type\" content=\"article\" \/>\n<meta property=\"og:title\" content=\"\u010cistenie dielov na b\u00e1ze vody &amp; rozp\u00fa\u0161\u0165adiel - Safetykleen\" \/>\n<meta property=\"og:url\" content=\"https:\/\/safetykleeninternational.com\/sk\/sluzby\/cistenie-dielov-na-baze-vody-a-rozpustadiel\/\" \/>\n<meta property=\"og:site_name\" content=\"Safetykleen\" \/>\n<meta property=\"article:modified_time\" content=\"2021-02-19T10:34:36+00:00\" \/>\n<meta property=\"og:image\" content=\"https:\/\/safetykleeninternational.com\/wp-content\/uploads\/2022\/05\/Production-Verre-Nettoyage-de-pieces-industrielles.jpeg\" \/>\n\t<meta property=\"og:image:width\" content=\"1120\" \/>\n\t<meta property=\"og:image:height\" content=\"747\" \/>\n\t<meta property=\"og:image:type\" content=\"image\/jpeg\" \/>\n<meta name=\"twitter:card\" content=\"summary_large_image\" \/>\n<meta name=\"twitter:site\" content=\"@SafetykleenUK\" \/>\n<script type=\"application\/ld+json\" class=\"yoast-schema-graph\">{\"@context\":\"https:\\\/\\\/schema.org\",\"@graph\":[{\"@type\":\"WebPage\",\"@id\":\"https:\\\/\\\/safetykleeninternational.com\\\/sk\\\/sluzby\\\/cistenie-dielov-na-baze-vody-a-rozpustadiel\\\/\",\"url\":\"https:\\\/\\\/safetykleeninternational.com\\\/sk\\\/sluzby\\\/cistenie-dielov-na-baze-vody-a-rozpustadiel\\\/\",\"name\":\"\u010cistenie dielov na b\u00e1ze vody & rozp\u00fa\u0161\u0165adiel - Safetykleen\",\"isPartOf\":{\"@id\":\"https:\\\/\\\/safetykleeninternational.com\\\/sk\\\/#website\"},\"primaryImageOfPage\":{\"@id\":\"https:\\\/\\\/safetykleeninternational.com\\\/sk\\\/sluzby\\\/cistenie-dielov-na-baze-vody-a-rozpustadiel\\\/#primaryimage\"},\"image\":{\"@id\":\"https:\\\/\\\/safetykleeninternational.com\\\/sk\\\/sluzby\\\/cistenie-dielov-na-baze-vody-a-rozpustadiel\\\/#primaryimage\"},\"thumbnailUrl\":\"https:\\\/\\\/safetykleeninternational.com\\\/wp-content\\\/uploads\\\/2022\\\/05\\\/Production-Verre-Nettoyage-de-pieces-industrielles.jpeg\",\"datePublished\":\"2020-11-19T10:23:44+00:00\",\"dateModified\":\"2021-02-19T10:34:36+00:00\",\"breadcrumb\":{\"@id\":\"https:\\\/\\\/safetykleeninternational.com\\\/sk\\\/sluzby\\\/cistenie-dielov-na-baze-vody-a-rozpustadiel\\\/#breadcrumb\"},\"inLanguage\":\"sk-SK\",\"potentialAction\":[{\"@type\":\"ReadAction\",\"target\":[\"https:\\\/\\\/safetykleeninternational.com\\\/sk\\\/sluzby\\\/cistenie-dielov-na-baze-vody-a-rozpustadiel\\\/\"]}]},{\"@type\":\"ImageObject\",\"inLanguage\":\"sk-SK\",\"@id\":\"https:\\\/\\\/safetykleeninternational.com\\\/sk\\\/sluzby\\\/cistenie-dielov-na-baze-vody-a-rozpustadiel\\\/#primaryimage\",\"url\":\"https:\\\/\\\/safetykleeninternational.com\\\/wp-content\\\/uploads\\\/2022\\\/05\\\/Production-Verre-Nettoyage-de-pieces-industrielles.jpeg\",\"contentUrl\":\"https:\\\/\\\/safetykleeninternational.com\\\/wp-content\\\/uploads\\\/2022\\\/05\\\/Production-Verre-Nettoyage-de-pieces-industrielles.jpeg\",\"width\":1120,\"height\":747},{\"@type\":\"BreadcrumbList\",\"@id\":\"https:\\\/\\\/safetykleeninternational.com\\\/sk\\\/sluzby\\\/cistenie-dielov-na-baze-vody-a-rozpustadiel\\\/#breadcrumb\",\"itemListElement\":[{\"@type\":\"ListItem\",\"position\":1,\"name\":\"Slu\u017eby\",\"item\":\"https:\\\/\\\/safetykleeninternational.com\\\/sk\\\/services\\\/\"},{\"@type\":\"ListItem\",\"position\":2,\"name\":\"\u010cistenie dielov na b\u00e1ze vody &#038; rozp\u00fa\u0161\u0165adiel\"}]},{\"@type\":\"WebSite\",\"@id\":\"https:\\\/\\\/safetykleeninternational.com\\\/sk\\\/#website\",\"url\":\"https:\\\/\\\/safetykleeninternational.com\\\/sk\\\/\",\"name\":\"Safetykleen\",\"description\":\"Parts Cleaning Services for Business &amp; Industry\",\"publisher\":{\"@id\":\"https:\\\/\\\/safetykleeninternational.com\\\/sk\\\/#organization\"},\"potentialAction\":[{\"@type\":\"SearchAction\",\"target\":{\"@type\":\"EntryPoint\",\"urlTemplate\":\"https:\\\/\\\/safetykleeninternational.com\\\/sk\\\/?s={search_term_string}\"},\"query-input\":{\"@type\":\"PropertyValueSpecification\",\"valueRequired\":true,\"valueName\":\"search_term_string\"}}],\"inLanguage\":\"sk-SK\"},{\"@type\":\"Organization\",\"@id\":\"https:\\\/\\\/safetykleeninternational.com\\\/sk\\\/#organization\",\"name\":\"Safetykleen\",\"url\":\"https:\\\/\\\/safetykleeninternational.com\\\/sk\\\/\",\"logo\":{\"@type\":\"ImageObject\",\"inLanguage\":\"sk-SK\",\"@id\":\"https:\\\/\\\/safetykleeninternational.com\\\/sk\\\/#\\\/schema\\\/logo\\\/image\\\/\",\"url\":\"https:\\\/\\\/safetykleeninternational.com\\\/wp-content\\\/uploads\\\/2020\\\/12\\\/Screen-Shot-2020-12-15-at-09.13.37.png\",\"contentUrl\":\"https:\\\/\\\/safetykleeninternational.com\\\/wp-content\\\/uploads\\\/2020\\\/12\\\/Screen-Shot-2020-12-15-at-09.13.37.png\",\"width\":628,\"height\":280,\"caption\":\"Safetykleen\"},\"image\":{\"@id\":\"https:\\\/\\\/safetykleeninternational.com\\\/sk\\\/#\\\/schema\\\/logo\\\/image\\\/\"},\"sameAs\":[\"https:\\\/\\\/x.com\\\/SafetykleenUK\",\"https:\\\/\\\/www.instagram.com\\\/safetykleeninternational\\\/\",\"https:\\\/\\\/www.linkedin.com\\\/company\\\/safetykleen\\\/\",\"https:\\\/\\\/www.youtube.com\\\/channel\\\/UCWA-lHlJu6XDHKtNszhebFA\"]}]}<\/script>\n<!-- \/ Yoast SEO plugin. -->","yoast_head_json":{"title":"\u010cistenie dielov na b\u00e1ze vody & rozp\u00fa\u0161\u0165adiel - Safetykleen","robots":{"index":"index","follow":"follow","max-snippet":"max-snippet:-1","max-image-preview":"max-image-preview:large","max-video-preview":"max-video-preview:-1"},"canonical":"https:\/\/safetykleeninternational.com\/sk\/sluzby\/cistenie-dielov-na-baze-vody-a-rozpustadiel\/","og_locale":"sk_SK","og_type":"article","og_title":"\u010cistenie dielov na b\u00e1ze vody & rozp\u00fa\u0161\u0165adiel - Safetykleen","og_url":"https:\/\/safetykleeninternational.com\/sk\/sluzby\/cistenie-dielov-na-baze-vody-a-rozpustadiel\/","og_site_name":"Safetykleen","article_modified_time":"2021-02-19T10:34:36+00:00","og_image":[{"width":1120,"height":747,"url":"https:\/\/safetykleeninternational.com\/wp-content\/uploads\/2022\/05\/Production-Verre-Nettoyage-de-pieces-industrielles.jpeg","type":"image\/jpeg"}],"twitter_card":"summary_large_image","twitter_site":"@SafetykleenUK","schema":{"@context":"https:\/\/schema.org","@graph":[{"@type":"WebPage","@id":"https:\/\/safetykleeninternational.com\/sk\/sluzby\/cistenie-dielov-na-baze-vody-a-rozpustadiel\/","url":"https:\/\/safetykleeninternational.com\/sk\/sluzby\/cistenie-dielov-na-baze-vody-a-rozpustadiel\/","name":"\u010cistenie dielov na b\u00e1ze vody & rozp\u00fa\u0161\u0165adiel - Safetykleen","isPartOf":{"@id":"https:\/\/safetykleeninternational.com\/sk\/#website"},"primaryImageOfPage":{"@id":"https:\/\/safetykleeninternational.com\/sk\/sluzby\/cistenie-dielov-na-baze-vody-a-rozpustadiel\/#primaryimage"},"image":{"@id":"https:\/\/safetykleeninternational.com\/sk\/sluzby\/cistenie-dielov-na-baze-vody-a-rozpustadiel\/#primaryimage"},"thumbnailUrl":"https:\/\/safetykleeninternational.com\/wp-content\/uploads\/2022\/05\/Production-Verre-Nettoyage-de-pieces-industrielles.jpeg","datePublished":"2020-11-19T10:23:44+00:00","dateModified":"2021-02-19T10:34:36+00:00","breadcrumb":{"@id":"https:\/\/safetykleeninternational.com\/sk\/sluzby\/cistenie-dielov-na-baze-vody-a-rozpustadiel\/#breadcrumb"},"inLanguage":"sk-SK","potentialAction":[{"@type":"ReadAction","target":["https:\/\/safetykleeninternational.com\/sk\/sluzby\/cistenie-dielov-na-baze-vody-a-rozpustadiel\/"]}]},{"@type":"ImageObject","inLanguage":"sk-SK","@id":"https:\/\/safetykleeninternational.com\/sk\/sluzby\/cistenie-dielov-na-baze-vody-a-rozpustadiel\/#primaryimage","url":"https:\/\/safetykleeninternational.com\/wp-content\/uploads\/2022\/05\/Production-Verre-Nettoyage-de-pieces-industrielles.jpeg","contentUrl":"https:\/\/safetykleeninternational.com\/wp-content\/uploads\/2022\/05\/Production-Verre-Nettoyage-de-pieces-industrielles.jpeg","width":1120,"height":747},{"@type":"BreadcrumbList","@id":"https:\/\/safetykleeninternational.com\/sk\/sluzby\/cistenie-dielov-na-baze-vody-a-rozpustadiel\/#breadcrumb","itemListElement":[{"@type":"ListItem","position":1,"name":"Slu\u017eby","item":"https:\/\/safetykleeninternational.com\/sk\/services\/"},{"@type":"ListItem","position":2,"name":"\u010cistenie dielov na b\u00e1ze vody &#038; rozp\u00fa\u0161\u0165adiel"}]},{"@type":"WebSite","@id":"https:\/\/safetykleeninternational.com\/sk\/#website","url":"https:\/\/safetykleeninternational.com\/sk\/","name":"Safetykleen","description":"Parts Cleaning Services for Business &amp; Industry","publisher":{"@id":"https:\/\/safetykleeninternational.com\/sk\/#organization"},"potentialAction":[{"@type":"SearchAction","target":{"@type":"EntryPoint","urlTemplate":"https:\/\/safetykleeninternational.com\/sk\/?s={search_term_string}"},"query-input":{"@type":"PropertyValueSpecification","valueRequired":true,"valueName":"search_term_string"}}],"inLanguage":"sk-SK"},{"@type":"Organization","@id":"https:\/\/safetykleeninternational.com\/sk\/#organization","name":"Safetykleen","url":"https:\/\/safetykleeninternational.com\/sk\/","logo":{"@type":"ImageObject","inLanguage":"sk-SK","@id":"https:\/\/safetykleeninternational.com\/sk\/#\/schema\/logo\/image\/","url":"https:\/\/safetykleeninternational.com\/wp-content\/uploads\/2020\/12\/Screen-Shot-2020-12-15-at-09.13.37.png","contentUrl":"https:\/\/safetykleeninternational.com\/wp-content\/uploads\/2020\/12\/Screen-Shot-2020-12-15-at-09.13.37.png","width":628,"height":280,"caption":"Safetykleen"},"image":{"@id":"https:\/\/safetykleeninternational.com\/sk\/#\/schema\/logo\/image\/"},"sameAs":["https:\/\/x.com\/SafetykleenUK","https:\/\/www.instagram.com\/safetykleeninternational\/","https:\/\/www.linkedin.com\/company\/safetykleen\/","https:\/\/www.youtube.com\/channel\/UCWA-lHlJu6XDHKtNszhebFA"]}]}},"_links":{"self":[{"href":"https:\/\/safetykleeninternational.com\/sk\/wp-json\/wp\/v2\/pages\/2982","targetHints":{"allow":["GET"]}}],"collection":[{"href":"https:\/\/safetykleeninternational.com\/sk\/wp-json\/wp\/v2\/pages"}],"about":[{"href":"https:\/\/safetykleeninternational.com\/sk\/wp-json\/wp\/v2\/types\/page"}],"author":[{"embeddable":true,"href":"https:\/\/safetykleeninternational.com\/sk\/wp-json\/wp\/v2\/users\/2"}],"replies":[{"embeddable":true,"href":"https:\/\/safetykleeninternational.com\/sk\/wp-json\/wp\/v2\/comments?post=2982"}],"version-history":[{"count":0,"href":"https:\/\/safetykleeninternational.com\/sk\/wp-json\/wp\/v2\/pages\/2982\/revisions"}],"up":[{"embeddable":true,"href":"https:\/\/safetykleeninternational.com\/sk\/wp-json\/wp\/v2\/pages\/2962"}],"wp:featuredmedia":[{"embeddable":true,"href":"https:\/\/safetykleeninternational.com\/sk\/wp-json\/wp\/v2\/media\/7952"}],"wp:attachment":[{"href":"https:\/\/safetykleeninternational.com\/sk\/wp-json\/wp\/v2\/media?parent=2982"}],"wp:term":[{"taxonomy":"format","embeddable":true,"href":"https:\/\/safetykleeninternational.com\/sk\/wp-json\/wp\/v2\/format?post=2982"},{"taxonomy":"funnel","embeddable":true,"href":"https:\/\/safetykleeninternational.com\/sk\/wp-json\/wp\/v2\/funnel?post=2982"},{"taxonomy":"industry","embeddable":true,"href":"https:\/\/safetykleeninternational.com\/sk\/wp-json\/wp\/v2\/industry?post=2982"},{"taxonomy":"pillar","embeddable":true,"href":"https:\/\/safetykleeninternational.com\/sk\/wp-json\/wp\/v2\/pillar?post=2982"},{"taxonomy":"searchcategory","embeddable":true,"href":"https:\/\/safetykleeninternational.com\/sk\/wp-json\/wp\/v2\/searchcategory?post=2982"}],"curies":[{"name":"wp","href":"https:\/\/api.w.org\/{rel}","templated":true}]}}