{"id":8106,"date":"2022-05-24T15:07:49","date_gmt":"2022-05-24T15:07:49","guid":{"rendered":"https:\/\/safetykleenstg.wpengine.com\/?page_id=8106"},"modified":"2025-08-13T16:13:29","modified_gmt":"2025-08-13T16:13:29","slug":"safetykleen-pt-auto","status":"publish","type":"page","link":"https:\/\/safetykleeninternational.com\/pt-pt\/safetykleen-pt-auto\/","title":{"rendered":"Safetykleen Portugal &#8211; Lavagem de pe\u00e7as Auto"},"content":{"rendered":"","protected":false},"excerpt":{"rendered":"","protected":false},"author":34,"featured_media":12688,"parent":0,"menu_order":24,"comment_status":"closed","ping_status":"closed","template":"","format":[],"meta":{"_acf_changed":false,"footnotes":""},"funnel":[],"industry":[],"pillar":[],"searchcategory":[],"class_list":["post-8106","page","type-page","status-publish","has-post-thumbnail","hentry"],"acf":[],"yoast_head":"<!-- This site is optimized with the Yoast SEO plugin v27.3 - https:\/\/yoast.com\/product\/yoast-seo-wordpress\/ -->\n<title>Safetykleen Portugal - Lavagem de pe\u00e7as Auto - Safetykleen<\/title>\n<meta name=\"description\" content=\"Limpeza de pe\u00e7as alta precis\u00e3o e velocidade | Solu\u00e7\u00f5es qu\u00edmicas inclu\u00eddas | Servi\u00e7o e m\u00e1quina de lavar pe\u00e7as ajustados \u00e0 sua necessidade.\" \/>\n<meta name=\"robots\" content=\"noindex, follow\" \/>\n<meta property=\"og:locale\" content=\"pt_PT\" \/>\n<meta property=\"og:type\" content=\"article\" \/>\n<meta property=\"og:title\" content=\"Safetykleen Portugal - Lavagem de pe\u00e7as Auto - Safetykleen\" \/>\n<meta property=\"og:description\" content=\"Limpeza de pe\u00e7as alta precis\u00e3o e velocidade | Solu\u00e7\u00f5es qu\u00edmicas inclu\u00eddas | Servi\u00e7o e m\u00e1quina de lavar pe\u00e7as ajustados \u00e0 sua necessidade.\" \/>\n<meta property=\"og:url\" content=\"https:\/\/safetykleeninternational.com\/pt-pt\/safetykleen-pt-auto\/\" \/>\n<meta property=\"og:site_name\" content=\"Safetykleen\" \/>\n<meta property=\"article:modified_time\" content=\"2025-08-13T16:13:29+00:00\" \/>\n<meta property=\"og:image\" content=\"https:\/\/safetykleeninternational.com\/wp-content\/uploads\/2023\/05\/photoshoot-fusti-pulizia-macchina-1200large.jpg\" \/>\n\t<meta property=\"og:image:width\" content=\"1200\" \/>\n\t<meta property=\"og:image:height\" content=\"941\" \/>\n\t<meta property=\"og:image:type\" content=\"image\/jpeg\" \/>\n<meta name=\"twitter:card\" content=\"summary_large_image\" \/>\n<meta name=\"twitter:site\" content=\"@SafetykleenUK\" \/>\n<meta name=\"twitter:label1\" content=\"Tempo estimado de leitura\" \/>\n\t<meta name=\"twitter:data1\" content=\"3 minutos\" \/>\n<script type=\"application\/ld+json\" class=\"yoast-schema-graph\">{\"@context\":\"https:\\\/\\\/schema.org\",\"@graph\":[{\"@type\":\"WebPage\",\"@id\":\"https:\\\/\\\/safetykleeninternational.com\\\/pt-pt\\\/safetykleen-pt-auto\\\/\",\"url\":\"https:\\\/\\\/safetykleeninternational.com\\\/pt-pt\\\/safetykleen-pt-auto\\\/\",\"name\":\"Safetykleen Portugal - Lavagem de pe\u00e7as Auto - Safetykleen\",\"isPartOf\":{\"@id\":\"https:\\\/\\\/safetykleeninternational.com\\\/pt-pt\\\/#website\"},\"primaryImageOfPage\":{\"@id\":\"https:\\\/\\\/safetykleeninternational.com\\\/pt-pt\\\/safetykleen-pt-auto\\\/#primaryimage\"},\"image\":{\"@id\":\"https:\\\/\\\/safetykleeninternational.com\\\/pt-pt\\\/safetykleen-pt-auto\\\/#primaryimage\"},\"thumbnailUrl\":\"https:\\\/\\\/safetykleeninternational.com\\\/wp-content\\\/uploads\\\/2023\\\/05\\\/photoshoot-fusti-pulizia-macchina-1200large.jpg\",\"datePublished\":\"2022-05-24T15:07:49+00:00\",\"dateModified\":\"2025-08-13T16:13:29+00:00\",\"description\":\"Limpeza de pe\u00e7as alta precis\u00e3o e velocidade | Solu\u00e7\u00f5es qu\u00edmicas inclu\u00eddas | Servi\u00e7o e m\u00e1quina de lavar pe\u00e7as ajustados \u00e0 sua necessidade.\",\"inLanguage\":\"pt-PT\",\"potentialAction\":[{\"@type\":\"ReadAction\",\"target\":[\"https:\\\/\\\/safetykleeninternational.com\\\/pt-pt\\\/safetykleen-pt-auto\\\/\"]}]},{\"@type\":\"ImageObject\",\"inLanguage\":\"pt-PT\",\"@id\":\"https:\\\/\\\/safetykleeninternational.com\\\/pt-pt\\\/safetykleen-pt-auto\\\/#primaryimage\",\"url\":\"https:\\\/\\\/safetykleeninternational.com\\\/wp-content\\\/uploads\\\/2023\\\/05\\\/photoshoot-fusti-pulizia-macchina-1200large.jpg\",\"contentUrl\":\"https:\\\/\\\/safetykleeninternational.com\\\/wp-content\\\/uploads\\\/2023\\\/05\\\/photoshoot-fusti-pulizia-macchina-1200large.jpg\",\"width\":1200,\"height\":941,\"caption\":\"Corporate photography at Safetykleen Milan and Modena locations\"},{\"@type\":\"WebSite\",\"@id\":\"https:\\\/\\\/safetykleeninternational.com\\\/pt-pt\\\/#website\",\"url\":\"https:\\\/\\\/safetykleeninternational.com\\\/pt-pt\\\/\",\"name\":\"Safetykleen\",\"description\":\"Parts Cleaning Services for Business &amp; Industry\",\"publisher\":{\"@id\":\"https:\\\/\\\/safetykleeninternational.com\\\/pt-pt\\\/#organization\"},\"potentialAction\":[{\"@type\":\"SearchAction\",\"target\":{\"@type\":\"EntryPoint\",\"urlTemplate\":\"https:\\\/\\\/safetykleeninternational.com\\\/pt-pt\\\/?s={search_term_string}\"},\"query-input\":{\"@type\":\"PropertyValueSpecification\",\"valueRequired\":true,\"valueName\":\"search_term_string\"}}],\"inLanguage\":\"pt-PT\"},{\"@type\":\"Organization\",\"@id\":\"https:\\\/\\\/safetykleeninternational.com\\\/pt-pt\\\/#organization\",\"name\":\"Safetykleen\",\"url\":\"https:\\\/\\\/safetykleeninternational.com\\\/pt-pt\\\/\",\"logo\":{\"@type\":\"ImageObject\",\"inLanguage\":\"pt-PT\",\"@id\":\"https:\\\/\\\/safetykleeninternational.com\\\/pt-pt\\\/#\\\/schema\\\/logo\\\/image\\\/\",\"url\":\"https:\\\/\\\/safetykleeninternational.com\\\/wp-content\\\/uploads\\\/2020\\\/12\\\/Screen-Shot-2020-12-15-at-09.13.37.png\",\"contentUrl\":\"https:\\\/\\\/safetykleeninternational.com\\\/wp-content\\\/uploads\\\/2020\\\/12\\\/Screen-Shot-2020-12-15-at-09.13.37.png\",\"width\":628,\"height\":280,\"caption\":\"Safetykleen\"},\"image\":{\"@id\":\"https:\\\/\\\/safetykleeninternational.com\\\/pt-pt\\\/#\\\/schema\\\/logo\\\/image\\\/\"},\"sameAs\":[\"https:\\\/\\\/x.com\\\/SafetykleenUK\",\"https:\\\/\\\/www.instagram.com\\\/safetykleeninternational\\\/\",\"https:\\\/\\\/www.linkedin.com\\\/company\\\/safetykleen\\\/\",\"https:\\\/\\\/www.youtube.com\\\/channel\\\/UCWA-lHlJu6XDHKtNszhebFA\"]}]}<\/script>\n<!-- \/ Yoast SEO plugin. -->","yoast_head_json":{"title":"Safetykleen Portugal - Lavagem de pe\u00e7as Auto - Safetykleen","description":"Limpeza de pe\u00e7as alta precis\u00e3o e velocidade | Solu\u00e7\u00f5es qu\u00edmicas inclu\u00eddas | Servi\u00e7o e m\u00e1quina de lavar pe\u00e7as ajustados \u00e0 sua necessidade.","robots":{"index":"noindex","follow":"follow"},"og_locale":"pt_PT","og_type":"article","og_title":"Safetykleen Portugal - Lavagem de pe\u00e7as Auto - Safetykleen","og_description":"Limpeza de pe\u00e7as alta precis\u00e3o e velocidade | Solu\u00e7\u00f5es qu\u00edmicas inclu\u00eddas | Servi\u00e7o e m\u00e1quina de lavar pe\u00e7as ajustados \u00e0 sua necessidade.","og_url":"https:\/\/safetykleeninternational.com\/pt-pt\/safetykleen-pt-auto\/","og_site_name":"Safetykleen","article_modified_time":"2025-08-13T16:13:29+00:00","og_image":[{"width":1200,"height":941,"url":"https:\/\/safetykleeninternational.com\/wp-content\/uploads\/2023\/05\/photoshoot-fusti-pulizia-macchina-1200large.jpg","type":"image\/jpeg"}],"twitter_card":"summary_large_image","twitter_site":"@SafetykleenUK","twitter_misc":{"Tempo estimado de leitura":"3 minutos"},"schema":{"@context":"https:\/\/schema.org","@graph":[{"@type":"WebPage","@id":"https:\/\/safetykleeninternational.com\/pt-pt\/safetykleen-pt-auto\/","url":"https:\/\/safetykleeninternational.com\/pt-pt\/safetykleen-pt-auto\/","name":"Safetykleen Portugal - Lavagem de pe\u00e7as Auto - Safetykleen","isPartOf":{"@id":"https:\/\/safetykleeninternational.com\/pt-pt\/#website"},"primaryImageOfPage":{"@id":"https:\/\/safetykleeninternational.com\/pt-pt\/safetykleen-pt-auto\/#primaryimage"},"image":{"@id":"https:\/\/safetykleeninternational.com\/pt-pt\/safetykleen-pt-auto\/#primaryimage"},"thumbnailUrl":"https:\/\/safetykleeninternational.com\/wp-content\/uploads\/2023\/05\/photoshoot-fusti-pulizia-macchina-1200large.jpg","datePublished":"2022-05-24T15:07:49+00:00","dateModified":"2025-08-13T16:13:29+00:00","description":"Limpeza de pe\u00e7as alta precis\u00e3o e velocidade | Solu\u00e7\u00f5es qu\u00edmicas inclu\u00eddas | Servi\u00e7o e m\u00e1quina de lavar pe\u00e7as ajustados \u00e0 sua necessidade.","inLanguage":"pt-PT","potentialAction":[{"@type":"ReadAction","target":["https:\/\/safetykleeninternational.com\/pt-pt\/safetykleen-pt-auto\/"]}]},{"@type":"ImageObject","inLanguage":"pt-PT","@id":"https:\/\/safetykleeninternational.com\/pt-pt\/safetykleen-pt-auto\/#primaryimage","url":"https:\/\/safetykleeninternational.com\/wp-content\/uploads\/2023\/05\/photoshoot-fusti-pulizia-macchina-1200large.jpg","contentUrl":"https:\/\/safetykleeninternational.com\/wp-content\/uploads\/2023\/05\/photoshoot-fusti-pulizia-macchina-1200large.jpg","width":1200,"height":941,"caption":"Corporate photography at Safetykleen Milan and Modena locations"},{"@type":"WebSite","@id":"https:\/\/safetykleeninternational.com\/pt-pt\/#website","url":"https:\/\/safetykleeninternational.com\/pt-pt\/","name":"Safetykleen","description":"Parts Cleaning Services for Business &amp; Industry","publisher":{"@id":"https:\/\/safetykleeninternational.com\/pt-pt\/#organization"},"potentialAction":[{"@type":"SearchAction","target":{"@type":"EntryPoint","urlTemplate":"https:\/\/safetykleeninternational.com\/pt-pt\/?s={search_term_string}"},"query-input":{"@type":"PropertyValueSpecification","valueRequired":true,"valueName":"search_term_string"}}],"inLanguage":"pt-PT"},{"@type":"Organization","@id":"https:\/\/safetykleeninternational.com\/pt-pt\/#organization","name":"Safetykleen","url":"https:\/\/safetykleeninternational.com\/pt-pt\/","logo":{"@type":"ImageObject","inLanguage":"pt-PT","@id":"https:\/\/safetykleeninternational.com\/pt-pt\/#\/schema\/logo\/image\/","url":"https:\/\/safetykleeninternational.com\/wp-content\/uploads\/2020\/12\/Screen-Shot-2020-12-15-at-09.13.37.png","contentUrl":"https:\/\/safetykleeninternational.com\/wp-content\/uploads\/2020\/12\/Screen-Shot-2020-12-15-at-09.13.37.png","width":628,"height":280,"caption":"Safetykleen"},"image":{"@id":"https:\/\/safetykleeninternational.com\/pt-pt\/#\/schema\/logo\/image\/"},"sameAs":["https:\/\/x.com\/SafetykleenUK","https:\/\/www.instagram.com\/safetykleeninternational\/","https:\/\/www.linkedin.com\/company\/safetykleen\/","https:\/\/www.youtube.com\/channel\/UCWA-lHlJu6XDHKtNszhebFA"]}]}},"_links":{"self":[{"href":"https:\/\/safetykleeninternational.com\/pt-pt\/wp-json\/wp\/v2\/pages\/8106","targetHints":{"allow":["GET"]}}],"collection":[{"href":"https:\/\/safetykleeninternational.com\/pt-pt\/wp-json\/wp\/v2\/pages"}],"about":[{"href":"https:\/\/safetykleeninternational.com\/pt-pt\/wp-json\/wp\/v2\/types\/page"}],"author":[{"embeddable":true,"href":"https:\/\/safetykleeninternational.com\/pt-pt\/wp-json\/wp\/v2\/users\/34"}],"replies":[{"embeddable":true,"href":"https:\/\/safetykleeninternational.com\/pt-pt\/wp-json\/wp\/v2\/comments?post=8106"}],"version-history":[{"count":0,"href":"https:\/\/safetykleeninternational.com\/pt-pt\/wp-json\/wp\/v2\/pages\/8106\/revisions"}],"wp:featuredmedia":[{"embeddable":true,"href":"https:\/\/safetykleeninternational.com\/pt-pt\/wp-json\/wp\/v2\/media\/12688"}],"wp:attachment":[{"href":"https:\/\/safetykleeninternational.com\/pt-pt\/wp-json\/wp\/v2\/media?parent=8106"}],"wp:term":[{"taxonomy":"format","embeddable":true,"href":"https:\/\/safetykleeninternational.com\/pt-pt\/wp-json\/wp\/v2\/format?post=8106"},{"taxonomy":"funnel","embeddable":true,"href":"https:\/\/safetykleeninternational.com\/pt-pt\/wp-json\/wp\/v2\/funnel?post=8106"},{"taxonomy":"industry","embeddable":true,"href":"https:\/\/safetykleeninternational.com\/pt-pt\/wp-json\/wp\/v2\/industry?post=8106"},{"taxonomy":"pillar","embeddable":true,"href":"https:\/\/safetykleeninternational.com\/pt-pt\/wp-json\/wp\/v2\/pillar?post=8106"},{"taxonomy":"searchcategory","embeddable":true,"href":"https:\/\/safetykleeninternational.com\/pt-pt\/wp-json\/wp\/v2\/searchcategory?post=8106"}],"curies":[{"name":"wp","href":"https:\/\/api.w.org\/{rel}","templated":true}]}}