{"id":37277,"date":"2026-02-24T15:28:44","date_gmt":"2026-02-24T15:28:44","guid":{"rendered":"https:\/\/safetykleenstg.wpengine.com\/?page_id=37277"},"modified":"2026-02-26T14:21:48","modified_gmt":"2026-02-26T14:21:48","slug":"kleen35","status":"publish","type":"page","link":"https:\/\/safetykleeninternational.com\/pt-pt\/kleen35\/","title":{"rendered":"Kleen35"},"content":{"rendered":"","protected":false},"excerpt":{"rendered":"","protected":false},"author":34,"featured_media":0,"parent":0,"menu_order":1,"comment_status":"closed","ping_status":"closed","template":"tpl\/tpl-clean35.php","format":[263],"meta":{"_acf_changed":false,"footnotes":""},"funnel":[257],"industry":[275],"pillar":[307],"searchcategory":[],"class_list":["post-37277","page","type-page","status-publish","hentry"],"acf":[],"yoast_head":"<!-- This site is optimized with the Yoast SEO plugin v27.3 - https:\/\/yoast.com\/product\/yoast-seo-wordpress\/ -->\n<title>Kleen35 - Safetykleen<\/title>\n<meta name=\"description\" content=\"Kleen35\u2122 \u00e9 a solu\u00e7\u00e3o para limpar pe\u00e7as a 35 \u00b0C! Reduza at\u00e9 35% o consumo energ\u00e9tico, reduzindo tamb\u00e9m os custos e emiss\u00f5es de CO2, mantendo a mesma qualidade de limpeza.\" \/>\n<meta name=\"robots\" content=\"index, follow, max-snippet:-1, max-image-preview:large, max-video-preview:-1\" \/>\n<link rel=\"canonical\" href=\"https:\/\/safetykleeninternational.com\/pt-pt\/kleen35\/\" \/>\n<meta property=\"og:locale\" content=\"pt_PT\" \/>\n<meta property=\"og:type\" content=\"article\" \/>\n<meta property=\"og:title\" content=\"Kleen35 - Safetykleen\" \/>\n<meta property=\"og:description\" content=\"Kleen35\u2122 \u00e9 a solu\u00e7\u00e3o para limpar pe\u00e7as a 35 \u00b0C! Reduza at\u00e9 35% o consumo energ\u00e9tico, reduzindo tamb\u00e9m os custos e emiss\u00f5es de CO2, mantendo a mesma qualidade de limpeza.\" \/>\n<meta property=\"og:url\" content=\"https:\/\/safetykleeninternational.com\/pt-pt\/kleen35\/\" \/>\n<meta property=\"og:site_name\" content=\"Safetykleen\" \/>\n<meta property=\"article:modified_time\" content=\"2026-02-26T14:21:48+00:00\" \/>\n<meta property=\"og:image\" content=\"https:\/\/safetykleeninternational.com\/wp-content\/uploads\/2020\/12\/facebook-share-image-@2x-1.png\" \/>\n\t<meta property=\"og:image:width\" content=\"2400\" \/>\n\t<meta property=\"og:image:height\" content=\"1260\" \/>\n\t<meta property=\"og:image:type\" content=\"image\/png\" \/>\n<meta name=\"twitter:card\" content=\"summary_large_image\" \/>\n<meta name=\"twitter:site\" content=\"@SafetykleenUK\" \/>\n<meta name=\"twitter:label1\" content=\"Tempo estimado de leitura\" \/>\n\t<meta name=\"twitter:data1\" content=\"2 minutos\" \/>\n<script type=\"application\/ld+json\" class=\"yoast-schema-graph\">{\"@context\":\"https:\\\/\\\/schema.org\",\"@graph\":[{\"@type\":\"WebPage\",\"@id\":\"https:\\\/\\\/safetykleeninternational.com\\\/pt-pt\\\/kleen35\\\/\",\"url\":\"https:\\\/\\\/safetykleeninternational.com\\\/pt-pt\\\/kleen35\\\/\",\"name\":\"Kleen35 - Safetykleen\",\"isPartOf\":{\"@id\":\"https:\\\/\\\/safetykleeninternational.com\\\/pt-pt\\\/#website\"},\"datePublished\":\"2026-02-24T15:28:44+00:00\",\"dateModified\":\"2026-02-26T14:21:48+00:00\",\"description\":\"Kleen35\u2122 \u00e9 a solu\u00e7\u00e3o para limpar pe\u00e7as a 35 \u00b0C! Reduza at\u00e9 35% o consumo energ\u00e9tico, reduzindo tamb\u00e9m os custos e emiss\u00f5es de CO2, mantendo a mesma qualidade de limpeza.\",\"inLanguage\":\"pt-PT\",\"potentialAction\":[{\"@type\":\"ReadAction\",\"target\":[\"https:\\\/\\\/safetykleeninternational.com\\\/pt-pt\\\/kleen35\\\/\"]}]},{\"@type\":\"WebSite\",\"@id\":\"https:\\\/\\\/safetykleeninternational.com\\\/pt-pt\\\/#website\",\"url\":\"https:\\\/\\\/safetykleeninternational.com\\\/pt-pt\\\/\",\"name\":\"Safetykleen\",\"description\":\"Parts Cleaning Services for Business &amp; Industry\",\"publisher\":{\"@id\":\"https:\\\/\\\/safetykleeninternational.com\\\/pt-pt\\\/#organization\"},\"potentialAction\":[{\"@type\":\"SearchAction\",\"target\":{\"@type\":\"EntryPoint\",\"urlTemplate\":\"https:\\\/\\\/safetykleeninternational.com\\\/pt-pt\\\/?s={search_term_string}\"},\"query-input\":{\"@type\":\"PropertyValueSpecification\",\"valueRequired\":true,\"valueName\":\"search_term_string\"}}],\"inLanguage\":\"pt-PT\"},{\"@type\":\"Organization\",\"@id\":\"https:\\\/\\\/safetykleeninternational.com\\\/pt-pt\\\/#organization\",\"name\":\"Safetykleen\",\"url\":\"https:\\\/\\\/safetykleeninternational.com\\\/pt-pt\\\/\",\"logo\":{\"@type\":\"ImageObject\",\"inLanguage\":\"pt-PT\",\"@id\":\"https:\\\/\\\/safetykleeninternational.com\\\/pt-pt\\\/#\\\/schema\\\/logo\\\/image\\\/\",\"url\":\"https:\\\/\\\/safetykleeninternational.com\\\/wp-content\\\/uploads\\\/2020\\\/12\\\/Screen-Shot-2020-12-15-at-09.13.37.png\",\"contentUrl\":\"https:\\\/\\\/safetykleeninternational.com\\\/wp-content\\\/uploads\\\/2020\\\/12\\\/Screen-Shot-2020-12-15-at-09.13.37.png\",\"width\":628,\"height\":280,\"caption\":\"Safetykleen\"},\"image\":{\"@id\":\"https:\\\/\\\/safetykleeninternational.com\\\/pt-pt\\\/#\\\/schema\\\/logo\\\/image\\\/\"},\"sameAs\":[\"https:\\\/\\\/x.com\\\/SafetykleenUK\",\"https:\\\/\\\/www.instagram.com\\\/safetykleeninternational\\\/\",\"https:\\\/\\\/www.linkedin.com\\\/company\\\/safetykleen\\\/\",\"https:\\\/\\\/www.youtube.com\\\/channel\\\/UCWA-lHlJu6XDHKtNszhebFA\"]}]}<\/script>\n<!-- \/ Yoast SEO plugin. -->","yoast_head_json":{"title":"Kleen35 - Safetykleen","description":"Kleen35\u2122 \u00e9 a solu\u00e7\u00e3o para limpar pe\u00e7as a 35 \u00b0C! Reduza at\u00e9 35% o consumo energ\u00e9tico, reduzindo tamb\u00e9m os custos e emiss\u00f5es de CO2, mantendo a mesma qualidade de limpeza.","robots":{"index":"index","follow":"follow","max-snippet":"max-snippet:-1","max-image-preview":"max-image-preview:large","max-video-preview":"max-video-preview:-1"},"canonical":"https:\/\/safetykleeninternational.com\/pt-pt\/kleen35\/","og_locale":"pt_PT","og_type":"article","og_title":"Kleen35 - Safetykleen","og_description":"Kleen35\u2122 \u00e9 a solu\u00e7\u00e3o para limpar pe\u00e7as a 35 \u00b0C! Reduza at\u00e9 35% o consumo energ\u00e9tico, reduzindo tamb\u00e9m os custos e emiss\u00f5es de CO2, mantendo a mesma qualidade de limpeza.","og_url":"https:\/\/safetykleeninternational.com\/pt-pt\/kleen35\/","og_site_name":"Safetykleen","article_modified_time":"2026-02-26T14:21:48+00:00","og_image":[{"width":2400,"height":1260,"url":"https:\/\/safetykleeninternational.com\/wp-content\/uploads\/2020\/12\/facebook-share-image-@2x-1.png","type":"image\/png"}],"twitter_card":"summary_large_image","twitter_site":"@SafetykleenUK","twitter_misc":{"Tempo estimado de leitura":"2 minutos"},"schema":{"@context":"https:\/\/schema.org","@graph":[{"@type":"WebPage","@id":"https:\/\/safetykleeninternational.com\/pt-pt\/kleen35\/","url":"https:\/\/safetykleeninternational.com\/pt-pt\/kleen35\/","name":"Kleen35 - Safetykleen","isPartOf":{"@id":"https:\/\/safetykleeninternational.com\/pt-pt\/#website"},"datePublished":"2026-02-24T15:28:44+00:00","dateModified":"2026-02-26T14:21:48+00:00","description":"Kleen35\u2122 \u00e9 a solu\u00e7\u00e3o para limpar pe\u00e7as a 35 \u00b0C! Reduza at\u00e9 35% o consumo energ\u00e9tico, reduzindo tamb\u00e9m os custos e emiss\u00f5es de CO2, mantendo a mesma qualidade de limpeza.","inLanguage":"pt-PT","potentialAction":[{"@type":"ReadAction","target":["https:\/\/safetykleeninternational.com\/pt-pt\/kleen35\/"]}]},{"@type":"WebSite","@id":"https:\/\/safetykleeninternational.com\/pt-pt\/#website","url":"https:\/\/safetykleeninternational.com\/pt-pt\/","name":"Safetykleen","description":"Parts Cleaning Services for Business &amp; Industry","publisher":{"@id":"https:\/\/safetykleeninternational.com\/pt-pt\/#organization"},"potentialAction":[{"@type":"SearchAction","target":{"@type":"EntryPoint","urlTemplate":"https:\/\/safetykleeninternational.com\/pt-pt\/?s={search_term_string}"},"query-input":{"@type":"PropertyValueSpecification","valueRequired":true,"valueName":"search_term_string"}}],"inLanguage":"pt-PT"},{"@type":"Organization","@id":"https:\/\/safetykleeninternational.com\/pt-pt\/#organization","name":"Safetykleen","url":"https:\/\/safetykleeninternational.com\/pt-pt\/","logo":{"@type":"ImageObject","inLanguage":"pt-PT","@id":"https:\/\/safetykleeninternational.com\/pt-pt\/#\/schema\/logo\/image\/","url":"https:\/\/safetykleeninternational.com\/wp-content\/uploads\/2020\/12\/Screen-Shot-2020-12-15-at-09.13.37.png","contentUrl":"https:\/\/safetykleeninternational.com\/wp-content\/uploads\/2020\/12\/Screen-Shot-2020-12-15-at-09.13.37.png","width":628,"height":280,"caption":"Safetykleen"},"image":{"@id":"https:\/\/safetykleeninternational.com\/pt-pt\/#\/schema\/logo\/image\/"},"sameAs":["https:\/\/x.com\/SafetykleenUK","https:\/\/www.instagram.com\/safetykleeninternational\/","https:\/\/www.linkedin.com\/company\/safetykleen\/","https:\/\/www.youtube.com\/channel\/UCWA-lHlJu6XDHKtNszhebFA"]}]}},"_links":{"self":[{"href":"https:\/\/safetykleeninternational.com\/pt-pt\/wp-json\/wp\/v2\/pages\/37277","targetHints":{"allow":["GET"]}}],"collection":[{"href":"https:\/\/safetykleeninternational.com\/pt-pt\/wp-json\/wp\/v2\/pages"}],"about":[{"href":"https:\/\/safetykleeninternational.com\/pt-pt\/wp-json\/wp\/v2\/types\/page"}],"author":[{"embeddable":true,"href":"https:\/\/safetykleeninternational.com\/pt-pt\/wp-json\/wp\/v2\/users\/34"}],"replies":[{"embeddable":true,"href":"https:\/\/safetykleeninternational.com\/pt-pt\/wp-json\/wp\/v2\/comments?post=37277"}],"version-history":[{"count":1,"href":"https:\/\/safetykleeninternational.com\/pt-pt\/wp-json\/wp\/v2\/pages\/37277\/revisions"}],"predecessor-version":[{"id":41275,"href":"https:\/\/safetykleeninternational.com\/pt-pt\/wp-json\/wp\/v2\/pages\/37277\/revisions\/41275"}],"wp:attachment":[{"href":"https:\/\/safetykleeninternational.com\/pt-pt\/wp-json\/wp\/v2\/media?parent=37277"}],"wp:term":[{"taxonomy":"format","embeddable":true,"href":"https:\/\/safetykleeninternational.com\/pt-pt\/wp-json\/wp\/v2\/format?post=37277"},{"taxonomy":"funnel","embeddable":true,"href":"https:\/\/safetykleeninternational.com\/pt-pt\/wp-json\/wp\/v2\/funnel?post=37277"},{"taxonomy":"industry","embeddable":true,"href":"https:\/\/safetykleeninternational.com\/pt-pt\/wp-json\/wp\/v2\/industry?post=37277"},{"taxonomy":"pillar","embeddable":true,"href":"https:\/\/safetykleeninternational.com\/pt-pt\/wp-json\/wp\/v2\/pillar?post=37277"},{"taxonomy":"searchcategory","embeddable":true,"href":"https:\/\/safetykleeninternational.com\/pt-pt\/wp-json\/wp\/v2\/searchcategory?post=37277"}],"curies":[{"name":"wp","href":"https:\/\/api.w.org\/{rel}","templated":true}]}}