{"id":3081,"date":"2020-11-25T14:24:20","date_gmt":"2020-11-25T14:24:20","guid":{"rendered":"https:\/\/safetykleenstg.wpengine.com\/products\/parts-washers\/water-based\/manual\/"},"modified":"2026-03-19T15:18:30","modified_gmt":"2026-03-19T15:18:30","slug":"manual","status":"publish","type":"page","link":"https:\/\/safetykleeninternational.com\/pt-br\/produtos\/lavadoras-de-pecas\/base-agua\/manual\/","title":{"rendered":"Lavadoras de Pe\u00e7as Manuais"},"content":{"rendered":"","protected":false},"excerpt":{"rendered":"","protected":false},"author":3,"featured_media":7540,"parent":3061,"menu_order":1,"comment_status":"closed","ping_status":"closed","template":"","format":[],"meta":{"_acf_changed":false,"footnotes":""},"funnel":[],"industry":[],"pillar":[],"searchcategory":[],"class_list":["post-3081","page","type-page","status-publish","has-post-thumbnail","hentry"],"acf":[],"yoast_head":"<!-- This site is optimized with the Yoast SEO plugin v27.3 - https:\/\/yoast.com\/product\/yoast-seo-wordpress\/ -->\n<title>Lavadoras de Pe\u00e7as Manuais - Safetykleen<\/title>\n<meta name=\"robots\" content=\"index, follow, max-snippet:-1, max-image-preview:large, max-video-preview:-1\" \/>\n<link rel=\"canonical\" href=\"https:\/\/safetykleeninternational.com\/pt-br\/produtos\/lavadoras-de-pecas\/base-agua\/manual\/\" \/>\n<meta property=\"og:locale\" content=\"pt_BR\" \/>\n<meta property=\"og:type\" content=\"article\" \/>\n<meta property=\"og:title\" content=\"Lavadoras de Pe\u00e7as Manuais - Safetykleen\" \/>\n<meta property=\"og:url\" content=\"https:\/\/safetykleeninternational.com\/pt-br\/produtos\/lavadoras-de-pecas\/base-agua\/manual\/\" \/>\n<meta property=\"og:site_name\" content=\"Safetykleen\" \/>\n<meta property=\"article:modified_time\" content=\"2026-03-19T15:18:30+00:00\" \/>\n<meta property=\"og:image\" content=\"https:\/\/safetykleeninternational.com\/wp-content\/uploads\/2020\/12\/Jet_Klean_Customer_0042-scaled.jpg\" \/>\n\t<meta property=\"og:image:width\" content=\"2560\" \/>\n\t<meta property=\"og:image:height\" content=\"1707\" \/>\n\t<meta property=\"og:image:type\" content=\"image\/jpeg\" \/>\n<meta name=\"twitter:card\" content=\"summary_large_image\" \/>\n<meta name=\"twitter:site\" content=\"@SafetykleenUK\" \/>\n<meta name=\"twitter:label1\" content=\"Est. tempo de leitura\" \/>\n\t<meta name=\"twitter:data1\" content=\"3 minutos\" \/>\n<script type=\"application\/ld+json\" class=\"yoast-schema-graph\">{\"@context\":\"https:\\\/\\\/schema.org\",\"@graph\":[{\"@type\":\"WebPage\",\"@id\":\"https:\\\/\\\/safetykleeninternational.com\\\/pt-br\\\/produtos\\\/lavadoras-de-pecas\\\/base-agua\\\/manual\\\/\",\"url\":\"https:\\\/\\\/safetykleeninternational.com\\\/pt-br\\\/produtos\\\/lavadoras-de-pecas\\\/base-agua\\\/manual\\\/\",\"name\":\"Lavadoras de Pe\u00e7as Manuais - Safetykleen\",\"isPartOf\":{\"@id\":\"https:\\\/\\\/safetykleeninternational.com\\\/pt-br\\\/#website\"},\"primaryImageOfPage\":{\"@id\":\"https:\\\/\\\/safetykleeninternational.com\\\/pt-br\\\/produtos\\\/lavadoras-de-pecas\\\/base-agua\\\/manual\\\/#primaryimage\"},\"image\":{\"@id\":\"https:\\\/\\\/safetykleeninternational.com\\\/pt-br\\\/produtos\\\/lavadoras-de-pecas\\\/base-agua\\\/manual\\\/#primaryimage\"},\"thumbnailUrl\":\"https:\\\/\\\/safetykleeninternational.com\\\/wp-content\\\/uploads\\\/2020\\\/12\\\/Jet_Klean_Customer_0042-scaled.jpg\",\"datePublished\":\"2020-11-25T14:24:20+00:00\",\"dateModified\":\"2026-03-19T15:18:30+00:00\",\"breadcrumb\":{\"@id\":\"https:\\\/\\\/safetykleeninternational.com\\\/pt-br\\\/produtos\\\/lavadoras-de-pecas\\\/base-agua\\\/manual\\\/#breadcrumb\"},\"inLanguage\":\"pt-BR\",\"potentialAction\":[{\"@type\":\"ReadAction\",\"target\":[\"https:\\\/\\\/safetykleeninternational.com\\\/pt-br\\\/produtos\\\/lavadoras-de-pecas\\\/base-agua\\\/manual\\\/\"]}]},{\"@type\":\"ImageObject\",\"inLanguage\":\"pt-BR\",\"@id\":\"https:\\\/\\\/safetykleeninternational.com\\\/pt-br\\\/produtos\\\/lavadoras-de-pecas\\\/base-agua\\\/manual\\\/#primaryimage\",\"url\":\"https:\\\/\\\/safetykleeninternational.com\\\/wp-content\\\/uploads\\\/2020\\\/12\\\/Jet_Klean_Customer_0042-scaled.jpg\",\"contentUrl\":\"https:\\\/\\\/safetykleeninternational.com\\\/wp-content\\\/uploads\\\/2020\\\/12\\\/Jet_Klean_Customer_0042-scaled.jpg\",\"width\":2560,\"height\":1707},{\"@type\":\"BreadcrumbList\",\"@id\":\"https:\\\/\\\/safetykleeninternational.com\\\/pt-br\\\/produtos\\\/lavadoras-de-pecas\\\/base-agua\\\/manual\\\/#breadcrumb\",\"itemListElement\":[{\"@type\":\"ListItem\",\"position\":1,\"name\":\"Produtos\",\"item\":\"https:\\\/\\\/safetykleeninternational.com\\\/pt-br\\\/products\\\/\"},{\"@type\":\"ListItem\",\"position\":2,\"name\":\"Lavadoras de Pe\u00e7as\",\"item\":\"https:\\\/\\\/safetykleeninternational.com\\\/pt-br\\\/products\\\/parts-washers\\\/\"},{\"@type\":\"ListItem\",\"position\":3,\"name\":\"Lavadoras de Pe\u00e7as \u00e0 Base de \u00c1gua\",\"item\":\"https:\\\/\\\/safetykleeninternational.com\\\/pt-br\\\/products\\\/parts-washers\\\/water-based\\\/\"},{\"@type\":\"ListItem\",\"position\":4,\"name\":\"Lavadoras de Pe\u00e7as Manuais\"}]},{\"@type\":\"WebSite\",\"@id\":\"https:\\\/\\\/safetykleeninternational.com\\\/pt-br\\\/#website\",\"url\":\"https:\\\/\\\/safetykleeninternational.com\\\/pt-br\\\/\",\"name\":\"Safetykleen\",\"description\":\"Parts Cleaning Services for Business &amp; Industry\",\"publisher\":{\"@id\":\"https:\\\/\\\/safetykleeninternational.com\\\/pt-br\\\/#organization\"},\"potentialAction\":[{\"@type\":\"SearchAction\",\"target\":{\"@type\":\"EntryPoint\",\"urlTemplate\":\"https:\\\/\\\/safetykleeninternational.com\\\/pt-br\\\/?s={search_term_string}\"},\"query-input\":{\"@type\":\"PropertyValueSpecification\",\"valueRequired\":true,\"valueName\":\"search_term_string\"}}],\"inLanguage\":\"pt-BR\"},{\"@type\":\"Organization\",\"@id\":\"https:\\\/\\\/safetykleeninternational.com\\\/pt-br\\\/#organization\",\"name\":\"Safetykleen\",\"url\":\"https:\\\/\\\/safetykleeninternational.com\\\/pt-br\\\/\",\"logo\":{\"@type\":\"ImageObject\",\"inLanguage\":\"pt-BR\",\"@id\":\"https:\\\/\\\/safetykleeninternational.com\\\/pt-br\\\/#\\\/schema\\\/logo\\\/image\\\/\",\"url\":\"https:\\\/\\\/safetykleeninternational.com\\\/wp-content\\\/uploads\\\/2020\\\/12\\\/Screen-Shot-2020-12-15-at-09.13.37.png\",\"contentUrl\":\"https:\\\/\\\/safetykleeninternational.com\\\/wp-content\\\/uploads\\\/2020\\\/12\\\/Screen-Shot-2020-12-15-at-09.13.37.png\",\"width\":628,\"height\":280,\"caption\":\"Safetykleen\"},\"image\":{\"@id\":\"https:\\\/\\\/safetykleeninternational.com\\\/pt-br\\\/#\\\/schema\\\/logo\\\/image\\\/\"},\"sameAs\":[\"https:\\\/\\\/x.com\\\/SafetykleenUK\",\"https:\\\/\\\/www.instagram.com\\\/safetykleeninternational\\\/\",\"https:\\\/\\\/www.linkedin.com\\\/company\\\/safetykleen\\\/\",\"https:\\\/\\\/www.youtube.com\\\/channel\\\/UCWA-lHlJu6XDHKtNszhebFA\"]}]}<\/script>\n<!-- \/ Yoast SEO plugin. -->","yoast_head_json":{"title":"Lavadoras de Pe\u00e7as Manuais - Safetykleen","robots":{"index":"index","follow":"follow","max-snippet":"max-snippet:-1","max-image-preview":"max-image-preview:large","max-video-preview":"max-video-preview:-1"},"canonical":"https:\/\/safetykleeninternational.com\/pt-br\/produtos\/lavadoras-de-pecas\/base-agua\/manual\/","og_locale":"pt_BR","og_type":"article","og_title":"Lavadoras de Pe\u00e7as Manuais - Safetykleen","og_url":"https:\/\/safetykleeninternational.com\/pt-br\/produtos\/lavadoras-de-pecas\/base-agua\/manual\/","og_site_name":"Safetykleen","article_modified_time":"2026-03-19T15:18:30+00:00","og_image":[{"width":2560,"height":1707,"url":"https:\/\/safetykleeninternational.com\/wp-content\/uploads\/2020\/12\/Jet_Klean_Customer_0042-scaled.jpg","type":"image\/jpeg"}],"twitter_card":"summary_large_image","twitter_site":"@SafetykleenUK","twitter_misc":{"Est. tempo de leitura":"3 minutos"},"schema":{"@context":"https:\/\/schema.org","@graph":[{"@type":"WebPage","@id":"https:\/\/safetykleeninternational.com\/pt-br\/produtos\/lavadoras-de-pecas\/base-agua\/manual\/","url":"https:\/\/safetykleeninternational.com\/pt-br\/produtos\/lavadoras-de-pecas\/base-agua\/manual\/","name":"Lavadoras de Pe\u00e7as Manuais - Safetykleen","isPartOf":{"@id":"https:\/\/safetykleeninternational.com\/pt-br\/#website"},"primaryImageOfPage":{"@id":"https:\/\/safetykleeninternational.com\/pt-br\/produtos\/lavadoras-de-pecas\/base-agua\/manual\/#primaryimage"},"image":{"@id":"https:\/\/safetykleeninternational.com\/pt-br\/produtos\/lavadoras-de-pecas\/base-agua\/manual\/#primaryimage"},"thumbnailUrl":"https:\/\/safetykleeninternational.com\/wp-content\/uploads\/2020\/12\/Jet_Klean_Customer_0042-scaled.jpg","datePublished":"2020-11-25T14:24:20+00:00","dateModified":"2026-03-19T15:18:30+00:00","breadcrumb":{"@id":"https:\/\/safetykleeninternational.com\/pt-br\/produtos\/lavadoras-de-pecas\/base-agua\/manual\/#breadcrumb"},"inLanguage":"pt-BR","potentialAction":[{"@type":"ReadAction","target":["https:\/\/safetykleeninternational.com\/pt-br\/produtos\/lavadoras-de-pecas\/base-agua\/manual\/"]}]},{"@type":"ImageObject","inLanguage":"pt-BR","@id":"https:\/\/safetykleeninternational.com\/pt-br\/produtos\/lavadoras-de-pecas\/base-agua\/manual\/#primaryimage","url":"https:\/\/safetykleeninternational.com\/wp-content\/uploads\/2020\/12\/Jet_Klean_Customer_0042-scaled.jpg","contentUrl":"https:\/\/safetykleeninternational.com\/wp-content\/uploads\/2020\/12\/Jet_Klean_Customer_0042-scaled.jpg","width":2560,"height":1707},{"@type":"BreadcrumbList","@id":"https:\/\/safetykleeninternational.com\/pt-br\/produtos\/lavadoras-de-pecas\/base-agua\/manual\/#breadcrumb","itemListElement":[{"@type":"ListItem","position":1,"name":"Produtos","item":"https:\/\/safetykleeninternational.com\/pt-br\/products\/"},{"@type":"ListItem","position":2,"name":"Lavadoras de Pe\u00e7as","item":"https:\/\/safetykleeninternational.com\/pt-br\/products\/parts-washers\/"},{"@type":"ListItem","position":3,"name":"Lavadoras de Pe\u00e7as \u00e0 Base de \u00c1gua","item":"https:\/\/safetykleeninternational.com\/pt-br\/products\/parts-washers\/water-based\/"},{"@type":"ListItem","position":4,"name":"Lavadoras de Pe\u00e7as Manuais"}]},{"@type":"WebSite","@id":"https:\/\/safetykleeninternational.com\/pt-br\/#website","url":"https:\/\/safetykleeninternational.com\/pt-br\/","name":"Safetykleen","description":"Parts Cleaning Services for Business &amp; Industry","publisher":{"@id":"https:\/\/safetykleeninternational.com\/pt-br\/#organization"},"potentialAction":[{"@type":"SearchAction","target":{"@type":"EntryPoint","urlTemplate":"https:\/\/safetykleeninternational.com\/pt-br\/?s={search_term_string}"},"query-input":{"@type":"PropertyValueSpecification","valueRequired":true,"valueName":"search_term_string"}}],"inLanguage":"pt-BR"},{"@type":"Organization","@id":"https:\/\/safetykleeninternational.com\/pt-br\/#organization","name":"Safetykleen","url":"https:\/\/safetykleeninternational.com\/pt-br\/","logo":{"@type":"ImageObject","inLanguage":"pt-BR","@id":"https:\/\/safetykleeninternational.com\/pt-br\/#\/schema\/logo\/image\/","url":"https:\/\/safetykleeninternational.com\/wp-content\/uploads\/2020\/12\/Screen-Shot-2020-12-15-at-09.13.37.png","contentUrl":"https:\/\/safetykleeninternational.com\/wp-content\/uploads\/2020\/12\/Screen-Shot-2020-12-15-at-09.13.37.png","width":628,"height":280,"caption":"Safetykleen"},"image":{"@id":"https:\/\/safetykleeninternational.com\/pt-br\/#\/schema\/logo\/image\/"},"sameAs":["https:\/\/x.com\/SafetykleenUK","https:\/\/www.instagram.com\/safetykleeninternational\/","https:\/\/www.linkedin.com\/company\/safetykleen\/","https:\/\/www.youtube.com\/channel\/UCWA-lHlJu6XDHKtNszhebFA"]}]}},"_links":{"self":[{"href":"https:\/\/safetykleeninternational.com\/pt-br\/wp-json\/wp\/v2\/pages\/3081","targetHints":{"allow":["GET"]}}],"collection":[{"href":"https:\/\/safetykleeninternational.com\/pt-br\/wp-json\/wp\/v2\/pages"}],"about":[{"href":"https:\/\/safetykleeninternational.com\/pt-br\/wp-json\/wp\/v2\/types\/page"}],"author":[{"embeddable":true,"href":"https:\/\/safetykleeninternational.com\/pt-br\/wp-json\/wp\/v2\/users\/3"}],"replies":[{"embeddable":true,"href":"https:\/\/safetykleeninternational.com\/pt-br\/wp-json\/wp\/v2\/comments?post=3081"}],"version-history":[{"count":0,"href":"https:\/\/safetykleeninternational.com\/pt-br\/wp-json\/wp\/v2\/pages\/3081\/revisions"}],"up":[{"embeddable":true,"href":"https:\/\/safetykleeninternational.com\/pt-br\/wp-json\/wp\/v2\/pages\/3061"}],"wp:featuredmedia":[{"embeddable":true,"href":"https:\/\/safetykleeninternational.com\/pt-br\/wp-json\/wp\/v2\/media\/7540"}],"wp:attachment":[{"href":"https:\/\/safetykleeninternational.com\/pt-br\/wp-json\/wp\/v2\/media?parent=3081"}],"wp:term":[{"taxonomy":"format","embeddable":true,"href":"https:\/\/safetykleeninternational.com\/pt-br\/wp-json\/wp\/v2\/format?post=3081"},{"taxonomy":"funnel","embeddable":true,"href":"https:\/\/safetykleeninternational.com\/pt-br\/wp-json\/wp\/v2\/funnel?post=3081"},{"taxonomy":"industry","embeddable":true,"href":"https:\/\/safetykleeninternational.com\/pt-br\/wp-json\/wp\/v2\/industry?post=3081"},{"taxonomy":"pillar","embeddable":true,"href":"https:\/\/safetykleeninternational.com\/pt-br\/wp-json\/wp\/v2\/pillar?post=3081"},{"taxonomy":"searchcategory","embeddable":true,"href":"https:\/\/safetykleeninternational.com\/pt-br\/wp-json\/wp\/v2\/searchcategory?post=3081"}],"curies":[{"name":"wp","href":"https:\/\/api.w.org\/{rel}","templated":true}]}}