{"id":37066,"date":"2026-02-02T12:30:11","date_gmt":"2026-02-02T12:30:11","guid":{"rendered":"https:\/\/safetykleenstg.wpengine.com\/?page_id=37066"},"modified":"2026-03-10T08:31:12","modified_gmt":"2026-03-10T08:31:12","slug":"kleen35","status":"publish","type":"page","link":"https:\/\/safetykleeninternational.com\/pl\/produkty\/chemia-czyszczaca\/kleen35\/","title":{"rendered":"Kleen35"},"content":{"rendered":"","protected":false},"excerpt":{"rendered":"","protected":false},"author":2,"featured_media":0,"parent":27432,"menu_order":5,"comment_status":"closed","ping_status":"closed","template":"tpl\/tpl-clean35.php","format":[263],"meta":{"_acf_changed":false,"footnotes":""},"funnel":[257],"industry":[275],"pillar":[307],"searchcategory":[],"class_list":["post-37066","page","type-page","status-publish","hentry"],"acf":[],"yoast_head":"<!-- This site is optimized with the Yoast SEO plugin v27.4 - https:\/\/yoast.com\/product\/yoast-seo-wordpress\/ -->\n<title>Kleen35 - Safetykleen<\/title>\n<meta name=\"description\" content=\"Kleen35\u2122 to precyzyjny \u015brodek do czyszczenia cz\u0119\u015bci w temperaturze 35\u00b0C. Zu\u017cywa o 35% mniej energii, obni\u017ca koszty i emisj\u0119 dwutlenku w\u0119gla, zapewniaj\u0105c jednocze\u015bnie tak\u0105 sam\u0105 precyzj\u0119 czyszczenia.\" \/>\n<meta name=\"robots\" content=\"index, follow, max-snippet:-1, max-image-preview:large, max-video-preview:-1\" \/>\n<link rel=\"canonical\" href=\"https:\/\/safetykleeninternational.com\/pl\/produkty\/chemia-czyszczaca\/kleen35\/\" \/>\n<meta property=\"og:locale\" content=\"pl_PL\" \/>\n<meta property=\"og:type\" content=\"article\" \/>\n<meta property=\"og:title\" content=\"Kleen35 - Safetykleen\" \/>\n<meta property=\"og:description\" content=\"Kleen35\u2122 to precyzyjny \u015brodek do czyszczenia cz\u0119\u015bci w temperaturze 35\u00b0C. Zu\u017cywa o 35% mniej energii, obni\u017ca koszty i emisj\u0119 dwutlenku w\u0119gla, zapewniaj\u0105c jednocze\u015bnie tak\u0105 sam\u0105 precyzj\u0119 czyszczenia.\" \/>\n<meta property=\"og:url\" content=\"https:\/\/safetykleeninternational.com\/pl\/produkty\/chemia-czyszczaca\/kleen35\/\" \/>\n<meta property=\"og:site_name\" content=\"Safetykleen\" \/>\n<meta property=\"article:modified_time\" content=\"2026-03-10T08:31:12+00:00\" \/>\n<meta property=\"og:image\" content=\"https:\/\/safetykleeninternational.com\/wp-content\/uploads\/2020\/12\/facebook-share-image-@2x-1.png\" \/>\n\t<meta property=\"og:image:width\" content=\"2400\" \/>\n\t<meta property=\"og:image:height\" content=\"1260\" \/>\n\t<meta property=\"og:image:type\" content=\"image\/png\" \/>\n<meta name=\"twitter:card\" content=\"summary_large_image\" \/>\n<meta name=\"twitter:site\" content=\"@SafetykleenUK\" \/>\n<meta name=\"twitter:label1\" content=\"Est. reading time\" \/>\n\t<meta name=\"twitter:data1\" content=\"2 minuty\" \/>\n<script type=\"application\/ld+json\" class=\"yoast-schema-graph\">{\"@context\":\"https:\\\/\\\/schema.org\",\"@graph\":[{\"@type\":\"WebPage\",\"@id\":\"https:\\\/\\\/safetykleeninternational.com\\\/pl\\\/produkty\\\/chemia-czyszczaca\\\/kleen35\\\/\",\"url\":\"https:\\\/\\\/safetykleeninternational.com\\\/pl\\\/produkty\\\/chemia-czyszczaca\\\/kleen35\\\/\",\"name\":\"Kleen35 - Safetykleen\",\"isPartOf\":{\"@id\":\"https:\\\/\\\/safetykleeninternational.com\\\/pl\\\/#website\"},\"datePublished\":\"2026-02-02T12:30:11+00:00\",\"dateModified\":\"2026-03-10T08:31:12+00:00\",\"description\":\"Kleen35\u2122 to precyzyjny \u015brodek do czyszczenia cz\u0119\u015bci w temperaturze 35\u00b0C. Zu\u017cywa o 35% mniej energii, obni\u017ca koszty i emisj\u0119 dwutlenku w\u0119gla, zapewniaj\u0105c jednocze\u015bnie tak\u0105 sam\u0105 precyzj\u0119 czyszczenia.\",\"breadcrumb\":{\"@id\":\"https:\\\/\\\/safetykleeninternational.com\\\/pl\\\/produkty\\\/chemia-czyszczaca\\\/kleen35\\\/#breadcrumb\"},\"inLanguage\":\"pl-PL\",\"potentialAction\":[{\"@type\":\"ReadAction\",\"target\":[\"https:\\\/\\\/safetykleeninternational.com\\\/pl\\\/produkty\\\/chemia-czyszczaca\\\/kleen35\\\/\"]}]},{\"@type\":\"BreadcrumbList\",\"@id\":\"https:\\\/\\\/safetykleeninternational.com\\\/pl\\\/produkty\\\/chemia-czyszczaca\\\/kleen35\\\/#breadcrumb\",\"itemListElement\":[{\"@type\":\"ListItem\",\"position\":1,\"name\":\"Produkty\",\"item\":\"https:\\\/\\\/safetykleeninternational.com\\\/pl\\\/products\\\/\"},{\"@type\":\"ListItem\",\"position\":2,\"name\":\"Chemia czyszcz\u0105ca\",\"item\":\"https:\\\/\\\/safetykleeninternational.com\\\/pl\\\/products\\\/cleaning-chemistries\\\/\"},{\"@type\":\"ListItem\",\"position\":3,\"name\":\"Kleen35\"}]},{\"@type\":\"WebSite\",\"@id\":\"https:\\\/\\\/safetykleeninternational.com\\\/pl\\\/#website\",\"url\":\"https:\\\/\\\/safetykleeninternational.com\\\/pl\\\/\",\"name\":\"Safetykleen\",\"description\":\"Parts Cleaning Services for Business &amp; Industry\",\"publisher\":{\"@id\":\"https:\\\/\\\/safetykleeninternational.com\\\/pl\\\/#organization\"},\"potentialAction\":[{\"@type\":\"SearchAction\",\"target\":{\"@type\":\"EntryPoint\",\"urlTemplate\":\"https:\\\/\\\/safetykleeninternational.com\\\/pl\\\/?s={search_term_string}\"},\"query-input\":{\"@type\":\"PropertyValueSpecification\",\"valueRequired\":true,\"valueName\":\"search_term_string\"}}],\"inLanguage\":\"pl-PL\"},{\"@type\":\"Organization\",\"@id\":\"https:\\\/\\\/safetykleeninternational.com\\\/pl\\\/#organization\",\"name\":\"Safetykleen\",\"url\":\"https:\\\/\\\/safetykleeninternational.com\\\/pl\\\/\",\"logo\":{\"@type\":\"ImageObject\",\"inLanguage\":\"pl-PL\",\"@id\":\"https:\\\/\\\/safetykleeninternational.com\\\/pl\\\/#\\\/schema\\\/logo\\\/image\\\/\",\"url\":\"https:\\\/\\\/safetykleeninternational.com\\\/wp-content\\\/uploads\\\/2020\\\/12\\\/Screen-Shot-2020-12-15-at-09.13.37.png\",\"contentUrl\":\"https:\\\/\\\/safetykleeninternational.com\\\/wp-content\\\/uploads\\\/2020\\\/12\\\/Screen-Shot-2020-12-15-at-09.13.37.png\",\"width\":628,\"height\":280,\"caption\":\"Safetykleen\"},\"image\":{\"@id\":\"https:\\\/\\\/safetykleeninternational.com\\\/pl\\\/#\\\/schema\\\/logo\\\/image\\\/\"},\"sameAs\":[\"https:\\\/\\\/x.com\\\/SafetykleenUK\",\"https:\\\/\\\/www.instagram.com\\\/safetykleeninternational\\\/\",\"https:\\\/\\\/www.linkedin.com\\\/company\\\/safetykleen\\\/\",\"https:\\\/\\\/www.youtube.com\\\/channel\\\/UCWA-lHlJu6XDHKtNszhebFA\"]}]}<\/script>\n<!-- \/ Yoast SEO plugin. -->","yoast_head_json":{"title":"Kleen35 - Safetykleen","description":"Kleen35\u2122 to precyzyjny \u015brodek do czyszczenia cz\u0119\u015bci w temperaturze 35\u00b0C. Zu\u017cywa o 35% mniej energii, obni\u017ca koszty i emisj\u0119 dwutlenku w\u0119gla, zapewniaj\u0105c jednocze\u015bnie tak\u0105 sam\u0105 precyzj\u0119 czyszczenia.","robots":{"index":"index","follow":"follow","max-snippet":"max-snippet:-1","max-image-preview":"max-image-preview:large","max-video-preview":"max-video-preview:-1"},"canonical":"https:\/\/safetykleeninternational.com\/pl\/produkty\/chemia-czyszczaca\/kleen35\/","og_locale":"pl_PL","og_type":"article","og_title":"Kleen35 - Safetykleen","og_description":"Kleen35\u2122 to precyzyjny \u015brodek do czyszczenia cz\u0119\u015bci w temperaturze 35\u00b0C. Zu\u017cywa o 35% mniej energii, obni\u017ca koszty i emisj\u0119 dwutlenku w\u0119gla, zapewniaj\u0105c jednocze\u015bnie tak\u0105 sam\u0105 precyzj\u0119 czyszczenia.","og_url":"https:\/\/safetykleeninternational.com\/pl\/produkty\/chemia-czyszczaca\/kleen35\/","og_site_name":"Safetykleen","article_modified_time":"2026-03-10T08:31:12+00:00","og_image":[{"width":2400,"height":1260,"url":"https:\/\/safetykleeninternational.com\/wp-content\/uploads\/2020\/12\/facebook-share-image-@2x-1.png","type":"image\/png"}],"twitter_card":"summary_large_image","twitter_site":"@SafetykleenUK","twitter_misc":{"Est. reading time":"2 minuty"},"schema":{"@context":"https:\/\/schema.org","@graph":[{"@type":"WebPage","@id":"https:\/\/safetykleeninternational.com\/pl\/produkty\/chemia-czyszczaca\/kleen35\/","url":"https:\/\/safetykleeninternational.com\/pl\/produkty\/chemia-czyszczaca\/kleen35\/","name":"Kleen35 - Safetykleen","isPartOf":{"@id":"https:\/\/safetykleeninternational.com\/pl\/#website"},"datePublished":"2026-02-02T12:30:11+00:00","dateModified":"2026-03-10T08:31:12+00:00","description":"Kleen35\u2122 to precyzyjny \u015brodek do czyszczenia cz\u0119\u015bci w temperaturze 35\u00b0C. Zu\u017cywa o 35% mniej energii, obni\u017ca koszty i emisj\u0119 dwutlenku w\u0119gla, zapewniaj\u0105c jednocze\u015bnie tak\u0105 sam\u0105 precyzj\u0119 czyszczenia.","breadcrumb":{"@id":"https:\/\/safetykleeninternational.com\/pl\/produkty\/chemia-czyszczaca\/kleen35\/#breadcrumb"},"inLanguage":"pl-PL","potentialAction":[{"@type":"ReadAction","target":["https:\/\/safetykleeninternational.com\/pl\/produkty\/chemia-czyszczaca\/kleen35\/"]}]},{"@type":"BreadcrumbList","@id":"https:\/\/safetykleeninternational.com\/pl\/produkty\/chemia-czyszczaca\/kleen35\/#breadcrumb","itemListElement":[{"@type":"ListItem","position":1,"name":"Produkty","item":"https:\/\/safetykleeninternational.com\/pl\/products\/"},{"@type":"ListItem","position":2,"name":"Chemia czyszcz\u0105ca","item":"https:\/\/safetykleeninternational.com\/pl\/products\/cleaning-chemistries\/"},{"@type":"ListItem","position":3,"name":"Kleen35"}]},{"@type":"WebSite","@id":"https:\/\/safetykleeninternational.com\/pl\/#website","url":"https:\/\/safetykleeninternational.com\/pl\/","name":"Safetykleen","description":"Parts Cleaning Services for Business &amp; Industry","publisher":{"@id":"https:\/\/safetykleeninternational.com\/pl\/#organization"},"potentialAction":[{"@type":"SearchAction","target":{"@type":"EntryPoint","urlTemplate":"https:\/\/safetykleeninternational.com\/pl\/?s={search_term_string}"},"query-input":{"@type":"PropertyValueSpecification","valueRequired":true,"valueName":"search_term_string"}}],"inLanguage":"pl-PL"},{"@type":"Organization","@id":"https:\/\/safetykleeninternational.com\/pl\/#organization","name":"Safetykleen","url":"https:\/\/safetykleeninternational.com\/pl\/","logo":{"@type":"ImageObject","inLanguage":"pl-PL","@id":"https:\/\/safetykleeninternational.com\/pl\/#\/schema\/logo\/image\/","url":"https:\/\/safetykleeninternational.com\/wp-content\/uploads\/2020\/12\/Screen-Shot-2020-12-15-at-09.13.37.png","contentUrl":"https:\/\/safetykleeninternational.com\/wp-content\/uploads\/2020\/12\/Screen-Shot-2020-12-15-at-09.13.37.png","width":628,"height":280,"caption":"Safetykleen"},"image":{"@id":"https:\/\/safetykleeninternational.com\/pl\/#\/schema\/logo\/image\/"},"sameAs":["https:\/\/x.com\/SafetykleenUK","https:\/\/www.instagram.com\/safetykleeninternational\/","https:\/\/www.linkedin.com\/company\/safetykleen\/","https:\/\/www.youtube.com\/channel\/UCWA-lHlJu6XDHKtNszhebFA"]}]}},"_links":{"self":[{"href":"https:\/\/safetykleeninternational.com\/pl\/wp-json\/wp\/v2\/pages\/37066","targetHints":{"allow":["GET"]}}],"collection":[{"href":"https:\/\/safetykleeninternational.com\/pl\/wp-json\/wp\/v2\/pages"}],"about":[{"href":"https:\/\/safetykleeninternational.com\/pl\/wp-json\/wp\/v2\/types\/page"}],"author":[{"embeddable":true,"href":"https:\/\/safetykleeninternational.com\/pl\/wp-json\/wp\/v2\/users\/2"}],"replies":[{"embeddable":true,"href":"https:\/\/safetykleeninternational.com\/pl\/wp-json\/wp\/v2\/comments?post=37066"}],"version-history":[{"count":0,"href":"https:\/\/safetykleeninternational.com\/pl\/wp-json\/wp\/v2\/pages\/37066\/revisions"}],"up":[{"embeddable":true,"href":"https:\/\/safetykleeninternational.com\/pl\/wp-json\/wp\/v2\/pages\/27432"}],"wp:attachment":[{"href":"https:\/\/safetykleeninternational.com\/pl\/wp-json\/wp\/v2\/media?parent=37066"}],"wp:term":[{"taxonomy":"format","embeddable":true,"href":"https:\/\/safetykleeninternational.com\/pl\/wp-json\/wp\/v2\/format?post=37066"},{"taxonomy":"funnel","embeddable":true,"href":"https:\/\/safetykleeninternational.com\/pl\/wp-json\/wp\/v2\/funnel?post=37066"},{"taxonomy":"industry","embeddable":true,"href":"https:\/\/safetykleeninternational.com\/pl\/wp-json\/wp\/v2\/industry?post=37066"},{"taxonomy":"pillar","embeddable":true,"href":"https:\/\/safetykleeninternational.com\/pl\/wp-json\/wp\/v2\/pillar?post=37066"},{"taxonomy":"searchcategory","embeddable":true,"href":"https:\/\/safetykleeninternational.com\/pl\/wp-json\/wp\/v2\/searchcategory?post=37066"}],"curies":[{"name":"wp","href":"https:\/\/api.w.org\/{rel}","templated":true}]}}