{"id":34371,"date":"2025-09-03T10:33:12","date_gmt":"2025-09-03T10:33:12","guid":{"rendered":"https:\/\/safetykleenstg.wpengine.com\/?page_id=34371"},"modified":"2025-10-16T21:05:28","modified_gmt":"2025-10-16T21:05:28","slug":"zrownowazony-rozwoj","status":"publish","type":"page","link":"https:\/\/safetykleeninternational.com\/pl\/o-nas\/zrownowazony-rozwoj\/","title":{"rendered":"Zr\u00f3wnowa\u017cony rozw\u00f3j"},"content":{"rendered":"","protected":false},"excerpt":{"rendered":"","protected":false},"author":55,"featured_media":30872,"parent":27434,"menu_order":5,"comment_status":"closed","ping_status":"closed","template":"","format":[263,268],"meta":{"_acf_changed":false,"footnotes":""},"funnel":[257],"industry":[275],"pillar":[261],"searchcategory":[168],"class_list":["post-34371","page","type-page","status-publish","has-post-thumbnail","hentry","searchcategory-services"],"acf":[],"yoast_head":"<!-- This site is optimized with the Yoast SEO plugin v27.6 - https:\/\/yoast.com\/product\/yoast-seo-wordpress\/ -->\n<title>Zr\u00f3wnowa\u017cony rozw\u00f3j - Safetykleen<\/title>\n<meta name=\"description\" content=\"Safetykleen wprowadza realne dzia\u0142ania na rzecz zr\u00f3wnowa\u017conego rozwoju: redukcja emisji CO\u2082, ograniczenie chemikali\u00f3w i VOC, recykling 80 mln litr\u00f3w \u015brodk\u00f3w czyszcz\u0105cych rocznie oraz rozw\u00f3j energooszcz\u0119dnych maszyn.\" \/>\n<meta name=\"robots\" content=\"index, follow, max-snippet:-1, max-image-preview:large, max-video-preview:-1\" \/>\n<link rel=\"canonical\" href=\"https:\/\/safetykleeninternational.com\/pl\/o-nas\/zrownowazony-rozwoj\/\" \/>\n<meta property=\"og:locale\" content=\"pl_PL\" \/>\n<meta property=\"og:type\" content=\"article\" \/>\n<meta property=\"og:title\" content=\"Zr\u00f3wnowa\u017cony rozw\u00f3j - Safetykleen\" \/>\n<meta property=\"og:description\" content=\"Safetykleen wprowadza realne dzia\u0142ania na rzecz zr\u00f3wnowa\u017conego rozwoju: redukcja emisji CO\u2082, ograniczenie chemikali\u00f3w i VOC, recykling 80 mln litr\u00f3w \u015brodk\u00f3w czyszcz\u0105cych rocznie oraz rozw\u00f3j energooszcz\u0119dnych maszyn.\" \/>\n<meta property=\"og:url\" content=\"https:\/\/safetykleeninternational.com\/pl\/o-nas\/zrownowazony-rozwoj\/\" \/>\n<meta property=\"og:site_name\" content=\"Safetykleen\" \/>\n<meta property=\"article:modified_time\" content=\"2025-10-16T21:05:28+00:00\" \/>\n<meta property=\"og:image\" content=\"https:\/\/safetykleeninternational.com\/wp-content\/uploads\/2025\/05\/Sustainability-Website-Mobile-Banner.png\" \/>\n\t<meta property=\"og:image:width\" content=\"1134\" \/>\n\t<meta property=\"og:image:height\" content=\"1196\" \/>\n\t<meta property=\"og:image:type\" content=\"image\/png\" \/>\n<meta name=\"twitter:card\" content=\"summary_large_image\" \/>\n<meta name=\"twitter:site\" content=\"@SafetykleenUK\" \/>\n<meta name=\"twitter:label1\" content=\"Est. reading time\" \/>\n\t<meta name=\"twitter:data1\" content=\"6 minut\" \/>\n<script type=\"application\/ld+json\" class=\"yoast-schema-graph\">{\"@context\":\"https:\\\/\\\/schema.org\",\"@graph\":[{\"@type\":\"WebPage\",\"@id\":\"https:\\\/\\\/safetykleeninternational.com\\\/pl\\\/o-nas\\\/zrownowazony-rozwoj\\\/\",\"url\":\"https:\\\/\\\/safetykleeninternational.com\\\/pl\\\/o-nas\\\/zrownowazony-rozwoj\\\/\",\"name\":\"Zr\u00f3wnowa\u017cony rozw\u00f3j - Safetykleen\",\"isPartOf\":{\"@id\":\"https:\\\/\\\/safetykleeninternational.com\\\/pl\\\/#website\"},\"primaryImageOfPage\":{\"@id\":\"https:\\\/\\\/safetykleeninternational.com\\\/pl\\\/o-nas\\\/zrownowazony-rozwoj\\\/#primaryimage\"},\"image\":{\"@id\":\"https:\\\/\\\/safetykleeninternational.com\\\/pl\\\/o-nas\\\/zrownowazony-rozwoj\\\/#primaryimage\"},\"thumbnailUrl\":\"https:\\\/\\\/safetykleeninternational.com\\\/wp-content\\\/uploads\\\/2025\\\/05\\\/Sustainability-Website-Mobile-Banner.png\",\"datePublished\":\"2025-09-03T10:33:12+00:00\",\"dateModified\":\"2025-10-16T21:05:28+00:00\",\"description\":\"Safetykleen wprowadza realne dzia\u0142ania na rzecz zr\u00f3wnowa\u017conego rozwoju: redukcja emisji CO\u2082, ograniczenie chemikali\u00f3w i VOC, recykling 80 mln litr\u00f3w \u015brodk\u00f3w czyszcz\u0105cych rocznie oraz rozw\u00f3j energooszcz\u0119dnych maszyn.\",\"breadcrumb\":{\"@id\":\"https:\\\/\\\/safetykleeninternational.com\\\/pl\\\/o-nas\\\/zrownowazony-rozwoj\\\/#breadcrumb\"},\"inLanguage\":\"pl-PL\",\"potentialAction\":[{\"@type\":\"ReadAction\",\"target\":[\"https:\\\/\\\/safetykleeninternational.com\\\/pl\\\/o-nas\\\/zrownowazony-rozwoj\\\/\"]}]},{\"@type\":\"ImageObject\",\"inLanguage\":\"pl-PL\",\"@id\":\"https:\\\/\\\/safetykleeninternational.com\\\/pl\\\/o-nas\\\/zrownowazony-rozwoj\\\/#primaryimage\",\"url\":\"https:\\\/\\\/safetykleeninternational.com\\\/wp-content\\\/uploads\\\/2025\\\/05\\\/Sustainability-Website-Mobile-Banner.png\",\"contentUrl\":\"https:\\\/\\\/safetykleeninternational.com\\\/wp-content\\\/uploads\\\/2025\\\/05\\\/Sustainability-Website-Mobile-Banner.png\",\"width\":1134,\"height\":1196},{\"@type\":\"BreadcrumbList\",\"@id\":\"https:\\\/\\\/safetykleeninternational.com\\\/pl\\\/o-nas\\\/zrownowazony-rozwoj\\\/#breadcrumb\",\"itemListElement\":[{\"@type\":\"ListItem\",\"position\":1,\"name\":\"O nas\",\"item\":\"https:\\\/\\\/safetykleeninternational.com\\\/pl\\\/about-us\\\/\"},{\"@type\":\"ListItem\",\"position\":2,\"name\":\"Zr\u00f3wnowa\u017cony rozw\u00f3j\"}]},{\"@type\":\"WebSite\",\"@id\":\"https:\\\/\\\/safetykleeninternational.com\\\/pl\\\/#website\",\"url\":\"https:\\\/\\\/safetykleeninternational.com\\\/pl\\\/\",\"name\":\"Safetykleen\",\"description\":\"Parts Cleaning Services for Business &amp; Industry\",\"publisher\":{\"@id\":\"https:\\\/\\\/safetykleeninternational.com\\\/pl\\\/#organization\"},\"potentialAction\":[{\"@type\":\"SearchAction\",\"target\":{\"@type\":\"EntryPoint\",\"urlTemplate\":\"https:\\\/\\\/safetykleeninternational.com\\\/pl\\\/?s={search_term_string}\"},\"query-input\":{\"@type\":\"PropertyValueSpecification\",\"valueRequired\":true,\"valueName\":\"search_term_string\"}}],\"inLanguage\":\"pl-PL\"},{\"@type\":\"Organization\",\"@id\":\"https:\\\/\\\/safetykleeninternational.com\\\/pl\\\/#organization\",\"name\":\"Safetykleen\",\"url\":\"https:\\\/\\\/safetykleeninternational.com\\\/pl\\\/\",\"logo\":{\"@type\":\"ImageObject\",\"inLanguage\":\"pl-PL\",\"@id\":\"https:\\\/\\\/safetykleeninternational.com\\\/pl\\\/#\\\/schema\\\/logo\\\/image\\\/\",\"url\":\"https:\\\/\\\/safetykleeninternational.com\\\/wp-content\\\/uploads\\\/2020\\\/12\\\/Screen-Shot-2020-12-15-at-09.13.37.png\",\"contentUrl\":\"https:\\\/\\\/safetykleeninternational.com\\\/wp-content\\\/uploads\\\/2020\\\/12\\\/Screen-Shot-2020-12-15-at-09.13.37.png\",\"width\":628,\"height\":280,\"caption\":\"Safetykleen\"},\"image\":{\"@id\":\"https:\\\/\\\/safetykleeninternational.com\\\/pl\\\/#\\\/schema\\\/logo\\\/image\\\/\"},\"sameAs\":[\"https:\\\/\\\/x.com\\\/SafetykleenUK\",\"https:\\\/\\\/www.instagram.com\\\/safetykleeninternational\\\/\",\"https:\\\/\\\/www.linkedin.com\\\/company\\\/safetykleen\\\/\",\"https:\\\/\\\/www.youtube.com\\\/channel\\\/UCWA-lHlJu6XDHKtNszhebFA\"]}]}<\/script>\n<!-- \/ Yoast SEO plugin. -->","yoast_head_json":{"title":"Zr\u00f3wnowa\u017cony rozw\u00f3j - Safetykleen","description":"Safetykleen wprowadza realne dzia\u0142ania na rzecz zr\u00f3wnowa\u017conego rozwoju: redukcja emisji CO\u2082, ograniczenie chemikali\u00f3w i VOC, recykling 80 mln litr\u00f3w \u015brodk\u00f3w czyszcz\u0105cych rocznie oraz rozw\u00f3j energooszcz\u0119dnych maszyn.","robots":{"index":"index","follow":"follow","max-snippet":"max-snippet:-1","max-image-preview":"max-image-preview:large","max-video-preview":"max-video-preview:-1"},"canonical":"https:\/\/safetykleeninternational.com\/pl\/o-nas\/zrownowazony-rozwoj\/","og_locale":"pl_PL","og_type":"article","og_title":"Zr\u00f3wnowa\u017cony rozw\u00f3j - Safetykleen","og_description":"Safetykleen wprowadza realne dzia\u0142ania na rzecz zr\u00f3wnowa\u017conego rozwoju: redukcja emisji CO\u2082, ograniczenie chemikali\u00f3w i VOC, recykling 80 mln litr\u00f3w \u015brodk\u00f3w czyszcz\u0105cych rocznie oraz rozw\u00f3j energooszcz\u0119dnych maszyn.","og_url":"https:\/\/safetykleeninternational.com\/pl\/o-nas\/zrownowazony-rozwoj\/","og_site_name":"Safetykleen","article_modified_time":"2025-10-16T21:05:28+00:00","og_image":[{"width":1134,"height":1196,"url":"https:\/\/safetykleeninternational.com\/wp-content\/uploads\/2025\/05\/Sustainability-Website-Mobile-Banner.png","type":"image\/png"}],"twitter_card":"summary_large_image","twitter_site":"@SafetykleenUK","twitter_misc":{"Est. reading time":"6 minut"},"schema":{"@context":"https:\/\/schema.org","@graph":[{"@type":"WebPage","@id":"https:\/\/safetykleeninternational.com\/pl\/o-nas\/zrownowazony-rozwoj\/","url":"https:\/\/safetykleeninternational.com\/pl\/o-nas\/zrownowazony-rozwoj\/","name":"Zr\u00f3wnowa\u017cony rozw\u00f3j - Safetykleen","isPartOf":{"@id":"https:\/\/safetykleeninternational.com\/pl\/#website"},"primaryImageOfPage":{"@id":"https:\/\/safetykleeninternational.com\/pl\/o-nas\/zrownowazony-rozwoj\/#primaryimage"},"image":{"@id":"https:\/\/safetykleeninternational.com\/pl\/o-nas\/zrownowazony-rozwoj\/#primaryimage"},"thumbnailUrl":"https:\/\/safetykleeninternational.com\/wp-content\/uploads\/2025\/05\/Sustainability-Website-Mobile-Banner.png","datePublished":"2025-09-03T10:33:12+00:00","dateModified":"2025-10-16T21:05:28+00:00","description":"Safetykleen wprowadza realne dzia\u0142ania na rzecz zr\u00f3wnowa\u017conego rozwoju: redukcja emisji CO\u2082, ograniczenie chemikali\u00f3w i VOC, recykling 80 mln litr\u00f3w \u015brodk\u00f3w czyszcz\u0105cych rocznie oraz rozw\u00f3j energooszcz\u0119dnych maszyn.","breadcrumb":{"@id":"https:\/\/safetykleeninternational.com\/pl\/o-nas\/zrownowazony-rozwoj\/#breadcrumb"},"inLanguage":"pl-PL","potentialAction":[{"@type":"ReadAction","target":["https:\/\/safetykleeninternational.com\/pl\/o-nas\/zrownowazony-rozwoj\/"]}]},{"@type":"ImageObject","inLanguage":"pl-PL","@id":"https:\/\/safetykleeninternational.com\/pl\/o-nas\/zrownowazony-rozwoj\/#primaryimage","url":"https:\/\/safetykleeninternational.com\/wp-content\/uploads\/2025\/05\/Sustainability-Website-Mobile-Banner.png","contentUrl":"https:\/\/safetykleeninternational.com\/wp-content\/uploads\/2025\/05\/Sustainability-Website-Mobile-Banner.png","width":1134,"height":1196},{"@type":"BreadcrumbList","@id":"https:\/\/safetykleeninternational.com\/pl\/o-nas\/zrownowazony-rozwoj\/#breadcrumb","itemListElement":[{"@type":"ListItem","position":1,"name":"O nas","item":"https:\/\/safetykleeninternational.com\/pl\/about-us\/"},{"@type":"ListItem","position":2,"name":"Zr\u00f3wnowa\u017cony rozw\u00f3j"}]},{"@type":"WebSite","@id":"https:\/\/safetykleeninternational.com\/pl\/#website","url":"https:\/\/safetykleeninternational.com\/pl\/","name":"Safetykleen","description":"Parts Cleaning Services for Business &amp; Industry","publisher":{"@id":"https:\/\/safetykleeninternational.com\/pl\/#organization"},"potentialAction":[{"@type":"SearchAction","target":{"@type":"EntryPoint","urlTemplate":"https:\/\/safetykleeninternational.com\/pl\/?s={search_term_string}"},"query-input":{"@type":"PropertyValueSpecification","valueRequired":true,"valueName":"search_term_string"}}],"inLanguage":"pl-PL"},{"@type":"Organization","@id":"https:\/\/safetykleeninternational.com\/pl\/#organization","name":"Safetykleen","url":"https:\/\/safetykleeninternational.com\/pl\/","logo":{"@type":"ImageObject","inLanguage":"pl-PL","@id":"https:\/\/safetykleeninternational.com\/pl\/#\/schema\/logo\/image\/","url":"https:\/\/safetykleeninternational.com\/wp-content\/uploads\/2020\/12\/Screen-Shot-2020-12-15-at-09.13.37.png","contentUrl":"https:\/\/safetykleeninternational.com\/wp-content\/uploads\/2020\/12\/Screen-Shot-2020-12-15-at-09.13.37.png","width":628,"height":280,"caption":"Safetykleen"},"image":{"@id":"https:\/\/safetykleeninternational.com\/pl\/#\/schema\/logo\/image\/"},"sameAs":["https:\/\/x.com\/SafetykleenUK","https:\/\/www.instagram.com\/safetykleeninternational\/","https:\/\/www.linkedin.com\/company\/safetykleen\/","https:\/\/www.youtube.com\/channel\/UCWA-lHlJu6XDHKtNszhebFA"]}]}},"_links":{"self":[{"href":"https:\/\/safetykleeninternational.com\/pl\/wp-json\/wp\/v2\/pages\/34371","targetHints":{"allow":["GET"]}}],"collection":[{"href":"https:\/\/safetykleeninternational.com\/pl\/wp-json\/wp\/v2\/pages"}],"about":[{"href":"https:\/\/safetykleeninternational.com\/pl\/wp-json\/wp\/v2\/types\/page"}],"author":[{"embeddable":true,"href":"https:\/\/safetykleeninternational.com\/pl\/wp-json\/wp\/v2\/users\/55"}],"replies":[{"embeddable":true,"href":"https:\/\/safetykleeninternational.com\/pl\/wp-json\/wp\/v2\/comments?post=34371"}],"version-history":[{"count":0,"href":"https:\/\/safetykleeninternational.com\/pl\/wp-json\/wp\/v2\/pages\/34371\/revisions"}],"up":[{"embeddable":true,"href":"https:\/\/safetykleeninternational.com\/pl\/wp-json\/wp\/v2\/pages\/27434"}],"wp:featuredmedia":[{"embeddable":true,"href":"https:\/\/safetykleeninternational.com\/pl\/wp-json\/wp\/v2\/media\/30872"}],"wp:attachment":[{"href":"https:\/\/safetykleeninternational.com\/pl\/wp-json\/wp\/v2\/media?parent=34371"}],"wp:term":[{"taxonomy":"format","embeddable":true,"href":"https:\/\/safetykleeninternational.com\/pl\/wp-json\/wp\/v2\/format?post=34371"},{"taxonomy":"funnel","embeddable":true,"href":"https:\/\/safetykleeninternational.com\/pl\/wp-json\/wp\/v2\/funnel?post=34371"},{"taxonomy":"industry","embeddable":true,"href":"https:\/\/safetykleeninternational.com\/pl\/wp-json\/wp\/v2\/industry?post=34371"},{"taxonomy":"pillar","embeddable":true,"href":"https:\/\/safetykleeninternational.com\/pl\/wp-json\/wp\/v2\/pillar?post=34371"},{"taxonomy":"searchcategory","embeddable":true,"href":"https:\/\/safetykleeninternational.com\/pl\/wp-json\/wp\/v2\/searchcategory?post=34371"}],"curies":[{"name":"wp","href":"https:\/\/api.w.org\/{rel}","templated":true}]}}