{"id":27424,"date":"2020-11-26T13:55:27","date_gmt":"2020-11-26T13:55:27","guid":{"rendered":"https:\/\/safetykleenstg.wpengine.com\/general-industry\/"},"modified":"2025-08-08T21:05:12","modified_gmt":"2025-08-08T21:05:12","slug":"przemysl-ogolny","status":"publish","type":"page","link":"https:\/\/safetykleeninternational.com\/pl\/galezie-przemyslu\/przemysl-ogolny\/","title":{"rendered":"Przemys\u0142 og\u00f3lny"},"content":{"rendered":"","protected":false},"excerpt":{"rendered":"","protected":false},"author":3,"featured_media":27115,"parent":27443,"menu_order":5,"comment_status":"closed","ping_status":"closed","template":"","format":[],"meta":{"_acf_changed":false,"footnotes":""},"funnel":[],"industry":[],"pillar":[],"searchcategory":[],"class_list":["post-27424","page","type-page","status-publish","has-post-thumbnail","hentry"],"acf":[],"yoast_head":"<!-- This site is optimized with the Yoast SEO plugin v27.3 - https:\/\/yoast.com\/product\/yoast-seo-wordpress\/ -->\n<title>Przemys\u0142 og\u00f3lny - Safetykleen<\/title>\n<meta name=\"description\" content=\"Kompleksowe rozwi\u0105zania w zakresie czyszczenia cz\u0119\u015bci dla firm z r\u00f3\u017cnych bran\u017c. Sprawd\u017a ofert\u0119 Safetykleen dla przemys\u0142u.\" \/>\n<meta name=\"robots\" content=\"index, follow, max-snippet:-1, max-image-preview:large, max-video-preview:-1\" \/>\n<link rel=\"canonical\" href=\"https:\/\/safetykleeninternational.com\/pl\/galezie-przemyslu\/przemysl-ogolny\/\" \/>\n<meta property=\"og:locale\" content=\"pl_PL\" \/>\n<meta property=\"og:type\" content=\"article\" \/>\n<meta property=\"og:title\" content=\"Przemys\u0142 og\u00f3lny - Safetykleen\" \/>\n<meta property=\"og:description\" content=\"Kompleksowe rozwi\u0105zania w zakresie czyszczenia cz\u0119\u015bci dla firm z r\u00f3\u017cnych bran\u017c. Sprawd\u017a ofert\u0119 Safetykleen dla przemys\u0142u.\" \/>\n<meta property=\"og:url\" content=\"https:\/\/safetykleeninternational.com\/pl\/galezie-przemyslu\/przemysl-ogolny\/\" \/>\n<meta property=\"og:site_name\" content=\"Safetykleen\" \/>\n<meta property=\"article:modified_time\" content=\"2025-08-08T21:05:12+00:00\" \/>\n<meta property=\"og:image\" content=\"https:\/\/safetykleeninternational.com\/wp-content\/uploads\/2020\/12\/General-Industry-scaled.jpg\" \/>\n\t<meta property=\"og:image:width\" content=\"2560\" \/>\n\t<meta property=\"og:image:height\" content=\"1707\" \/>\n\t<meta property=\"og:image:type\" content=\"image\/jpeg\" \/>\n<meta name=\"twitter:card\" content=\"summary_large_image\" \/>\n<meta name=\"twitter:site\" content=\"@SafetykleenUK\" \/>\n<meta name=\"twitter:label1\" content=\"Est. reading time\" \/>\n\t<meta name=\"twitter:data1\" content=\"3 minuty\" \/>\n<script type=\"application\/ld+json\" class=\"yoast-schema-graph\">{\"@context\":\"https:\\\/\\\/schema.org\",\"@graph\":[{\"@type\":\"WebPage\",\"@id\":\"https:\\\/\\\/safetykleeninternational.com\\\/pl\\\/galezie-przemyslu\\\/przemysl-ogolny\\\/\",\"url\":\"https:\\\/\\\/safetykleeninternational.com\\\/pl\\\/galezie-przemyslu\\\/przemysl-ogolny\\\/\",\"name\":\"Przemys\u0142 og\u00f3lny - Safetykleen\",\"isPartOf\":{\"@id\":\"https:\\\/\\\/safetykleeninternational.com\\\/pl\\\/#website\"},\"primaryImageOfPage\":{\"@id\":\"https:\\\/\\\/safetykleeninternational.com\\\/pl\\\/galezie-przemyslu\\\/przemysl-ogolny\\\/#primaryimage\"},\"image\":{\"@id\":\"https:\\\/\\\/safetykleeninternational.com\\\/pl\\\/galezie-przemyslu\\\/przemysl-ogolny\\\/#primaryimage\"},\"thumbnailUrl\":\"https:\\\/\\\/safetykleeninternational.com\\\/wp-content\\\/uploads\\\/2020\\\/12\\\/General-Industry-scaled.jpg\",\"datePublished\":\"2020-11-26T13:55:27+00:00\",\"dateModified\":\"2025-08-08T21:05:12+00:00\",\"description\":\"Kompleksowe rozwi\u0105zania w zakresie czyszczenia cz\u0119\u015bci dla firm z r\u00f3\u017cnych bran\u017c. Sprawd\u017a ofert\u0119 Safetykleen dla przemys\u0142u.\",\"breadcrumb\":{\"@id\":\"https:\\\/\\\/safetykleeninternational.com\\\/pl\\\/galezie-przemyslu\\\/przemysl-ogolny\\\/#breadcrumb\"},\"inLanguage\":\"pl-PL\",\"potentialAction\":[{\"@type\":\"ReadAction\",\"target\":[\"https:\\\/\\\/safetykleeninternational.com\\\/pl\\\/galezie-przemyslu\\\/przemysl-ogolny\\\/\"]}]},{\"@type\":\"ImageObject\",\"inLanguage\":\"pl-PL\",\"@id\":\"https:\\\/\\\/safetykleeninternational.com\\\/pl\\\/galezie-przemyslu\\\/przemysl-ogolny\\\/#primaryimage\",\"url\":\"https:\\\/\\\/safetykleeninternational.com\\\/wp-content\\\/uploads\\\/2020\\\/12\\\/General-Industry-scaled.jpg\",\"contentUrl\":\"https:\\\/\\\/safetykleeninternational.com\\\/wp-content\\\/uploads\\\/2020\\\/12\\\/General-Industry-scaled.jpg\",\"width\":2560,\"height\":1707,\"caption\":\"Senior factory worker. Shadow DOF. Developed from RAW; retouched with special care and attention; Small amount of grain added for best final impression. 16 bit Adobe RGB color profile.\"},{\"@type\":\"BreadcrumbList\",\"@id\":\"https:\\\/\\\/safetykleeninternational.com\\\/pl\\\/galezie-przemyslu\\\/przemysl-ogolny\\\/#breadcrumb\",\"itemListElement\":[{\"@type\":\"ListItem\",\"position\":1,\"name\":\"Ga\u0142\u0119zie przemys\u0142u\",\"item\":\"https:\\\/\\\/safetykleeninternational.com\\\/pl\\\/industries\\\/\"},{\"@type\":\"ListItem\",\"position\":2,\"name\":\"Przemys\u0142 og\u00f3lny\"}]},{\"@type\":\"WebSite\",\"@id\":\"https:\\\/\\\/safetykleeninternational.com\\\/pl\\\/#website\",\"url\":\"https:\\\/\\\/safetykleeninternational.com\\\/pl\\\/\",\"name\":\"Safetykleen\",\"description\":\"Parts Cleaning Services for Business &amp; Industry\",\"publisher\":{\"@id\":\"https:\\\/\\\/safetykleeninternational.com\\\/pl\\\/#organization\"},\"potentialAction\":[{\"@type\":\"SearchAction\",\"target\":{\"@type\":\"EntryPoint\",\"urlTemplate\":\"https:\\\/\\\/safetykleeninternational.com\\\/pl\\\/?s={search_term_string}\"},\"query-input\":{\"@type\":\"PropertyValueSpecification\",\"valueRequired\":true,\"valueName\":\"search_term_string\"}}],\"inLanguage\":\"pl-PL\"},{\"@type\":\"Organization\",\"@id\":\"https:\\\/\\\/safetykleeninternational.com\\\/pl\\\/#organization\",\"name\":\"Safetykleen\",\"url\":\"https:\\\/\\\/safetykleeninternational.com\\\/pl\\\/\",\"logo\":{\"@type\":\"ImageObject\",\"inLanguage\":\"pl-PL\",\"@id\":\"https:\\\/\\\/safetykleeninternational.com\\\/pl\\\/#\\\/schema\\\/logo\\\/image\\\/\",\"url\":\"https:\\\/\\\/safetykleeninternational.com\\\/wp-content\\\/uploads\\\/2020\\\/12\\\/Screen-Shot-2020-12-15-at-09.13.37.png\",\"contentUrl\":\"https:\\\/\\\/safetykleeninternational.com\\\/wp-content\\\/uploads\\\/2020\\\/12\\\/Screen-Shot-2020-12-15-at-09.13.37.png\",\"width\":628,\"height\":280,\"caption\":\"Safetykleen\"},\"image\":{\"@id\":\"https:\\\/\\\/safetykleeninternational.com\\\/pl\\\/#\\\/schema\\\/logo\\\/image\\\/\"},\"sameAs\":[\"https:\\\/\\\/x.com\\\/SafetykleenUK\",\"https:\\\/\\\/www.instagram.com\\\/safetykleeninternational\\\/\",\"https:\\\/\\\/www.linkedin.com\\\/company\\\/safetykleen\\\/\",\"https:\\\/\\\/www.youtube.com\\\/channel\\\/UCWA-lHlJu6XDHKtNszhebFA\"]}]}<\/script>\n<!-- \/ Yoast SEO plugin. -->","yoast_head_json":{"title":"Przemys\u0142 og\u00f3lny - Safetykleen","description":"Kompleksowe rozwi\u0105zania w zakresie czyszczenia cz\u0119\u015bci dla firm z r\u00f3\u017cnych bran\u017c. Sprawd\u017a ofert\u0119 Safetykleen dla przemys\u0142u.","robots":{"index":"index","follow":"follow","max-snippet":"max-snippet:-1","max-image-preview":"max-image-preview:large","max-video-preview":"max-video-preview:-1"},"canonical":"https:\/\/safetykleeninternational.com\/pl\/galezie-przemyslu\/przemysl-ogolny\/","og_locale":"pl_PL","og_type":"article","og_title":"Przemys\u0142 og\u00f3lny - Safetykleen","og_description":"Kompleksowe rozwi\u0105zania w zakresie czyszczenia cz\u0119\u015bci dla firm z r\u00f3\u017cnych bran\u017c. Sprawd\u017a ofert\u0119 Safetykleen dla przemys\u0142u.","og_url":"https:\/\/safetykleeninternational.com\/pl\/galezie-przemyslu\/przemysl-ogolny\/","og_site_name":"Safetykleen","article_modified_time":"2025-08-08T21:05:12+00:00","og_image":[{"width":2560,"height":1707,"url":"https:\/\/safetykleeninternational.com\/wp-content\/uploads\/2020\/12\/General-Industry-scaled.jpg","type":"image\/jpeg"}],"twitter_card":"summary_large_image","twitter_site":"@SafetykleenUK","twitter_misc":{"Est. reading time":"3 minuty"},"schema":{"@context":"https:\/\/schema.org","@graph":[{"@type":"WebPage","@id":"https:\/\/safetykleeninternational.com\/pl\/galezie-przemyslu\/przemysl-ogolny\/","url":"https:\/\/safetykleeninternational.com\/pl\/galezie-przemyslu\/przemysl-ogolny\/","name":"Przemys\u0142 og\u00f3lny - Safetykleen","isPartOf":{"@id":"https:\/\/safetykleeninternational.com\/pl\/#website"},"primaryImageOfPage":{"@id":"https:\/\/safetykleeninternational.com\/pl\/galezie-przemyslu\/przemysl-ogolny\/#primaryimage"},"image":{"@id":"https:\/\/safetykleeninternational.com\/pl\/galezie-przemyslu\/przemysl-ogolny\/#primaryimage"},"thumbnailUrl":"https:\/\/safetykleeninternational.com\/wp-content\/uploads\/2020\/12\/General-Industry-scaled.jpg","datePublished":"2020-11-26T13:55:27+00:00","dateModified":"2025-08-08T21:05:12+00:00","description":"Kompleksowe rozwi\u0105zania w zakresie czyszczenia cz\u0119\u015bci dla firm z r\u00f3\u017cnych bran\u017c. Sprawd\u017a ofert\u0119 Safetykleen dla przemys\u0142u.","breadcrumb":{"@id":"https:\/\/safetykleeninternational.com\/pl\/galezie-przemyslu\/przemysl-ogolny\/#breadcrumb"},"inLanguage":"pl-PL","potentialAction":[{"@type":"ReadAction","target":["https:\/\/safetykleeninternational.com\/pl\/galezie-przemyslu\/przemysl-ogolny\/"]}]},{"@type":"ImageObject","inLanguage":"pl-PL","@id":"https:\/\/safetykleeninternational.com\/pl\/galezie-przemyslu\/przemysl-ogolny\/#primaryimage","url":"https:\/\/safetykleeninternational.com\/wp-content\/uploads\/2020\/12\/General-Industry-scaled.jpg","contentUrl":"https:\/\/safetykleeninternational.com\/wp-content\/uploads\/2020\/12\/General-Industry-scaled.jpg","width":2560,"height":1707,"caption":"Senior factory worker. Shadow DOF. Developed from RAW; retouched with special care and attention; Small amount of grain added for best final impression. 16 bit Adobe RGB color profile."},{"@type":"BreadcrumbList","@id":"https:\/\/safetykleeninternational.com\/pl\/galezie-przemyslu\/przemysl-ogolny\/#breadcrumb","itemListElement":[{"@type":"ListItem","position":1,"name":"Ga\u0142\u0119zie przemys\u0142u","item":"https:\/\/safetykleeninternational.com\/pl\/industries\/"},{"@type":"ListItem","position":2,"name":"Przemys\u0142 og\u00f3lny"}]},{"@type":"WebSite","@id":"https:\/\/safetykleeninternational.com\/pl\/#website","url":"https:\/\/safetykleeninternational.com\/pl\/","name":"Safetykleen","description":"Parts Cleaning Services for Business &amp; Industry","publisher":{"@id":"https:\/\/safetykleeninternational.com\/pl\/#organization"},"potentialAction":[{"@type":"SearchAction","target":{"@type":"EntryPoint","urlTemplate":"https:\/\/safetykleeninternational.com\/pl\/?s={search_term_string}"},"query-input":{"@type":"PropertyValueSpecification","valueRequired":true,"valueName":"search_term_string"}}],"inLanguage":"pl-PL"},{"@type":"Organization","@id":"https:\/\/safetykleeninternational.com\/pl\/#organization","name":"Safetykleen","url":"https:\/\/safetykleeninternational.com\/pl\/","logo":{"@type":"ImageObject","inLanguage":"pl-PL","@id":"https:\/\/safetykleeninternational.com\/pl\/#\/schema\/logo\/image\/","url":"https:\/\/safetykleeninternational.com\/wp-content\/uploads\/2020\/12\/Screen-Shot-2020-12-15-at-09.13.37.png","contentUrl":"https:\/\/safetykleeninternational.com\/wp-content\/uploads\/2020\/12\/Screen-Shot-2020-12-15-at-09.13.37.png","width":628,"height":280,"caption":"Safetykleen"},"image":{"@id":"https:\/\/safetykleeninternational.com\/pl\/#\/schema\/logo\/image\/"},"sameAs":["https:\/\/x.com\/SafetykleenUK","https:\/\/www.instagram.com\/safetykleeninternational\/","https:\/\/www.linkedin.com\/company\/safetykleen\/","https:\/\/www.youtube.com\/channel\/UCWA-lHlJu6XDHKtNszhebFA"]}]}},"_links":{"self":[{"href":"https:\/\/safetykleeninternational.com\/pl\/wp-json\/wp\/v2\/pages\/27424","targetHints":{"allow":["GET"]}}],"collection":[{"href":"https:\/\/safetykleeninternational.com\/pl\/wp-json\/wp\/v2\/pages"}],"about":[{"href":"https:\/\/safetykleeninternational.com\/pl\/wp-json\/wp\/v2\/types\/page"}],"author":[{"embeddable":true,"href":"https:\/\/safetykleeninternational.com\/pl\/wp-json\/wp\/v2\/users\/3"}],"replies":[{"embeddable":true,"href":"https:\/\/safetykleeninternational.com\/pl\/wp-json\/wp\/v2\/comments?post=27424"}],"version-history":[{"count":0,"href":"https:\/\/safetykleeninternational.com\/pl\/wp-json\/wp\/v2\/pages\/27424\/revisions"}],"up":[{"embeddable":true,"href":"https:\/\/safetykleeninternational.com\/pl\/wp-json\/wp\/v2\/pages\/27443"}],"wp:featuredmedia":[{"embeddable":true,"href":"https:\/\/safetykleeninternational.com\/pl\/wp-json\/wp\/v2\/media\/27115"}],"wp:attachment":[{"href":"https:\/\/safetykleeninternational.com\/pl\/wp-json\/wp\/v2\/media?parent=27424"}],"wp:term":[{"taxonomy":"format","embeddable":true,"href":"https:\/\/safetykleeninternational.com\/pl\/wp-json\/wp\/v2\/format?post=27424"},{"taxonomy":"funnel","embeddable":true,"href":"https:\/\/safetykleeninternational.com\/pl\/wp-json\/wp\/v2\/funnel?post=27424"},{"taxonomy":"industry","embeddable":true,"href":"https:\/\/safetykleeninternational.com\/pl\/wp-json\/wp\/v2\/industry?post=27424"},{"taxonomy":"pillar","embeddable":true,"href":"https:\/\/safetykleeninternational.com\/pl\/wp-json\/wp\/v2\/pillar?post=27424"},{"taxonomy":"searchcategory","embeddable":true,"href":"https:\/\/safetykleeninternational.com\/pl\/wp-json\/wp\/v2\/searchcategory?post=27424"}],"curies":[{"name":"wp","href":"https:\/\/api.w.org\/{rel}","templated":true}]}}