{"id":27380,"date":"2020-11-30T15:22:55","date_gmt":"2020-11-30T15:22:55","guid":{"rendered":"https:\/\/safetykleenstg.wpengine.com\/careers\/"},"modified":"2025-09-01T12:55:25","modified_gmt":"2025-09-01T12:55:25","slug":"kariera-safetykleen-polska","status":"publish","type":"page","link":"https:\/\/safetykleeninternational.com\/pl\/o-nas\/kariera-safetykleen-polska\/","title":{"rendered":"Kariera"},"content":{"rendered":"","protected":false},"excerpt":{"rendered":"","protected":false},"author":3,"featured_media":27021,"parent":27434,"menu_order":2,"comment_status":"closed","ping_status":"closed","template":"","format":[],"meta":{"_acf_changed":false,"footnotes":""},"funnel":[],"industry":[],"pillar":[],"searchcategory":[],"class_list":["post-27380","page","type-page","status-publish","has-post-thumbnail","hentry"],"acf":[],"yoast_head":"<!-- This site is optimized with the Yoast SEO plugin v27.4 - https:\/\/yoast.com\/product\/yoast-seo-wordpress\/ -->\n<title>Kariera - Safetykleen<\/title>\n<meta name=\"description\" content=\"Do\u0142\u0105cz do Safetykleen Polska \u2014 rozwijamy innowacyjne us\u0142ugi czyszczenia cz\u0119\u015bci przemys\u0142owych i chemii procesowej.\" \/>\n<meta name=\"robots\" content=\"index, follow, max-snippet:-1, max-image-preview:large, max-video-preview:-1\" \/>\n<link rel=\"canonical\" href=\"https:\/\/safetykleeninternational.com\/pl\/o-nas\/kariera-safetykleen-polska\/\" \/>\n<meta property=\"og:locale\" content=\"pl_PL\" \/>\n<meta property=\"og:type\" content=\"article\" \/>\n<meta property=\"og:title\" content=\"Kariera - Safetykleen\" \/>\n<meta property=\"og:description\" content=\"Do\u0142\u0105cz do Safetykleen Polska \u2014 rozwijamy innowacyjne us\u0142ugi czyszczenia cz\u0119\u015bci przemys\u0142owych i chemii procesowej.\" \/>\n<meta property=\"og:url\" content=\"https:\/\/safetykleeninternational.com\/pl\/o-nas\/kariera-safetykleen-polska\/\" \/>\n<meta property=\"og:site_name\" content=\"Safetykleen\" \/>\n<meta property=\"article:modified_time\" content=\"2025-09-01T12:55:25+00:00\" \/>\n<meta property=\"og:image\" content=\"https:\/\/safetykleeninternational.com\/wp-content\/uploads\/2020\/12\/Portraits_0325-scaled.jpg\" \/>\n\t<meta property=\"og:image:width\" content=\"2560\" \/>\n\t<meta property=\"og:image:height\" content=\"1707\" \/>\n\t<meta property=\"og:image:type\" content=\"image\/jpeg\" \/>\n<meta name=\"twitter:card\" content=\"summary_large_image\" \/>\n<meta name=\"twitter:site\" content=\"@SafetykleenUK\" \/>\n<meta name=\"twitter:label1\" content=\"Est. reading time\" \/>\n\t<meta name=\"twitter:data1\" content=\"2 minuty\" \/>\n<script type=\"application\/ld+json\" class=\"yoast-schema-graph\">{\"@context\":\"https:\\\/\\\/schema.org\",\"@graph\":[{\"@type\":\"WebPage\",\"@id\":\"https:\\\/\\\/safetykleeninternational.com\\\/pl\\\/o-nas\\\/kariera-safetykleen-polska\\\/\",\"url\":\"https:\\\/\\\/safetykleeninternational.com\\\/pl\\\/o-nas\\\/kariera-safetykleen-polska\\\/\",\"name\":\"Kariera - Safetykleen\",\"isPartOf\":{\"@id\":\"https:\\\/\\\/safetykleeninternational.com\\\/pl\\\/#website\"},\"primaryImageOfPage\":{\"@id\":\"https:\\\/\\\/safetykleeninternational.com\\\/pl\\\/o-nas\\\/kariera-safetykleen-polska\\\/#primaryimage\"},\"image\":{\"@id\":\"https:\\\/\\\/safetykleeninternational.com\\\/pl\\\/o-nas\\\/kariera-safetykleen-polska\\\/#primaryimage\"},\"thumbnailUrl\":\"https:\\\/\\\/safetykleeninternational.com\\\/wp-content\\\/uploads\\\/2020\\\/12\\\/Portraits_0325-scaled.jpg\",\"datePublished\":\"2020-11-30T15:22:55+00:00\",\"dateModified\":\"2025-09-01T12:55:25+00:00\",\"description\":\"Do\u0142\u0105cz do Safetykleen Polska \u2014 rozwijamy innowacyjne us\u0142ugi czyszczenia cz\u0119\u015bci przemys\u0142owych i chemii procesowej.\",\"breadcrumb\":{\"@id\":\"https:\\\/\\\/safetykleeninternational.com\\\/pl\\\/o-nas\\\/kariera-safetykleen-polska\\\/#breadcrumb\"},\"inLanguage\":\"pl-PL\",\"potentialAction\":[{\"@type\":\"ReadAction\",\"target\":[\"https:\\\/\\\/safetykleeninternational.com\\\/pl\\\/o-nas\\\/kariera-safetykleen-polska\\\/\"]}]},{\"@type\":\"ImageObject\",\"inLanguage\":\"pl-PL\",\"@id\":\"https:\\\/\\\/safetykleeninternational.com\\\/pl\\\/o-nas\\\/kariera-safetykleen-polska\\\/#primaryimage\",\"url\":\"https:\\\/\\\/safetykleeninternational.com\\\/wp-content\\\/uploads\\\/2020\\\/12\\\/Portraits_0325-scaled.jpg\",\"contentUrl\":\"https:\\\/\\\/safetykleeninternational.com\\\/wp-content\\\/uploads\\\/2020\\\/12\\\/Portraits_0325-scaled.jpg\",\"width\":2560,\"height\":1707},{\"@type\":\"BreadcrumbList\",\"@id\":\"https:\\\/\\\/safetykleeninternational.com\\\/pl\\\/o-nas\\\/kariera-safetykleen-polska\\\/#breadcrumb\",\"itemListElement\":[{\"@type\":\"ListItem\",\"position\":1,\"name\":\"O nas\",\"item\":\"https:\\\/\\\/safetykleeninternational.com\\\/pl\\\/about-us\\\/\"},{\"@type\":\"ListItem\",\"position\":2,\"name\":\"Kariera\"}]},{\"@type\":\"WebSite\",\"@id\":\"https:\\\/\\\/safetykleeninternational.com\\\/pl\\\/#website\",\"url\":\"https:\\\/\\\/safetykleeninternational.com\\\/pl\\\/\",\"name\":\"Safetykleen\",\"description\":\"Parts Cleaning Services for Business &amp; Industry\",\"publisher\":{\"@id\":\"https:\\\/\\\/safetykleeninternational.com\\\/pl\\\/#organization\"},\"potentialAction\":[{\"@type\":\"SearchAction\",\"target\":{\"@type\":\"EntryPoint\",\"urlTemplate\":\"https:\\\/\\\/safetykleeninternational.com\\\/pl\\\/?s={search_term_string}\"},\"query-input\":{\"@type\":\"PropertyValueSpecification\",\"valueRequired\":true,\"valueName\":\"search_term_string\"}}],\"inLanguage\":\"pl-PL\"},{\"@type\":\"Organization\",\"@id\":\"https:\\\/\\\/safetykleeninternational.com\\\/pl\\\/#organization\",\"name\":\"Safetykleen\",\"url\":\"https:\\\/\\\/safetykleeninternational.com\\\/pl\\\/\",\"logo\":{\"@type\":\"ImageObject\",\"inLanguage\":\"pl-PL\",\"@id\":\"https:\\\/\\\/safetykleeninternational.com\\\/pl\\\/#\\\/schema\\\/logo\\\/image\\\/\",\"url\":\"https:\\\/\\\/safetykleeninternational.com\\\/wp-content\\\/uploads\\\/2020\\\/12\\\/Screen-Shot-2020-12-15-at-09.13.37.png\",\"contentUrl\":\"https:\\\/\\\/safetykleeninternational.com\\\/wp-content\\\/uploads\\\/2020\\\/12\\\/Screen-Shot-2020-12-15-at-09.13.37.png\",\"width\":628,\"height\":280,\"caption\":\"Safetykleen\"},\"image\":{\"@id\":\"https:\\\/\\\/safetykleeninternational.com\\\/pl\\\/#\\\/schema\\\/logo\\\/image\\\/\"},\"sameAs\":[\"https:\\\/\\\/x.com\\\/SafetykleenUK\",\"https:\\\/\\\/www.instagram.com\\\/safetykleeninternational\\\/\",\"https:\\\/\\\/www.linkedin.com\\\/company\\\/safetykleen\\\/\",\"https:\\\/\\\/www.youtube.com\\\/channel\\\/UCWA-lHlJu6XDHKtNszhebFA\"]}]}<\/script>\n<!-- \/ Yoast SEO plugin. -->","yoast_head_json":{"title":"Kariera - Safetykleen","description":"Do\u0142\u0105cz do Safetykleen Polska \u2014 rozwijamy innowacyjne us\u0142ugi czyszczenia cz\u0119\u015bci przemys\u0142owych i chemii procesowej.","robots":{"index":"index","follow":"follow","max-snippet":"max-snippet:-1","max-image-preview":"max-image-preview:large","max-video-preview":"max-video-preview:-1"},"canonical":"https:\/\/safetykleeninternational.com\/pl\/o-nas\/kariera-safetykleen-polska\/","og_locale":"pl_PL","og_type":"article","og_title":"Kariera - Safetykleen","og_description":"Do\u0142\u0105cz do Safetykleen Polska \u2014 rozwijamy innowacyjne us\u0142ugi czyszczenia cz\u0119\u015bci przemys\u0142owych i chemii procesowej.","og_url":"https:\/\/safetykleeninternational.com\/pl\/o-nas\/kariera-safetykleen-polska\/","og_site_name":"Safetykleen","article_modified_time":"2025-09-01T12:55:25+00:00","og_image":[{"width":2560,"height":1707,"url":"https:\/\/safetykleeninternational.com\/wp-content\/uploads\/2020\/12\/Portraits_0325-scaled.jpg","type":"image\/jpeg"}],"twitter_card":"summary_large_image","twitter_site":"@SafetykleenUK","twitter_misc":{"Est. reading time":"2 minuty"},"schema":{"@context":"https:\/\/schema.org","@graph":[{"@type":"WebPage","@id":"https:\/\/safetykleeninternational.com\/pl\/o-nas\/kariera-safetykleen-polska\/","url":"https:\/\/safetykleeninternational.com\/pl\/o-nas\/kariera-safetykleen-polska\/","name":"Kariera - Safetykleen","isPartOf":{"@id":"https:\/\/safetykleeninternational.com\/pl\/#website"},"primaryImageOfPage":{"@id":"https:\/\/safetykleeninternational.com\/pl\/o-nas\/kariera-safetykleen-polska\/#primaryimage"},"image":{"@id":"https:\/\/safetykleeninternational.com\/pl\/o-nas\/kariera-safetykleen-polska\/#primaryimage"},"thumbnailUrl":"https:\/\/safetykleeninternational.com\/wp-content\/uploads\/2020\/12\/Portraits_0325-scaled.jpg","datePublished":"2020-11-30T15:22:55+00:00","dateModified":"2025-09-01T12:55:25+00:00","description":"Do\u0142\u0105cz do Safetykleen Polska \u2014 rozwijamy innowacyjne us\u0142ugi czyszczenia cz\u0119\u015bci przemys\u0142owych i chemii procesowej.","breadcrumb":{"@id":"https:\/\/safetykleeninternational.com\/pl\/o-nas\/kariera-safetykleen-polska\/#breadcrumb"},"inLanguage":"pl-PL","potentialAction":[{"@type":"ReadAction","target":["https:\/\/safetykleeninternational.com\/pl\/o-nas\/kariera-safetykleen-polska\/"]}]},{"@type":"ImageObject","inLanguage":"pl-PL","@id":"https:\/\/safetykleeninternational.com\/pl\/o-nas\/kariera-safetykleen-polska\/#primaryimage","url":"https:\/\/safetykleeninternational.com\/wp-content\/uploads\/2020\/12\/Portraits_0325-scaled.jpg","contentUrl":"https:\/\/safetykleeninternational.com\/wp-content\/uploads\/2020\/12\/Portraits_0325-scaled.jpg","width":2560,"height":1707},{"@type":"BreadcrumbList","@id":"https:\/\/safetykleeninternational.com\/pl\/o-nas\/kariera-safetykleen-polska\/#breadcrumb","itemListElement":[{"@type":"ListItem","position":1,"name":"O nas","item":"https:\/\/safetykleeninternational.com\/pl\/about-us\/"},{"@type":"ListItem","position":2,"name":"Kariera"}]},{"@type":"WebSite","@id":"https:\/\/safetykleeninternational.com\/pl\/#website","url":"https:\/\/safetykleeninternational.com\/pl\/","name":"Safetykleen","description":"Parts Cleaning Services for Business &amp; Industry","publisher":{"@id":"https:\/\/safetykleeninternational.com\/pl\/#organization"},"potentialAction":[{"@type":"SearchAction","target":{"@type":"EntryPoint","urlTemplate":"https:\/\/safetykleeninternational.com\/pl\/?s={search_term_string}"},"query-input":{"@type":"PropertyValueSpecification","valueRequired":true,"valueName":"search_term_string"}}],"inLanguage":"pl-PL"},{"@type":"Organization","@id":"https:\/\/safetykleeninternational.com\/pl\/#organization","name":"Safetykleen","url":"https:\/\/safetykleeninternational.com\/pl\/","logo":{"@type":"ImageObject","inLanguage":"pl-PL","@id":"https:\/\/safetykleeninternational.com\/pl\/#\/schema\/logo\/image\/","url":"https:\/\/safetykleeninternational.com\/wp-content\/uploads\/2020\/12\/Screen-Shot-2020-12-15-at-09.13.37.png","contentUrl":"https:\/\/safetykleeninternational.com\/wp-content\/uploads\/2020\/12\/Screen-Shot-2020-12-15-at-09.13.37.png","width":628,"height":280,"caption":"Safetykleen"},"image":{"@id":"https:\/\/safetykleeninternational.com\/pl\/#\/schema\/logo\/image\/"},"sameAs":["https:\/\/x.com\/SafetykleenUK","https:\/\/www.instagram.com\/safetykleeninternational\/","https:\/\/www.linkedin.com\/company\/safetykleen\/","https:\/\/www.youtube.com\/channel\/UCWA-lHlJu6XDHKtNszhebFA"]}]}},"_links":{"self":[{"href":"https:\/\/safetykleeninternational.com\/pl\/wp-json\/wp\/v2\/pages\/27380","targetHints":{"allow":["GET"]}}],"collection":[{"href":"https:\/\/safetykleeninternational.com\/pl\/wp-json\/wp\/v2\/pages"}],"about":[{"href":"https:\/\/safetykleeninternational.com\/pl\/wp-json\/wp\/v2\/types\/page"}],"author":[{"embeddable":true,"href":"https:\/\/safetykleeninternational.com\/pl\/wp-json\/wp\/v2\/users\/3"}],"replies":[{"embeddable":true,"href":"https:\/\/safetykleeninternational.com\/pl\/wp-json\/wp\/v2\/comments?post=27380"}],"version-history":[{"count":0,"href":"https:\/\/safetykleeninternational.com\/pl\/wp-json\/wp\/v2\/pages\/27380\/revisions"}],"up":[{"embeddable":true,"href":"https:\/\/safetykleeninternational.com\/pl\/wp-json\/wp\/v2\/pages\/27434"}],"wp:featuredmedia":[{"embeddable":true,"href":"https:\/\/safetykleeninternational.com\/pl\/wp-json\/wp\/v2\/media\/27021"}],"wp:attachment":[{"href":"https:\/\/safetykleeninternational.com\/pl\/wp-json\/wp\/v2\/media?parent=27380"}],"wp:term":[{"taxonomy":"format","embeddable":true,"href":"https:\/\/safetykleeninternational.com\/pl\/wp-json\/wp\/v2\/format?post=27380"},{"taxonomy":"funnel","embeddable":true,"href":"https:\/\/safetykleeninternational.com\/pl\/wp-json\/wp\/v2\/funnel?post=27380"},{"taxonomy":"industry","embeddable":true,"href":"https:\/\/safetykleeninternational.com\/pl\/wp-json\/wp\/v2\/industry?post=27380"},{"taxonomy":"pillar","embeddable":true,"href":"https:\/\/safetykleeninternational.com\/pl\/wp-json\/wp\/v2\/pillar?post=27380"},{"taxonomy":"searchcategory","embeddable":true,"href":"https:\/\/safetykleeninternational.com\/pl\/wp-json\/wp\/v2\/searchcategory?post=27380"}],"curies":[{"name":"wp","href":"https:\/\/api.w.org\/{rel}","templated":true}]}}