{"id":27288,"date":"2022-04-25T16:29:44","date_gmt":"2022-04-25T16:29:44","guid":{"rendered":"https:\/\/safetykleenstg.wpengine.com\/lp-compliance\/"},"modified":"2025-08-12T15:27:32","modified_gmt":"2025-08-12T15:27:32","slug":"zgodnosc-iso","status":"publish","type":"page","link":"https:\/\/safetykleeninternational.com\/pl\/zgodnosc-iso\/","title":{"rendered":"Zgodno\u015b\u0107"},"content":{"rendered":"","protected":false},"excerpt":{"rendered":"","protected":false},"author":3,"featured_media":0,"parent":0,"menu_order":33,"comment_status":"closed","ping_status":"closed","template":"","format":[],"meta":{"_acf_changed":false,"footnotes":""},"funnel":[],"industry":[],"pillar":[],"searchcategory":[],"class_list":["post-27288","page","type-page","status-publish","hentry"],"acf":[],"yoast_head":"<!-- This site is optimized with the Yoast SEO plugin v27.4 - https:\/\/yoast.com\/product\/yoast-seo-wordpress\/ -->\n<title>Zgodno\u015b\u0107 - Safetykleen<\/title>\n<meta name=\"description\" content=\"Sprawd\u017a, jak nasze myjki do cz\u0119\u015bci przemys\u0142owych pomog\u0142y firmom skr\u00f3ci\u0107 czas czyszczenia nawet o 70% i zwi\u0119kszy\u0107 wydajno\u015b\u0107 pracy o 500%.\" \/>\n<meta name=\"robots\" content=\"noindex, nofollow\" \/>\n<meta property=\"og:locale\" content=\"pl_PL\" \/>\n<meta property=\"og:type\" content=\"article\" \/>\n<meta property=\"og:title\" content=\"Zgodno\u015b\u0107 - Safetykleen\" \/>\n<meta property=\"og:description\" content=\"Sprawd\u017a, jak nasze myjki do cz\u0119\u015bci przemys\u0142owych pomog\u0142y firmom skr\u00f3ci\u0107 czas czyszczenia nawet o 70% i zwi\u0119kszy\u0107 wydajno\u015b\u0107 pracy o 500%.\" \/>\n<meta property=\"og:url\" content=\"https:\/\/safetykleeninternational.com\/pl\/zgodnosc-iso\/\" \/>\n<meta property=\"og:site_name\" content=\"Safetykleen\" \/>\n<meta property=\"article:modified_time\" content=\"2025-08-12T15:27:32+00:00\" \/>\n<meta property=\"og:image\" content=\"https:\/\/safetykleeninternational.com\/wp-content\/uploads\/2020\/12\/facebook-share-image-@2x-1.png\" \/>\n\t<meta property=\"og:image:width\" content=\"2400\" \/>\n\t<meta property=\"og:image:height\" content=\"1260\" \/>\n\t<meta property=\"og:image:type\" content=\"image\/png\" \/>\n<meta name=\"twitter:card\" content=\"summary_large_image\" \/>\n<meta name=\"twitter:site\" content=\"@SafetykleenUK\" \/>\n<meta name=\"twitter:label1\" content=\"Est. reading time\" \/>\n\t<meta name=\"twitter:data1\" content=\"3 minuty\" \/>\n<script type=\"application\/ld+json\" class=\"yoast-schema-graph\">{\"@context\":\"https:\\\/\\\/schema.org\",\"@graph\":[{\"@type\":\"WebPage\",\"@id\":\"https:\\\/\\\/safetykleeninternational.com\\\/pl\\\/zgodnosc-iso\\\/\",\"url\":\"https:\\\/\\\/safetykleeninternational.com\\\/pl\\\/zgodnosc-iso\\\/\",\"name\":\"Zgodno\u015b\u0107 - Safetykleen\",\"isPartOf\":{\"@id\":\"https:\\\/\\\/safetykleeninternational.com\\\/pl\\\/#website\"},\"datePublished\":\"2022-04-25T16:29:44+00:00\",\"dateModified\":\"2025-08-12T15:27:32+00:00\",\"description\":\"Sprawd\u017a, jak nasze myjki do cz\u0119\u015bci przemys\u0142owych pomog\u0142y firmom skr\u00f3ci\u0107 czas czyszczenia nawet o 70% i zwi\u0119kszy\u0107 wydajno\u015b\u0107 pracy o 500%.\",\"inLanguage\":\"pl-PL\",\"potentialAction\":[{\"@type\":\"ReadAction\",\"target\":[\"https:\\\/\\\/safetykleeninternational.com\\\/pl\\\/zgodnosc-iso\\\/\"]}]},{\"@type\":\"WebSite\",\"@id\":\"https:\\\/\\\/safetykleeninternational.com\\\/pl\\\/#website\",\"url\":\"https:\\\/\\\/safetykleeninternational.com\\\/pl\\\/\",\"name\":\"Safetykleen\",\"description\":\"Parts Cleaning Services for Business &amp; Industry\",\"publisher\":{\"@id\":\"https:\\\/\\\/safetykleeninternational.com\\\/pl\\\/#organization\"},\"potentialAction\":[{\"@type\":\"SearchAction\",\"target\":{\"@type\":\"EntryPoint\",\"urlTemplate\":\"https:\\\/\\\/safetykleeninternational.com\\\/pl\\\/?s={search_term_string}\"},\"query-input\":{\"@type\":\"PropertyValueSpecification\",\"valueRequired\":true,\"valueName\":\"search_term_string\"}}],\"inLanguage\":\"pl-PL\"},{\"@type\":\"Organization\",\"@id\":\"https:\\\/\\\/safetykleeninternational.com\\\/pl\\\/#organization\",\"name\":\"Safetykleen\",\"url\":\"https:\\\/\\\/safetykleeninternational.com\\\/pl\\\/\",\"logo\":{\"@type\":\"ImageObject\",\"inLanguage\":\"pl-PL\",\"@id\":\"https:\\\/\\\/safetykleeninternational.com\\\/pl\\\/#\\\/schema\\\/logo\\\/image\\\/\",\"url\":\"https:\\\/\\\/safetykleeninternational.com\\\/wp-content\\\/uploads\\\/2020\\\/12\\\/Screen-Shot-2020-12-15-at-09.13.37.png\",\"contentUrl\":\"https:\\\/\\\/safetykleeninternational.com\\\/wp-content\\\/uploads\\\/2020\\\/12\\\/Screen-Shot-2020-12-15-at-09.13.37.png\",\"width\":628,\"height\":280,\"caption\":\"Safetykleen\"},\"image\":{\"@id\":\"https:\\\/\\\/safetykleeninternational.com\\\/pl\\\/#\\\/schema\\\/logo\\\/image\\\/\"},\"sameAs\":[\"https:\\\/\\\/x.com\\\/SafetykleenUK\",\"https:\\\/\\\/www.instagram.com\\\/safetykleeninternational\\\/\",\"https:\\\/\\\/www.linkedin.com\\\/company\\\/safetykleen\\\/\",\"https:\\\/\\\/www.youtube.com\\\/channel\\\/UCWA-lHlJu6XDHKtNszhebFA\"]}]}<\/script>\n<!-- \/ Yoast SEO plugin. -->","yoast_head_json":{"title":"Zgodno\u015b\u0107 - Safetykleen","description":"Sprawd\u017a, jak nasze myjki do cz\u0119\u015bci przemys\u0142owych pomog\u0142y firmom skr\u00f3ci\u0107 czas czyszczenia nawet o 70% i zwi\u0119kszy\u0107 wydajno\u015b\u0107 pracy o 500%.","robots":{"index":"noindex","follow":"nofollow"},"og_locale":"pl_PL","og_type":"article","og_title":"Zgodno\u015b\u0107 - Safetykleen","og_description":"Sprawd\u017a, jak nasze myjki do cz\u0119\u015bci przemys\u0142owych pomog\u0142y firmom skr\u00f3ci\u0107 czas czyszczenia nawet o 70% i zwi\u0119kszy\u0107 wydajno\u015b\u0107 pracy o 500%.","og_url":"https:\/\/safetykleeninternational.com\/pl\/zgodnosc-iso\/","og_site_name":"Safetykleen","article_modified_time":"2025-08-12T15:27:32+00:00","og_image":[{"width":2400,"height":1260,"url":"https:\/\/safetykleeninternational.com\/wp-content\/uploads\/2020\/12\/facebook-share-image-@2x-1.png","type":"image\/png"}],"twitter_card":"summary_large_image","twitter_site":"@SafetykleenUK","twitter_misc":{"Est. reading time":"3 minuty"},"schema":{"@context":"https:\/\/schema.org","@graph":[{"@type":"WebPage","@id":"https:\/\/safetykleeninternational.com\/pl\/zgodnosc-iso\/","url":"https:\/\/safetykleeninternational.com\/pl\/zgodnosc-iso\/","name":"Zgodno\u015b\u0107 - Safetykleen","isPartOf":{"@id":"https:\/\/safetykleeninternational.com\/pl\/#website"},"datePublished":"2022-04-25T16:29:44+00:00","dateModified":"2025-08-12T15:27:32+00:00","description":"Sprawd\u017a, jak nasze myjki do cz\u0119\u015bci przemys\u0142owych pomog\u0142y firmom skr\u00f3ci\u0107 czas czyszczenia nawet o 70% i zwi\u0119kszy\u0107 wydajno\u015b\u0107 pracy o 500%.","inLanguage":"pl-PL","potentialAction":[{"@type":"ReadAction","target":["https:\/\/safetykleeninternational.com\/pl\/zgodnosc-iso\/"]}]},{"@type":"WebSite","@id":"https:\/\/safetykleeninternational.com\/pl\/#website","url":"https:\/\/safetykleeninternational.com\/pl\/","name":"Safetykleen","description":"Parts Cleaning Services for Business &amp; Industry","publisher":{"@id":"https:\/\/safetykleeninternational.com\/pl\/#organization"},"potentialAction":[{"@type":"SearchAction","target":{"@type":"EntryPoint","urlTemplate":"https:\/\/safetykleeninternational.com\/pl\/?s={search_term_string}"},"query-input":{"@type":"PropertyValueSpecification","valueRequired":true,"valueName":"search_term_string"}}],"inLanguage":"pl-PL"},{"@type":"Organization","@id":"https:\/\/safetykleeninternational.com\/pl\/#organization","name":"Safetykleen","url":"https:\/\/safetykleeninternational.com\/pl\/","logo":{"@type":"ImageObject","inLanguage":"pl-PL","@id":"https:\/\/safetykleeninternational.com\/pl\/#\/schema\/logo\/image\/","url":"https:\/\/safetykleeninternational.com\/wp-content\/uploads\/2020\/12\/Screen-Shot-2020-12-15-at-09.13.37.png","contentUrl":"https:\/\/safetykleeninternational.com\/wp-content\/uploads\/2020\/12\/Screen-Shot-2020-12-15-at-09.13.37.png","width":628,"height":280,"caption":"Safetykleen"},"image":{"@id":"https:\/\/safetykleeninternational.com\/pl\/#\/schema\/logo\/image\/"},"sameAs":["https:\/\/x.com\/SafetykleenUK","https:\/\/www.instagram.com\/safetykleeninternational\/","https:\/\/www.linkedin.com\/company\/safetykleen\/","https:\/\/www.youtube.com\/channel\/UCWA-lHlJu6XDHKtNszhebFA"]}]}},"_links":{"self":[{"href":"https:\/\/safetykleeninternational.com\/pl\/wp-json\/wp\/v2\/pages\/27288","targetHints":{"allow":["GET"]}}],"collection":[{"href":"https:\/\/safetykleeninternational.com\/pl\/wp-json\/wp\/v2\/pages"}],"about":[{"href":"https:\/\/safetykleeninternational.com\/pl\/wp-json\/wp\/v2\/types\/page"}],"author":[{"embeddable":true,"href":"https:\/\/safetykleeninternational.com\/pl\/wp-json\/wp\/v2\/users\/3"}],"replies":[{"embeddable":true,"href":"https:\/\/safetykleeninternational.com\/pl\/wp-json\/wp\/v2\/comments?post=27288"}],"version-history":[{"count":0,"href":"https:\/\/safetykleeninternational.com\/pl\/wp-json\/wp\/v2\/pages\/27288\/revisions"}],"wp:attachment":[{"href":"https:\/\/safetykleeninternational.com\/pl\/wp-json\/wp\/v2\/media?parent=27288"}],"wp:term":[{"taxonomy":"format","embeddable":true,"href":"https:\/\/safetykleeninternational.com\/pl\/wp-json\/wp\/v2\/format?post=27288"},{"taxonomy":"funnel","embeddable":true,"href":"https:\/\/safetykleeninternational.com\/pl\/wp-json\/wp\/v2\/funnel?post=27288"},{"taxonomy":"industry","embeddable":true,"href":"https:\/\/safetykleeninternational.com\/pl\/wp-json\/wp\/v2\/industry?post=27288"},{"taxonomy":"pillar","embeddable":true,"href":"https:\/\/safetykleeninternational.com\/pl\/wp-json\/wp\/v2\/pillar?post=27288"},{"taxonomy":"searchcategory","embeddable":true,"href":"https:\/\/safetykleeninternational.com\/pl\/wp-json\/wp\/v2\/searchcategory?post=27288"}],"curies":[{"name":"wp","href":"https:\/\/api.w.org\/{rel}","templated":true}]}}