{"id":27270,"date":"2022-10-21T09:01:15","date_gmt":"2022-10-21T09:01:18","guid":{"rendered":"https:\/\/safetykleenstg.wpengine.com\/multipaint\/"},"modified":"2025-08-27T10:51:49","modified_gmt":"2025-08-27T10:51:49","slug":"multipaint","status":"publish","type":"page","link":"https:\/\/safetykleeninternational.com\/pl\/produkty\/chemia-czyszczaca\/plyny-do-czyszczenia-pistoletow-lakierniczych\/multipaint\/","title":{"rendered":"Multipaint"},"content":{"rendered":"","protected":false},"excerpt":{"rendered":"","protected":false},"author":3,"featured_media":26818,"parent":27314,"menu_order":2,"comment_status":"closed","ping_status":"closed","template":"","format":[],"meta":{"_acf_changed":false,"footnotes":""},"funnel":[],"industry":[],"pillar":[],"searchcategory":[],"class_list":["post-27270","page","type-page","status-publish","has-post-thumbnail","hentry"],"acf":[],"yoast_head":"<!-- This site is optimized with the Yoast SEO plugin v27.3 - https:\/\/yoast.com\/product\/yoast-seo-wordpress\/ -->\n<title>Multipaint - Safetykleen<\/title>\n<meta name=\"description\" content=\"Multipaint to rozwi\u0105zanie 2 w 1. Czy\u015bci zar\u00f3wno farby wodne, jak i rozpuszczalnikowe, oferuj\u0105c szybkie, bezpieczne i ekologiczne rozwi\u0105zanie.\" \/>\n<meta name=\"robots\" content=\"index, follow, max-snippet:-1, max-image-preview:large, max-video-preview:-1\" \/>\n<link rel=\"canonical\" href=\"https:\/\/safetykleeninternational.com\/pl\/produkty\/chemia-czyszczaca\/plyny-do-czyszczenia-pistoletow-lakierniczych\/multipaint\/\" \/>\n<meta property=\"og:locale\" content=\"pl_PL\" \/>\n<meta property=\"og:type\" content=\"article\" \/>\n<meta property=\"og:title\" content=\"Multipaint - Safetykleen\" \/>\n<meta property=\"og:description\" content=\"Multipaint to rozwi\u0105zanie 2 w 1. Czy\u015bci zar\u00f3wno farby wodne, jak i rozpuszczalnikowe, oferuj\u0105c szybkie, bezpieczne i ekologiczne rozwi\u0105zanie.\" \/>\n<meta property=\"og:url\" content=\"https:\/\/safetykleeninternational.com\/pl\/produkty\/chemia-czyszczaca\/plyny-do-czyszczenia-pistoletow-lakierniczych\/multipaint\/\" \/>\n<meta property=\"og:site_name\" content=\"Safetykleen\" \/>\n<meta property=\"article:modified_time\" content=\"2025-08-27T10:51:49+00:00\" \/>\n<meta property=\"og:image\" content=\"https:\/\/safetykleeninternational.com\/wp-content\/uploads\/2022\/10\/iStock-1203343517-tiny.jpg\" \/>\n\t<meta property=\"og:image:width\" content=\"2449\" \/>\n\t<meta property=\"og:image:height\" content=\"1632\" \/>\n\t<meta property=\"og:image:type\" content=\"image\/jpeg\" \/>\n<meta name=\"twitter:card\" content=\"summary_large_image\" \/>\n<meta name=\"twitter:site\" content=\"@SafetykleenUK\" \/>\n<meta name=\"twitter:label1\" content=\"Est. reading time\" \/>\n\t<meta name=\"twitter:data1\" content=\"3 minuty\" \/>\n<script type=\"application\/ld+json\" class=\"yoast-schema-graph\">{\"@context\":\"https:\\\/\\\/schema.org\",\"@graph\":[{\"@type\":[\"WebPage\",\"ItemPage\"],\"@id\":\"https:\\\/\\\/safetykleeninternational.com\\\/pl\\\/produkty\\\/chemia-czyszczaca\\\/plyny-do-czyszczenia-pistoletow-lakierniczych\\\/multipaint\\\/\",\"url\":\"https:\\\/\\\/safetykleeninternational.com\\\/pl\\\/produkty\\\/chemia-czyszczaca\\\/plyny-do-czyszczenia-pistoletow-lakierniczych\\\/multipaint\\\/\",\"name\":\"Multipaint - Safetykleen\",\"isPartOf\":{\"@id\":\"https:\\\/\\\/safetykleeninternational.com\\\/pl\\\/#website\"},\"primaryImageOfPage\":{\"@id\":\"https:\\\/\\\/safetykleeninternational.com\\\/pl\\\/produkty\\\/chemia-czyszczaca\\\/plyny-do-czyszczenia-pistoletow-lakierniczych\\\/multipaint\\\/#primaryimage\"},\"image\":{\"@id\":\"https:\\\/\\\/safetykleeninternational.com\\\/pl\\\/produkty\\\/chemia-czyszczaca\\\/plyny-do-czyszczenia-pistoletow-lakierniczych\\\/multipaint\\\/#primaryimage\"},\"thumbnailUrl\":\"https:\\\/\\\/safetykleeninternational.com\\\/wp-content\\\/uploads\\\/2022\\\/10\\\/iStock-1203343517-tiny.jpg\",\"datePublished\":\"2022-10-21T09:01:18+00:00\",\"dateModified\":\"2025-08-27T10:51:49+00:00\",\"description\":\"Multipaint to rozwi\u0105zanie 2 w 1. Czy\u015bci zar\u00f3wno farby wodne, jak i rozpuszczalnikowe, oferuj\u0105c szybkie, bezpieczne i ekologiczne rozwi\u0105zanie.\",\"breadcrumb\":{\"@id\":\"https:\\\/\\\/safetykleeninternational.com\\\/pl\\\/produkty\\\/chemia-czyszczaca\\\/plyny-do-czyszczenia-pistoletow-lakierniczych\\\/multipaint\\\/#breadcrumb\"},\"inLanguage\":\"pl-PL\",\"potentialAction\":[{\"@type\":\"ReadAction\",\"target\":[\"https:\\\/\\\/safetykleeninternational.com\\\/pl\\\/produkty\\\/chemia-czyszczaca\\\/plyny-do-czyszczenia-pistoletow-lakierniczych\\\/multipaint\\\/\"]}]},{\"@type\":\"ImageObject\",\"inLanguage\":\"pl-PL\",\"@id\":\"https:\\\/\\\/safetykleeninternational.com\\\/pl\\\/produkty\\\/chemia-czyszczaca\\\/plyny-do-czyszczenia-pistoletow-lakierniczych\\\/multipaint\\\/#primaryimage\",\"url\":\"https:\\\/\\\/safetykleeninternational.com\\\/wp-content\\\/uploads\\\/2022\\\/10\\\/iStock-1203343517-tiny.jpg\",\"contentUrl\":\"https:\\\/\\\/safetykleeninternational.com\\\/wp-content\\\/uploads\\\/2022\\\/10\\\/iStock-1203343517-tiny.jpg\",\"width\":2449,\"height\":1632},{\"@type\":\"BreadcrumbList\",\"@id\":\"https:\\\/\\\/safetykleeninternational.com\\\/pl\\\/produkty\\\/chemia-czyszczaca\\\/plyny-do-czyszczenia-pistoletow-lakierniczych\\\/multipaint\\\/#breadcrumb\",\"itemListElement\":[{\"@type\":\"ListItem\",\"position\":1,\"name\":\"Produkty\",\"item\":\"https:\\\/\\\/safetykleeninternational.com\\\/pl\\\/products\\\/\"},{\"@type\":\"ListItem\",\"position\":2,\"name\":\"Chemia czyszcz\u0105ca\",\"item\":\"https:\\\/\\\/safetykleeninternational.com\\\/pl\\\/products\\\/cleaning-chemistries\\\/\"},{\"@type\":\"ListItem\",\"position\":3,\"name\":\"P\u0142yny do czyszczenia pistolet\u00f3w lakierniczych\",\"item\":\"https:\\\/\\\/safetykleeninternational.com\\\/pl\\\/products\\\/cleaning-chemistries\\\/spray-gun-cleaner-liquids\\\/\"},{\"@type\":\"ListItem\",\"position\":4,\"name\":\"Multipaint\"}]},{\"@type\":\"WebSite\",\"@id\":\"https:\\\/\\\/safetykleeninternational.com\\\/pl\\\/#website\",\"url\":\"https:\\\/\\\/safetykleeninternational.com\\\/pl\\\/\",\"name\":\"Safetykleen\",\"description\":\"Parts Cleaning Services for Business &amp; Industry\",\"publisher\":{\"@id\":\"https:\\\/\\\/safetykleeninternational.com\\\/pl\\\/#organization\"},\"potentialAction\":[{\"@type\":\"SearchAction\",\"target\":{\"@type\":\"EntryPoint\",\"urlTemplate\":\"https:\\\/\\\/safetykleeninternational.com\\\/pl\\\/?s={search_term_string}\"},\"query-input\":{\"@type\":\"PropertyValueSpecification\",\"valueRequired\":true,\"valueName\":\"search_term_string\"}}],\"inLanguage\":\"pl-PL\"},{\"@type\":\"Organization\",\"@id\":\"https:\\\/\\\/safetykleeninternational.com\\\/pl\\\/#organization\",\"name\":\"Safetykleen\",\"url\":\"https:\\\/\\\/safetykleeninternational.com\\\/pl\\\/\",\"logo\":{\"@type\":\"ImageObject\",\"inLanguage\":\"pl-PL\",\"@id\":\"https:\\\/\\\/safetykleeninternational.com\\\/pl\\\/#\\\/schema\\\/logo\\\/image\\\/\",\"url\":\"https:\\\/\\\/safetykleeninternational.com\\\/wp-content\\\/uploads\\\/2020\\\/12\\\/Screen-Shot-2020-12-15-at-09.13.37.png\",\"contentUrl\":\"https:\\\/\\\/safetykleeninternational.com\\\/wp-content\\\/uploads\\\/2020\\\/12\\\/Screen-Shot-2020-12-15-at-09.13.37.png\",\"width\":628,\"height\":280,\"caption\":\"Safetykleen\"},\"image\":{\"@id\":\"https:\\\/\\\/safetykleeninternational.com\\\/pl\\\/#\\\/schema\\\/logo\\\/image\\\/\"},\"sameAs\":[\"https:\\\/\\\/x.com\\\/SafetykleenUK\",\"https:\\\/\\\/www.instagram.com\\\/safetykleeninternational\\\/\",\"https:\\\/\\\/www.linkedin.com\\\/company\\\/safetykleen\\\/\",\"https:\\\/\\\/www.youtube.com\\\/channel\\\/UCWA-lHlJu6XDHKtNszhebFA\"]}]}<\/script>\n<!-- \/ Yoast SEO plugin. -->","yoast_head_json":{"title":"Multipaint - Safetykleen","description":"Multipaint to rozwi\u0105zanie 2 w 1. Czy\u015bci zar\u00f3wno farby wodne, jak i rozpuszczalnikowe, oferuj\u0105c szybkie, bezpieczne i ekologiczne rozwi\u0105zanie.","robots":{"index":"index","follow":"follow","max-snippet":"max-snippet:-1","max-image-preview":"max-image-preview:large","max-video-preview":"max-video-preview:-1"},"canonical":"https:\/\/safetykleeninternational.com\/pl\/produkty\/chemia-czyszczaca\/plyny-do-czyszczenia-pistoletow-lakierniczych\/multipaint\/","og_locale":"pl_PL","og_type":"article","og_title":"Multipaint - Safetykleen","og_description":"Multipaint to rozwi\u0105zanie 2 w 1. Czy\u015bci zar\u00f3wno farby wodne, jak i rozpuszczalnikowe, oferuj\u0105c szybkie, bezpieczne i ekologiczne rozwi\u0105zanie.","og_url":"https:\/\/safetykleeninternational.com\/pl\/produkty\/chemia-czyszczaca\/plyny-do-czyszczenia-pistoletow-lakierniczych\/multipaint\/","og_site_name":"Safetykleen","article_modified_time":"2025-08-27T10:51:49+00:00","og_image":[{"width":2449,"height":1632,"url":"https:\/\/safetykleeninternational.com\/wp-content\/uploads\/2022\/10\/iStock-1203343517-tiny.jpg","type":"image\/jpeg"}],"twitter_card":"summary_large_image","twitter_site":"@SafetykleenUK","twitter_misc":{"Est. reading time":"3 minuty"},"schema":{"@context":"https:\/\/schema.org","@graph":[{"@type":["WebPage","ItemPage"],"@id":"https:\/\/safetykleeninternational.com\/pl\/produkty\/chemia-czyszczaca\/plyny-do-czyszczenia-pistoletow-lakierniczych\/multipaint\/","url":"https:\/\/safetykleeninternational.com\/pl\/produkty\/chemia-czyszczaca\/plyny-do-czyszczenia-pistoletow-lakierniczych\/multipaint\/","name":"Multipaint - Safetykleen","isPartOf":{"@id":"https:\/\/safetykleeninternational.com\/pl\/#website"},"primaryImageOfPage":{"@id":"https:\/\/safetykleeninternational.com\/pl\/produkty\/chemia-czyszczaca\/plyny-do-czyszczenia-pistoletow-lakierniczych\/multipaint\/#primaryimage"},"image":{"@id":"https:\/\/safetykleeninternational.com\/pl\/produkty\/chemia-czyszczaca\/plyny-do-czyszczenia-pistoletow-lakierniczych\/multipaint\/#primaryimage"},"thumbnailUrl":"https:\/\/safetykleeninternational.com\/wp-content\/uploads\/2022\/10\/iStock-1203343517-tiny.jpg","datePublished":"2022-10-21T09:01:18+00:00","dateModified":"2025-08-27T10:51:49+00:00","description":"Multipaint to rozwi\u0105zanie 2 w 1. Czy\u015bci zar\u00f3wno farby wodne, jak i rozpuszczalnikowe, oferuj\u0105c szybkie, bezpieczne i ekologiczne rozwi\u0105zanie.","breadcrumb":{"@id":"https:\/\/safetykleeninternational.com\/pl\/produkty\/chemia-czyszczaca\/plyny-do-czyszczenia-pistoletow-lakierniczych\/multipaint\/#breadcrumb"},"inLanguage":"pl-PL","potentialAction":[{"@type":"ReadAction","target":["https:\/\/safetykleeninternational.com\/pl\/produkty\/chemia-czyszczaca\/plyny-do-czyszczenia-pistoletow-lakierniczych\/multipaint\/"]}]},{"@type":"ImageObject","inLanguage":"pl-PL","@id":"https:\/\/safetykleeninternational.com\/pl\/produkty\/chemia-czyszczaca\/plyny-do-czyszczenia-pistoletow-lakierniczych\/multipaint\/#primaryimage","url":"https:\/\/safetykleeninternational.com\/wp-content\/uploads\/2022\/10\/iStock-1203343517-tiny.jpg","contentUrl":"https:\/\/safetykleeninternational.com\/wp-content\/uploads\/2022\/10\/iStock-1203343517-tiny.jpg","width":2449,"height":1632},{"@type":"BreadcrumbList","@id":"https:\/\/safetykleeninternational.com\/pl\/produkty\/chemia-czyszczaca\/plyny-do-czyszczenia-pistoletow-lakierniczych\/multipaint\/#breadcrumb","itemListElement":[{"@type":"ListItem","position":1,"name":"Produkty","item":"https:\/\/safetykleeninternational.com\/pl\/products\/"},{"@type":"ListItem","position":2,"name":"Chemia czyszcz\u0105ca","item":"https:\/\/safetykleeninternational.com\/pl\/products\/cleaning-chemistries\/"},{"@type":"ListItem","position":3,"name":"P\u0142yny do czyszczenia pistolet\u00f3w lakierniczych","item":"https:\/\/safetykleeninternational.com\/pl\/products\/cleaning-chemistries\/spray-gun-cleaner-liquids\/"},{"@type":"ListItem","position":4,"name":"Multipaint"}]},{"@type":"WebSite","@id":"https:\/\/safetykleeninternational.com\/pl\/#website","url":"https:\/\/safetykleeninternational.com\/pl\/","name":"Safetykleen","description":"Parts Cleaning Services for Business &amp; Industry","publisher":{"@id":"https:\/\/safetykleeninternational.com\/pl\/#organization"},"potentialAction":[{"@type":"SearchAction","target":{"@type":"EntryPoint","urlTemplate":"https:\/\/safetykleeninternational.com\/pl\/?s={search_term_string}"},"query-input":{"@type":"PropertyValueSpecification","valueRequired":true,"valueName":"search_term_string"}}],"inLanguage":"pl-PL"},{"@type":"Organization","@id":"https:\/\/safetykleeninternational.com\/pl\/#organization","name":"Safetykleen","url":"https:\/\/safetykleeninternational.com\/pl\/","logo":{"@type":"ImageObject","inLanguage":"pl-PL","@id":"https:\/\/safetykleeninternational.com\/pl\/#\/schema\/logo\/image\/","url":"https:\/\/safetykleeninternational.com\/wp-content\/uploads\/2020\/12\/Screen-Shot-2020-12-15-at-09.13.37.png","contentUrl":"https:\/\/safetykleeninternational.com\/wp-content\/uploads\/2020\/12\/Screen-Shot-2020-12-15-at-09.13.37.png","width":628,"height":280,"caption":"Safetykleen"},"image":{"@id":"https:\/\/safetykleeninternational.com\/pl\/#\/schema\/logo\/image\/"},"sameAs":["https:\/\/x.com\/SafetykleenUK","https:\/\/www.instagram.com\/safetykleeninternational\/","https:\/\/www.linkedin.com\/company\/safetykleen\/","https:\/\/www.youtube.com\/channel\/UCWA-lHlJu6XDHKtNszhebFA"]}]}},"_links":{"self":[{"href":"https:\/\/safetykleeninternational.com\/pl\/wp-json\/wp\/v2\/pages\/27270","targetHints":{"allow":["GET"]}}],"collection":[{"href":"https:\/\/safetykleeninternational.com\/pl\/wp-json\/wp\/v2\/pages"}],"about":[{"href":"https:\/\/safetykleeninternational.com\/pl\/wp-json\/wp\/v2\/types\/page"}],"author":[{"embeddable":true,"href":"https:\/\/safetykleeninternational.com\/pl\/wp-json\/wp\/v2\/users\/3"}],"replies":[{"embeddable":true,"href":"https:\/\/safetykleeninternational.com\/pl\/wp-json\/wp\/v2\/comments?post=27270"}],"version-history":[{"count":0,"href":"https:\/\/safetykleeninternational.com\/pl\/wp-json\/wp\/v2\/pages\/27270\/revisions"}],"up":[{"embeddable":true,"href":"https:\/\/safetykleeninternational.com\/pl\/wp-json\/wp\/v2\/pages\/27314"}],"wp:featuredmedia":[{"embeddable":true,"href":"https:\/\/safetykleeninternational.com\/pl\/wp-json\/wp\/v2\/media\/26818"}],"wp:attachment":[{"href":"https:\/\/safetykleeninternational.com\/pl\/wp-json\/wp\/v2\/media?parent=27270"}],"wp:term":[{"taxonomy":"format","embeddable":true,"href":"https:\/\/safetykleeninternational.com\/pl\/wp-json\/wp\/v2\/format?post=27270"},{"taxonomy":"funnel","embeddable":true,"href":"https:\/\/safetykleeninternational.com\/pl\/wp-json\/wp\/v2\/funnel?post=27270"},{"taxonomy":"industry","embeddable":true,"href":"https:\/\/safetykleeninternational.com\/pl\/wp-json\/wp\/v2\/industry?post=27270"},{"taxonomy":"pillar","embeddable":true,"href":"https:\/\/safetykleeninternational.com\/pl\/wp-json\/wp\/v2\/pillar?post=27270"},{"taxonomy":"searchcategory","embeddable":true,"href":"https:\/\/safetykleeninternational.com\/pl\/wp-json\/wp\/v2\/searchcategory?post=27270"}],"curies":[{"name":"wp","href":"https:\/\/api.w.org\/{rel}","templated":true}]}}