{"id":32919,"date":"2025-03-26T14:17:51","date_gmt":"2025-03-26T14:17:51","guid":{"rendered":"https:\/\/safetykleenstg.wpengine.com\/chi-siamo\/sustainability\/"},"modified":"2026-02-04T16:49:26","modified_gmt":"2026-02-04T16:49:26","slug":"sostenibilita","status":"publish","type":"page","link":"https:\/\/safetykleeninternational.com\/it\/chi-siamo\/sostenibilita\/","title":{"rendered":"Sostenibilit\u00e0"},"content":{"rendered":"","protected":false},"excerpt":{"rendered":"","protected":false},"author":37,"featured_media":30871,"parent":2001,"menu_order":5,"comment_status":"closed","ping_status":"closed","template":"","format":[263,268],"meta":{"_acf_changed":false,"footnotes":""},"funnel":[257],"industry":[275],"pillar":[261],"searchcategory":[168],"class_list":["post-32919","page","type-page","status-publish","has-post-thumbnail","hentry","searchcategory-services"],"acf":[],"yoast_head":"<!-- This site is optimized with the Yoast SEO plugin v27.6 - https:\/\/yoast.com\/product\/yoast-seo-wordpress\/ -->\n<title>Sostenibilit\u00e0 - Safetykleen<\/title>\n<meta name=\"description\" content=\"La sostenibilit\u00e0 \u00e8 parte integrante di ogni attivit\u00e0: dalle macchine lavapezzi alla gestione dei rifiuti, fino alla formazione delle persone.\" \/>\n<meta name=\"robots\" content=\"index, follow, max-snippet:-1, max-image-preview:large, max-video-preview:-1\" \/>\n<link rel=\"canonical\" href=\"https:\/\/safetykleeninternational.com\/it\/chi-siamo\/sostenibilita\/\" \/>\n<meta property=\"og:locale\" content=\"it_IT\" \/>\n<meta property=\"og:type\" content=\"article\" \/>\n<meta property=\"og:title\" content=\"Sostenibilit\u00e0 - Safetykleen\" \/>\n<meta property=\"og:description\" content=\"La sostenibilit\u00e0 \u00e8 parte integrante di ogni attivit\u00e0: dalle macchine lavapezzi alla gestione dei rifiuti, fino alla formazione delle persone.\" \/>\n<meta property=\"og:url\" content=\"https:\/\/safetykleeninternational.com\/it\/chi-siamo\/sostenibilita\/\" \/>\n<meta property=\"og:site_name\" content=\"Safetykleen\" \/>\n<meta property=\"article:modified_time\" content=\"2026-02-04T16:49:26+00:00\" \/>\n<meta property=\"og:image\" content=\"https:\/\/safetykleeninternational.com\/wp-content\/uploads\/2025\/05\/Sustainability-Website-Mobile-Banner.png\" \/>\n\t<meta property=\"og:image:width\" content=\"1134\" \/>\n\t<meta property=\"og:image:height\" content=\"1196\" \/>\n\t<meta property=\"og:image:type\" content=\"image\/png\" \/>\n<meta name=\"twitter:card\" content=\"summary_large_image\" \/>\n<meta name=\"twitter:site\" content=\"@SafetykleenUK\" \/>\n<meta name=\"twitter:label1\" content=\"Tempo di lettura stimato\" \/>\n\t<meta name=\"twitter:data1\" content=\"6 minuti\" \/>\n<script type=\"application\/ld+json\" class=\"yoast-schema-graph\">{\"@context\":\"https:\\\/\\\/schema.org\",\"@graph\":[{\"@type\":[\"WebPage\",\"AboutPage\"],\"@id\":\"https:\\\/\\\/safetykleeninternational.com\\\/it\\\/chi-siamo\\\/sostenibilita\\\/\",\"url\":\"https:\\\/\\\/safetykleeninternational.com\\\/it\\\/chi-siamo\\\/sostenibilita\\\/\",\"name\":\"Sostenibilit\u00e0 - Safetykleen\",\"isPartOf\":{\"@id\":\"https:\\\/\\\/safetykleeninternational.com\\\/it\\\/#website\"},\"primaryImageOfPage\":{\"@id\":\"https:\\\/\\\/safetykleeninternational.com\\\/it\\\/chi-siamo\\\/sostenibilita\\\/#primaryimage\"},\"image\":{\"@id\":\"https:\\\/\\\/safetykleeninternational.com\\\/it\\\/chi-siamo\\\/sostenibilita\\\/#primaryimage\"},\"thumbnailUrl\":\"https:\\\/\\\/safetykleeninternational.com\\\/wp-content\\\/uploads\\\/2025\\\/05\\\/Sustainability-Website-Mobile-Banner.png\",\"datePublished\":\"2025-03-26T14:17:51+00:00\",\"dateModified\":\"2026-02-04T16:49:26+00:00\",\"description\":\"La sostenibilit\u00e0 \u00e8 parte integrante di ogni attivit\u00e0: dalle macchine lavapezzi alla gestione dei rifiuti, fino alla formazione delle persone.\",\"breadcrumb\":{\"@id\":\"https:\\\/\\\/safetykleeninternational.com\\\/it\\\/chi-siamo\\\/sostenibilita\\\/#breadcrumb\"},\"inLanguage\":\"it-IT\",\"potentialAction\":[{\"@type\":\"ReadAction\",\"target\":[\"https:\\\/\\\/safetykleeninternational.com\\\/it\\\/chi-siamo\\\/sostenibilita\\\/\"]}]},{\"@type\":\"ImageObject\",\"inLanguage\":\"it-IT\",\"@id\":\"https:\\\/\\\/safetykleeninternational.com\\\/it\\\/chi-siamo\\\/sostenibilita\\\/#primaryimage\",\"url\":\"https:\\\/\\\/safetykleeninternational.com\\\/wp-content\\\/uploads\\\/2025\\\/05\\\/Sustainability-Website-Mobile-Banner.png\",\"contentUrl\":\"https:\\\/\\\/safetykleeninternational.com\\\/wp-content\\\/uploads\\\/2025\\\/05\\\/Sustainability-Website-Mobile-Banner.png\",\"width\":1134,\"height\":1196},{\"@type\":\"BreadcrumbList\",\"@id\":\"https:\\\/\\\/safetykleeninternational.com\\\/it\\\/chi-siamo\\\/sostenibilita\\\/#breadcrumb\",\"itemListElement\":[{\"@type\":\"ListItem\",\"position\":1,\"name\":\"Chi Siamo\",\"item\":\"https:\\\/\\\/safetykleeninternational.com\\\/it\\\/chi-siamo\\\/\"},{\"@type\":\"ListItem\",\"position\":2,\"name\":\"Sostenibilit\u00e0\"}]},{\"@type\":\"WebSite\",\"@id\":\"https:\\\/\\\/safetykleeninternational.com\\\/it\\\/#website\",\"url\":\"https:\\\/\\\/safetykleeninternational.com\\\/it\\\/\",\"name\":\"Safetykleen\",\"description\":\"Parts Cleaning Services for Business &amp; Industry\",\"publisher\":{\"@id\":\"https:\\\/\\\/safetykleeninternational.com\\\/it\\\/#organization\"},\"potentialAction\":[{\"@type\":\"SearchAction\",\"target\":{\"@type\":\"EntryPoint\",\"urlTemplate\":\"https:\\\/\\\/safetykleeninternational.com\\\/it\\\/?s={search_term_string}\"},\"query-input\":{\"@type\":\"PropertyValueSpecification\",\"valueRequired\":true,\"valueName\":\"search_term_string\"}}],\"inLanguage\":\"it-IT\"},{\"@type\":\"Organization\",\"@id\":\"https:\\\/\\\/safetykleeninternational.com\\\/it\\\/#organization\",\"name\":\"Safetykleen\",\"url\":\"https:\\\/\\\/safetykleeninternational.com\\\/it\\\/\",\"logo\":{\"@type\":\"ImageObject\",\"inLanguage\":\"it-IT\",\"@id\":\"https:\\\/\\\/safetykleeninternational.com\\\/it\\\/#\\\/schema\\\/logo\\\/image\\\/\",\"url\":\"https:\\\/\\\/safetykleeninternational.com\\\/wp-content\\\/uploads\\\/2020\\\/12\\\/Screen-Shot-2020-12-15-at-09.13.37.png\",\"contentUrl\":\"https:\\\/\\\/safetykleeninternational.com\\\/wp-content\\\/uploads\\\/2020\\\/12\\\/Screen-Shot-2020-12-15-at-09.13.37.png\",\"width\":628,\"height\":280,\"caption\":\"Safetykleen\"},\"image\":{\"@id\":\"https:\\\/\\\/safetykleeninternational.com\\\/it\\\/#\\\/schema\\\/logo\\\/image\\\/\"},\"sameAs\":[\"https:\\\/\\\/x.com\\\/SafetykleenUK\",\"https:\\\/\\\/www.instagram.com\\\/safetykleeninternational\\\/\",\"https:\\\/\\\/www.linkedin.com\\\/company\\\/safetykleen\\\/\",\"https:\\\/\\\/www.youtube.com\\\/channel\\\/UCWA-lHlJu6XDHKtNszhebFA\"]}]}<\/script>\n<!-- \/ Yoast SEO plugin. -->","yoast_head_json":{"title":"Sostenibilit\u00e0 - Safetykleen","description":"La sostenibilit\u00e0 \u00e8 parte integrante di ogni attivit\u00e0: dalle macchine lavapezzi alla gestione dei rifiuti, fino alla formazione delle persone.","robots":{"index":"index","follow":"follow","max-snippet":"max-snippet:-1","max-image-preview":"max-image-preview:large","max-video-preview":"max-video-preview:-1"},"canonical":"https:\/\/safetykleeninternational.com\/it\/chi-siamo\/sostenibilita\/","og_locale":"it_IT","og_type":"article","og_title":"Sostenibilit\u00e0 - Safetykleen","og_description":"La sostenibilit\u00e0 \u00e8 parte integrante di ogni attivit\u00e0: dalle macchine lavapezzi alla gestione dei rifiuti, fino alla formazione delle persone.","og_url":"https:\/\/safetykleeninternational.com\/it\/chi-siamo\/sostenibilita\/","og_site_name":"Safetykleen","article_modified_time":"2026-02-04T16:49:26+00:00","og_image":[{"width":1134,"height":1196,"url":"https:\/\/safetykleeninternational.com\/wp-content\/uploads\/2025\/05\/Sustainability-Website-Mobile-Banner.png","type":"image\/png"}],"twitter_card":"summary_large_image","twitter_site":"@SafetykleenUK","twitter_misc":{"Tempo di lettura stimato":"6 minuti"},"schema":{"@context":"https:\/\/schema.org","@graph":[{"@type":["WebPage","AboutPage"],"@id":"https:\/\/safetykleeninternational.com\/it\/chi-siamo\/sostenibilita\/","url":"https:\/\/safetykleeninternational.com\/it\/chi-siamo\/sostenibilita\/","name":"Sostenibilit\u00e0 - Safetykleen","isPartOf":{"@id":"https:\/\/safetykleeninternational.com\/it\/#website"},"primaryImageOfPage":{"@id":"https:\/\/safetykleeninternational.com\/it\/chi-siamo\/sostenibilita\/#primaryimage"},"image":{"@id":"https:\/\/safetykleeninternational.com\/it\/chi-siamo\/sostenibilita\/#primaryimage"},"thumbnailUrl":"https:\/\/safetykleeninternational.com\/wp-content\/uploads\/2025\/05\/Sustainability-Website-Mobile-Banner.png","datePublished":"2025-03-26T14:17:51+00:00","dateModified":"2026-02-04T16:49:26+00:00","description":"La sostenibilit\u00e0 \u00e8 parte integrante di ogni attivit\u00e0: dalle macchine lavapezzi alla gestione dei rifiuti, fino alla formazione delle persone.","breadcrumb":{"@id":"https:\/\/safetykleeninternational.com\/it\/chi-siamo\/sostenibilita\/#breadcrumb"},"inLanguage":"it-IT","potentialAction":[{"@type":"ReadAction","target":["https:\/\/safetykleeninternational.com\/it\/chi-siamo\/sostenibilita\/"]}]},{"@type":"ImageObject","inLanguage":"it-IT","@id":"https:\/\/safetykleeninternational.com\/it\/chi-siamo\/sostenibilita\/#primaryimage","url":"https:\/\/safetykleeninternational.com\/wp-content\/uploads\/2025\/05\/Sustainability-Website-Mobile-Banner.png","contentUrl":"https:\/\/safetykleeninternational.com\/wp-content\/uploads\/2025\/05\/Sustainability-Website-Mobile-Banner.png","width":1134,"height":1196},{"@type":"BreadcrumbList","@id":"https:\/\/safetykleeninternational.com\/it\/chi-siamo\/sostenibilita\/#breadcrumb","itemListElement":[{"@type":"ListItem","position":1,"name":"Chi Siamo","item":"https:\/\/safetykleeninternational.com\/it\/chi-siamo\/"},{"@type":"ListItem","position":2,"name":"Sostenibilit\u00e0"}]},{"@type":"WebSite","@id":"https:\/\/safetykleeninternational.com\/it\/#website","url":"https:\/\/safetykleeninternational.com\/it\/","name":"Safetykleen","description":"Parts Cleaning Services for Business &amp; Industry","publisher":{"@id":"https:\/\/safetykleeninternational.com\/it\/#organization"},"potentialAction":[{"@type":"SearchAction","target":{"@type":"EntryPoint","urlTemplate":"https:\/\/safetykleeninternational.com\/it\/?s={search_term_string}"},"query-input":{"@type":"PropertyValueSpecification","valueRequired":true,"valueName":"search_term_string"}}],"inLanguage":"it-IT"},{"@type":"Organization","@id":"https:\/\/safetykleeninternational.com\/it\/#organization","name":"Safetykleen","url":"https:\/\/safetykleeninternational.com\/it\/","logo":{"@type":"ImageObject","inLanguage":"it-IT","@id":"https:\/\/safetykleeninternational.com\/it\/#\/schema\/logo\/image\/","url":"https:\/\/safetykleeninternational.com\/wp-content\/uploads\/2020\/12\/Screen-Shot-2020-12-15-at-09.13.37.png","contentUrl":"https:\/\/safetykleeninternational.com\/wp-content\/uploads\/2020\/12\/Screen-Shot-2020-12-15-at-09.13.37.png","width":628,"height":280,"caption":"Safetykleen"},"image":{"@id":"https:\/\/safetykleeninternational.com\/it\/#\/schema\/logo\/image\/"},"sameAs":["https:\/\/x.com\/SafetykleenUK","https:\/\/www.instagram.com\/safetykleeninternational\/","https:\/\/www.linkedin.com\/company\/safetykleen\/","https:\/\/www.youtube.com\/channel\/UCWA-lHlJu6XDHKtNszhebFA"]}]}},"_links":{"self":[{"href":"https:\/\/safetykleeninternational.com\/it\/wp-json\/wp\/v2\/pages\/32919","targetHints":{"allow":["GET"]}}],"collection":[{"href":"https:\/\/safetykleeninternational.com\/it\/wp-json\/wp\/v2\/pages"}],"about":[{"href":"https:\/\/safetykleeninternational.com\/it\/wp-json\/wp\/v2\/types\/page"}],"author":[{"embeddable":true,"href":"https:\/\/safetykleeninternational.com\/it\/wp-json\/wp\/v2\/users\/37"}],"replies":[{"embeddable":true,"href":"https:\/\/safetykleeninternational.com\/it\/wp-json\/wp\/v2\/comments?post=32919"}],"version-history":[{"count":0,"href":"https:\/\/safetykleeninternational.com\/it\/wp-json\/wp\/v2\/pages\/32919\/revisions"}],"up":[{"embeddable":true,"href":"https:\/\/safetykleeninternational.com\/it\/wp-json\/wp\/v2\/pages\/2001"}],"wp:featuredmedia":[{"embeddable":true,"href":"https:\/\/safetykleeninternational.com\/it\/wp-json\/wp\/v2\/media\/30871"}],"wp:attachment":[{"href":"https:\/\/safetykleeninternational.com\/it\/wp-json\/wp\/v2\/media?parent=32919"}],"wp:term":[{"taxonomy":"format","embeddable":true,"href":"https:\/\/safetykleeninternational.com\/it\/wp-json\/wp\/v2\/format?post=32919"},{"taxonomy":"funnel","embeddable":true,"href":"https:\/\/safetykleeninternational.com\/it\/wp-json\/wp\/v2\/funnel?post=32919"},{"taxonomy":"industry","embeddable":true,"href":"https:\/\/safetykleeninternational.com\/it\/wp-json\/wp\/v2\/industry?post=32919"},{"taxonomy":"pillar","embeddable":true,"href":"https:\/\/safetykleeninternational.com\/it\/wp-json\/wp\/v2\/pillar?post=32919"},{"taxonomy":"searchcategory","embeddable":true,"href":"https:\/\/safetykleeninternational.com\/it\/wp-json\/wp\/v2\/searchcategory?post=32919"}],"curies":[{"name":"wp","href":"https:\/\/api.w.org\/{rel}","templated":true}]}}