{"id":1830,"date":"2020-11-28T10:18:07","date_gmt":"2020-11-28T10:18:07","guid":{"rendered":"https:\/\/safetykleenstg.wpengine.com\/products\/parts-washers\/water-based\/manual\/jet100\/"},"modified":"2024-06-03T13:56:29","modified_gmt":"2024-06-03T13:56:29","slug":"jetkleen-s","status":"publish","type":"page","link":"https:\/\/safetykleeninternational.com\/it\/prodotti\/lavapezzi\/acqua\/manuale\/jetkleen-s\/","title":{"rendered":"Jetkleen S"},"content":{"rendered":"","protected":false},"excerpt":{"rendered":"","protected":false},"author":3,"featured_media":20259,"parent":1820,"menu_order":1,"comment_status":"closed","ping_status":"closed","template":"","format":[],"meta":{"_acf_changed":false,"footnotes":""},"funnel":[],"industry":[],"pillar":[],"searchcategory":[],"class_list":["post-1830","page","type-page","status-publish","has-post-thumbnail","hentry"],"acf":[],"yoast_head":"<!-- This site is optimized with the Yoast SEO plugin v27.3 - https:\/\/yoast.com\/product\/yoast-seo-wordpress\/ -->\n<title>Lavaggio rapido con Jetkleen S: Lavapezzi ad Alta Pressione<\/title>\n<meta name=\"description\" content=\"Lavapezzi Jetkleen S: compatta, potente e versatile. Due modalit\u00e0 d&#039;uso per flessibilit\u00e0 e sicurezza. Caratteristiche avanzate per un lavaggio pi\u00f9 efficace.\" \/>\n<meta name=\"robots\" content=\"index, follow, max-snippet:-1, max-image-preview:large, max-video-preview:-1\" \/>\n<link rel=\"canonical\" href=\"https:\/\/safetykleeninternational.com\/it\/prodotti\/lavapezzi\/acqua\/manuale\/jetkleen-s\/\" \/>\n<meta property=\"og:locale\" content=\"it_IT\" \/>\n<meta property=\"og:type\" content=\"article\" \/>\n<meta property=\"og:title\" content=\"Lavaggio rapido con Jetkleen S: Lavapezzi ad Alta Pressione\" \/>\n<meta property=\"og:description\" content=\"Lavapezzi Jetkleen S: compatta, potente e versatile. Due modalit\u00e0 d&#039;uso per flessibilit\u00e0 e sicurezza. Caratteristiche avanzate per un lavaggio pi\u00f9 efficace.\" \/>\n<meta property=\"og:url\" content=\"https:\/\/safetykleeninternational.com\/it\/prodotti\/lavapezzi\/acqua\/manuale\/jetkleen-s\/\" \/>\n<meta property=\"og:site_name\" content=\"Safetykleen\" \/>\n<meta property=\"article:modified_time\" content=\"2024-06-03T13:56:29+00:00\" \/>\n<meta property=\"og:image\" content=\"https:\/\/safetykleeninternational.com\/wp-content\/uploads\/2024\/05\/Preview-Jetkleen-S.png\" \/>\n\t<meta property=\"og:image:width\" content=\"1600\" \/>\n\t<meta property=\"og:image:height\" content=\"800\" \/>\n\t<meta property=\"og:image:type\" content=\"image\/png\" \/>\n<meta name=\"twitter:card\" content=\"summary_large_image\" \/>\n<meta name=\"twitter:site\" content=\"@SafetykleenUK\" \/>\n<meta name=\"twitter:label1\" content=\"Tempo di lettura stimato\" \/>\n\t<meta name=\"twitter:data1\" content=\"4 minuti\" \/>\n<script type=\"application\/ld+json\" class=\"yoast-schema-graph\">{\"@context\":\"https:\\\/\\\/schema.org\",\"@graph\":[{\"@type\":\"WebPage\",\"@id\":\"https:\\\/\\\/safetykleeninternational.com\\\/it\\\/prodotti\\\/lavapezzi\\\/acqua\\\/manuale\\\/jetkleen-s\\\/\",\"url\":\"https:\\\/\\\/safetykleeninternational.com\\\/it\\\/prodotti\\\/lavapezzi\\\/acqua\\\/manuale\\\/jetkleen-s\\\/\",\"name\":\"Lavaggio rapido con Jetkleen S: Lavapezzi ad Alta Pressione\",\"isPartOf\":{\"@id\":\"https:\\\/\\\/safetykleeninternational.com\\\/it\\\/#website\"},\"primaryImageOfPage\":{\"@id\":\"https:\\\/\\\/safetykleeninternational.com\\\/it\\\/prodotti\\\/lavapezzi\\\/acqua\\\/manuale\\\/jetkleen-s\\\/#primaryimage\"},\"image\":{\"@id\":\"https:\\\/\\\/safetykleeninternational.com\\\/it\\\/prodotti\\\/lavapezzi\\\/acqua\\\/manuale\\\/jetkleen-s\\\/#primaryimage\"},\"thumbnailUrl\":\"https:\\\/\\\/safetykleeninternational.com\\\/wp-content\\\/uploads\\\/2024\\\/05\\\/Preview-Jetkleen-S.png\",\"datePublished\":\"2020-11-28T10:18:07+00:00\",\"dateModified\":\"2024-06-03T13:56:29+00:00\",\"description\":\"Lavapezzi Jetkleen S: compatta, potente e versatile. Due modalit\u00e0 d'uso per flessibilit\u00e0 e sicurezza. Caratteristiche avanzate per un lavaggio pi\u00f9 efficace.\",\"breadcrumb\":{\"@id\":\"https:\\\/\\\/safetykleeninternational.com\\\/it\\\/prodotti\\\/lavapezzi\\\/acqua\\\/manuale\\\/jetkleen-s\\\/#breadcrumb\"},\"inLanguage\":\"it-IT\",\"potentialAction\":[{\"@type\":\"ReadAction\",\"target\":[\"https:\\\/\\\/safetykleeninternational.com\\\/it\\\/prodotti\\\/lavapezzi\\\/acqua\\\/manuale\\\/jetkleen-s\\\/\"]}]},{\"@type\":\"ImageObject\",\"inLanguage\":\"it-IT\",\"@id\":\"https:\\\/\\\/safetykleeninternational.com\\\/it\\\/prodotti\\\/lavapezzi\\\/acqua\\\/manuale\\\/jetkleen-s\\\/#primaryimage\",\"url\":\"https:\\\/\\\/safetykleeninternational.com\\\/wp-content\\\/uploads\\\/2024\\\/05\\\/Preview-Jetkleen-S.png\",\"contentUrl\":\"https:\\\/\\\/safetykleeninternational.com\\\/wp-content\\\/uploads\\\/2024\\\/05\\\/Preview-Jetkleen-S.png\",\"width\":1600,\"height\":800},{\"@type\":\"BreadcrumbList\",\"@id\":\"https:\\\/\\\/safetykleeninternational.com\\\/it\\\/prodotti\\\/lavapezzi\\\/acqua\\\/manuale\\\/jetkleen-s\\\/#breadcrumb\",\"itemListElement\":[{\"@type\":\"ListItem\",\"position\":1,\"name\":\"Prodotti\",\"item\":\"https:\\\/\\\/safetykleeninternational.com\\\/it\\\/prodotti\\\/\"},{\"@type\":\"ListItem\",\"position\":2,\"name\":\"Lavapezzi\",\"item\":\"https:\\\/\\\/safetykleeninternational.com\\\/it\\\/prodotti\\\/lavapezzi\\\/\"},{\"@type\":\"ListItem\",\"position\":3,\"name\":\"Lavapezzi a Base Acqua\",\"item\":\"https:\\\/\\\/safetykleeninternational.com\\\/it\\\/prodotti\\\/lavapezzi\\\/acqua\\\/\"},{\"@type\":\"ListItem\",\"position\":4,\"name\":\"Lavapezzi Manuali\",\"item\":\"https:\\\/\\\/safetykleeninternational.com\\\/it\\\/prodotti\\\/lavapezzi\\\/acqua\\\/manuale\\\/\"},{\"@type\":\"ListItem\",\"position\":5,\"name\":\"Jetkleen S\"}]},{\"@type\":\"WebSite\",\"@id\":\"https:\\\/\\\/safetykleeninternational.com\\\/it\\\/#website\",\"url\":\"https:\\\/\\\/safetykleeninternational.com\\\/it\\\/\",\"name\":\"Safetykleen\",\"description\":\"Parts Cleaning Services for Business &amp; Industry\",\"publisher\":{\"@id\":\"https:\\\/\\\/safetykleeninternational.com\\\/it\\\/#organization\"},\"potentialAction\":[{\"@type\":\"SearchAction\",\"target\":{\"@type\":\"EntryPoint\",\"urlTemplate\":\"https:\\\/\\\/safetykleeninternational.com\\\/it\\\/?s={search_term_string}\"},\"query-input\":{\"@type\":\"PropertyValueSpecification\",\"valueRequired\":true,\"valueName\":\"search_term_string\"}}],\"inLanguage\":\"it-IT\"},{\"@type\":\"Organization\",\"@id\":\"https:\\\/\\\/safetykleeninternational.com\\\/it\\\/#organization\",\"name\":\"Safetykleen\",\"url\":\"https:\\\/\\\/safetykleeninternational.com\\\/it\\\/\",\"logo\":{\"@type\":\"ImageObject\",\"inLanguage\":\"it-IT\",\"@id\":\"https:\\\/\\\/safetykleeninternational.com\\\/it\\\/#\\\/schema\\\/logo\\\/image\\\/\",\"url\":\"https:\\\/\\\/safetykleeninternational.com\\\/wp-content\\\/uploads\\\/2020\\\/12\\\/Screen-Shot-2020-12-15-at-09.13.37.png\",\"contentUrl\":\"https:\\\/\\\/safetykleeninternational.com\\\/wp-content\\\/uploads\\\/2020\\\/12\\\/Screen-Shot-2020-12-15-at-09.13.37.png\",\"width\":628,\"height\":280,\"caption\":\"Safetykleen\"},\"image\":{\"@id\":\"https:\\\/\\\/safetykleeninternational.com\\\/it\\\/#\\\/schema\\\/logo\\\/image\\\/\"},\"sameAs\":[\"https:\\\/\\\/x.com\\\/SafetykleenUK\",\"https:\\\/\\\/www.instagram.com\\\/safetykleeninternational\\\/\",\"https:\\\/\\\/www.linkedin.com\\\/company\\\/safetykleen\\\/\",\"https:\\\/\\\/www.youtube.com\\\/channel\\\/UCWA-lHlJu6XDHKtNszhebFA\"]}]}<\/script>\n<!-- \/ Yoast SEO plugin. -->","yoast_head_json":{"title":"Lavaggio rapido con Jetkleen S: Lavapezzi ad Alta Pressione","description":"Lavapezzi Jetkleen S: compatta, potente e versatile. Due modalit\u00e0 d'uso per flessibilit\u00e0 e sicurezza. Caratteristiche avanzate per un lavaggio pi\u00f9 efficace.","robots":{"index":"index","follow":"follow","max-snippet":"max-snippet:-1","max-image-preview":"max-image-preview:large","max-video-preview":"max-video-preview:-1"},"canonical":"https:\/\/safetykleeninternational.com\/it\/prodotti\/lavapezzi\/acqua\/manuale\/jetkleen-s\/","og_locale":"it_IT","og_type":"article","og_title":"Lavaggio rapido con Jetkleen S: Lavapezzi ad Alta Pressione","og_description":"Lavapezzi Jetkleen S: compatta, potente e versatile. Due modalit\u00e0 d'uso per flessibilit\u00e0 e sicurezza. Caratteristiche avanzate per un lavaggio pi\u00f9 efficace.","og_url":"https:\/\/safetykleeninternational.com\/it\/prodotti\/lavapezzi\/acqua\/manuale\/jetkleen-s\/","og_site_name":"Safetykleen","article_modified_time":"2024-06-03T13:56:29+00:00","og_image":[{"width":1600,"height":800,"url":"https:\/\/safetykleeninternational.com\/wp-content\/uploads\/2024\/05\/Preview-Jetkleen-S.png","type":"image\/png"}],"twitter_card":"summary_large_image","twitter_site":"@SafetykleenUK","twitter_misc":{"Tempo di lettura stimato":"4 minuti"},"schema":{"@context":"https:\/\/schema.org","@graph":[{"@type":"WebPage","@id":"https:\/\/safetykleeninternational.com\/it\/prodotti\/lavapezzi\/acqua\/manuale\/jetkleen-s\/","url":"https:\/\/safetykleeninternational.com\/it\/prodotti\/lavapezzi\/acqua\/manuale\/jetkleen-s\/","name":"Lavaggio rapido con Jetkleen S: Lavapezzi ad Alta Pressione","isPartOf":{"@id":"https:\/\/safetykleeninternational.com\/it\/#website"},"primaryImageOfPage":{"@id":"https:\/\/safetykleeninternational.com\/it\/prodotti\/lavapezzi\/acqua\/manuale\/jetkleen-s\/#primaryimage"},"image":{"@id":"https:\/\/safetykleeninternational.com\/it\/prodotti\/lavapezzi\/acqua\/manuale\/jetkleen-s\/#primaryimage"},"thumbnailUrl":"https:\/\/safetykleeninternational.com\/wp-content\/uploads\/2024\/05\/Preview-Jetkleen-S.png","datePublished":"2020-11-28T10:18:07+00:00","dateModified":"2024-06-03T13:56:29+00:00","description":"Lavapezzi Jetkleen S: compatta, potente e versatile. Due modalit\u00e0 d'uso per flessibilit\u00e0 e sicurezza. Caratteristiche avanzate per un lavaggio pi\u00f9 efficace.","breadcrumb":{"@id":"https:\/\/safetykleeninternational.com\/it\/prodotti\/lavapezzi\/acqua\/manuale\/jetkleen-s\/#breadcrumb"},"inLanguage":"it-IT","potentialAction":[{"@type":"ReadAction","target":["https:\/\/safetykleeninternational.com\/it\/prodotti\/lavapezzi\/acqua\/manuale\/jetkleen-s\/"]}]},{"@type":"ImageObject","inLanguage":"it-IT","@id":"https:\/\/safetykleeninternational.com\/it\/prodotti\/lavapezzi\/acqua\/manuale\/jetkleen-s\/#primaryimage","url":"https:\/\/safetykleeninternational.com\/wp-content\/uploads\/2024\/05\/Preview-Jetkleen-S.png","contentUrl":"https:\/\/safetykleeninternational.com\/wp-content\/uploads\/2024\/05\/Preview-Jetkleen-S.png","width":1600,"height":800},{"@type":"BreadcrumbList","@id":"https:\/\/safetykleeninternational.com\/it\/prodotti\/lavapezzi\/acqua\/manuale\/jetkleen-s\/#breadcrumb","itemListElement":[{"@type":"ListItem","position":1,"name":"Prodotti","item":"https:\/\/safetykleeninternational.com\/it\/prodotti\/"},{"@type":"ListItem","position":2,"name":"Lavapezzi","item":"https:\/\/safetykleeninternational.com\/it\/prodotti\/lavapezzi\/"},{"@type":"ListItem","position":3,"name":"Lavapezzi a Base Acqua","item":"https:\/\/safetykleeninternational.com\/it\/prodotti\/lavapezzi\/acqua\/"},{"@type":"ListItem","position":4,"name":"Lavapezzi Manuali","item":"https:\/\/safetykleeninternational.com\/it\/prodotti\/lavapezzi\/acqua\/manuale\/"},{"@type":"ListItem","position":5,"name":"Jetkleen S"}]},{"@type":"WebSite","@id":"https:\/\/safetykleeninternational.com\/it\/#website","url":"https:\/\/safetykleeninternational.com\/it\/","name":"Safetykleen","description":"Parts Cleaning Services for Business &amp; Industry","publisher":{"@id":"https:\/\/safetykleeninternational.com\/it\/#organization"},"potentialAction":[{"@type":"SearchAction","target":{"@type":"EntryPoint","urlTemplate":"https:\/\/safetykleeninternational.com\/it\/?s={search_term_string}"},"query-input":{"@type":"PropertyValueSpecification","valueRequired":true,"valueName":"search_term_string"}}],"inLanguage":"it-IT"},{"@type":"Organization","@id":"https:\/\/safetykleeninternational.com\/it\/#organization","name":"Safetykleen","url":"https:\/\/safetykleeninternational.com\/it\/","logo":{"@type":"ImageObject","inLanguage":"it-IT","@id":"https:\/\/safetykleeninternational.com\/it\/#\/schema\/logo\/image\/","url":"https:\/\/safetykleeninternational.com\/wp-content\/uploads\/2020\/12\/Screen-Shot-2020-12-15-at-09.13.37.png","contentUrl":"https:\/\/safetykleeninternational.com\/wp-content\/uploads\/2020\/12\/Screen-Shot-2020-12-15-at-09.13.37.png","width":628,"height":280,"caption":"Safetykleen"},"image":{"@id":"https:\/\/safetykleeninternational.com\/it\/#\/schema\/logo\/image\/"},"sameAs":["https:\/\/x.com\/SafetykleenUK","https:\/\/www.instagram.com\/safetykleeninternational\/","https:\/\/www.linkedin.com\/company\/safetykleen\/","https:\/\/www.youtube.com\/channel\/UCWA-lHlJu6XDHKtNszhebFA"]}]}},"_links":{"self":[{"href":"https:\/\/safetykleeninternational.com\/it\/wp-json\/wp\/v2\/pages\/1830","targetHints":{"allow":["GET"]}}],"collection":[{"href":"https:\/\/safetykleeninternational.com\/it\/wp-json\/wp\/v2\/pages"}],"about":[{"href":"https:\/\/safetykleeninternational.com\/it\/wp-json\/wp\/v2\/types\/page"}],"author":[{"embeddable":true,"href":"https:\/\/safetykleeninternational.com\/it\/wp-json\/wp\/v2\/users\/3"}],"replies":[{"embeddable":true,"href":"https:\/\/safetykleeninternational.com\/it\/wp-json\/wp\/v2\/comments?post=1830"}],"version-history":[{"count":0,"href":"https:\/\/safetykleeninternational.com\/it\/wp-json\/wp\/v2\/pages\/1830\/revisions"}],"up":[{"embeddable":true,"href":"https:\/\/safetykleeninternational.com\/it\/wp-json\/wp\/v2\/pages\/1820"}],"wp:featuredmedia":[{"embeddable":true,"href":"https:\/\/safetykleeninternational.com\/it\/wp-json\/wp\/v2\/media\/20259"}],"wp:attachment":[{"href":"https:\/\/safetykleeninternational.com\/it\/wp-json\/wp\/v2\/media?parent=1830"}],"wp:term":[{"taxonomy":"format","embeddable":true,"href":"https:\/\/safetykleeninternational.com\/it\/wp-json\/wp\/v2\/format?post=1830"},{"taxonomy":"funnel","embeddable":true,"href":"https:\/\/safetykleeninternational.com\/it\/wp-json\/wp\/v2\/funnel?post=1830"},{"taxonomy":"industry","embeddable":true,"href":"https:\/\/safetykleeninternational.com\/it\/wp-json\/wp\/v2\/industry?post=1830"},{"taxonomy":"pillar","embeddable":true,"href":"https:\/\/safetykleeninternational.com\/it\/wp-json\/wp\/v2\/pillar?post=1830"},{"taxonomy":"searchcategory","embeddable":true,"href":"https:\/\/safetykleeninternational.com\/it\/wp-json\/wp\/v2\/searchcategory?post=1830"}],"curies":[{"name":"wp","href":"https:\/\/api.w.org\/{rel}","templated":true}]}}