{"id":26497,"date":"2025-01-21T09:10:16","date_gmt":"2025-01-21T09:10:16","guid":{"rendered":"https:\/\/safetykleenstg.wpengine.com\/products\/parts-washers\/ultrasonic\/sonickleen-eco-2\/"},"modified":"2026-02-04T11:32:18","modified_gmt":"2026-02-04T11:32:18","slug":"sonickleen-eco","status":"publish","type":"page","link":"https:\/\/safetykleeninternational.com\/fr\/produits\/machines-nettoyage-pieces\/machines-nettoyage-ultrasons\/sonickleen-eco\/","title":{"rendered":"Sonickleen Eco&nbsp;: machine de nettoyage \u00e0 ultrasons"},"content":{"rendered":"","protected":false},"excerpt":{"rendered":"","protected":false},"author":19,"featured_media":26260,"parent":1862,"menu_order":2,"comment_status":"closed","ping_status":"closed","template":"","format":[],"meta":{"_acf_changed":false,"footnotes":""},"funnel":[],"industry":[],"pillar":[],"searchcategory":[],"class_list":["post-26497","page","type-page","status-publish","has-post-thumbnail","hentry"],"acf":[],"yoast_head":"<!-- This site is optimized with the Yoast SEO plugin v27.3 - https:\/\/yoast.com\/product\/yoast-seo-wordpress\/ -->\n<title>Sonickleen Eco : machine de nettoyage \u00e0 ultrasons - Safetykleen<\/title>\n<meta name=\"description\" content=\"Sonickleen Eco offre un nettoyage innovant par ultrasons pour les pi\u00e8ces complexes, garantissant l&#039;\u00e9limination rapide des salissures\" \/>\n<meta name=\"robots\" content=\"index, follow, max-snippet:-1, max-image-preview:large, max-video-preview:-1\" \/>\n<link rel=\"canonical\" href=\"https:\/\/safetykleeninternational.com\/fr\/produits\/machines-nettoyage-pieces\/machines-nettoyage-ultrasons\/sonickleen-eco\/\" \/>\n<meta property=\"og:locale\" content=\"fr_FR\" \/>\n<meta property=\"og:type\" content=\"article\" \/>\n<meta property=\"og:title\" content=\"Sonickleen Eco : machine de nettoyage \u00e0 ultrasons - Safetykleen\" \/>\n<meta property=\"og:description\" content=\"Sonickleen Eco offre un nettoyage innovant par ultrasons pour les pi\u00e8ces complexes, garantissant l&#039;\u00e9limination rapide des salissures\" \/>\n<meta property=\"og:url\" content=\"https:\/\/safetykleeninternational.com\/fr\/produits\/machines-nettoyage-pieces\/machines-nettoyage-ultrasons\/sonickleen-eco\/\" \/>\n<meta property=\"og:site_name\" content=\"Safetykleen\" \/>\n<meta property=\"article:modified_time\" content=\"2026-02-04T11:32:18+00:00\" \/>\n<meta property=\"og:image\" content=\"https:\/\/safetykleeninternational.com\/wp-content\/uploads\/2025\/01\/PID5124_sonickleen_eco_ESK300_left_open_shadow_1-1024x683.jpg\" \/>\n\t<meta property=\"og:image:width\" content=\"1024\" \/>\n\t<meta property=\"og:image:height\" content=\"683\" \/>\n\t<meta property=\"og:image:type\" content=\"image\/jpeg\" \/>\n<meta name=\"twitter:card\" content=\"summary_large_image\" \/>\n<meta name=\"twitter:site\" content=\"@SafetykleenUK\" \/>\n<meta name=\"twitter:label1\" content=\"Dur\u00e9e de lecture estim\u00e9e\" \/>\n\t<meta name=\"twitter:data1\" content=\"4 minutes\" \/>\n<script type=\"application\/ld+json\" class=\"yoast-schema-graph\">{\"@context\":\"https:\\\/\\\/schema.org\",\"@graph\":[{\"@type\":[\"WebPage\",\"ItemPage\"],\"@id\":\"https:\\\/\\\/safetykleeninternational.com\\\/fr\\\/produits\\\/machines-nettoyage-pieces\\\/machines-nettoyage-ultrasons\\\/sonickleen-eco\\\/\",\"url\":\"https:\\\/\\\/safetykleeninternational.com\\\/fr\\\/produits\\\/machines-nettoyage-pieces\\\/machines-nettoyage-ultrasons\\\/sonickleen-eco\\\/\",\"name\":\"Sonickleen Eco : machine de nettoyage \u00e0 ultrasons - Safetykleen\",\"isPartOf\":{\"@id\":\"https:\\\/\\\/safetykleeninternational.com\\\/fr\\\/#website\"},\"primaryImageOfPage\":{\"@id\":\"https:\\\/\\\/safetykleeninternational.com\\\/fr\\\/produits\\\/machines-nettoyage-pieces\\\/machines-nettoyage-ultrasons\\\/sonickleen-eco\\\/#primaryimage\"},\"image\":{\"@id\":\"https:\\\/\\\/safetykleeninternational.com\\\/fr\\\/produits\\\/machines-nettoyage-pieces\\\/machines-nettoyage-ultrasons\\\/sonickleen-eco\\\/#primaryimage\"},\"thumbnailUrl\":\"https:\\\/\\\/safetykleeninternational.com\\\/wp-content\\\/uploads\\\/2025\\\/01\\\/PID5124_sonickleen_eco_ESK300_left_open_shadow_1.jpg\",\"datePublished\":\"2025-01-21T09:10:16+00:00\",\"dateModified\":\"2026-02-04T11:32:18+00:00\",\"description\":\"Sonickleen Eco offre un nettoyage innovant par ultrasons pour les pi\u00e8ces complexes, garantissant l'\u00e9limination rapide des salissures\",\"breadcrumb\":{\"@id\":\"https:\\\/\\\/safetykleeninternational.com\\\/fr\\\/produits\\\/machines-nettoyage-pieces\\\/machines-nettoyage-ultrasons\\\/sonickleen-eco\\\/#breadcrumb\"},\"inLanguage\":\"fr-FR\",\"potentialAction\":[{\"@type\":\"ReadAction\",\"target\":[\"https:\\\/\\\/safetykleeninternational.com\\\/fr\\\/produits\\\/machines-nettoyage-pieces\\\/machines-nettoyage-ultrasons\\\/sonickleen-eco\\\/\"]}]},{\"@type\":\"ImageObject\",\"inLanguage\":\"fr-FR\",\"@id\":\"https:\\\/\\\/safetykleeninternational.com\\\/fr\\\/produits\\\/machines-nettoyage-pieces\\\/machines-nettoyage-ultrasons\\\/sonickleen-eco\\\/#primaryimage\",\"url\":\"https:\\\/\\\/safetykleeninternational.com\\\/wp-content\\\/uploads\\\/2025\\\/01\\\/PID5124_sonickleen_eco_ESK300_left_open_shadow_1.jpg\",\"contentUrl\":\"https:\\\/\\\/safetykleeninternational.com\\\/wp-content\\\/uploads\\\/2025\\\/01\\\/PID5124_sonickleen_eco_ESK300_left_open_shadow_1.jpg\",\"width\":7952,\"height\":5304,\"caption\":\"Sonickleen Eco\"},{\"@type\":\"BreadcrumbList\",\"@id\":\"https:\\\/\\\/safetykleeninternational.com\\\/fr\\\/produits\\\/machines-nettoyage-pieces\\\/machines-nettoyage-ultrasons\\\/sonickleen-eco\\\/#breadcrumb\",\"itemListElement\":[{\"@type\":\"ListItem\",\"position\":1,\"name\":\"Produits\",\"item\":\"https:\\\/\\\/safetykleeninternational.com\\\/fr\\\/products\\\/\"},{\"@type\":\"ListItem\",\"position\":2,\"name\":\"Machines de Nettoyage de Pi\u00e8ces Industrielles\",\"item\":\"https:\\\/\\\/safetykleeninternational.com\\\/fr\\\/products\\\/parts-washers\\\/\"},{\"@type\":\"ListItem\",\"position\":3,\"name\":\"Machines de Nettoyage \u00e0 Ultrasons\",\"item\":\"https:\\\/\\\/safetykleeninternational.com\\\/fr\\\/products\\\/parts-washers\\\/ultrasonic\\\/\"},{\"@type\":\"ListItem\",\"position\":4,\"name\":\"Sonickleen Eco&nbsp;: machine de nettoyage \u00e0 ultrasons\"}]},{\"@type\":\"WebSite\",\"@id\":\"https:\\\/\\\/safetykleeninternational.com\\\/fr\\\/#website\",\"url\":\"https:\\\/\\\/safetykleeninternational.com\\\/fr\\\/\",\"name\":\"Safetykleen\",\"description\":\"Parts Cleaning Services for Business &amp; Industry\",\"publisher\":{\"@id\":\"https:\\\/\\\/safetykleeninternational.com\\\/fr\\\/#organization\"},\"potentialAction\":[{\"@type\":\"SearchAction\",\"target\":{\"@type\":\"EntryPoint\",\"urlTemplate\":\"https:\\\/\\\/safetykleeninternational.com\\\/fr\\\/?s={search_term_string}\"},\"query-input\":{\"@type\":\"PropertyValueSpecification\",\"valueRequired\":true,\"valueName\":\"search_term_string\"}}],\"inLanguage\":\"fr-FR\"},{\"@type\":\"Organization\",\"@id\":\"https:\\\/\\\/safetykleeninternational.com\\\/fr\\\/#organization\",\"name\":\"Safetykleen\",\"url\":\"https:\\\/\\\/safetykleeninternational.com\\\/fr\\\/\",\"logo\":{\"@type\":\"ImageObject\",\"inLanguage\":\"fr-FR\",\"@id\":\"https:\\\/\\\/safetykleeninternational.com\\\/fr\\\/#\\\/schema\\\/logo\\\/image\\\/\",\"url\":\"https:\\\/\\\/safetykleeninternational.com\\\/wp-content\\\/uploads\\\/2020\\\/12\\\/Screen-Shot-2020-12-15-at-09.13.37.png\",\"contentUrl\":\"https:\\\/\\\/safetykleeninternational.com\\\/wp-content\\\/uploads\\\/2020\\\/12\\\/Screen-Shot-2020-12-15-at-09.13.37.png\",\"width\":628,\"height\":280,\"caption\":\"Safetykleen\"},\"image\":{\"@id\":\"https:\\\/\\\/safetykleeninternational.com\\\/fr\\\/#\\\/schema\\\/logo\\\/image\\\/\"},\"sameAs\":[\"https:\\\/\\\/x.com\\\/SafetykleenUK\",\"https:\\\/\\\/www.instagram.com\\\/safetykleeninternational\\\/\",\"https:\\\/\\\/www.linkedin.com\\\/company\\\/safetykleen\\\/\",\"https:\\\/\\\/www.youtube.com\\\/channel\\\/UCWA-lHlJu6XDHKtNszhebFA\"]}]}<\/script>\n<!-- \/ Yoast SEO plugin. -->","yoast_head_json":{"title":"Sonickleen Eco : machine de nettoyage \u00e0 ultrasons - Safetykleen","description":"Sonickleen Eco offre un nettoyage innovant par ultrasons pour les pi\u00e8ces complexes, garantissant l'\u00e9limination rapide des salissures","robots":{"index":"index","follow":"follow","max-snippet":"max-snippet:-1","max-image-preview":"max-image-preview:large","max-video-preview":"max-video-preview:-1"},"canonical":"https:\/\/safetykleeninternational.com\/fr\/produits\/machines-nettoyage-pieces\/machines-nettoyage-ultrasons\/sonickleen-eco\/","og_locale":"fr_FR","og_type":"article","og_title":"Sonickleen Eco : machine de nettoyage \u00e0 ultrasons - Safetykleen","og_description":"Sonickleen Eco offre un nettoyage innovant par ultrasons pour les pi\u00e8ces complexes, garantissant l'\u00e9limination rapide des salissures","og_url":"https:\/\/safetykleeninternational.com\/fr\/produits\/machines-nettoyage-pieces\/machines-nettoyage-ultrasons\/sonickleen-eco\/","og_site_name":"Safetykleen","article_modified_time":"2026-02-04T11:32:18+00:00","og_image":[{"width":1024,"height":683,"url":"https:\/\/safetykleeninternational.com\/wp-content\/uploads\/2025\/01\/PID5124_sonickleen_eco_ESK300_left_open_shadow_1-1024x683.jpg","type":"image\/jpeg"}],"twitter_card":"summary_large_image","twitter_site":"@SafetykleenUK","twitter_misc":{"Dur\u00e9e de lecture estim\u00e9e":"4 minutes"},"schema":{"@context":"https:\/\/schema.org","@graph":[{"@type":["WebPage","ItemPage"],"@id":"https:\/\/safetykleeninternational.com\/fr\/produits\/machines-nettoyage-pieces\/machines-nettoyage-ultrasons\/sonickleen-eco\/","url":"https:\/\/safetykleeninternational.com\/fr\/produits\/machines-nettoyage-pieces\/machines-nettoyage-ultrasons\/sonickleen-eco\/","name":"Sonickleen Eco : machine de nettoyage \u00e0 ultrasons - Safetykleen","isPartOf":{"@id":"https:\/\/safetykleeninternational.com\/fr\/#website"},"primaryImageOfPage":{"@id":"https:\/\/safetykleeninternational.com\/fr\/produits\/machines-nettoyage-pieces\/machines-nettoyage-ultrasons\/sonickleen-eco\/#primaryimage"},"image":{"@id":"https:\/\/safetykleeninternational.com\/fr\/produits\/machines-nettoyage-pieces\/machines-nettoyage-ultrasons\/sonickleen-eco\/#primaryimage"},"thumbnailUrl":"https:\/\/safetykleeninternational.com\/wp-content\/uploads\/2025\/01\/PID5124_sonickleen_eco_ESK300_left_open_shadow_1.jpg","datePublished":"2025-01-21T09:10:16+00:00","dateModified":"2026-02-04T11:32:18+00:00","description":"Sonickleen Eco offre un nettoyage innovant par ultrasons pour les pi\u00e8ces complexes, garantissant l'\u00e9limination rapide des salissures","breadcrumb":{"@id":"https:\/\/safetykleeninternational.com\/fr\/produits\/machines-nettoyage-pieces\/machines-nettoyage-ultrasons\/sonickleen-eco\/#breadcrumb"},"inLanguage":"fr-FR","potentialAction":[{"@type":"ReadAction","target":["https:\/\/safetykleeninternational.com\/fr\/produits\/machines-nettoyage-pieces\/machines-nettoyage-ultrasons\/sonickleen-eco\/"]}]},{"@type":"ImageObject","inLanguage":"fr-FR","@id":"https:\/\/safetykleeninternational.com\/fr\/produits\/machines-nettoyage-pieces\/machines-nettoyage-ultrasons\/sonickleen-eco\/#primaryimage","url":"https:\/\/safetykleeninternational.com\/wp-content\/uploads\/2025\/01\/PID5124_sonickleen_eco_ESK300_left_open_shadow_1.jpg","contentUrl":"https:\/\/safetykleeninternational.com\/wp-content\/uploads\/2025\/01\/PID5124_sonickleen_eco_ESK300_left_open_shadow_1.jpg","width":7952,"height":5304,"caption":"Sonickleen Eco"},{"@type":"BreadcrumbList","@id":"https:\/\/safetykleeninternational.com\/fr\/produits\/machines-nettoyage-pieces\/machines-nettoyage-ultrasons\/sonickleen-eco\/#breadcrumb","itemListElement":[{"@type":"ListItem","position":1,"name":"Produits","item":"https:\/\/safetykleeninternational.com\/fr\/products\/"},{"@type":"ListItem","position":2,"name":"Machines de Nettoyage de Pi\u00e8ces Industrielles","item":"https:\/\/safetykleeninternational.com\/fr\/products\/parts-washers\/"},{"@type":"ListItem","position":3,"name":"Machines de Nettoyage \u00e0 Ultrasons","item":"https:\/\/safetykleeninternational.com\/fr\/products\/parts-washers\/ultrasonic\/"},{"@type":"ListItem","position":4,"name":"Sonickleen Eco&nbsp;: machine de nettoyage \u00e0 ultrasons"}]},{"@type":"WebSite","@id":"https:\/\/safetykleeninternational.com\/fr\/#website","url":"https:\/\/safetykleeninternational.com\/fr\/","name":"Safetykleen","description":"Parts Cleaning Services for Business &amp; Industry","publisher":{"@id":"https:\/\/safetykleeninternational.com\/fr\/#organization"},"potentialAction":[{"@type":"SearchAction","target":{"@type":"EntryPoint","urlTemplate":"https:\/\/safetykleeninternational.com\/fr\/?s={search_term_string}"},"query-input":{"@type":"PropertyValueSpecification","valueRequired":true,"valueName":"search_term_string"}}],"inLanguage":"fr-FR"},{"@type":"Organization","@id":"https:\/\/safetykleeninternational.com\/fr\/#organization","name":"Safetykleen","url":"https:\/\/safetykleeninternational.com\/fr\/","logo":{"@type":"ImageObject","inLanguage":"fr-FR","@id":"https:\/\/safetykleeninternational.com\/fr\/#\/schema\/logo\/image\/","url":"https:\/\/safetykleeninternational.com\/wp-content\/uploads\/2020\/12\/Screen-Shot-2020-12-15-at-09.13.37.png","contentUrl":"https:\/\/safetykleeninternational.com\/wp-content\/uploads\/2020\/12\/Screen-Shot-2020-12-15-at-09.13.37.png","width":628,"height":280,"caption":"Safetykleen"},"image":{"@id":"https:\/\/safetykleeninternational.com\/fr\/#\/schema\/logo\/image\/"},"sameAs":["https:\/\/x.com\/SafetykleenUK","https:\/\/www.instagram.com\/safetykleeninternational\/","https:\/\/www.linkedin.com\/company\/safetykleen\/","https:\/\/www.youtube.com\/channel\/UCWA-lHlJu6XDHKtNszhebFA"]}]}},"_links":{"self":[{"href":"https:\/\/safetykleeninternational.com\/fr\/wp-json\/wp\/v2\/pages\/26497","targetHints":{"allow":["GET"]}}],"collection":[{"href":"https:\/\/safetykleeninternational.com\/fr\/wp-json\/wp\/v2\/pages"}],"about":[{"href":"https:\/\/safetykleeninternational.com\/fr\/wp-json\/wp\/v2\/types\/page"}],"author":[{"embeddable":true,"href":"https:\/\/safetykleeninternational.com\/fr\/wp-json\/wp\/v2\/users\/19"}],"replies":[{"embeddable":true,"href":"https:\/\/safetykleeninternational.com\/fr\/wp-json\/wp\/v2\/comments?post=26497"}],"version-history":[{"count":0,"href":"https:\/\/safetykleeninternational.com\/fr\/wp-json\/wp\/v2\/pages\/26497\/revisions"}],"up":[{"embeddable":true,"href":"https:\/\/safetykleeninternational.com\/fr\/wp-json\/wp\/v2\/pages\/1862"}],"wp:featuredmedia":[{"embeddable":true,"href":"https:\/\/safetykleeninternational.com\/fr\/wp-json\/wp\/v2\/media\/26260"}],"wp:attachment":[{"href":"https:\/\/safetykleeninternational.com\/fr\/wp-json\/wp\/v2\/media?parent=26497"}],"wp:term":[{"taxonomy":"format","embeddable":true,"href":"https:\/\/safetykleeninternational.com\/fr\/wp-json\/wp\/v2\/format?post=26497"},{"taxonomy":"funnel","embeddable":true,"href":"https:\/\/safetykleeninternational.com\/fr\/wp-json\/wp\/v2\/funnel?post=26497"},{"taxonomy":"industry","embeddable":true,"href":"https:\/\/safetykleeninternational.com\/fr\/wp-json\/wp\/v2\/industry?post=26497"},{"taxonomy":"pillar","embeddable":true,"href":"https:\/\/safetykleeninternational.com\/fr\/wp-json\/wp\/v2\/pillar?post=26497"},{"taxonomy":"searchcategory","embeddable":true,"href":"https:\/\/safetykleeninternational.com\/fr\/wp-json\/wp\/v2\/searchcategory?post=26497"}],"curies":[{"name":"wp","href":"https:\/\/api.w.org\/{rel}","templated":true}]}}