{"id":1974,"date":"2020-11-26T13:55:27","date_gmt":"2020-11-26T13:55:27","guid":{"rendered":"https:\/\/safetykleenstg.wpengine.com\/industries\/general-industry\/"},"modified":"2024-04-18T10:59:55","modified_gmt":"2024-04-18T10:59:55","slug":"industrie-generale","status":"publish","type":"page","link":"https:\/\/safetykleeninternational.com\/fr\/industries\/industrie-generale\/","title":{"rendered":"Industrie G\u00e9n\u00e9rale"},"content":{"rendered":"","protected":false},"excerpt":{"rendered":"","protected":false},"author":3,"featured_media":6968,"parent":1940,"menu_order":5,"comment_status":"closed","ping_status":"closed","template":"","format":[],"meta":{"_acf_changed":false,"footnotes":""},"funnel":[],"industry":[],"pillar":[],"searchcategory":[],"class_list":["post-1974","page","type-page","status-publish","has-post-thumbnail","hentry"],"acf":[],"yoast_head":"<!-- This site is optimized with the Yoast SEO plugin v27.3 - https:\/\/yoast.com\/product\/yoast-seo-wordpress\/ -->\n<title>Nettoyage de pi\u00e8ces de l&#039;Industrie G\u00e9n\u00e9rale - Safetykleen France<\/title>\n<meta name=\"description\" content=\"Notre expertise de nettoyage des pi\u00e8ces r\u00e9pond aux exigences de l\u2019industrie g\u00e9n\u00e9rale en termes de productivit\u00e9, de qualit\u00e9 et de conformit\u00e9.\" \/>\n<meta name=\"robots\" content=\"index, follow, max-snippet:-1, max-image-preview:large, max-video-preview:-1\" \/>\n<link rel=\"canonical\" href=\"https:\/\/safetykleeninternational.com\/fr\/industries\/industrie-generale\/\" \/>\n<meta property=\"og:locale\" content=\"fr_FR\" \/>\n<meta property=\"og:type\" content=\"article\" \/>\n<meta property=\"og:title\" content=\"Nettoyage de pi\u00e8ces de l&#039;Industrie G\u00e9n\u00e9rale - Safetykleen France\" \/>\n<meta property=\"og:description\" content=\"Notre expertise de nettoyage des pi\u00e8ces r\u00e9pond aux exigences de l\u2019industrie g\u00e9n\u00e9rale en termes de productivit\u00e9, de qualit\u00e9 et de conformit\u00e9.\" \/>\n<meta property=\"og:url\" content=\"https:\/\/safetykleeninternational.com\/fr\/industries\/industrie-generale\/\" \/>\n<meta property=\"og:site_name\" content=\"Safetykleen\" \/>\n<meta property=\"article:modified_time\" content=\"2024-04-18T10:59:55+00:00\" \/>\n<meta property=\"og:image\" content=\"https:\/\/safetykleeninternational.com\/wp-content\/uploads\/2020\/12\/General-Industry-scaled.jpg\" \/>\n\t<meta property=\"og:image:width\" content=\"2560\" \/>\n\t<meta property=\"og:image:height\" content=\"1707\" \/>\n\t<meta property=\"og:image:type\" content=\"image\/jpeg\" \/>\n<meta name=\"twitter:card\" content=\"summary_large_image\" \/>\n<meta name=\"twitter:site\" content=\"@SafetykleenUK\" \/>\n<meta name=\"twitter:label1\" content=\"Dur\u00e9e de lecture estim\u00e9e\" \/>\n\t<meta name=\"twitter:data1\" content=\"4 minutes\" \/>\n<script type=\"application\/ld+json\" class=\"yoast-schema-graph\">{\"@context\":\"https:\\\/\\\/schema.org\",\"@graph\":[{\"@type\":\"WebPage\",\"@id\":\"https:\\\/\\\/safetykleeninternational.com\\\/fr\\\/industries\\\/industrie-generale\\\/\",\"url\":\"https:\\\/\\\/safetykleeninternational.com\\\/fr\\\/industries\\\/industrie-generale\\\/\",\"name\":\"Nettoyage de pi\u00e8ces de l'Industrie G\u00e9n\u00e9rale - Safetykleen France\",\"isPartOf\":{\"@id\":\"https:\\\/\\\/safetykleeninternational.com\\\/fr\\\/#website\"},\"primaryImageOfPage\":{\"@id\":\"https:\\\/\\\/safetykleeninternational.com\\\/fr\\\/industries\\\/industrie-generale\\\/#primaryimage\"},\"image\":{\"@id\":\"https:\\\/\\\/safetykleeninternational.com\\\/fr\\\/industries\\\/industrie-generale\\\/#primaryimage\"},\"thumbnailUrl\":\"https:\\\/\\\/safetykleeninternational.com\\\/wp-content\\\/uploads\\\/2020\\\/12\\\/General-Industry-scaled.jpg\",\"datePublished\":\"2020-11-26T13:55:27+00:00\",\"dateModified\":\"2024-04-18T10:59:55+00:00\",\"description\":\"Notre expertise de nettoyage des pi\u00e8ces r\u00e9pond aux exigences de l\u2019industrie g\u00e9n\u00e9rale en termes de productivit\u00e9, de qualit\u00e9 et de conformit\u00e9.\",\"breadcrumb\":{\"@id\":\"https:\\\/\\\/safetykleeninternational.com\\\/fr\\\/industries\\\/industrie-generale\\\/#breadcrumb\"},\"inLanguage\":\"fr-FR\",\"potentialAction\":[{\"@type\":\"ReadAction\",\"target\":[\"https:\\\/\\\/safetykleeninternational.com\\\/fr\\\/industries\\\/industrie-generale\\\/\"]}]},{\"@type\":\"ImageObject\",\"inLanguage\":\"fr-FR\",\"@id\":\"https:\\\/\\\/safetykleeninternational.com\\\/fr\\\/industries\\\/industrie-generale\\\/#primaryimage\",\"url\":\"https:\\\/\\\/safetykleeninternational.com\\\/wp-content\\\/uploads\\\/2020\\\/12\\\/General-Industry-scaled.jpg\",\"contentUrl\":\"https:\\\/\\\/safetykleeninternational.com\\\/wp-content\\\/uploads\\\/2020\\\/12\\\/General-Industry-scaled.jpg\",\"width\":2560,\"height\":1707,\"caption\":\"Senior factory worker. Shadow DOF. Developed from RAW; retouched with special care and attention; Small amount of grain added for best final impression. 16 bit Adobe RGB color profile.\"},{\"@type\":\"BreadcrumbList\",\"@id\":\"https:\\\/\\\/safetykleeninternational.com\\\/fr\\\/industries\\\/industrie-generale\\\/#breadcrumb\",\"itemListElement\":[{\"@type\":\"ListItem\",\"position\":1,\"name\":\"Industries\",\"item\":\"https:\\\/\\\/safetykleeninternational.com\\\/fr\\\/industries\\\/\"},{\"@type\":\"ListItem\",\"position\":2,\"name\":\"Industrie G\u00e9n\u00e9rale\"}]},{\"@type\":\"WebSite\",\"@id\":\"https:\\\/\\\/safetykleeninternational.com\\\/fr\\\/#website\",\"url\":\"https:\\\/\\\/safetykleeninternational.com\\\/fr\\\/\",\"name\":\"Safetykleen\",\"description\":\"Parts Cleaning Services for Business &amp; Industry\",\"publisher\":{\"@id\":\"https:\\\/\\\/safetykleeninternational.com\\\/fr\\\/#organization\"},\"potentialAction\":[{\"@type\":\"SearchAction\",\"target\":{\"@type\":\"EntryPoint\",\"urlTemplate\":\"https:\\\/\\\/safetykleeninternational.com\\\/fr\\\/?s={search_term_string}\"},\"query-input\":{\"@type\":\"PropertyValueSpecification\",\"valueRequired\":true,\"valueName\":\"search_term_string\"}}],\"inLanguage\":\"fr-FR\"},{\"@type\":\"Organization\",\"@id\":\"https:\\\/\\\/safetykleeninternational.com\\\/fr\\\/#organization\",\"name\":\"Safetykleen\",\"url\":\"https:\\\/\\\/safetykleeninternational.com\\\/fr\\\/\",\"logo\":{\"@type\":\"ImageObject\",\"inLanguage\":\"fr-FR\",\"@id\":\"https:\\\/\\\/safetykleeninternational.com\\\/fr\\\/#\\\/schema\\\/logo\\\/image\\\/\",\"url\":\"https:\\\/\\\/safetykleeninternational.com\\\/wp-content\\\/uploads\\\/2020\\\/12\\\/Screen-Shot-2020-12-15-at-09.13.37.png\",\"contentUrl\":\"https:\\\/\\\/safetykleeninternational.com\\\/wp-content\\\/uploads\\\/2020\\\/12\\\/Screen-Shot-2020-12-15-at-09.13.37.png\",\"width\":628,\"height\":280,\"caption\":\"Safetykleen\"},\"image\":{\"@id\":\"https:\\\/\\\/safetykleeninternational.com\\\/fr\\\/#\\\/schema\\\/logo\\\/image\\\/\"},\"sameAs\":[\"https:\\\/\\\/x.com\\\/SafetykleenUK\",\"https:\\\/\\\/www.instagram.com\\\/safetykleeninternational\\\/\",\"https:\\\/\\\/www.linkedin.com\\\/company\\\/safetykleen\\\/\",\"https:\\\/\\\/www.youtube.com\\\/channel\\\/UCWA-lHlJu6XDHKtNszhebFA\"]}]}<\/script>\n<!-- \/ Yoast SEO plugin. -->","yoast_head_json":{"title":"Nettoyage de pi\u00e8ces de l'Industrie G\u00e9n\u00e9rale - Safetykleen France","description":"Notre expertise de nettoyage des pi\u00e8ces r\u00e9pond aux exigences de l\u2019industrie g\u00e9n\u00e9rale en termes de productivit\u00e9, de qualit\u00e9 et de conformit\u00e9.","robots":{"index":"index","follow":"follow","max-snippet":"max-snippet:-1","max-image-preview":"max-image-preview:large","max-video-preview":"max-video-preview:-1"},"canonical":"https:\/\/safetykleeninternational.com\/fr\/industries\/industrie-generale\/","og_locale":"fr_FR","og_type":"article","og_title":"Nettoyage de pi\u00e8ces de l'Industrie G\u00e9n\u00e9rale - Safetykleen France","og_description":"Notre expertise de nettoyage des pi\u00e8ces r\u00e9pond aux exigences de l\u2019industrie g\u00e9n\u00e9rale en termes de productivit\u00e9, de qualit\u00e9 et de conformit\u00e9.","og_url":"https:\/\/safetykleeninternational.com\/fr\/industries\/industrie-generale\/","og_site_name":"Safetykleen","article_modified_time":"2024-04-18T10:59:55+00:00","og_image":[{"width":2560,"height":1707,"url":"https:\/\/safetykleeninternational.com\/wp-content\/uploads\/2020\/12\/General-Industry-scaled.jpg","type":"image\/jpeg"}],"twitter_card":"summary_large_image","twitter_site":"@SafetykleenUK","twitter_misc":{"Dur\u00e9e de lecture estim\u00e9e":"4 minutes"},"schema":{"@context":"https:\/\/schema.org","@graph":[{"@type":"WebPage","@id":"https:\/\/safetykleeninternational.com\/fr\/industries\/industrie-generale\/","url":"https:\/\/safetykleeninternational.com\/fr\/industries\/industrie-generale\/","name":"Nettoyage de pi\u00e8ces de l'Industrie G\u00e9n\u00e9rale - Safetykleen France","isPartOf":{"@id":"https:\/\/safetykleeninternational.com\/fr\/#website"},"primaryImageOfPage":{"@id":"https:\/\/safetykleeninternational.com\/fr\/industries\/industrie-generale\/#primaryimage"},"image":{"@id":"https:\/\/safetykleeninternational.com\/fr\/industries\/industrie-generale\/#primaryimage"},"thumbnailUrl":"https:\/\/safetykleeninternational.com\/wp-content\/uploads\/2020\/12\/General-Industry-scaled.jpg","datePublished":"2020-11-26T13:55:27+00:00","dateModified":"2024-04-18T10:59:55+00:00","description":"Notre expertise de nettoyage des pi\u00e8ces r\u00e9pond aux exigences de l\u2019industrie g\u00e9n\u00e9rale en termes de productivit\u00e9, de qualit\u00e9 et de conformit\u00e9.","breadcrumb":{"@id":"https:\/\/safetykleeninternational.com\/fr\/industries\/industrie-generale\/#breadcrumb"},"inLanguage":"fr-FR","potentialAction":[{"@type":"ReadAction","target":["https:\/\/safetykleeninternational.com\/fr\/industries\/industrie-generale\/"]}]},{"@type":"ImageObject","inLanguage":"fr-FR","@id":"https:\/\/safetykleeninternational.com\/fr\/industries\/industrie-generale\/#primaryimage","url":"https:\/\/safetykleeninternational.com\/wp-content\/uploads\/2020\/12\/General-Industry-scaled.jpg","contentUrl":"https:\/\/safetykleeninternational.com\/wp-content\/uploads\/2020\/12\/General-Industry-scaled.jpg","width":2560,"height":1707,"caption":"Senior factory worker. Shadow DOF. Developed from RAW; retouched with special care and attention; Small amount of grain added for best final impression. 16 bit Adobe RGB color profile."},{"@type":"BreadcrumbList","@id":"https:\/\/safetykleeninternational.com\/fr\/industries\/industrie-generale\/#breadcrumb","itemListElement":[{"@type":"ListItem","position":1,"name":"Industries","item":"https:\/\/safetykleeninternational.com\/fr\/industries\/"},{"@type":"ListItem","position":2,"name":"Industrie G\u00e9n\u00e9rale"}]},{"@type":"WebSite","@id":"https:\/\/safetykleeninternational.com\/fr\/#website","url":"https:\/\/safetykleeninternational.com\/fr\/","name":"Safetykleen","description":"Parts Cleaning Services for Business &amp; Industry","publisher":{"@id":"https:\/\/safetykleeninternational.com\/fr\/#organization"},"potentialAction":[{"@type":"SearchAction","target":{"@type":"EntryPoint","urlTemplate":"https:\/\/safetykleeninternational.com\/fr\/?s={search_term_string}"},"query-input":{"@type":"PropertyValueSpecification","valueRequired":true,"valueName":"search_term_string"}}],"inLanguage":"fr-FR"},{"@type":"Organization","@id":"https:\/\/safetykleeninternational.com\/fr\/#organization","name":"Safetykleen","url":"https:\/\/safetykleeninternational.com\/fr\/","logo":{"@type":"ImageObject","inLanguage":"fr-FR","@id":"https:\/\/safetykleeninternational.com\/fr\/#\/schema\/logo\/image\/","url":"https:\/\/safetykleeninternational.com\/wp-content\/uploads\/2020\/12\/Screen-Shot-2020-12-15-at-09.13.37.png","contentUrl":"https:\/\/safetykleeninternational.com\/wp-content\/uploads\/2020\/12\/Screen-Shot-2020-12-15-at-09.13.37.png","width":628,"height":280,"caption":"Safetykleen"},"image":{"@id":"https:\/\/safetykleeninternational.com\/fr\/#\/schema\/logo\/image\/"},"sameAs":["https:\/\/x.com\/SafetykleenUK","https:\/\/www.instagram.com\/safetykleeninternational\/","https:\/\/www.linkedin.com\/company\/safetykleen\/","https:\/\/www.youtube.com\/channel\/UCWA-lHlJu6XDHKtNszhebFA"]}]}},"_links":{"self":[{"href":"https:\/\/safetykleeninternational.com\/fr\/wp-json\/wp\/v2\/pages\/1974","targetHints":{"allow":["GET"]}}],"collection":[{"href":"https:\/\/safetykleeninternational.com\/fr\/wp-json\/wp\/v2\/pages"}],"about":[{"href":"https:\/\/safetykleeninternational.com\/fr\/wp-json\/wp\/v2\/types\/page"}],"author":[{"embeddable":true,"href":"https:\/\/safetykleeninternational.com\/fr\/wp-json\/wp\/v2\/users\/3"}],"replies":[{"embeddable":true,"href":"https:\/\/safetykleeninternational.com\/fr\/wp-json\/wp\/v2\/comments?post=1974"}],"version-history":[{"count":0,"href":"https:\/\/safetykleeninternational.com\/fr\/wp-json\/wp\/v2\/pages\/1974\/revisions"}],"up":[{"embeddable":true,"href":"https:\/\/safetykleeninternational.com\/fr\/wp-json\/wp\/v2\/pages\/1940"}],"wp:featuredmedia":[{"embeddable":true,"href":"https:\/\/safetykleeninternational.com\/fr\/wp-json\/wp\/v2\/media\/6968"}],"wp:attachment":[{"href":"https:\/\/safetykleeninternational.com\/fr\/wp-json\/wp\/v2\/media?parent=1974"}],"wp:term":[{"taxonomy":"format","embeddable":true,"href":"https:\/\/safetykleeninternational.com\/fr\/wp-json\/wp\/v2\/format?post=1974"},{"taxonomy":"funnel","embeddable":true,"href":"https:\/\/safetykleeninternational.com\/fr\/wp-json\/wp\/v2\/funnel?post=1974"},{"taxonomy":"industry","embeddable":true,"href":"https:\/\/safetykleeninternational.com\/fr\/wp-json\/wp\/v2\/industry?post=1974"},{"taxonomy":"pillar","embeddable":true,"href":"https:\/\/safetykleeninternational.com\/fr\/wp-json\/wp\/v2\/pillar?post=1974"},{"taxonomy":"searchcategory","embeddable":true,"href":"https:\/\/safetykleeninternational.com\/fr\/wp-json\/wp\/v2\/searchcategory?post=1974"}],"curies":[{"name":"wp","href":"https:\/\/api.w.org\/{rel}","templated":true}]}}