{"id":1940,"date":"2020-11-12T09:10:20","date_gmt":"2020-11-12T09:10:20","guid":{"rendered":"https:\/\/safetykleenstg.wpengine.com\/industries\/"},"modified":"2025-09-05T09:30:02","modified_gmt":"2025-09-05T09:30:02","slug":"industries","status":"publish","type":"page","link":"https:\/\/safetykleeninternational.com\/fr\/industries\/","title":{"rendered":"Industries"},"content":{"rendered":"","protected":false},"excerpt":{"rendered":"","protected":false},"author":2,"featured_media":0,"parent":0,"menu_order":12,"comment_status":"closed","ping_status":"closed","template":"","format":[],"meta":{"_acf_changed":false,"footnotes":""},"funnel":[],"industry":[],"pillar":[],"searchcategory":[],"class_list":["post-1940","page","type-page","status-publish","hentry"],"acf":[],"yoast_head":"<!-- This site is optimized with the Yoast SEO plugin v27.3 - https:\/\/yoast.com\/product\/yoast-seo-wordpress\/ -->\n<title>Industries - Safetykleen France<\/title>\n<meta name=\"description\" content=\"Notre expertise de pr\u00e8s de 50 ans et notre large gamme de solutions de nettoyage nous permettent de r\u00e9pondre \u00e0 tous les secteurs industriels.\" \/>\n<meta name=\"robots\" content=\"index, follow, max-snippet:-1, max-image-preview:large, max-video-preview:-1\" \/>\n<link rel=\"canonical\" href=\"https:\/\/safetykleeninternational.com\/fr\/industries\/\" \/>\n<meta property=\"og:locale\" content=\"fr_FR\" \/>\n<meta property=\"og:type\" content=\"article\" \/>\n<meta property=\"og:title\" content=\"Industries - Safetykleen France\" \/>\n<meta property=\"og:description\" content=\"Notre expertise de pr\u00e8s de 50 ans et notre large gamme de solutions de nettoyage nous permettent de r\u00e9pondre \u00e0 tous les secteurs industriels.\" \/>\n<meta property=\"og:url\" content=\"https:\/\/safetykleeninternational.com\/fr\/industries\/\" \/>\n<meta property=\"og:site_name\" content=\"Safetykleen\" \/>\n<meta property=\"article:modified_time\" content=\"2025-09-05T09:30:02+00:00\" \/>\n<meta property=\"og:image\" content=\"https:\/\/safetykleeninternational.com\/wp-content\/uploads\/2020\/12\/facebook-share-image-@2x-1.png\" \/>\n\t<meta property=\"og:image:width\" content=\"2400\" \/>\n\t<meta property=\"og:image:height\" content=\"1260\" \/>\n\t<meta property=\"og:image:type\" content=\"image\/png\" \/>\n<meta name=\"twitter:card\" content=\"summary_large_image\" \/>\n<meta name=\"twitter:site\" content=\"@SafetykleenUK\" \/>\n<meta name=\"twitter:label1\" content=\"Dur\u00e9e de lecture estim\u00e9e\" \/>\n\t<meta name=\"twitter:data1\" content=\"6 minutes\" \/>\n<script type=\"application\/ld+json\" class=\"yoast-schema-graph\">{\"@context\":\"https:\\\/\\\/schema.org\",\"@graph\":[{\"@type\":\"WebPage\",\"@id\":\"https:\\\/\\\/safetykleeninternational.com\\\/fr\\\/industries\\\/\",\"url\":\"https:\\\/\\\/safetykleeninternational.com\\\/fr\\\/industries\\\/\",\"name\":\"Industries - Safetykleen France\",\"isPartOf\":{\"@id\":\"https:\\\/\\\/safetykleeninternational.com\\\/fr\\\/#website\"},\"datePublished\":\"2020-11-12T09:10:20+00:00\",\"dateModified\":\"2025-09-05T09:30:02+00:00\",\"description\":\"Notre expertise de pr\u00e8s de 50 ans et notre large gamme de solutions de nettoyage nous permettent de r\u00e9pondre \u00e0 tous les secteurs industriels.\",\"inLanguage\":\"fr-FR\",\"potentialAction\":[{\"@type\":\"ReadAction\",\"target\":[\"https:\\\/\\\/safetykleeninternational.com\\\/fr\\\/industries\\\/\"]}]},{\"@type\":\"WebSite\",\"@id\":\"https:\\\/\\\/safetykleeninternational.com\\\/fr\\\/#website\",\"url\":\"https:\\\/\\\/safetykleeninternational.com\\\/fr\\\/\",\"name\":\"Safetykleen\",\"description\":\"Parts Cleaning Services for Business &amp; Industry\",\"publisher\":{\"@id\":\"https:\\\/\\\/safetykleeninternational.com\\\/fr\\\/#organization\"},\"potentialAction\":[{\"@type\":\"SearchAction\",\"target\":{\"@type\":\"EntryPoint\",\"urlTemplate\":\"https:\\\/\\\/safetykleeninternational.com\\\/fr\\\/?s={search_term_string}\"},\"query-input\":{\"@type\":\"PropertyValueSpecification\",\"valueRequired\":true,\"valueName\":\"search_term_string\"}}],\"inLanguage\":\"fr-FR\"},{\"@type\":\"Organization\",\"@id\":\"https:\\\/\\\/safetykleeninternational.com\\\/fr\\\/#organization\",\"name\":\"Safetykleen\",\"url\":\"https:\\\/\\\/safetykleeninternational.com\\\/fr\\\/\",\"logo\":{\"@type\":\"ImageObject\",\"inLanguage\":\"fr-FR\",\"@id\":\"https:\\\/\\\/safetykleeninternational.com\\\/fr\\\/#\\\/schema\\\/logo\\\/image\\\/\",\"url\":\"https:\\\/\\\/safetykleeninternational.com\\\/wp-content\\\/uploads\\\/2020\\\/12\\\/Screen-Shot-2020-12-15-at-09.13.37.png\",\"contentUrl\":\"https:\\\/\\\/safetykleeninternational.com\\\/wp-content\\\/uploads\\\/2020\\\/12\\\/Screen-Shot-2020-12-15-at-09.13.37.png\",\"width\":628,\"height\":280,\"caption\":\"Safetykleen\"},\"image\":{\"@id\":\"https:\\\/\\\/safetykleeninternational.com\\\/fr\\\/#\\\/schema\\\/logo\\\/image\\\/\"},\"sameAs\":[\"https:\\\/\\\/x.com\\\/SafetykleenUK\",\"https:\\\/\\\/www.instagram.com\\\/safetykleeninternational\\\/\",\"https:\\\/\\\/www.linkedin.com\\\/company\\\/safetykleen\\\/\",\"https:\\\/\\\/www.youtube.com\\\/channel\\\/UCWA-lHlJu6XDHKtNszhebFA\"]}]}<\/script>\n<!-- \/ Yoast SEO plugin. -->","yoast_head_json":{"title":"Industries - Safetykleen France","description":"Notre expertise de pr\u00e8s de 50 ans et notre large gamme de solutions de nettoyage nous permettent de r\u00e9pondre \u00e0 tous les secteurs industriels.","robots":{"index":"index","follow":"follow","max-snippet":"max-snippet:-1","max-image-preview":"max-image-preview:large","max-video-preview":"max-video-preview:-1"},"canonical":"https:\/\/safetykleeninternational.com\/fr\/industries\/","og_locale":"fr_FR","og_type":"article","og_title":"Industries - Safetykleen France","og_description":"Notre expertise de pr\u00e8s de 50 ans et notre large gamme de solutions de nettoyage nous permettent de r\u00e9pondre \u00e0 tous les secteurs industriels.","og_url":"https:\/\/safetykleeninternational.com\/fr\/industries\/","og_site_name":"Safetykleen","article_modified_time":"2025-09-05T09:30:02+00:00","og_image":[{"width":2400,"height":1260,"url":"https:\/\/safetykleeninternational.com\/wp-content\/uploads\/2020\/12\/facebook-share-image-@2x-1.png","type":"image\/png"}],"twitter_card":"summary_large_image","twitter_site":"@SafetykleenUK","twitter_misc":{"Dur\u00e9e de lecture estim\u00e9e":"6 minutes"},"schema":{"@context":"https:\/\/schema.org","@graph":[{"@type":"WebPage","@id":"https:\/\/safetykleeninternational.com\/fr\/industries\/","url":"https:\/\/safetykleeninternational.com\/fr\/industries\/","name":"Industries - Safetykleen France","isPartOf":{"@id":"https:\/\/safetykleeninternational.com\/fr\/#website"},"datePublished":"2020-11-12T09:10:20+00:00","dateModified":"2025-09-05T09:30:02+00:00","description":"Notre expertise de pr\u00e8s de 50 ans et notre large gamme de solutions de nettoyage nous permettent de r\u00e9pondre \u00e0 tous les secteurs industriels.","inLanguage":"fr-FR","potentialAction":[{"@type":"ReadAction","target":["https:\/\/safetykleeninternational.com\/fr\/industries\/"]}]},{"@type":"WebSite","@id":"https:\/\/safetykleeninternational.com\/fr\/#website","url":"https:\/\/safetykleeninternational.com\/fr\/","name":"Safetykleen","description":"Parts Cleaning Services for Business &amp; Industry","publisher":{"@id":"https:\/\/safetykleeninternational.com\/fr\/#organization"},"potentialAction":[{"@type":"SearchAction","target":{"@type":"EntryPoint","urlTemplate":"https:\/\/safetykleeninternational.com\/fr\/?s={search_term_string}"},"query-input":{"@type":"PropertyValueSpecification","valueRequired":true,"valueName":"search_term_string"}}],"inLanguage":"fr-FR"},{"@type":"Organization","@id":"https:\/\/safetykleeninternational.com\/fr\/#organization","name":"Safetykleen","url":"https:\/\/safetykleeninternational.com\/fr\/","logo":{"@type":"ImageObject","inLanguage":"fr-FR","@id":"https:\/\/safetykleeninternational.com\/fr\/#\/schema\/logo\/image\/","url":"https:\/\/safetykleeninternational.com\/wp-content\/uploads\/2020\/12\/Screen-Shot-2020-12-15-at-09.13.37.png","contentUrl":"https:\/\/safetykleeninternational.com\/wp-content\/uploads\/2020\/12\/Screen-Shot-2020-12-15-at-09.13.37.png","width":628,"height":280,"caption":"Safetykleen"},"image":{"@id":"https:\/\/safetykleeninternational.com\/fr\/#\/schema\/logo\/image\/"},"sameAs":["https:\/\/x.com\/SafetykleenUK","https:\/\/www.instagram.com\/safetykleeninternational\/","https:\/\/www.linkedin.com\/company\/safetykleen\/","https:\/\/www.youtube.com\/channel\/UCWA-lHlJu6XDHKtNszhebFA"]}]}},"_links":{"self":[{"href":"https:\/\/safetykleeninternational.com\/fr\/wp-json\/wp\/v2\/pages\/1940","targetHints":{"allow":["GET"]}}],"collection":[{"href":"https:\/\/safetykleeninternational.com\/fr\/wp-json\/wp\/v2\/pages"}],"about":[{"href":"https:\/\/safetykleeninternational.com\/fr\/wp-json\/wp\/v2\/types\/page"}],"author":[{"embeddable":true,"href":"https:\/\/safetykleeninternational.com\/fr\/wp-json\/wp\/v2\/users\/2"}],"replies":[{"embeddable":true,"href":"https:\/\/safetykleeninternational.com\/fr\/wp-json\/wp\/v2\/comments?post=1940"}],"version-history":[{"count":0,"href":"https:\/\/safetykleeninternational.com\/fr\/wp-json\/wp\/v2\/pages\/1940\/revisions"}],"wp:attachment":[{"href":"https:\/\/safetykleeninternational.com\/fr\/wp-json\/wp\/v2\/media?parent=1940"}],"wp:term":[{"taxonomy":"format","embeddable":true,"href":"https:\/\/safetykleeninternational.com\/fr\/wp-json\/wp\/v2\/format?post=1940"},{"taxonomy":"funnel","embeddable":true,"href":"https:\/\/safetykleeninternational.com\/fr\/wp-json\/wp\/v2\/funnel?post=1940"},{"taxonomy":"industry","embeddable":true,"href":"https:\/\/safetykleeninternational.com\/fr\/wp-json\/wp\/v2\/industry?post=1940"},{"taxonomy":"pillar","embeddable":true,"href":"https:\/\/safetykleeninternational.com\/fr\/wp-json\/wp\/v2\/pillar?post=1940"},{"taxonomy":"searchcategory","embeddable":true,"href":"https:\/\/safetykleeninternational.com\/fr\/wp-json\/wp\/v2\/searchcategory?post=1940"}],"curies":[{"name":"wp","href":"https:\/\/api.w.org\/{rel}","templated":true}]}}