{"id":1867,"date":"2020-11-28T11:11:08","date_gmt":"2020-11-28T11:11:19","guid":{"rendered":"https:\/\/safetykleenstg.wpengine.com\/products\/parts-washers\/ultrasonic\/sonickleen\/"},"modified":"2024-04-30T12:51:08","modified_gmt":"2024-04-30T12:51:08","slug":"sonickleen","status":"publish","type":"page","link":"https:\/\/safetykleeninternational.com\/fr\/produits\/machines-nettoyage-pieces\/machines-nettoyage-ultrasons\/sonickleen\/","title":{"rendered":"Sonickleen&nbsp;: machine de nettoyage \u00e0 ultrasons"},"content":{"rendered":"","protected":false},"excerpt":{"rendered":"","protected":false},"author":3,"featured_media":13412,"parent":1862,"menu_order":0,"comment_status":"closed","ping_status":"closed","template":"","format":[],"meta":{"_acf_changed":false,"footnotes":""},"funnel":[],"industry":[],"pillar":[],"searchcategory":[],"class_list":["post-1867","page","type-page","status-publish","has-post-thumbnail","hentry"],"acf":[],"yoast_head":"<!-- This site is optimized with the Yoast SEO plugin v27.3 - https:\/\/yoast.com\/product\/yoast-seo-wordpress\/ -->\n<title>Sonickleen : machine de nettoyage \u00e0 ultrasons - Safetykleen France<\/title>\n<meta name=\"description\" content=\"D\u00e9couvrez notre machine \u00e0 ultrasons, id\u00e9ale pour un nettoyage simple, pr\u00e9cis, rapide et efficace de pi\u00e8ces, m\u00eame les plus complexes.\" \/>\n<meta name=\"robots\" content=\"index, follow, max-snippet:-1, max-image-preview:large, max-video-preview:-1\" \/>\n<link rel=\"canonical\" href=\"https:\/\/safetykleeninternational.com\/fr\/produits\/machines-nettoyage-pieces\/machines-nettoyage-ultrasons\/sonickleen\/\" \/>\n<meta property=\"og:locale\" content=\"fr_FR\" \/>\n<meta property=\"og:type\" content=\"article\" \/>\n<meta property=\"og:title\" content=\"Sonickleen : machine de nettoyage \u00e0 ultrasons - Safetykleen France\" \/>\n<meta property=\"og:description\" content=\"D\u00e9couvrez notre machine \u00e0 ultrasons, id\u00e9ale pour un nettoyage simple, pr\u00e9cis, rapide et efficace de pi\u00e8ces, m\u00eame les plus complexes.\" \/>\n<meta property=\"og:url\" content=\"https:\/\/safetykleeninternational.com\/fr\/produits\/machines-nettoyage-pieces\/machines-nettoyage-ultrasons\/sonickleen\/\" \/>\n<meta property=\"og:site_name\" content=\"Safetykleen\" \/>\n<meta property=\"article:modified_time\" content=\"2024-04-30T12:51:08+00:00\" \/>\n<meta property=\"og:image\" content=\"https:\/\/safetykleeninternational.com\/wp-content\/uploads\/2023\/07\/Sonickleen-Machine-de-lavage-a-ultrasons.png\" \/>\n\t<meta property=\"og:image:width\" content=\"819\" \/>\n\t<meta property=\"og:image:height\" content=\"1024\" \/>\n\t<meta property=\"og:image:type\" content=\"image\/png\" \/>\n<meta name=\"twitter:card\" content=\"summary_large_image\" \/>\n<meta name=\"twitter:site\" content=\"@SafetykleenUK\" \/>\n<meta name=\"twitter:label1\" content=\"Dur\u00e9e de lecture estim\u00e9e\" \/>\n\t<meta name=\"twitter:data1\" content=\"4 minutes\" \/>\n<script type=\"application\/ld+json\" class=\"yoast-schema-graph\">{\"@context\":\"https:\\\/\\\/schema.org\",\"@graph\":[{\"@type\":\"WebPage\",\"@id\":\"https:\\\/\\\/safetykleeninternational.com\\\/fr\\\/produits\\\/machines-nettoyage-pieces\\\/machines-nettoyage-ultrasons\\\/sonickleen\\\/\",\"url\":\"https:\\\/\\\/safetykleeninternational.com\\\/fr\\\/produits\\\/machines-nettoyage-pieces\\\/machines-nettoyage-ultrasons\\\/sonickleen\\\/\",\"name\":\"Sonickleen : machine de nettoyage \u00e0 ultrasons - Safetykleen France\",\"isPartOf\":{\"@id\":\"https:\\\/\\\/safetykleeninternational.com\\\/fr\\\/#website\"},\"primaryImageOfPage\":{\"@id\":\"https:\\\/\\\/safetykleeninternational.com\\\/fr\\\/produits\\\/machines-nettoyage-pieces\\\/machines-nettoyage-ultrasons\\\/sonickleen\\\/#primaryimage\"},\"image\":{\"@id\":\"https:\\\/\\\/safetykleeninternational.com\\\/fr\\\/produits\\\/machines-nettoyage-pieces\\\/machines-nettoyage-ultrasons\\\/sonickleen\\\/#primaryimage\"},\"thumbnailUrl\":\"https:\\\/\\\/safetykleeninternational.com\\\/wp-content\\\/uploads\\\/2023\\\/07\\\/Sonickleen-Machine-de-lavage-a-ultrasons.png\",\"datePublished\":\"2020-11-28T11:11:19+00:00\",\"dateModified\":\"2024-04-30T12:51:08+00:00\",\"description\":\"D\u00e9couvrez notre machine \u00e0 ultrasons, id\u00e9ale pour un nettoyage simple, pr\u00e9cis, rapide et efficace de pi\u00e8ces, m\u00eame les plus complexes.\",\"breadcrumb\":{\"@id\":\"https:\\\/\\\/safetykleeninternational.com\\\/fr\\\/produits\\\/machines-nettoyage-pieces\\\/machines-nettoyage-ultrasons\\\/sonickleen\\\/#breadcrumb\"},\"inLanguage\":\"fr-FR\",\"potentialAction\":[{\"@type\":\"ReadAction\",\"target\":[\"https:\\\/\\\/safetykleeninternational.com\\\/fr\\\/produits\\\/machines-nettoyage-pieces\\\/machines-nettoyage-ultrasons\\\/sonickleen\\\/\"]}]},{\"@type\":\"ImageObject\",\"inLanguage\":\"fr-FR\",\"@id\":\"https:\\\/\\\/safetykleeninternational.com\\\/fr\\\/produits\\\/machines-nettoyage-pieces\\\/machines-nettoyage-ultrasons\\\/sonickleen\\\/#primaryimage\",\"url\":\"https:\\\/\\\/safetykleeninternational.com\\\/wp-content\\\/uploads\\\/2023\\\/07\\\/Sonickleen-Machine-de-lavage-a-ultrasons.png\",\"contentUrl\":\"https:\\\/\\\/safetykleeninternational.com\\\/wp-content\\\/uploads\\\/2023\\\/07\\\/Sonickleen-Machine-de-lavage-a-ultrasons.png\",\"width\":819,\"height\":1024},{\"@type\":\"BreadcrumbList\",\"@id\":\"https:\\\/\\\/safetykleeninternational.com\\\/fr\\\/produits\\\/machines-nettoyage-pieces\\\/machines-nettoyage-ultrasons\\\/sonickleen\\\/#breadcrumb\",\"itemListElement\":[{\"@type\":\"ListItem\",\"position\":1,\"name\":\"Produits\",\"item\":\"https:\\\/\\\/safetykleeninternational.com\\\/fr\\\/products\\\/\"},{\"@type\":\"ListItem\",\"position\":2,\"name\":\"Machines de Nettoyage de Pi\u00e8ces Industrielles\",\"item\":\"https:\\\/\\\/safetykleeninternational.com\\\/fr\\\/products\\\/parts-washers\\\/\"},{\"@type\":\"ListItem\",\"position\":3,\"name\":\"Machines de Nettoyage \u00e0 Ultrasons\",\"item\":\"https:\\\/\\\/safetykleeninternational.com\\\/fr\\\/products\\\/parts-washers\\\/ultrasonic\\\/\"},{\"@type\":\"ListItem\",\"position\":4,\"name\":\"Sonickleen&nbsp;: machine de nettoyage \u00e0 ultrasons\"}]},{\"@type\":\"WebSite\",\"@id\":\"https:\\\/\\\/safetykleeninternational.com\\\/fr\\\/#website\",\"url\":\"https:\\\/\\\/safetykleeninternational.com\\\/fr\\\/\",\"name\":\"Safetykleen\",\"description\":\"Parts Cleaning Services for Business &amp; Industry\",\"publisher\":{\"@id\":\"https:\\\/\\\/safetykleeninternational.com\\\/fr\\\/#organization\"},\"potentialAction\":[{\"@type\":\"SearchAction\",\"target\":{\"@type\":\"EntryPoint\",\"urlTemplate\":\"https:\\\/\\\/safetykleeninternational.com\\\/fr\\\/?s={search_term_string}\"},\"query-input\":{\"@type\":\"PropertyValueSpecification\",\"valueRequired\":true,\"valueName\":\"search_term_string\"}}],\"inLanguage\":\"fr-FR\"},{\"@type\":\"Organization\",\"@id\":\"https:\\\/\\\/safetykleeninternational.com\\\/fr\\\/#organization\",\"name\":\"Safetykleen\",\"url\":\"https:\\\/\\\/safetykleeninternational.com\\\/fr\\\/\",\"logo\":{\"@type\":\"ImageObject\",\"inLanguage\":\"fr-FR\",\"@id\":\"https:\\\/\\\/safetykleeninternational.com\\\/fr\\\/#\\\/schema\\\/logo\\\/image\\\/\",\"url\":\"https:\\\/\\\/safetykleeninternational.com\\\/wp-content\\\/uploads\\\/2020\\\/12\\\/Screen-Shot-2020-12-15-at-09.13.37.png\",\"contentUrl\":\"https:\\\/\\\/safetykleeninternational.com\\\/wp-content\\\/uploads\\\/2020\\\/12\\\/Screen-Shot-2020-12-15-at-09.13.37.png\",\"width\":628,\"height\":280,\"caption\":\"Safetykleen\"},\"image\":{\"@id\":\"https:\\\/\\\/safetykleeninternational.com\\\/fr\\\/#\\\/schema\\\/logo\\\/image\\\/\"},\"sameAs\":[\"https:\\\/\\\/x.com\\\/SafetykleenUK\",\"https:\\\/\\\/www.instagram.com\\\/safetykleeninternational\\\/\",\"https:\\\/\\\/www.linkedin.com\\\/company\\\/safetykleen\\\/\",\"https:\\\/\\\/www.youtube.com\\\/channel\\\/UCWA-lHlJu6XDHKtNszhebFA\"]}]}<\/script>\n<!-- \/ Yoast SEO plugin. -->","yoast_head_json":{"title":"Sonickleen : machine de nettoyage \u00e0 ultrasons - Safetykleen France","description":"D\u00e9couvrez notre machine \u00e0 ultrasons, id\u00e9ale pour un nettoyage simple, pr\u00e9cis, rapide et efficace de pi\u00e8ces, m\u00eame les plus complexes.","robots":{"index":"index","follow":"follow","max-snippet":"max-snippet:-1","max-image-preview":"max-image-preview:large","max-video-preview":"max-video-preview:-1"},"canonical":"https:\/\/safetykleeninternational.com\/fr\/produits\/machines-nettoyage-pieces\/machines-nettoyage-ultrasons\/sonickleen\/","og_locale":"fr_FR","og_type":"article","og_title":"Sonickleen : machine de nettoyage \u00e0 ultrasons - Safetykleen France","og_description":"D\u00e9couvrez notre machine \u00e0 ultrasons, id\u00e9ale pour un nettoyage simple, pr\u00e9cis, rapide et efficace de pi\u00e8ces, m\u00eame les plus complexes.","og_url":"https:\/\/safetykleeninternational.com\/fr\/produits\/machines-nettoyage-pieces\/machines-nettoyage-ultrasons\/sonickleen\/","og_site_name":"Safetykleen","article_modified_time":"2024-04-30T12:51:08+00:00","og_image":[{"width":819,"height":1024,"url":"https:\/\/safetykleeninternational.com\/wp-content\/uploads\/2023\/07\/Sonickleen-Machine-de-lavage-a-ultrasons.png","type":"image\/png"}],"twitter_card":"summary_large_image","twitter_site":"@SafetykleenUK","twitter_misc":{"Dur\u00e9e de lecture estim\u00e9e":"4 minutes"},"schema":{"@context":"https:\/\/schema.org","@graph":[{"@type":"WebPage","@id":"https:\/\/safetykleeninternational.com\/fr\/produits\/machines-nettoyage-pieces\/machines-nettoyage-ultrasons\/sonickleen\/","url":"https:\/\/safetykleeninternational.com\/fr\/produits\/machines-nettoyage-pieces\/machines-nettoyage-ultrasons\/sonickleen\/","name":"Sonickleen : machine de nettoyage \u00e0 ultrasons - Safetykleen France","isPartOf":{"@id":"https:\/\/safetykleeninternational.com\/fr\/#website"},"primaryImageOfPage":{"@id":"https:\/\/safetykleeninternational.com\/fr\/produits\/machines-nettoyage-pieces\/machines-nettoyage-ultrasons\/sonickleen\/#primaryimage"},"image":{"@id":"https:\/\/safetykleeninternational.com\/fr\/produits\/machines-nettoyage-pieces\/machines-nettoyage-ultrasons\/sonickleen\/#primaryimage"},"thumbnailUrl":"https:\/\/safetykleeninternational.com\/wp-content\/uploads\/2023\/07\/Sonickleen-Machine-de-lavage-a-ultrasons.png","datePublished":"2020-11-28T11:11:19+00:00","dateModified":"2024-04-30T12:51:08+00:00","description":"D\u00e9couvrez notre machine \u00e0 ultrasons, id\u00e9ale pour un nettoyage simple, pr\u00e9cis, rapide et efficace de pi\u00e8ces, m\u00eame les plus complexes.","breadcrumb":{"@id":"https:\/\/safetykleeninternational.com\/fr\/produits\/machines-nettoyage-pieces\/machines-nettoyage-ultrasons\/sonickleen\/#breadcrumb"},"inLanguage":"fr-FR","potentialAction":[{"@type":"ReadAction","target":["https:\/\/safetykleeninternational.com\/fr\/produits\/machines-nettoyage-pieces\/machines-nettoyage-ultrasons\/sonickleen\/"]}]},{"@type":"ImageObject","inLanguage":"fr-FR","@id":"https:\/\/safetykleeninternational.com\/fr\/produits\/machines-nettoyage-pieces\/machines-nettoyage-ultrasons\/sonickleen\/#primaryimage","url":"https:\/\/safetykleeninternational.com\/wp-content\/uploads\/2023\/07\/Sonickleen-Machine-de-lavage-a-ultrasons.png","contentUrl":"https:\/\/safetykleeninternational.com\/wp-content\/uploads\/2023\/07\/Sonickleen-Machine-de-lavage-a-ultrasons.png","width":819,"height":1024},{"@type":"BreadcrumbList","@id":"https:\/\/safetykleeninternational.com\/fr\/produits\/machines-nettoyage-pieces\/machines-nettoyage-ultrasons\/sonickleen\/#breadcrumb","itemListElement":[{"@type":"ListItem","position":1,"name":"Produits","item":"https:\/\/safetykleeninternational.com\/fr\/products\/"},{"@type":"ListItem","position":2,"name":"Machines de Nettoyage de Pi\u00e8ces Industrielles","item":"https:\/\/safetykleeninternational.com\/fr\/products\/parts-washers\/"},{"@type":"ListItem","position":3,"name":"Machines de Nettoyage \u00e0 Ultrasons","item":"https:\/\/safetykleeninternational.com\/fr\/products\/parts-washers\/ultrasonic\/"},{"@type":"ListItem","position":4,"name":"Sonickleen&nbsp;: machine de nettoyage \u00e0 ultrasons"}]},{"@type":"WebSite","@id":"https:\/\/safetykleeninternational.com\/fr\/#website","url":"https:\/\/safetykleeninternational.com\/fr\/","name":"Safetykleen","description":"Parts Cleaning Services for Business &amp; Industry","publisher":{"@id":"https:\/\/safetykleeninternational.com\/fr\/#organization"},"potentialAction":[{"@type":"SearchAction","target":{"@type":"EntryPoint","urlTemplate":"https:\/\/safetykleeninternational.com\/fr\/?s={search_term_string}"},"query-input":{"@type":"PropertyValueSpecification","valueRequired":true,"valueName":"search_term_string"}}],"inLanguage":"fr-FR"},{"@type":"Organization","@id":"https:\/\/safetykleeninternational.com\/fr\/#organization","name":"Safetykleen","url":"https:\/\/safetykleeninternational.com\/fr\/","logo":{"@type":"ImageObject","inLanguage":"fr-FR","@id":"https:\/\/safetykleeninternational.com\/fr\/#\/schema\/logo\/image\/","url":"https:\/\/safetykleeninternational.com\/wp-content\/uploads\/2020\/12\/Screen-Shot-2020-12-15-at-09.13.37.png","contentUrl":"https:\/\/safetykleeninternational.com\/wp-content\/uploads\/2020\/12\/Screen-Shot-2020-12-15-at-09.13.37.png","width":628,"height":280,"caption":"Safetykleen"},"image":{"@id":"https:\/\/safetykleeninternational.com\/fr\/#\/schema\/logo\/image\/"},"sameAs":["https:\/\/x.com\/SafetykleenUK","https:\/\/www.instagram.com\/safetykleeninternational\/","https:\/\/www.linkedin.com\/company\/safetykleen\/","https:\/\/www.youtube.com\/channel\/UCWA-lHlJu6XDHKtNszhebFA"]}]}},"_links":{"self":[{"href":"https:\/\/safetykleeninternational.com\/fr\/wp-json\/wp\/v2\/pages\/1867","targetHints":{"allow":["GET"]}}],"collection":[{"href":"https:\/\/safetykleeninternational.com\/fr\/wp-json\/wp\/v2\/pages"}],"about":[{"href":"https:\/\/safetykleeninternational.com\/fr\/wp-json\/wp\/v2\/types\/page"}],"author":[{"embeddable":true,"href":"https:\/\/safetykleeninternational.com\/fr\/wp-json\/wp\/v2\/users\/3"}],"replies":[{"embeddable":true,"href":"https:\/\/safetykleeninternational.com\/fr\/wp-json\/wp\/v2\/comments?post=1867"}],"version-history":[{"count":0,"href":"https:\/\/safetykleeninternational.com\/fr\/wp-json\/wp\/v2\/pages\/1867\/revisions"}],"up":[{"embeddable":true,"href":"https:\/\/safetykleeninternational.com\/fr\/wp-json\/wp\/v2\/pages\/1862"}],"wp:featuredmedia":[{"embeddable":true,"href":"https:\/\/safetykleeninternational.com\/fr\/wp-json\/wp\/v2\/media\/13412"}],"wp:attachment":[{"href":"https:\/\/safetykleeninternational.com\/fr\/wp-json\/wp\/v2\/media?parent=1867"}],"wp:term":[{"taxonomy":"format","embeddable":true,"href":"https:\/\/safetykleeninternational.com\/fr\/wp-json\/wp\/v2\/format?post=1867"},{"taxonomy":"funnel","embeddable":true,"href":"https:\/\/safetykleeninternational.com\/fr\/wp-json\/wp\/v2\/funnel?post=1867"},{"taxonomy":"industry","embeddable":true,"href":"https:\/\/safetykleeninternational.com\/fr\/wp-json\/wp\/v2\/industry?post=1867"},{"taxonomy":"pillar","embeddable":true,"href":"https:\/\/safetykleeninternational.com\/fr\/wp-json\/wp\/v2\/pillar?post=1867"},{"taxonomy":"searchcategory","embeddable":true,"href":"https:\/\/safetykleeninternational.com\/fr\/wp-json\/wp\/v2\/searchcategory?post=1867"}],"curies":[{"name":"wp","href":"https:\/\/api.w.org\/{rel}","templated":true}]}}