{"id":22754,"date":"2024-08-20T12:18:03","date_gmt":"2024-08-20T12:18:03","guid":{"rendered":"https:\/\/safetykleenstg.wpengine.com\/produits\/machines-nettoyage-applications-specifiques\/rustkleen-ultra-2\/"},"modified":"2024-11-21T11:31:04","modified_gmt":"2024-11-21T11:31:04","slug":"rustkleen-ultra","status":"publish","type":"page","link":"https:\/\/safetykleeninternational.com\/fr-be\/produits\/machines-nettoyage-applications-specifiques\/rustkleen-ultra\/","title":{"rendered":"Rustkleen Ultra&nbsp;: machine antirouille par ultrason"},"content":{"rendered":"","protected":false},"excerpt":{"rendered":"","protected":false},"author":37,"featured_media":17391,"parent":22716,"menu_order":4,"comment_status":"closed","ping_status":"closed","template":"","format":[],"meta":{"_acf_changed":false,"footnotes":""},"funnel":[],"industry":[],"pillar":[],"searchcategory":[],"class_list":["post-22754","page","type-page","status-publish","has-post-thumbnail","hentry"],"acf":[],"yoast_head":"<!-- This site is optimized with the Yoast SEO plugin v27.3 - https:\/\/yoast.com\/product\/yoast-seo-wordpress\/ -->\n<title>Rustkleen Ultra : machine antirouille par ultrason - Safetykleen France<\/title>\n<meta name=\"description\" content=\"D\u00e9couvrez notre machine Rustkleen Ultra, con\u00e7ue afin d&#039;\u00e9liminer rapidement et efficacement la rouille de vos pi\u00e8ces gr\u00e2ce aux ultrasons.\" \/>\n<meta name=\"robots\" content=\"index, follow, max-snippet:-1, max-image-preview:large, max-video-preview:-1\" \/>\n<link rel=\"canonical\" href=\"https:\/\/safetykleeninternational.com\/fr-be\/produits\/machines-nettoyage-applications-specifiques\/rustkleen-ultra\/\" \/>\n<meta property=\"og:locale\" content=\"fr_FR\" \/>\n<meta property=\"og:type\" content=\"article\" \/>\n<meta property=\"og:title\" content=\"Rustkleen Ultra : machine antirouille par ultrason - Safetykleen France\" \/>\n<meta property=\"og:description\" content=\"D\u00e9couvrez notre machine Rustkleen Ultra, con\u00e7ue afin d&#039;\u00e9liminer rapidement et efficacement la rouille de vos pi\u00e8ces gr\u00e2ce aux ultrasons.\" \/>\n<meta property=\"og:url\" content=\"https:\/\/safetykleeninternational.com\/fr-be\/produits\/machines-nettoyage-applications-specifiques\/rustkleen-ultra\/\" \/>\n<meta property=\"og:site_name\" content=\"Safetykleen\" \/>\n<meta property=\"article:modified_time\" content=\"2024-11-21T11:31:04+00:00\" \/>\n<meta property=\"og:image\" content=\"https:\/\/safetykleeninternational.com\/wp-content\/uploads\/2024\/02\/Ultrakleen-M258-M358-1200large.png\" \/>\n\t<meta property=\"og:image:width\" content=\"1200\" \/>\n\t<meta property=\"og:image:height\" content=\"943\" \/>\n\t<meta property=\"og:image:type\" content=\"image\/png\" \/>\n<meta name=\"twitter:card\" content=\"summary_large_image\" \/>\n<meta name=\"twitter:site\" content=\"@SafetykleenUK\" \/>\n<meta name=\"twitter:label1\" content=\"Dur\u00e9e de lecture est.\" \/>\n\t<meta name=\"twitter:data1\" content=\"4 minutes\" \/>\n<script type=\"application\/ld+json\" class=\"yoast-schema-graph\">{\"@context\":\"https:\\\/\\\/schema.org\",\"@graph\":[{\"@type\":\"WebPage\",\"@id\":\"https:\\\/\\\/safetykleeninternational.com\\\/fr-be\\\/produits\\\/machines-nettoyage-applications-specifiques\\\/rustkleen-ultra\\\/\",\"url\":\"https:\\\/\\\/safetykleeninternational.com\\\/fr-be\\\/produits\\\/machines-nettoyage-applications-specifiques\\\/rustkleen-ultra\\\/\",\"name\":\"Rustkleen Ultra : machine antirouille par ultrason - Safetykleen France\",\"isPartOf\":{\"@id\":\"https:\\\/\\\/safetykleeninternational.com\\\/fr-be\\\/#website\"},\"primaryImageOfPage\":{\"@id\":\"https:\\\/\\\/safetykleeninternational.com\\\/fr-be\\\/produits\\\/machines-nettoyage-applications-specifiques\\\/rustkleen-ultra\\\/#primaryimage\"},\"image\":{\"@id\":\"https:\\\/\\\/safetykleeninternational.com\\\/fr-be\\\/produits\\\/machines-nettoyage-applications-specifiques\\\/rustkleen-ultra\\\/#primaryimage\"},\"thumbnailUrl\":\"https:\\\/\\\/safetykleeninternational.com\\\/wp-content\\\/uploads\\\/2024\\\/02\\\/Ultrakleen-M258-M358-1200large.png\",\"datePublished\":\"2024-08-20T12:18:03+00:00\",\"dateModified\":\"2024-11-21T11:31:04+00:00\",\"description\":\"D\u00e9couvrez notre machine Rustkleen Ultra, con\u00e7ue afin d'\u00e9liminer rapidement et efficacement la rouille de vos pi\u00e8ces gr\u00e2ce aux ultrasons.\",\"breadcrumb\":{\"@id\":\"https:\\\/\\\/safetykleeninternational.com\\\/fr-be\\\/produits\\\/machines-nettoyage-applications-specifiques\\\/rustkleen-ultra\\\/#breadcrumb\"},\"inLanguage\":\"fr-BE\",\"potentialAction\":[{\"@type\":\"ReadAction\",\"target\":[\"https:\\\/\\\/safetykleeninternational.com\\\/fr-be\\\/produits\\\/machines-nettoyage-applications-specifiques\\\/rustkleen-ultra\\\/\"]}]},{\"@type\":\"ImageObject\",\"inLanguage\":\"fr-BE\",\"@id\":\"https:\\\/\\\/safetykleeninternational.com\\\/fr-be\\\/produits\\\/machines-nettoyage-applications-specifiques\\\/rustkleen-ultra\\\/#primaryimage\",\"url\":\"https:\\\/\\\/safetykleeninternational.com\\\/wp-content\\\/uploads\\\/2024\\\/02\\\/Ultrakleen-M258-M358-1200large.png\",\"contentUrl\":\"https:\\\/\\\/safetykleeninternational.com\\\/wp-content\\\/uploads\\\/2024\\\/02\\\/Ultrakleen-M258-M358-1200large.png\",\"width\":1200,\"height\":943},{\"@type\":\"BreadcrumbList\",\"@id\":\"https:\\\/\\\/safetykleeninternational.com\\\/fr-be\\\/produits\\\/machines-nettoyage-applications-specifiques\\\/rustkleen-ultra\\\/#breadcrumb\",\"itemListElement\":[{\"@type\":\"ListItem\",\"position\":1,\"name\":\"Produits\",\"item\":\"https:\\\/\\\/safetykleeninternational.com\\\/fr-be\\\/products\\\/\"},{\"@type\":\"ListItem\",\"position\":2,\"name\":\"Machines de Nettoyage \u00e0 Applications Sp\u00e9cifiques\",\"item\":\"https:\\\/\\\/safetykleeninternational.com\\\/fr-be\\\/products\\\/specialist-cleaning\\\/\"},{\"@type\":\"ListItem\",\"position\":3,\"name\":\"Rustkleen Ultra&nbsp;: machine antirouille par ultrason\"}]},{\"@type\":\"WebSite\",\"@id\":\"https:\\\/\\\/safetykleeninternational.com\\\/fr-be\\\/#website\",\"url\":\"https:\\\/\\\/safetykleeninternational.com\\\/fr-be\\\/\",\"name\":\"Safetykleen\",\"description\":\"Parts Cleaning Services for Business &amp; Industry\",\"publisher\":{\"@id\":\"https:\\\/\\\/safetykleeninternational.com\\\/fr-be\\\/#organization\"},\"potentialAction\":[{\"@type\":\"SearchAction\",\"target\":{\"@type\":\"EntryPoint\",\"urlTemplate\":\"https:\\\/\\\/safetykleeninternational.com\\\/fr-be\\\/?s={search_term_string}\"},\"query-input\":{\"@type\":\"PropertyValueSpecification\",\"valueRequired\":true,\"valueName\":\"search_term_string\"}}],\"inLanguage\":\"fr-BE\"},{\"@type\":\"Organization\",\"@id\":\"https:\\\/\\\/safetykleeninternational.com\\\/fr-be\\\/#organization\",\"name\":\"Safetykleen\",\"url\":\"https:\\\/\\\/safetykleeninternational.com\\\/fr-be\\\/\",\"logo\":{\"@type\":\"ImageObject\",\"inLanguage\":\"fr-BE\",\"@id\":\"https:\\\/\\\/safetykleeninternational.com\\\/fr-be\\\/#\\\/schema\\\/logo\\\/image\\\/\",\"url\":\"https:\\\/\\\/safetykleeninternational.com\\\/wp-content\\\/uploads\\\/2020\\\/12\\\/Screen-Shot-2020-12-15-at-09.13.37.png\",\"contentUrl\":\"https:\\\/\\\/safetykleeninternational.com\\\/wp-content\\\/uploads\\\/2020\\\/12\\\/Screen-Shot-2020-12-15-at-09.13.37.png\",\"width\":628,\"height\":280,\"caption\":\"Safetykleen\"},\"image\":{\"@id\":\"https:\\\/\\\/safetykleeninternational.com\\\/fr-be\\\/#\\\/schema\\\/logo\\\/image\\\/\"},\"sameAs\":[\"https:\\\/\\\/x.com\\\/SafetykleenUK\",\"https:\\\/\\\/www.instagram.com\\\/safetykleeninternational\\\/\",\"https:\\\/\\\/www.linkedin.com\\\/company\\\/safetykleen\\\/\",\"https:\\\/\\\/www.youtube.com\\\/channel\\\/UCWA-lHlJu6XDHKtNszhebFA\"]}]}<\/script>\n<!-- \/ Yoast SEO plugin. -->","yoast_head_json":{"title":"Rustkleen Ultra : machine antirouille par ultrason - Safetykleen France","description":"D\u00e9couvrez notre machine Rustkleen Ultra, con\u00e7ue afin d'\u00e9liminer rapidement et efficacement la rouille de vos pi\u00e8ces gr\u00e2ce aux ultrasons.","robots":{"index":"index","follow":"follow","max-snippet":"max-snippet:-1","max-image-preview":"max-image-preview:large","max-video-preview":"max-video-preview:-1"},"canonical":"https:\/\/safetykleeninternational.com\/fr-be\/produits\/machines-nettoyage-applications-specifiques\/rustkleen-ultra\/","og_locale":"fr_FR","og_type":"article","og_title":"Rustkleen Ultra : machine antirouille par ultrason - Safetykleen France","og_description":"D\u00e9couvrez notre machine Rustkleen Ultra, con\u00e7ue afin d'\u00e9liminer rapidement et efficacement la rouille de vos pi\u00e8ces gr\u00e2ce aux ultrasons.","og_url":"https:\/\/safetykleeninternational.com\/fr-be\/produits\/machines-nettoyage-applications-specifiques\/rustkleen-ultra\/","og_site_name":"Safetykleen","article_modified_time":"2024-11-21T11:31:04+00:00","og_image":[{"width":1200,"height":943,"url":"https:\/\/safetykleeninternational.com\/wp-content\/uploads\/2024\/02\/Ultrakleen-M258-M358-1200large.png","type":"image\/png"}],"twitter_card":"summary_large_image","twitter_site":"@SafetykleenUK","twitter_misc":{"Dur\u00e9e de lecture est.":"4 minutes"},"schema":{"@context":"https:\/\/schema.org","@graph":[{"@type":"WebPage","@id":"https:\/\/safetykleeninternational.com\/fr-be\/produits\/machines-nettoyage-applications-specifiques\/rustkleen-ultra\/","url":"https:\/\/safetykleeninternational.com\/fr-be\/produits\/machines-nettoyage-applications-specifiques\/rustkleen-ultra\/","name":"Rustkleen Ultra : machine antirouille par ultrason - Safetykleen France","isPartOf":{"@id":"https:\/\/safetykleeninternational.com\/fr-be\/#website"},"primaryImageOfPage":{"@id":"https:\/\/safetykleeninternational.com\/fr-be\/produits\/machines-nettoyage-applications-specifiques\/rustkleen-ultra\/#primaryimage"},"image":{"@id":"https:\/\/safetykleeninternational.com\/fr-be\/produits\/machines-nettoyage-applications-specifiques\/rustkleen-ultra\/#primaryimage"},"thumbnailUrl":"https:\/\/safetykleeninternational.com\/wp-content\/uploads\/2024\/02\/Ultrakleen-M258-M358-1200large.png","datePublished":"2024-08-20T12:18:03+00:00","dateModified":"2024-11-21T11:31:04+00:00","description":"D\u00e9couvrez notre machine Rustkleen Ultra, con\u00e7ue afin d'\u00e9liminer rapidement et efficacement la rouille de vos pi\u00e8ces gr\u00e2ce aux ultrasons.","breadcrumb":{"@id":"https:\/\/safetykleeninternational.com\/fr-be\/produits\/machines-nettoyage-applications-specifiques\/rustkleen-ultra\/#breadcrumb"},"inLanguage":"fr-BE","potentialAction":[{"@type":"ReadAction","target":["https:\/\/safetykleeninternational.com\/fr-be\/produits\/machines-nettoyage-applications-specifiques\/rustkleen-ultra\/"]}]},{"@type":"ImageObject","inLanguage":"fr-BE","@id":"https:\/\/safetykleeninternational.com\/fr-be\/produits\/machines-nettoyage-applications-specifiques\/rustkleen-ultra\/#primaryimage","url":"https:\/\/safetykleeninternational.com\/wp-content\/uploads\/2024\/02\/Ultrakleen-M258-M358-1200large.png","contentUrl":"https:\/\/safetykleeninternational.com\/wp-content\/uploads\/2024\/02\/Ultrakleen-M258-M358-1200large.png","width":1200,"height":943},{"@type":"BreadcrumbList","@id":"https:\/\/safetykleeninternational.com\/fr-be\/produits\/machines-nettoyage-applications-specifiques\/rustkleen-ultra\/#breadcrumb","itemListElement":[{"@type":"ListItem","position":1,"name":"Produits","item":"https:\/\/safetykleeninternational.com\/fr-be\/products\/"},{"@type":"ListItem","position":2,"name":"Machines de Nettoyage \u00e0 Applications Sp\u00e9cifiques","item":"https:\/\/safetykleeninternational.com\/fr-be\/products\/specialist-cleaning\/"},{"@type":"ListItem","position":3,"name":"Rustkleen Ultra&nbsp;: machine antirouille par ultrason"}]},{"@type":"WebSite","@id":"https:\/\/safetykleeninternational.com\/fr-be\/#website","url":"https:\/\/safetykleeninternational.com\/fr-be\/","name":"Safetykleen","description":"Parts Cleaning Services for Business &amp; Industry","publisher":{"@id":"https:\/\/safetykleeninternational.com\/fr-be\/#organization"},"potentialAction":[{"@type":"SearchAction","target":{"@type":"EntryPoint","urlTemplate":"https:\/\/safetykleeninternational.com\/fr-be\/?s={search_term_string}"},"query-input":{"@type":"PropertyValueSpecification","valueRequired":true,"valueName":"search_term_string"}}],"inLanguage":"fr-BE"},{"@type":"Organization","@id":"https:\/\/safetykleeninternational.com\/fr-be\/#organization","name":"Safetykleen","url":"https:\/\/safetykleeninternational.com\/fr-be\/","logo":{"@type":"ImageObject","inLanguage":"fr-BE","@id":"https:\/\/safetykleeninternational.com\/fr-be\/#\/schema\/logo\/image\/","url":"https:\/\/safetykleeninternational.com\/wp-content\/uploads\/2020\/12\/Screen-Shot-2020-12-15-at-09.13.37.png","contentUrl":"https:\/\/safetykleeninternational.com\/wp-content\/uploads\/2020\/12\/Screen-Shot-2020-12-15-at-09.13.37.png","width":628,"height":280,"caption":"Safetykleen"},"image":{"@id":"https:\/\/safetykleeninternational.com\/fr-be\/#\/schema\/logo\/image\/"},"sameAs":["https:\/\/x.com\/SafetykleenUK","https:\/\/www.instagram.com\/safetykleeninternational\/","https:\/\/www.linkedin.com\/company\/safetykleen\/","https:\/\/www.youtube.com\/channel\/UCWA-lHlJu6XDHKtNszhebFA"]}]}},"_links":{"self":[{"href":"https:\/\/safetykleeninternational.com\/fr-be\/wp-json\/wp\/v2\/pages\/22754","targetHints":{"allow":["GET"]}}],"collection":[{"href":"https:\/\/safetykleeninternational.com\/fr-be\/wp-json\/wp\/v2\/pages"}],"about":[{"href":"https:\/\/safetykleeninternational.com\/fr-be\/wp-json\/wp\/v2\/types\/page"}],"author":[{"embeddable":true,"href":"https:\/\/safetykleeninternational.com\/fr-be\/wp-json\/wp\/v2\/users\/37"}],"replies":[{"embeddable":true,"href":"https:\/\/safetykleeninternational.com\/fr-be\/wp-json\/wp\/v2\/comments?post=22754"}],"version-history":[{"count":0,"href":"https:\/\/safetykleeninternational.com\/fr-be\/wp-json\/wp\/v2\/pages\/22754\/revisions"}],"up":[{"embeddable":true,"href":"https:\/\/safetykleeninternational.com\/fr-be\/wp-json\/wp\/v2\/pages\/22716"}],"wp:featuredmedia":[{"embeddable":true,"href":"https:\/\/safetykleeninternational.com\/fr-be\/wp-json\/wp\/v2\/media\/17391"}],"wp:attachment":[{"href":"https:\/\/safetykleeninternational.com\/fr-be\/wp-json\/wp\/v2\/media?parent=22754"}],"wp:term":[{"taxonomy":"format","embeddable":true,"href":"https:\/\/safetykleeninternational.com\/fr-be\/wp-json\/wp\/v2\/format?post=22754"},{"taxonomy":"funnel","embeddable":true,"href":"https:\/\/safetykleeninternational.com\/fr-be\/wp-json\/wp\/v2\/funnel?post=22754"},{"taxonomy":"industry","embeddable":true,"href":"https:\/\/safetykleeninternational.com\/fr-be\/wp-json\/wp\/v2\/industry?post=22754"},{"taxonomy":"pillar","embeddable":true,"href":"https:\/\/safetykleeninternational.com\/fr-be\/wp-json\/wp\/v2\/pillar?post=22754"},{"taxonomy":"searchcategory","embeddable":true,"href":"https:\/\/safetykleeninternational.com\/fr-be\/wp-json\/wp\/v2\/searchcategory?post=22754"}],"curies":[{"name":"wp","href":"https:\/\/api.w.org\/{rel}","templated":true}]}}