{"id":22753,"date":"2024-08-20T12:17:50","date_gmt":"2024-08-20T12:17:50","guid":{"rendered":"https:\/\/safetykleenstg.wpengine.com\/produits\/machines-nettoyage-applications-specifiques\/rustkleen-2\/"},"modified":"2024-11-21T11:27:34","modified_gmt":"2024-11-21T11:27:34","slug":"rustkleen","status":"publish","type":"page","link":"https:\/\/safetykleeninternational.com\/fr-be\/produits\/machines-nettoyage-applications-specifiques\/rustkleen\/","title":{"rendered":"Rustkleen&nbsp;: machine antirouille par immersion"},"content":{"rendered":"","protected":false},"excerpt":{"rendered":"","protected":false},"author":37,"featured_media":19314,"parent":22716,"menu_order":3,"comment_status":"closed","ping_status":"closed","template":"","format":[],"meta":{"_acf_changed":false,"footnotes":""},"funnel":[],"industry":[],"pillar":[],"searchcategory":[],"class_list":["post-22753","page","type-page","status-publish","has-post-thumbnail","hentry"],"acf":[],"yoast_head":"<!-- This site is optimized with the Yoast SEO plugin v27.3 - https:\/\/yoast.com\/product\/yoast-seo-wordpress\/ -->\n<title>Rustkleen : machine antirouille par immersion - Safetykleen France<\/title>\n<meta name=\"description\" content=\"D\u00e9couvrez notre machine de nettoyage par immersion Rustkleen, d\u00e9velopp\u00e9e afin d\u2019\u00e9liminer rapidement et efficacement la rouille de vos pi\u00e8ces.\" \/>\n<meta name=\"robots\" content=\"index, follow, max-snippet:-1, max-image-preview:large, max-video-preview:-1\" \/>\n<link rel=\"canonical\" href=\"https:\/\/safetykleeninternational.com\/fr-be\/produits\/machines-nettoyage-applications-specifiques\/rustkleen\/\" \/>\n<meta property=\"og:locale\" content=\"fr_FR\" \/>\n<meta property=\"og:type\" content=\"article\" \/>\n<meta property=\"og:title\" content=\"Rustkleen : machine antirouille par immersion - Safetykleen France\" \/>\n<meta property=\"og:description\" content=\"D\u00e9couvrez notre machine de nettoyage par immersion Rustkleen, d\u00e9velopp\u00e9e afin d\u2019\u00e9liminer rapidement et efficacement la rouille de vos pi\u00e8ces.\" \/>\n<meta property=\"og:url\" content=\"https:\/\/safetykleeninternational.com\/fr-be\/produits\/machines-nettoyage-applications-specifiques\/rustkleen\/\" \/>\n<meta property=\"og:site_name\" content=\"Safetykleen\" \/>\n<meta property=\"article:modified_time\" content=\"2024-11-21T11:27:34+00:00\" \/>\n<meta property=\"og:image\" content=\"https:\/\/safetykleeninternational.com\/wp-content\/uploads\/2024\/04\/Rustkleen-M3472-758x1024.png\" \/>\n\t<meta property=\"og:image:width\" content=\"758\" \/>\n\t<meta property=\"og:image:height\" content=\"1024\" \/>\n\t<meta property=\"og:image:type\" content=\"image\/png\" \/>\n<meta name=\"twitter:card\" content=\"summary_large_image\" \/>\n<meta name=\"twitter:site\" content=\"@SafetykleenUK\" \/>\n<meta name=\"twitter:label1\" content=\"Dur\u00e9e de lecture est.\" \/>\n\t<meta name=\"twitter:data1\" content=\"4 minutes\" \/>\n<script type=\"application\/ld+json\" class=\"yoast-schema-graph\">{\"@context\":\"https:\\\/\\\/schema.org\",\"@graph\":[{\"@type\":\"WebPage\",\"@id\":\"https:\\\/\\\/safetykleeninternational.com\\\/fr-be\\\/produits\\\/machines-nettoyage-applications-specifiques\\\/rustkleen\\\/\",\"url\":\"https:\\\/\\\/safetykleeninternational.com\\\/fr-be\\\/produits\\\/machines-nettoyage-applications-specifiques\\\/rustkleen\\\/\",\"name\":\"Rustkleen : machine antirouille par immersion - Safetykleen France\",\"isPartOf\":{\"@id\":\"https:\\\/\\\/safetykleeninternational.com\\\/fr-be\\\/#website\"},\"primaryImageOfPage\":{\"@id\":\"https:\\\/\\\/safetykleeninternational.com\\\/fr-be\\\/produits\\\/machines-nettoyage-applications-specifiques\\\/rustkleen\\\/#primaryimage\"},\"image\":{\"@id\":\"https:\\\/\\\/safetykleeninternational.com\\\/fr-be\\\/produits\\\/machines-nettoyage-applications-specifiques\\\/rustkleen\\\/#primaryimage\"},\"thumbnailUrl\":\"https:\\\/\\\/safetykleeninternational.com\\\/wp-content\\\/uploads\\\/2024\\\/04\\\/Rustkleen-M3472.png\",\"datePublished\":\"2024-08-20T12:17:50+00:00\",\"dateModified\":\"2024-11-21T11:27:34+00:00\",\"description\":\"D\u00e9couvrez notre machine de nettoyage par immersion Rustkleen, d\u00e9velopp\u00e9e afin d\u2019\u00e9liminer rapidement et efficacement la rouille de vos pi\u00e8ces.\",\"breadcrumb\":{\"@id\":\"https:\\\/\\\/safetykleeninternational.com\\\/fr-be\\\/produits\\\/machines-nettoyage-applications-specifiques\\\/rustkleen\\\/#breadcrumb\"},\"inLanguage\":\"fr-BE\",\"potentialAction\":[{\"@type\":\"ReadAction\",\"target\":[\"https:\\\/\\\/safetykleeninternational.com\\\/fr-be\\\/produits\\\/machines-nettoyage-applications-specifiques\\\/rustkleen\\\/\"]}]},{\"@type\":\"ImageObject\",\"inLanguage\":\"fr-BE\",\"@id\":\"https:\\\/\\\/safetykleeninternational.com\\\/fr-be\\\/produits\\\/machines-nettoyage-applications-specifiques\\\/rustkleen\\\/#primaryimage\",\"url\":\"https:\\\/\\\/safetykleeninternational.com\\\/wp-content\\\/uploads\\\/2024\\\/04\\\/Rustkleen-M3472.png\",\"contentUrl\":\"https:\\\/\\\/safetykleeninternational.com\\\/wp-content\\\/uploads\\\/2024\\\/04\\\/Rustkleen-M3472.png\",\"width\":1629,\"height\":2202},{\"@type\":\"BreadcrumbList\",\"@id\":\"https:\\\/\\\/safetykleeninternational.com\\\/fr-be\\\/produits\\\/machines-nettoyage-applications-specifiques\\\/rustkleen\\\/#breadcrumb\",\"itemListElement\":[{\"@type\":\"ListItem\",\"position\":1,\"name\":\"Produits\",\"item\":\"https:\\\/\\\/safetykleeninternational.com\\\/fr-be\\\/products\\\/\"},{\"@type\":\"ListItem\",\"position\":2,\"name\":\"Machines de Nettoyage \u00e0 Applications Sp\u00e9cifiques\",\"item\":\"https:\\\/\\\/safetykleeninternational.com\\\/fr-be\\\/products\\\/specialist-cleaning\\\/\"},{\"@type\":\"ListItem\",\"position\":3,\"name\":\"Rustkleen&nbsp;: machine antirouille par immersion\"}]},{\"@type\":\"WebSite\",\"@id\":\"https:\\\/\\\/safetykleeninternational.com\\\/fr-be\\\/#website\",\"url\":\"https:\\\/\\\/safetykleeninternational.com\\\/fr-be\\\/\",\"name\":\"Safetykleen\",\"description\":\"Parts Cleaning Services for Business &amp; Industry\",\"publisher\":{\"@id\":\"https:\\\/\\\/safetykleeninternational.com\\\/fr-be\\\/#organization\"},\"potentialAction\":[{\"@type\":\"SearchAction\",\"target\":{\"@type\":\"EntryPoint\",\"urlTemplate\":\"https:\\\/\\\/safetykleeninternational.com\\\/fr-be\\\/?s={search_term_string}\"},\"query-input\":{\"@type\":\"PropertyValueSpecification\",\"valueRequired\":true,\"valueName\":\"search_term_string\"}}],\"inLanguage\":\"fr-BE\"},{\"@type\":\"Organization\",\"@id\":\"https:\\\/\\\/safetykleeninternational.com\\\/fr-be\\\/#organization\",\"name\":\"Safetykleen\",\"url\":\"https:\\\/\\\/safetykleeninternational.com\\\/fr-be\\\/\",\"logo\":{\"@type\":\"ImageObject\",\"inLanguage\":\"fr-BE\",\"@id\":\"https:\\\/\\\/safetykleeninternational.com\\\/fr-be\\\/#\\\/schema\\\/logo\\\/image\\\/\",\"url\":\"https:\\\/\\\/safetykleeninternational.com\\\/wp-content\\\/uploads\\\/2020\\\/12\\\/Screen-Shot-2020-12-15-at-09.13.37.png\",\"contentUrl\":\"https:\\\/\\\/safetykleeninternational.com\\\/wp-content\\\/uploads\\\/2020\\\/12\\\/Screen-Shot-2020-12-15-at-09.13.37.png\",\"width\":628,\"height\":280,\"caption\":\"Safetykleen\"},\"image\":{\"@id\":\"https:\\\/\\\/safetykleeninternational.com\\\/fr-be\\\/#\\\/schema\\\/logo\\\/image\\\/\"},\"sameAs\":[\"https:\\\/\\\/x.com\\\/SafetykleenUK\",\"https:\\\/\\\/www.instagram.com\\\/safetykleeninternational\\\/\",\"https:\\\/\\\/www.linkedin.com\\\/company\\\/safetykleen\\\/\",\"https:\\\/\\\/www.youtube.com\\\/channel\\\/UCWA-lHlJu6XDHKtNszhebFA\"]}]}<\/script>\n<!-- \/ Yoast SEO plugin. -->","yoast_head_json":{"title":"Rustkleen : machine antirouille par immersion - Safetykleen France","description":"D\u00e9couvrez notre machine de nettoyage par immersion Rustkleen, d\u00e9velopp\u00e9e afin d\u2019\u00e9liminer rapidement et efficacement la rouille de vos pi\u00e8ces.","robots":{"index":"index","follow":"follow","max-snippet":"max-snippet:-1","max-image-preview":"max-image-preview:large","max-video-preview":"max-video-preview:-1"},"canonical":"https:\/\/safetykleeninternational.com\/fr-be\/produits\/machines-nettoyage-applications-specifiques\/rustkleen\/","og_locale":"fr_FR","og_type":"article","og_title":"Rustkleen : machine antirouille par immersion - Safetykleen France","og_description":"D\u00e9couvrez notre machine de nettoyage par immersion Rustkleen, d\u00e9velopp\u00e9e afin d\u2019\u00e9liminer rapidement et efficacement la rouille de vos pi\u00e8ces.","og_url":"https:\/\/safetykleeninternational.com\/fr-be\/produits\/machines-nettoyage-applications-specifiques\/rustkleen\/","og_site_name":"Safetykleen","article_modified_time":"2024-11-21T11:27:34+00:00","og_image":[{"width":758,"height":1024,"url":"https:\/\/safetykleeninternational.com\/wp-content\/uploads\/2024\/04\/Rustkleen-M3472-758x1024.png","type":"image\/png"}],"twitter_card":"summary_large_image","twitter_site":"@SafetykleenUK","twitter_misc":{"Dur\u00e9e de lecture est.":"4 minutes"},"schema":{"@context":"https:\/\/schema.org","@graph":[{"@type":"WebPage","@id":"https:\/\/safetykleeninternational.com\/fr-be\/produits\/machines-nettoyage-applications-specifiques\/rustkleen\/","url":"https:\/\/safetykleeninternational.com\/fr-be\/produits\/machines-nettoyage-applications-specifiques\/rustkleen\/","name":"Rustkleen : machine antirouille par immersion - Safetykleen France","isPartOf":{"@id":"https:\/\/safetykleeninternational.com\/fr-be\/#website"},"primaryImageOfPage":{"@id":"https:\/\/safetykleeninternational.com\/fr-be\/produits\/machines-nettoyage-applications-specifiques\/rustkleen\/#primaryimage"},"image":{"@id":"https:\/\/safetykleeninternational.com\/fr-be\/produits\/machines-nettoyage-applications-specifiques\/rustkleen\/#primaryimage"},"thumbnailUrl":"https:\/\/safetykleeninternational.com\/wp-content\/uploads\/2024\/04\/Rustkleen-M3472.png","datePublished":"2024-08-20T12:17:50+00:00","dateModified":"2024-11-21T11:27:34+00:00","description":"D\u00e9couvrez notre machine de nettoyage par immersion Rustkleen, d\u00e9velopp\u00e9e afin d\u2019\u00e9liminer rapidement et efficacement la rouille de vos pi\u00e8ces.","breadcrumb":{"@id":"https:\/\/safetykleeninternational.com\/fr-be\/produits\/machines-nettoyage-applications-specifiques\/rustkleen\/#breadcrumb"},"inLanguage":"fr-BE","potentialAction":[{"@type":"ReadAction","target":["https:\/\/safetykleeninternational.com\/fr-be\/produits\/machines-nettoyage-applications-specifiques\/rustkleen\/"]}]},{"@type":"ImageObject","inLanguage":"fr-BE","@id":"https:\/\/safetykleeninternational.com\/fr-be\/produits\/machines-nettoyage-applications-specifiques\/rustkleen\/#primaryimage","url":"https:\/\/safetykleeninternational.com\/wp-content\/uploads\/2024\/04\/Rustkleen-M3472.png","contentUrl":"https:\/\/safetykleeninternational.com\/wp-content\/uploads\/2024\/04\/Rustkleen-M3472.png","width":1629,"height":2202},{"@type":"BreadcrumbList","@id":"https:\/\/safetykleeninternational.com\/fr-be\/produits\/machines-nettoyage-applications-specifiques\/rustkleen\/#breadcrumb","itemListElement":[{"@type":"ListItem","position":1,"name":"Produits","item":"https:\/\/safetykleeninternational.com\/fr-be\/products\/"},{"@type":"ListItem","position":2,"name":"Machines de Nettoyage \u00e0 Applications Sp\u00e9cifiques","item":"https:\/\/safetykleeninternational.com\/fr-be\/products\/specialist-cleaning\/"},{"@type":"ListItem","position":3,"name":"Rustkleen&nbsp;: machine antirouille par immersion"}]},{"@type":"WebSite","@id":"https:\/\/safetykleeninternational.com\/fr-be\/#website","url":"https:\/\/safetykleeninternational.com\/fr-be\/","name":"Safetykleen","description":"Parts Cleaning Services for Business &amp; Industry","publisher":{"@id":"https:\/\/safetykleeninternational.com\/fr-be\/#organization"},"potentialAction":[{"@type":"SearchAction","target":{"@type":"EntryPoint","urlTemplate":"https:\/\/safetykleeninternational.com\/fr-be\/?s={search_term_string}"},"query-input":{"@type":"PropertyValueSpecification","valueRequired":true,"valueName":"search_term_string"}}],"inLanguage":"fr-BE"},{"@type":"Organization","@id":"https:\/\/safetykleeninternational.com\/fr-be\/#organization","name":"Safetykleen","url":"https:\/\/safetykleeninternational.com\/fr-be\/","logo":{"@type":"ImageObject","inLanguage":"fr-BE","@id":"https:\/\/safetykleeninternational.com\/fr-be\/#\/schema\/logo\/image\/","url":"https:\/\/safetykleeninternational.com\/wp-content\/uploads\/2020\/12\/Screen-Shot-2020-12-15-at-09.13.37.png","contentUrl":"https:\/\/safetykleeninternational.com\/wp-content\/uploads\/2020\/12\/Screen-Shot-2020-12-15-at-09.13.37.png","width":628,"height":280,"caption":"Safetykleen"},"image":{"@id":"https:\/\/safetykleeninternational.com\/fr-be\/#\/schema\/logo\/image\/"},"sameAs":["https:\/\/x.com\/SafetykleenUK","https:\/\/www.instagram.com\/safetykleeninternational\/","https:\/\/www.linkedin.com\/company\/safetykleen\/","https:\/\/www.youtube.com\/channel\/UCWA-lHlJu6XDHKtNszhebFA"]}]}},"_links":{"self":[{"href":"https:\/\/safetykleeninternational.com\/fr-be\/wp-json\/wp\/v2\/pages\/22753","targetHints":{"allow":["GET"]}}],"collection":[{"href":"https:\/\/safetykleeninternational.com\/fr-be\/wp-json\/wp\/v2\/pages"}],"about":[{"href":"https:\/\/safetykleeninternational.com\/fr-be\/wp-json\/wp\/v2\/types\/page"}],"author":[{"embeddable":true,"href":"https:\/\/safetykleeninternational.com\/fr-be\/wp-json\/wp\/v2\/users\/37"}],"replies":[{"embeddable":true,"href":"https:\/\/safetykleeninternational.com\/fr-be\/wp-json\/wp\/v2\/comments?post=22753"}],"version-history":[{"count":0,"href":"https:\/\/safetykleeninternational.com\/fr-be\/wp-json\/wp\/v2\/pages\/22753\/revisions"}],"up":[{"embeddable":true,"href":"https:\/\/safetykleeninternational.com\/fr-be\/wp-json\/wp\/v2\/pages\/22716"}],"wp:featuredmedia":[{"embeddable":true,"href":"https:\/\/safetykleeninternational.com\/fr-be\/wp-json\/wp\/v2\/media\/19314"}],"wp:attachment":[{"href":"https:\/\/safetykleeninternational.com\/fr-be\/wp-json\/wp\/v2\/media?parent=22753"}],"wp:term":[{"taxonomy":"format","embeddable":true,"href":"https:\/\/safetykleeninternational.com\/fr-be\/wp-json\/wp\/v2\/format?post=22753"},{"taxonomy":"funnel","embeddable":true,"href":"https:\/\/safetykleeninternational.com\/fr-be\/wp-json\/wp\/v2\/funnel?post=22753"},{"taxonomy":"industry","embeddable":true,"href":"https:\/\/safetykleeninternational.com\/fr-be\/wp-json\/wp\/v2\/industry?post=22753"},{"taxonomy":"pillar","embeddable":true,"href":"https:\/\/safetykleeninternational.com\/fr-be\/wp-json\/wp\/v2\/pillar?post=22753"},{"taxonomy":"searchcategory","embeddable":true,"href":"https:\/\/safetykleeninternational.com\/fr-be\/wp-json\/wp\/v2\/searchcategory?post=22753"}],"curies":[{"name":"wp","href":"https:\/\/api.w.org\/{rel}","templated":true}]}}