{"id":2045,"date":"2020-11-29T15:53:22","date_gmt":"2020-11-29T15:53:22","guid":{"rendered":"https:\/\/safetykleenstg.wpengine.com\/terms-conditions-site\/"},"modified":"2023-08-21T09:50:13","modified_gmt":"2023-08-21T09:50:13","slug":"terminos-de-uso-sitio","status":"publish","type":"page","link":"https:\/\/safetykleeninternational.com\/es\/terminos-de-uso-sitio\/","title":{"rendered":"Website T\u00e9rminos de Uso"},"content":{"rendered":"","protected":false},"excerpt":{"rendered":"","protected":false},"author":3,"featured_media":0,"parent":0,"menu_order":5,"comment_status":"closed","ping_status":"closed","template":"","format":[],"meta":{"_acf_changed":false,"footnotes":""},"funnel":[],"industry":[],"pillar":[],"searchcategory":[],"class_list":["post-2045","page","type-page","status-publish","hentry"],"acf":[],"yoast_head":"<!-- This site is optimized with the Yoast SEO plugin v27.3 - https:\/\/yoast.com\/product\/yoast-seo-wordpress\/ -->\n<title>Safetykleen Espa\u00f1a: T\u00e9rminos de uso<\/title>\n<meta name=\"description\" content=\"T\u00e9rminos de uso de la p\u00e1gina Safetykleen Espa\u00f1a.\" \/>\n<meta name=\"robots\" content=\"noindex, nofollow\" \/>\n<meta property=\"og:locale\" content=\"es_ES\" \/>\n<meta property=\"og:type\" content=\"article\" \/>\n<meta property=\"og:title\" content=\"Safetykleen Espa\u00f1a: T\u00e9rminos de uso\" \/>\n<meta property=\"og:description\" content=\"T\u00e9rminos de uso de la p\u00e1gina Safetykleen Espa\u00f1a.\" \/>\n<meta property=\"og:url\" content=\"https:\/\/safetykleeninternational.com\/es\/terminos-de-uso-sitio\/\" \/>\n<meta property=\"og:site_name\" content=\"Safetykleen\" \/>\n<meta property=\"article:modified_time\" content=\"2023-08-21T09:50:13+00:00\" \/>\n<meta property=\"og:image\" content=\"https:\/\/safetykleeninternational.com\/wp-content\/uploads\/2020\/12\/facebook-share-image-@2x-1.png\" \/>\n\t<meta property=\"og:image:width\" content=\"2400\" \/>\n\t<meta property=\"og:image:height\" content=\"1260\" \/>\n\t<meta property=\"og:image:type\" content=\"image\/png\" \/>\n<meta name=\"twitter:card\" content=\"summary_large_image\" \/>\n<meta name=\"twitter:site\" content=\"@SafetykleenUK\" \/>\n<script type=\"application\/ld+json\" class=\"yoast-schema-graph\">{\"@context\":\"https:\\\/\\\/schema.org\",\"@graph\":[{\"@type\":\"WebPage\",\"@id\":\"https:\\\/\\\/safetykleeninternational.com\\\/es\\\/terminos-de-uso-sitio\\\/\",\"url\":\"https:\\\/\\\/safetykleeninternational.com\\\/es\\\/terminos-de-uso-sitio\\\/\",\"name\":\"Safetykleen Espa\u00f1a: T\u00e9rminos de uso\",\"isPartOf\":{\"@id\":\"https:\\\/\\\/safetykleeninternational.com\\\/es\\\/#website\"},\"datePublished\":\"2020-11-29T15:53:22+00:00\",\"dateModified\":\"2023-08-21T09:50:13+00:00\",\"description\":\"T\u00e9rminos de uso de la p\u00e1gina Safetykleen Espa\u00f1a.\",\"inLanguage\":\"es\",\"potentialAction\":[{\"@type\":\"ReadAction\",\"target\":[\"https:\\\/\\\/safetykleeninternational.com\\\/es\\\/terminos-de-uso-sitio\\\/\"]}]},{\"@type\":\"WebSite\",\"@id\":\"https:\\\/\\\/safetykleeninternational.com\\\/es\\\/#website\",\"url\":\"https:\\\/\\\/safetykleeninternational.com\\\/es\\\/\",\"name\":\"Safetykleen\",\"description\":\"Parts Cleaning Services for Business &amp; Industry\",\"publisher\":{\"@id\":\"https:\\\/\\\/safetykleeninternational.com\\\/es\\\/#organization\"},\"potentialAction\":[{\"@type\":\"SearchAction\",\"target\":{\"@type\":\"EntryPoint\",\"urlTemplate\":\"https:\\\/\\\/safetykleeninternational.com\\\/es\\\/?s={search_term_string}\"},\"query-input\":{\"@type\":\"PropertyValueSpecification\",\"valueRequired\":true,\"valueName\":\"search_term_string\"}}],\"inLanguage\":\"es\"},{\"@type\":\"Organization\",\"@id\":\"https:\\\/\\\/safetykleeninternational.com\\\/es\\\/#organization\",\"name\":\"Safetykleen\",\"url\":\"https:\\\/\\\/safetykleeninternational.com\\\/es\\\/\",\"logo\":{\"@type\":\"ImageObject\",\"inLanguage\":\"es\",\"@id\":\"https:\\\/\\\/safetykleeninternational.com\\\/es\\\/#\\\/schema\\\/logo\\\/image\\\/\",\"url\":\"https:\\\/\\\/safetykleeninternational.com\\\/wp-content\\\/uploads\\\/2020\\\/12\\\/Screen-Shot-2020-12-15-at-09.13.37.png\",\"contentUrl\":\"https:\\\/\\\/safetykleeninternational.com\\\/wp-content\\\/uploads\\\/2020\\\/12\\\/Screen-Shot-2020-12-15-at-09.13.37.png\",\"width\":628,\"height\":280,\"caption\":\"Safetykleen\"},\"image\":{\"@id\":\"https:\\\/\\\/safetykleeninternational.com\\\/es\\\/#\\\/schema\\\/logo\\\/image\\\/\"},\"sameAs\":[\"https:\\\/\\\/x.com\\\/SafetykleenUK\",\"https:\\\/\\\/www.instagram.com\\\/safetykleeninternational\\\/\",\"https:\\\/\\\/www.linkedin.com\\\/company\\\/safetykleen\\\/\",\"https:\\\/\\\/www.youtube.com\\\/channel\\\/UCWA-lHlJu6XDHKtNszhebFA\"]}]}<\/script>\n<!-- \/ Yoast SEO plugin. -->","yoast_head_json":{"title":"Safetykleen Espa\u00f1a: T\u00e9rminos de uso","description":"T\u00e9rminos de uso de la p\u00e1gina Safetykleen Espa\u00f1a.","robots":{"index":"noindex","follow":"nofollow"},"og_locale":"es_ES","og_type":"article","og_title":"Safetykleen Espa\u00f1a: T\u00e9rminos de uso","og_description":"T\u00e9rminos de uso de la p\u00e1gina Safetykleen Espa\u00f1a.","og_url":"https:\/\/safetykleeninternational.com\/es\/terminos-de-uso-sitio\/","og_site_name":"Safetykleen","article_modified_time":"2023-08-21T09:50:13+00:00","og_image":[{"width":2400,"height":1260,"url":"https:\/\/safetykleeninternational.com\/wp-content\/uploads\/2020\/12\/facebook-share-image-@2x-1.png","type":"image\/png"}],"twitter_card":"summary_large_image","twitter_site":"@SafetykleenUK","schema":{"@context":"https:\/\/schema.org","@graph":[{"@type":"WebPage","@id":"https:\/\/safetykleeninternational.com\/es\/terminos-de-uso-sitio\/","url":"https:\/\/safetykleeninternational.com\/es\/terminos-de-uso-sitio\/","name":"Safetykleen Espa\u00f1a: T\u00e9rminos de uso","isPartOf":{"@id":"https:\/\/safetykleeninternational.com\/es\/#website"},"datePublished":"2020-11-29T15:53:22+00:00","dateModified":"2023-08-21T09:50:13+00:00","description":"T\u00e9rminos de uso de la p\u00e1gina Safetykleen Espa\u00f1a.","inLanguage":"es","potentialAction":[{"@type":"ReadAction","target":["https:\/\/safetykleeninternational.com\/es\/terminos-de-uso-sitio\/"]}]},{"@type":"WebSite","@id":"https:\/\/safetykleeninternational.com\/es\/#website","url":"https:\/\/safetykleeninternational.com\/es\/","name":"Safetykleen","description":"Parts Cleaning Services for Business &amp; Industry","publisher":{"@id":"https:\/\/safetykleeninternational.com\/es\/#organization"},"potentialAction":[{"@type":"SearchAction","target":{"@type":"EntryPoint","urlTemplate":"https:\/\/safetykleeninternational.com\/es\/?s={search_term_string}"},"query-input":{"@type":"PropertyValueSpecification","valueRequired":true,"valueName":"search_term_string"}}],"inLanguage":"es"},{"@type":"Organization","@id":"https:\/\/safetykleeninternational.com\/es\/#organization","name":"Safetykleen","url":"https:\/\/safetykleeninternational.com\/es\/","logo":{"@type":"ImageObject","inLanguage":"es","@id":"https:\/\/safetykleeninternational.com\/es\/#\/schema\/logo\/image\/","url":"https:\/\/safetykleeninternational.com\/wp-content\/uploads\/2020\/12\/Screen-Shot-2020-12-15-at-09.13.37.png","contentUrl":"https:\/\/safetykleeninternational.com\/wp-content\/uploads\/2020\/12\/Screen-Shot-2020-12-15-at-09.13.37.png","width":628,"height":280,"caption":"Safetykleen"},"image":{"@id":"https:\/\/safetykleeninternational.com\/es\/#\/schema\/logo\/image\/"},"sameAs":["https:\/\/x.com\/SafetykleenUK","https:\/\/www.instagram.com\/safetykleeninternational\/","https:\/\/www.linkedin.com\/company\/safetykleen\/","https:\/\/www.youtube.com\/channel\/UCWA-lHlJu6XDHKtNszhebFA"]}]}},"_links":{"self":[{"href":"https:\/\/safetykleeninternational.com\/es\/wp-json\/wp\/v2\/pages\/2045","targetHints":{"allow":["GET"]}}],"collection":[{"href":"https:\/\/safetykleeninternational.com\/es\/wp-json\/wp\/v2\/pages"}],"about":[{"href":"https:\/\/safetykleeninternational.com\/es\/wp-json\/wp\/v2\/types\/page"}],"author":[{"embeddable":true,"href":"https:\/\/safetykleeninternational.com\/es\/wp-json\/wp\/v2\/users\/3"}],"replies":[{"embeddable":true,"href":"https:\/\/safetykleeninternational.com\/es\/wp-json\/wp\/v2\/comments?post=2045"}],"version-history":[{"count":0,"href":"https:\/\/safetykleeninternational.com\/es\/wp-json\/wp\/v2\/pages\/2045\/revisions"}],"wp:attachment":[{"href":"https:\/\/safetykleeninternational.com\/es\/wp-json\/wp\/v2\/media?parent=2045"}],"wp:term":[{"taxonomy":"format","embeddable":true,"href":"https:\/\/safetykleeninternational.com\/es\/wp-json\/wp\/v2\/format?post=2045"},{"taxonomy":"funnel","embeddable":true,"href":"https:\/\/safetykleeninternational.com\/es\/wp-json\/wp\/v2\/funnel?post=2045"},{"taxonomy":"industry","embeddable":true,"href":"https:\/\/safetykleeninternational.com\/es\/wp-json\/wp\/v2\/industry?post=2045"},{"taxonomy":"pillar","embeddable":true,"href":"https:\/\/safetykleeninternational.com\/es\/wp-json\/wp\/v2\/pillar?post=2045"},{"taxonomy":"searchcategory","embeddable":true,"href":"https:\/\/safetykleeninternational.com\/es\/wp-json\/wp\/v2\/searchcategory?post=2045"}],"curies":[{"name":"wp","href":"https:\/\/api.w.org\/{rel}","templated":true}]}}