{"id":1866,"date":"2020-11-26T09:56:15","date_gmt":"2020-11-26T09:56:15","guid":{"rendered":"https:\/\/safetykleenstg.wpengine.com\/products\/parts-washers\/ultrasonic\/"},"modified":"2025-09-02T09:34:34","modified_gmt":"2025-09-02T09:34:34","slug":"ultrasonidos","status":"publish","type":"page","link":"https:\/\/safetykleeninternational.com\/es\/productos\/maquinas-limpieza-piezas\/ultrasonidos\/","title":{"rendered":"M\u00e1quinas de Ultrasonidos"},"content":{"rendered":"","protected":false},"excerpt":{"rendered":"","protected":false},"author":3,"featured_media":7559,"parent":1797,"menu_order":1,"comment_status":"closed","ping_status":"closed","template":"","format":[],"meta":{"_acf_changed":false,"footnotes":""},"funnel":[],"industry":[],"pillar":[],"searchcategory":[],"class_list":["post-1866","page","type-page","status-publish","has-post-thumbnail","hentry"],"acf":[],"yoast_head":"<!-- This site is optimized with the Yoast SEO plugin v27.3 - https:\/\/yoast.com\/product\/yoast-seo-wordpress\/ -->\n<title>Safetykleen Espa\u00f1a: M\u00e1quinas Ultrasonidos<\/title>\n<meta name=\"description\" content=\"Las m\u00e1quinas ultrasonidos proporcionan la mejor limpieza de precisi\u00f3n y un acabado de alta calidad. Consulta con nuestros expertos.\" \/>\n<meta name=\"robots\" content=\"index, follow, max-snippet:-1, max-image-preview:large, max-video-preview:-1\" \/>\n<link rel=\"canonical\" href=\"https:\/\/safetykleeninternational.com\/es\/productos\/maquinas-limpieza-piezas\/ultrasonidos\/\" \/>\n<meta property=\"og:locale\" content=\"es_ES\" \/>\n<meta property=\"og:type\" content=\"article\" \/>\n<meta property=\"og:title\" content=\"Safetykleen Espa\u00f1a: M\u00e1quinas Ultrasonidos\" \/>\n<meta property=\"og:description\" content=\"Las m\u00e1quinas ultrasonidos proporcionan la mejor limpieza de precisi\u00f3n y un acabado de alta calidad. Consulta con nuestros expertos.\" \/>\n<meta property=\"og:url\" content=\"https:\/\/safetykleeninternational.com\/es\/productos\/maquinas-limpieza-piezas\/ultrasonidos\/\" \/>\n<meta property=\"og:site_name\" content=\"Safetykleen\" \/>\n<meta property=\"article:modified_time\" content=\"2025-09-02T09:34:34+00:00\" \/>\n<meta property=\"og:image\" content=\"https:\/\/safetykleeninternational.com\/wp-content\/uploads\/2020\/12\/Portraits_0500-scaled.jpg\" \/>\n\t<meta property=\"og:image:width\" content=\"2560\" \/>\n\t<meta property=\"og:image:height\" content=\"1707\" \/>\n\t<meta property=\"og:image:type\" content=\"image\/jpeg\" \/>\n<meta name=\"twitter:card\" content=\"summary_large_image\" \/>\n<meta name=\"twitter:site\" content=\"@SafetykleenUK\" \/>\n<meta name=\"twitter:label1\" content=\"Tiempo de lectura\" \/>\n\t<meta name=\"twitter:data1\" content=\"3 minutos\" \/>\n<script type=\"application\/ld+json\" class=\"yoast-schema-graph\">{\"@context\":\"https:\\\/\\\/schema.org\",\"@graph\":[{\"@type\":\"WebPage\",\"@id\":\"https:\\\/\\\/safetykleeninternational.com\\\/es\\\/productos\\\/maquinas-limpieza-piezas\\\/ultrasonidos\\\/\",\"url\":\"https:\\\/\\\/safetykleeninternational.com\\\/es\\\/productos\\\/maquinas-limpieza-piezas\\\/ultrasonidos\\\/\",\"name\":\"Safetykleen Espa\u00f1a: M\u00e1quinas Ultrasonidos\",\"isPartOf\":{\"@id\":\"https:\\\/\\\/safetykleeninternational.com\\\/es\\\/#website\"},\"primaryImageOfPage\":{\"@id\":\"https:\\\/\\\/safetykleeninternational.com\\\/es\\\/productos\\\/maquinas-limpieza-piezas\\\/ultrasonidos\\\/#primaryimage\"},\"image\":{\"@id\":\"https:\\\/\\\/safetykleeninternational.com\\\/es\\\/productos\\\/maquinas-limpieza-piezas\\\/ultrasonidos\\\/#primaryimage\"},\"thumbnailUrl\":\"https:\\\/\\\/safetykleeninternational.com\\\/wp-content\\\/uploads\\\/2020\\\/12\\\/Portraits_0500-scaled.jpg\",\"datePublished\":\"2020-11-26T09:56:15+00:00\",\"dateModified\":\"2025-09-02T09:34:34+00:00\",\"description\":\"Las m\u00e1quinas ultrasonidos proporcionan la mejor limpieza de precisi\u00f3n y un acabado de alta calidad. Consulta con nuestros expertos.\",\"breadcrumb\":{\"@id\":\"https:\\\/\\\/safetykleeninternational.com\\\/es\\\/productos\\\/maquinas-limpieza-piezas\\\/ultrasonidos\\\/#breadcrumb\"},\"inLanguage\":\"es\",\"potentialAction\":[{\"@type\":\"ReadAction\",\"target\":[\"https:\\\/\\\/safetykleeninternational.com\\\/es\\\/productos\\\/maquinas-limpieza-piezas\\\/ultrasonidos\\\/\"]}]},{\"@type\":\"ImageObject\",\"inLanguage\":\"es\",\"@id\":\"https:\\\/\\\/safetykleeninternational.com\\\/es\\\/productos\\\/maquinas-limpieza-piezas\\\/ultrasonidos\\\/#primaryimage\",\"url\":\"https:\\\/\\\/safetykleeninternational.com\\\/wp-content\\\/uploads\\\/2020\\\/12\\\/Portraits_0500-scaled.jpg\",\"contentUrl\":\"https:\\\/\\\/safetykleeninternational.com\\\/wp-content\\\/uploads\\\/2020\\\/12\\\/Portraits_0500-scaled.jpg\",\"width\":2560,\"height\":1707,\"caption\":\"A Safetykleen Parts Cleaning Expert\"},{\"@type\":\"BreadcrumbList\",\"@id\":\"https:\\\/\\\/safetykleeninternational.com\\\/es\\\/productos\\\/maquinas-limpieza-piezas\\\/ultrasonidos\\\/#breadcrumb\",\"itemListElement\":[{\"@type\":\"ListItem\",\"position\":1,\"name\":\"Productos\",\"item\":\"https:\\\/\\\/safetykleeninternational.com\\\/es\\\/products\\\/\"},{\"@type\":\"ListItem\",\"position\":2,\"name\":\"M\u00e1quinas de Limpieza de Piezas\",\"item\":\"https:\\\/\\\/safetykleeninternational.com\\\/es\\\/products\\\/parts-washers\\\/\"},{\"@type\":\"ListItem\",\"position\":3,\"name\":\"M\u00e1quinas de Ultrasonidos\"}]},{\"@type\":\"WebSite\",\"@id\":\"https:\\\/\\\/safetykleeninternational.com\\\/es\\\/#website\",\"url\":\"https:\\\/\\\/safetykleeninternational.com\\\/es\\\/\",\"name\":\"Safetykleen\",\"description\":\"Parts Cleaning Services for Business &amp; Industry\",\"publisher\":{\"@id\":\"https:\\\/\\\/safetykleeninternational.com\\\/es\\\/#organization\"},\"potentialAction\":[{\"@type\":\"SearchAction\",\"target\":{\"@type\":\"EntryPoint\",\"urlTemplate\":\"https:\\\/\\\/safetykleeninternational.com\\\/es\\\/?s={search_term_string}\"},\"query-input\":{\"@type\":\"PropertyValueSpecification\",\"valueRequired\":true,\"valueName\":\"search_term_string\"}}],\"inLanguage\":\"es\"},{\"@type\":\"Organization\",\"@id\":\"https:\\\/\\\/safetykleeninternational.com\\\/es\\\/#organization\",\"name\":\"Safetykleen\",\"url\":\"https:\\\/\\\/safetykleeninternational.com\\\/es\\\/\",\"logo\":{\"@type\":\"ImageObject\",\"inLanguage\":\"es\",\"@id\":\"https:\\\/\\\/safetykleeninternational.com\\\/es\\\/#\\\/schema\\\/logo\\\/image\\\/\",\"url\":\"https:\\\/\\\/safetykleeninternational.com\\\/wp-content\\\/uploads\\\/2020\\\/12\\\/Screen-Shot-2020-12-15-at-09.13.37.png\",\"contentUrl\":\"https:\\\/\\\/safetykleeninternational.com\\\/wp-content\\\/uploads\\\/2020\\\/12\\\/Screen-Shot-2020-12-15-at-09.13.37.png\",\"width\":628,\"height\":280,\"caption\":\"Safetykleen\"},\"image\":{\"@id\":\"https:\\\/\\\/safetykleeninternational.com\\\/es\\\/#\\\/schema\\\/logo\\\/image\\\/\"},\"sameAs\":[\"https:\\\/\\\/x.com\\\/SafetykleenUK\",\"https:\\\/\\\/www.instagram.com\\\/safetykleeninternational\\\/\",\"https:\\\/\\\/www.linkedin.com\\\/company\\\/safetykleen\\\/\",\"https:\\\/\\\/www.youtube.com\\\/channel\\\/UCWA-lHlJu6XDHKtNszhebFA\"]}]}<\/script>\n<!-- \/ Yoast SEO plugin. -->","yoast_head_json":{"title":"Safetykleen Espa\u00f1a: M\u00e1quinas Ultrasonidos","description":"Las m\u00e1quinas ultrasonidos proporcionan la mejor limpieza de precisi\u00f3n y un acabado de alta calidad. Consulta con nuestros expertos.","robots":{"index":"index","follow":"follow","max-snippet":"max-snippet:-1","max-image-preview":"max-image-preview:large","max-video-preview":"max-video-preview:-1"},"canonical":"https:\/\/safetykleeninternational.com\/es\/productos\/maquinas-limpieza-piezas\/ultrasonidos\/","og_locale":"es_ES","og_type":"article","og_title":"Safetykleen Espa\u00f1a: M\u00e1quinas Ultrasonidos","og_description":"Las m\u00e1quinas ultrasonidos proporcionan la mejor limpieza de precisi\u00f3n y un acabado de alta calidad. Consulta con nuestros expertos.","og_url":"https:\/\/safetykleeninternational.com\/es\/productos\/maquinas-limpieza-piezas\/ultrasonidos\/","og_site_name":"Safetykleen","article_modified_time":"2025-09-02T09:34:34+00:00","og_image":[{"width":2560,"height":1707,"url":"https:\/\/safetykleeninternational.com\/wp-content\/uploads\/2020\/12\/Portraits_0500-scaled.jpg","type":"image\/jpeg"}],"twitter_card":"summary_large_image","twitter_site":"@SafetykleenUK","twitter_misc":{"Tiempo de lectura":"3 minutos"},"schema":{"@context":"https:\/\/schema.org","@graph":[{"@type":"WebPage","@id":"https:\/\/safetykleeninternational.com\/es\/productos\/maquinas-limpieza-piezas\/ultrasonidos\/","url":"https:\/\/safetykleeninternational.com\/es\/productos\/maquinas-limpieza-piezas\/ultrasonidos\/","name":"Safetykleen Espa\u00f1a: M\u00e1quinas Ultrasonidos","isPartOf":{"@id":"https:\/\/safetykleeninternational.com\/es\/#website"},"primaryImageOfPage":{"@id":"https:\/\/safetykleeninternational.com\/es\/productos\/maquinas-limpieza-piezas\/ultrasonidos\/#primaryimage"},"image":{"@id":"https:\/\/safetykleeninternational.com\/es\/productos\/maquinas-limpieza-piezas\/ultrasonidos\/#primaryimage"},"thumbnailUrl":"https:\/\/safetykleeninternational.com\/wp-content\/uploads\/2020\/12\/Portraits_0500-scaled.jpg","datePublished":"2020-11-26T09:56:15+00:00","dateModified":"2025-09-02T09:34:34+00:00","description":"Las m\u00e1quinas ultrasonidos proporcionan la mejor limpieza de precisi\u00f3n y un acabado de alta calidad. Consulta con nuestros expertos.","breadcrumb":{"@id":"https:\/\/safetykleeninternational.com\/es\/productos\/maquinas-limpieza-piezas\/ultrasonidos\/#breadcrumb"},"inLanguage":"es","potentialAction":[{"@type":"ReadAction","target":["https:\/\/safetykleeninternational.com\/es\/productos\/maquinas-limpieza-piezas\/ultrasonidos\/"]}]},{"@type":"ImageObject","inLanguage":"es","@id":"https:\/\/safetykleeninternational.com\/es\/productos\/maquinas-limpieza-piezas\/ultrasonidos\/#primaryimage","url":"https:\/\/safetykleeninternational.com\/wp-content\/uploads\/2020\/12\/Portraits_0500-scaled.jpg","contentUrl":"https:\/\/safetykleeninternational.com\/wp-content\/uploads\/2020\/12\/Portraits_0500-scaled.jpg","width":2560,"height":1707,"caption":"A Safetykleen Parts Cleaning Expert"},{"@type":"BreadcrumbList","@id":"https:\/\/safetykleeninternational.com\/es\/productos\/maquinas-limpieza-piezas\/ultrasonidos\/#breadcrumb","itemListElement":[{"@type":"ListItem","position":1,"name":"Productos","item":"https:\/\/safetykleeninternational.com\/es\/products\/"},{"@type":"ListItem","position":2,"name":"M\u00e1quinas de Limpieza de Piezas","item":"https:\/\/safetykleeninternational.com\/es\/products\/parts-washers\/"},{"@type":"ListItem","position":3,"name":"M\u00e1quinas de Ultrasonidos"}]},{"@type":"WebSite","@id":"https:\/\/safetykleeninternational.com\/es\/#website","url":"https:\/\/safetykleeninternational.com\/es\/","name":"Safetykleen","description":"Parts Cleaning Services for Business &amp; Industry","publisher":{"@id":"https:\/\/safetykleeninternational.com\/es\/#organization"},"potentialAction":[{"@type":"SearchAction","target":{"@type":"EntryPoint","urlTemplate":"https:\/\/safetykleeninternational.com\/es\/?s={search_term_string}"},"query-input":{"@type":"PropertyValueSpecification","valueRequired":true,"valueName":"search_term_string"}}],"inLanguage":"es"},{"@type":"Organization","@id":"https:\/\/safetykleeninternational.com\/es\/#organization","name":"Safetykleen","url":"https:\/\/safetykleeninternational.com\/es\/","logo":{"@type":"ImageObject","inLanguage":"es","@id":"https:\/\/safetykleeninternational.com\/es\/#\/schema\/logo\/image\/","url":"https:\/\/safetykleeninternational.com\/wp-content\/uploads\/2020\/12\/Screen-Shot-2020-12-15-at-09.13.37.png","contentUrl":"https:\/\/safetykleeninternational.com\/wp-content\/uploads\/2020\/12\/Screen-Shot-2020-12-15-at-09.13.37.png","width":628,"height":280,"caption":"Safetykleen"},"image":{"@id":"https:\/\/safetykleeninternational.com\/es\/#\/schema\/logo\/image\/"},"sameAs":["https:\/\/x.com\/SafetykleenUK","https:\/\/www.instagram.com\/safetykleeninternational\/","https:\/\/www.linkedin.com\/company\/safetykleen\/","https:\/\/www.youtube.com\/channel\/UCWA-lHlJu6XDHKtNszhebFA"]}]}},"_links":{"self":[{"href":"https:\/\/safetykleeninternational.com\/es\/wp-json\/wp\/v2\/pages\/1866","targetHints":{"allow":["GET"]}}],"collection":[{"href":"https:\/\/safetykleeninternational.com\/es\/wp-json\/wp\/v2\/pages"}],"about":[{"href":"https:\/\/safetykleeninternational.com\/es\/wp-json\/wp\/v2\/types\/page"}],"author":[{"embeddable":true,"href":"https:\/\/safetykleeninternational.com\/es\/wp-json\/wp\/v2\/users\/3"}],"replies":[{"embeddable":true,"href":"https:\/\/safetykleeninternational.com\/es\/wp-json\/wp\/v2\/comments?post=1866"}],"version-history":[{"count":0,"href":"https:\/\/safetykleeninternational.com\/es\/wp-json\/wp\/v2\/pages\/1866\/revisions"}],"up":[{"embeddable":true,"href":"https:\/\/safetykleeninternational.com\/es\/wp-json\/wp\/v2\/pages\/1797"}],"wp:featuredmedia":[{"embeddable":true,"href":"https:\/\/safetykleeninternational.com\/es\/wp-json\/wp\/v2\/media\/7559"}],"wp:attachment":[{"href":"https:\/\/safetykleeninternational.com\/es\/wp-json\/wp\/v2\/media?parent=1866"}],"wp:term":[{"taxonomy":"format","embeddable":true,"href":"https:\/\/safetykleeninternational.com\/es\/wp-json\/wp\/v2\/format?post=1866"},{"taxonomy":"funnel","embeddable":true,"href":"https:\/\/safetykleeninternational.com\/es\/wp-json\/wp\/v2\/funnel?post=1866"},{"taxonomy":"industry","embeddable":true,"href":"https:\/\/safetykleeninternational.com\/es\/wp-json\/wp\/v2\/industry?post=1866"},{"taxonomy":"pillar","embeddable":true,"href":"https:\/\/safetykleeninternational.com\/es\/wp-json\/wp\/v2\/pillar?post=1866"},{"taxonomy":"searchcategory","embeddable":true,"href":"https:\/\/safetykleeninternational.com\/es\/wp-json\/wp\/v2\/searchcategory?post=1866"}],"curies":[{"name":"wp","href":"https:\/\/api.w.org\/{rel}","templated":true}]}}