{"id":1855,"date":"2020-11-28T10:53:12","date_gmt":"2020-11-28T10:53:12","guid":{"rendered":"https:\/\/safetykleenstg.wpengine.com\/products\/parts-washers\/solvent\/solvkleen\/"},"modified":"2023-09-20T15:40:19","modified_gmt":"2023-09-20T15:40:19","slug":"solvkleen","status":"publish","type":"page","link":"https:\/\/safetykleeninternational.com\/es\/productos\/maquinas-limpieza-piezas\/base-disolvente\/solvkleen\/","title":{"rendered":"Solvkleen"},"content":{"rendered":"","protected":false},"excerpt":{"rendered":"","protected":false},"author":3,"featured_media":13397,"parent":1850,"menu_order":0,"comment_status":"closed","ping_status":"closed","template":"","format":[],"meta":{"_acf_changed":false,"footnotes":""},"funnel":[],"industry":[],"pillar":[],"searchcategory":[],"class_list":["post-1855","page","type-page","status-publish","has-post-thumbnail","hentry"],"acf":[],"yoast_head":"<!-- This site is optimized with the Yoast SEO plugin v27.4 - https:\/\/yoast.com\/product\/yoast-seo-wordpress\/ -->\n<title>M\u00e1quina de limpieza con Disolvente: Solvkleen<\/title>\n<meta name=\"description\" content=\"M\u00e1quina de limpiar adecuada para retirar aceite, tinta, refrigerante, cera, grasa y fluido de corte de piezas de tama\u00f1o peque\u00f1o y mediano\" \/>\n<meta name=\"robots\" content=\"index, follow, max-snippet:-1, max-image-preview:large, max-video-preview:-1\" \/>\n<link rel=\"canonical\" href=\"https:\/\/safetykleeninternational.com\/es\/productos\/maquinas-limpieza-piezas\/base-disolvente\/solvkleen\/\" \/>\n<meta property=\"og:locale\" content=\"es_ES\" \/>\n<meta property=\"og:type\" content=\"article\" \/>\n<meta property=\"og:title\" content=\"M\u00e1quina de limpieza con Disolvente: Solvkleen\" \/>\n<meta property=\"og:description\" content=\"M\u00e1quina de limpiar adecuada para retirar aceite, tinta, refrigerante, cera, grasa y fluido de corte de piezas de tama\u00f1o peque\u00f1o y mediano\" \/>\n<meta property=\"og:url\" content=\"https:\/\/safetykleeninternational.com\/es\/productos\/maquinas-limpieza-piezas\/base-disolvente\/solvkleen\/\" \/>\n<meta property=\"og:site_name\" content=\"Safetykleen\" \/>\n<meta property=\"article:modified_time\" content=\"2023-09-20T15:40:19+00:00\" \/>\n<meta property=\"og:image\" content=\"https:\/\/safetykleeninternational.com\/wp-content\/uploads\/2023\/07\/Solvkleen-M177.jpg\" \/>\n\t<meta property=\"og:image:width\" content=\"1024\" \/>\n\t<meta property=\"og:image:height\" content=\"684\" \/>\n\t<meta property=\"og:image:type\" content=\"image\/jpeg\" \/>\n<meta name=\"twitter:card\" content=\"summary_large_image\" \/>\n<meta name=\"twitter:site\" content=\"@SafetykleenUK\" \/>\n<script type=\"application\/ld+json\" class=\"yoast-schema-graph\">{\"@context\":\"https:\\\/\\\/schema.org\",\"@graph\":[{\"@type\":\"WebPage\",\"@id\":\"https:\\\/\\\/safetykleeninternational.com\\\/es\\\/productos\\\/maquinas-limpieza-piezas\\\/base-disolvente\\\/solvkleen\\\/\",\"url\":\"https:\\\/\\\/safetykleeninternational.com\\\/es\\\/productos\\\/maquinas-limpieza-piezas\\\/base-disolvente\\\/solvkleen\\\/\",\"name\":\"M\u00e1quina de limpieza con Disolvente: Solvkleen\",\"isPartOf\":{\"@id\":\"https:\\\/\\\/safetykleeninternational.com\\\/es\\\/#website\"},\"primaryImageOfPage\":{\"@id\":\"https:\\\/\\\/safetykleeninternational.com\\\/es\\\/productos\\\/maquinas-limpieza-piezas\\\/base-disolvente\\\/solvkleen\\\/#primaryimage\"},\"image\":{\"@id\":\"https:\\\/\\\/safetykleeninternational.com\\\/es\\\/productos\\\/maquinas-limpieza-piezas\\\/base-disolvente\\\/solvkleen\\\/#primaryimage\"},\"thumbnailUrl\":\"https:\\\/\\\/safetykleeninternational.com\\\/wp-content\\\/uploads\\\/2023\\\/07\\\/Solvkleen-M177.jpg\",\"datePublished\":\"2020-11-28T10:53:12+00:00\",\"dateModified\":\"2023-09-20T15:40:19+00:00\",\"description\":\"M\u00e1quina de limpiar adecuada para retirar aceite, tinta, refrigerante, cera, grasa y fluido de corte de piezas de tama\u00f1o peque\u00f1o y mediano\",\"breadcrumb\":{\"@id\":\"https:\\\/\\\/safetykleeninternational.com\\\/es\\\/productos\\\/maquinas-limpieza-piezas\\\/base-disolvente\\\/solvkleen\\\/#breadcrumb\"},\"inLanguage\":\"es\",\"potentialAction\":[{\"@type\":\"ReadAction\",\"target\":[\"https:\\\/\\\/safetykleeninternational.com\\\/es\\\/productos\\\/maquinas-limpieza-piezas\\\/base-disolvente\\\/solvkleen\\\/\"]}]},{\"@type\":\"ImageObject\",\"inLanguage\":\"es\",\"@id\":\"https:\\\/\\\/safetykleeninternational.com\\\/es\\\/productos\\\/maquinas-limpieza-piezas\\\/base-disolvente\\\/solvkleen\\\/#primaryimage\",\"url\":\"https:\\\/\\\/safetykleeninternational.com\\\/wp-content\\\/uploads\\\/2023\\\/07\\\/Solvkleen-M177.jpg\",\"contentUrl\":\"https:\\\/\\\/safetykleeninternational.com\\\/wp-content\\\/uploads\\\/2023\\\/07\\\/Solvkleen-M177.jpg\",\"width\":1024,\"height\":684},{\"@type\":\"BreadcrumbList\",\"@id\":\"https:\\\/\\\/safetykleeninternational.com\\\/es\\\/productos\\\/maquinas-limpieza-piezas\\\/base-disolvente\\\/solvkleen\\\/#breadcrumb\",\"itemListElement\":[{\"@type\":\"ListItem\",\"position\":1,\"name\":\"Productos\",\"item\":\"https:\\\/\\\/safetykleeninternational.com\\\/es\\\/products\\\/\"},{\"@type\":\"ListItem\",\"position\":2,\"name\":\"M\u00e1quinas de Limpieza de Piezas\",\"item\":\"https:\\\/\\\/safetykleeninternational.com\\\/es\\\/products\\\/parts-washers\\\/\"},{\"@type\":\"ListItem\",\"position\":3,\"name\":\"M\u00e1quinas de Limpieza de Piezas con Disolvente\",\"item\":\"https:\\\/\\\/safetykleeninternational.com\\\/es\\\/products\\\/parts-washers\\\/solvent\\\/\"},{\"@type\":\"ListItem\",\"position\":4,\"name\":\"Solvkleen\"}]},{\"@type\":\"WebSite\",\"@id\":\"https:\\\/\\\/safetykleeninternational.com\\\/es\\\/#website\",\"url\":\"https:\\\/\\\/safetykleeninternational.com\\\/es\\\/\",\"name\":\"Safetykleen\",\"description\":\"Parts Cleaning Services for Business &amp; Industry\",\"publisher\":{\"@id\":\"https:\\\/\\\/safetykleeninternational.com\\\/es\\\/#organization\"},\"potentialAction\":[{\"@type\":\"SearchAction\",\"target\":{\"@type\":\"EntryPoint\",\"urlTemplate\":\"https:\\\/\\\/safetykleeninternational.com\\\/es\\\/?s={search_term_string}\"},\"query-input\":{\"@type\":\"PropertyValueSpecification\",\"valueRequired\":true,\"valueName\":\"search_term_string\"}}],\"inLanguage\":\"es\"},{\"@type\":\"Organization\",\"@id\":\"https:\\\/\\\/safetykleeninternational.com\\\/es\\\/#organization\",\"name\":\"Safetykleen\",\"url\":\"https:\\\/\\\/safetykleeninternational.com\\\/es\\\/\",\"logo\":{\"@type\":\"ImageObject\",\"inLanguage\":\"es\",\"@id\":\"https:\\\/\\\/safetykleeninternational.com\\\/es\\\/#\\\/schema\\\/logo\\\/image\\\/\",\"url\":\"https:\\\/\\\/safetykleeninternational.com\\\/wp-content\\\/uploads\\\/2020\\\/12\\\/Screen-Shot-2020-12-15-at-09.13.37.png\",\"contentUrl\":\"https:\\\/\\\/safetykleeninternational.com\\\/wp-content\\\/uploads\\\/2020\\\/12\\\/Screen-Shot-2020-12-15-at-09.13.37.png\",\"width\":628,\"height\":280,\"caption\":\"Safetykleen\"},\"image\":{\"@id\":\"https:\\\/\\\/safetykleeninternational.com\\\/es\\\/#\\\/schema\\\/logo\\\/image\\\/\"},\"sameAs\":[\"https:\\\/\\\/x.com\\\/SafetykleenUK\",\"https:\\\/\\\/www.instagram.com\\\/safetykleeninternational\\\/\",\"https:\\\/\\\/www.linkedin.com\\\/company\\\/safetykleen\\\/\",\"https:\\\/\\\/www.youtube.com\\\/channel\\\/UCWA-lHlJu6XDHKtNszhebFA\"]}]}<\/script>\n<!-- \/ Yoast SEO plugin. -->","yoast_head_json":{"title":"M\u00e1quina de limpieza con Disolvente: Solvkleen","description":"M\u00e1quina de limpiar adecuada para retirar aceite, tinta, refrigerante, cera, grasa y fluido de corte de piezas de tama\u00f1o peque\u00f1o y mediano","robots":{"index":"index","follow":"follow","max-snippet":"max-snippet:-1","max-image-preview":"max-image-preview:large","max-video-preview":"max-video-preview:-1"},"canonical":"https:\/\/safetykleeninternational.com\/es\/productos\/maquinas-limpieza-piezas\/base-disolvente\/solvkleen\/","og_locale":"es_ES","og_type":"article","og_title":"M\u00e1quina de limpieza con Disolvente: Solvkleen","og_description":"M\u00e1quina de limpiar adecuada para retirar aceite, tinta, refrigerante, cera, grasa y fluido de corte de piezas de tama\u00f1o peque\u00f1o y mediano","og_url":"https:\/\/safetykleeninternational.com\/es\/productos\/maquinas-limpieza-piezas\/base-disolvente\/solvkleen\/","og_site_name":"Safetykleen","article_modified_time":"2023-09-20T15:40:19+00:00","og_image":[{"width":1024,"height":684,"url":"https:\/\/safetykleeninternational.com\/wp-content\/uploads\/2023\/07\/Solvkleen-M177.jpg","type":"image\/jpeg"}],"twitter_card":"summary_large_image","twitter_site":"@SafetykleenUK","schema":{"@context":"https:\/\/schema.org","@graph":[{"@type":"WebPage","@id":"https:\/\/safetykleeninternational.com\/es\/productos\/maquinas-limpieza-piezas\/base-disolvente\/solvkleen\/","url":"https:\/\/safetykleeninternational.com\/es\/productos\/maquinas-limpieza-piezas\/base-disolvente\/solvkleen\/","name":"M\u00e1quina de limpieza con Disolvente: Solvkleen","isPartOf":{"@id":"https:\/\/safetykleeninternational.com\/es\/#website"},"primaryImageOfPage":{"@id":"https:\/\/safetykleeninternational.com\/es\/productos\/maquinas-limpieza-piezas\/base-disolvente\/solvkleen\/#primaryimage"},"image":{"@id":"https:\/\/safetykleeninternational.com\/es\/productos\/maquinas-limpieza-piezas\/base-disolvente\/solvkleen\/#primaryimage"},"thumbnailUrl":"https:\/\/safetykleeninternational.com\/wp-content\/uploads\/2023\/07\/Solvkleen-M177.jpg","datePublished":"2020-11-28T10:53:12+00:00","dateModified":"2023-09-20T15:40:19+00:00","description":"M\u00e1quina de limpiar adecuada para retirar aceite, tinta, refrigerante, cera, grasa y fluido de corte de piezas de tama\u00f1o peque\u00f1o y mediano","breadcrumb":{"@id":"https:\/\/safetykleeninternational.com\/es\/productos\/maquinas-limpieza-piezas\/base-disolvente\/solvkleen\/#breadcrumb"},"inLanguage":"es","potentialAction":[{"@type":"ReadAction","target":["https:\/\/safetykleeninternational.com\/es\/productos\/maquinas-limpieza-piezas\/base-disolvente\/solvkleen\/"]}]},{"@type":"ImageObject","inLanguage":"es","@id":"https:\/\/safetykleeninternational.com\/es\/productos\/maquinas-limpieza-piezas\/base-disolvente\/solvkleen\/#primaryimage","url":"https:\/\/safetykleeninternational.com\/wp-content\/uploads\/2023\/07\/Solvkleen-M177.jpg","contentUrl":"https:\/\/safetykleeninternational.com\/wp-content\/uploads\/2023\/07\/Solvkleen-M177.jpg","width":1024,"height":684},{"@type":"BreadcrumbList","@id":"https:\/\/safetykleeninternational.com\/es\/productos\/maquinas-limpieza-piezas\/base-disolvente\/solvkleen\/#breadcrumb","itemListElement":[{"@type":"ListItem","position":1,"name":"Productos","item":"https:\/\/safetykleeninternational.com\/es\/products\/"},{"@type":"ListItem","position":2,"name":"M\u00e1quinas de Limpieza de Piezas","item":"https:\/\/safetykleeninternational.com\/es\/products\/parts-washers\/"},{"@type":"ListItem","position":3,"name":"M\u00e1quinas de Limpieza de Piezas con Disolvente","item":"https:\/\/safetykleeninternational.com\/es\/products\/parts-washers\/solvent\/"},{"@type":"ListItem","position":4,"name":"Solvkleen"}]},{"@type":"WebSite","@id":"https:\/\/safetykleeninternational.com\/es\/#website","url":"https:\/\/safetykleeninternational.com\/es\/","name":"Safetykleen","description":"Parts Cleaning Services for Business &amp; Industry","publisher":{"@id":"https:\/\/safetykleeninternational.com\/es\/#organization"},"potentialAction":[{"@type":"SearchAction","target":{"@type":"EntryPoint","urlTemplate":"https:\/\/safetykleeninternational.com\/es\/?s={search_term_string}"},"query-input":{"@type":"PropertyValueSpecification","valueRequired":true,"valueName":"search_term_string"}}],"inLanguage":"es"},{"@type":"Organization","@id":"https:\/\/safetykleeninternational.com\/es\/#organization","name":"Safetykleen","url":"https:\/\/safetykleeninternational.com\/es\/","logo":{"@type":"ImageObject","inLanguage":"es","@id":"https:\/\/safetykleeninternational.com\/es\/#\/schema\/logo\/image\/","url":"https:\/\/safetykleeninternational.com\/wp-content\/uploads\/2020\/12\/Screen-Shot-2020-12-15-at-09.13.37.png","contentUrl":"https:\/\/safetykleeninternational.com\/wp-content\/uploads\/2020\/12\/Screen-Shot-2020-12-15-at-09.13.37.png","width":628,"height":280,"caption":"Safetykleen"},"image":{"@id":"https:\/\/safetykleeninternational.com\/es\/#\/schema\/logo\/image\/"},"sameAs":["https:\/\/x.com\/SafetykleenUK","https:\/\/www.instagram.com\/safetykleeninternational\/","https:\/\/www.linkedin.com\/company\/safetykleen\/","https:\/\/www.youtube.com\/channel\/UCWA-lHlJu6XDHKtNszhebFA"]}]}},"_links":{"self":[{"href":"https:\/\/safetykleeninternational.com\/es\/wp-json\/wp\/v2\/pages\/1855","targetHints":{"allow":["GET"]}}],"collection":[{"href":"https:\/\/safetykleeninternational.com\/es\/wp-json\/wp\/v2\/pages"}],"about":[{"href":"https:\/\/safetykleeninternational.com\/es\/wp-json\/wp\/v2\/types\/page"}],"author":[{"embeddable":true,"href":"https:\/\/safetykleeninternational.com\/es\/wp-json\/wp\/v2\/users\/3"}],"replies":[{"embeddable":true,"href":"https:\/\/safetykleeninternational.com\/es\/wp-json\/wp\/v2\/comments?post=1855"}],"version-history":[{"count":0,"href":"https:\/\/safetykleeninternational.com\/es\/wp-json\/wp\/v2\/pages\/1855\/revisions"}],"up":[{"embeddable":true,"href":"https:\/\/safetykleeninternational.com\/es\/wp-json\/wp\/v2\/pages\/1850"}],"wp:featuredmedia":[{"embeddable":true,"href":"https:\/\/safetykleeninternational.com\/es\/wp-json\/wp\/v2\/media\/13397"}],"wp:attachment":[{"href":"https:\/\/safetykleeninternational.com\/es\/wp-json\/wp\/v2\/media?parent=1855"}],"wp:term":[{"taxonomy":"format","embeddable":true,"href":"https:\/\/safetykleeninternational.com\/es\/wp-json\/wp\/v2\/format?post=1855"},{"taxonomy":"funnel","embeddable":true,"href":"https:\/\/safetykleeninternational.com\/es\/wp-json\/wp\/v2\/funnel?post=1855"},{"taxonomy":"industry","embeddable":true,"href":"https:\/\/safetykleeninternational.com\/es\/wp-json\/wp\/v2\/industry?post=1855"},{"taxonomy":"pillar","embeddable":true,"href":"https:\/\/safetykleeninternational.com\/es\/wp-json\/wp\/v2\/pillar?post=1855"},{"taxonomy":"searchcategory","embeddable":true,"href":"https:\/\/safetykleeninternational.com\/es\/wp-json\/wp\/v2\/searchcategory?post=1855"}],"curies":[{"name":"wp","href":"https:\/\/api.w.org\/{rel}","templated":true}]}}