{"id":1787,"date":"2020-11-29T13:09:27","date_gmt":"2020-11-29T13:09:27","guid":{"rendered":"https:\/\/safetykleenstg.wpengine.com\/services\/specialised-parts-cleaning\/"},"modified":"2021-12-03T10:37:59","modified_gmt":"2021-12-03T10:37:59","slug":"limpieza-piezas-especializadas","status":"publish","type":"page","link":"https:\/\/safetykleeninternational.com\/es\/servicios\/limpieza-piezas-especializadas\/","title":{"rendered":"Limpieza de Piezas Especializadas"},"content":{"rendered":"","protected":false},"excerpt":{"rendered":"","protected":false},"author":3,"featured_media":12712,"parent":1696,"menu_order":15,"comment_status":"closed","ping_status":"closed","template":"","format":[],"meta":{"_acf_changed":false,"footnotes":""},"funnel":[],"industry":[],"pillar":[],"searchcategory":[],"class_list":["post-1787","page","type-page","status-publish","has-post-thumbnail","hentry"],"acf":[],"yoast_head":"<!-- This site is optimized with the Yoast SEO plugin v27.4 - https:\/\/yoast.com\/product\/yoast-seo-wordpress\/ -->\n<title>Safetykleen Espa\u00f1a: Limpieza de piezas especializadas<\/title>\n<meta name=\"description\" content=\"Somos capaces de construir la mejor soluci\u00f3n adaptada a tu negocio, ya que somos l\u00edderes en la limpieza de piezas.\" \/>\n<meta name=\"robots\" content=\"index, follow, max-snippet:-1, max-image-preview:large, max-video-preview:-1\" \/>\n<link rel=\"canonical\" href=\"https:\/\/safetykleeninternational.com\/es\/servicios\/limpieza-piezas-especializadas\/\" \/>\n<meta property=\"og:locale\" content=\"es_ES\" \/>\n<meta property=\"og:type\" content=\"article\" \/>\n<meta property=\"og:title\" content=\"Safetykleen Espa\u00f1a: Limpieza de piezas especializadas\" \/>\n<meta property=\"og:description\" content=\"Somos capaces de construir la mejor soluci\u00f3n adaptada a tu negocio, ya que somos l\u00edderes en la limpieza de piezas.\" \/>\n<meta property=\"og:url\" content=\"https:\/\/safetykleeninternational.com\/es\/servicios\/limpieza-piezas-especializadas\/\" \/>\n<meta property=\"og:site_name\" content=\"Safetykleen\" \/>\n<meta property=\"article:modified_time\" content=\"2021-12-03T10:37:59+00:00\" \/>\n<meta property=\"og:image\" content=\"https:\/\/safetykleeninternational.com\/wp-content\/uploads\/2023\/05\/photoshoot-carrello-macchina-1200large.jpg\" \/>\n\t<meta property=\"og:image:width\" content=\"1200\" \/>\n\t<meta property=\"og:image:height\" content=\"1008\" \/>\n\t<meta property=\"og:image:type\" content=\"image\/jpeg\" \/>\n<meta name=\"twitter:card\" content=\"summary_large_image\" \/>\n<meta name=\"twitter:site\" content=\"@SafetykleenUK\" \/>\n<script type=\"application\/ld+json\" class=\"yoast-schema-graph\">{\"@context\":\"https:\\\/\\\/schema.org\",\"@graph\":[{\"@type\":\"WebPage\",\"@id\":\"https:\\\/\\\/safetykleeninternational.com\\\/es\\\/servicios\\\/limpieza-piezas-especializadas\\\/\",\"url\":\"https:\\\/\\\/safetykleeninternational.com\\\/es\\\/servicios\\\/limpieza-piezas-especializadas\\\/\",\"name\":\"Safetykleen Espa\u00f1a: Limpieza de piezas especializadas\",\"isPartOf\":{\"@id\":\"https:\\\/\\\/safetykleeninternational.com\\\/es\\\/#website\"},\"primaryImageOfPage\":{\"@id\":\"https:\\\/\\\/safetykleeninternational.com\\\/es\\\/servicios\\\/limpieza-piezas-especializadas\\\/#primaryimage\"},\"image\":{\"@id\":\"https:\\\/\\\/safetykleeninternational.com\\\/es\\\/servicios\\\/limpieza-piezas-especializadas\\\/#primaryimage\"},\"thumbnailUrl\":\"https:\\\/\\\/safetykleeninternational.com\\\/wp-content\\\/uploads\\\/2023\\\/05\\\/photoshoot-carrello-macchina-1200large.jpg\",\"datePublished\":\"2020-11-29T13:09:27+00:00\",\"dateModified\":\"2021-12-03T10:37:59+00:00\",\"description\":\"Somos capaces de construir la mejor soluci\u00f3n adaptada a tu negocio, ya que somos l\u00edderes en la limpieza de piezas.\",\"breadcrumb\":{\"@id\":\"https:\\\/\\\/safetykleeninternational.com\\\/es\\\/servicios\\\/limpieza-piezas-especializadas\\\/#breadcrumb\"},\"inLanguage\":\"es\",\"potentialAction\":[{\"@type\":\"ReadAction\",\"target\":[\"https:\\\/\\\/safetykleeninternational.com\\\/es\\\/servicios\\\/limpieza-piezas-especializadas\\\/\"]}]},{\"@type\":\"ImageObject\",\"inLanguage\":\"es\",\"@id\":\"https:\\\/\\\/safetykleeninternational.com\\\/es\\\/servicios\\\/limpieza-piezas-especializadas\\\/#primaryimage\",\"url\":\"https:\\\/\\\/safetykleeninternational.com\\\/wp-content\\\/uploads\\\/2023\\\/05\\\/photoshoot-carrello-macchina-1200large.jpg\",\"contentUrl\":\"https:\\\/\\\/safetykleeninternational.com\\\/wp-content\\\/uploads\\\/2023\\\/05\\\/photoshoot-carrello-macchina-1200large.jpg\",\"width\":1200,\"height\":1008,\"caption\":\"Corporate photography at Safetykleen Milan and Modena locations\"},{\"@type\":\"BreadcrumbList\",\"@id\":\"https:\\\/\\\/safetykleeninternational.com\\\/es\\\/servicios\\\/limpieza-piezas-especializadas\\\/#breadcrumb\",\"itemListElement\":[{\"@type\":\"ListItem\",\"position\":1,\"name\":\"Servicios\",\"item\":\"https:\\\/\\\/safetykleeninternational.com\\\/es\\\/services\\\/\"},{\"@type\":\"ListItem\",\"position\":2,\"name\":\"Limpieza de Piezas Especializadas\"}]},{\"@type\":\"WebSite\",\"@id\":\"https:\\\/\\\/safetykleeninternational.com\\\/es\\\/#website\",\"url\":\"https:\\\/\\\/safetykleeninternational.com\\\/es\\\/\",\"name\":\"Safetykleen\",\"description\":\"Parts Cleaning Services for Business &amp; Industry\",\"publisher\":{\"@id\":\"https:\\\/\\\/safetykleeninternational.com\\\/es\\\/#organization\"},\"potentialAction\":[{\"@type\":\"SearchAction\",\"target\":{\"@type\":\"EntryPoint\",\"urlTemplate\":\"https:\\\/\\\/safetykleeninternational.com\\\/es\\\/?s={search_term_string}\"},\"query-input\":{\"@type\":\"PropertyValueSpecification\",\"valueRequired\":true,\"valueName\":\"search_term_string\"}}],\"inLanguage\":\"es\"},{\"@type\":\"Organization\",\"@id\":\"https:\\\/\\\/safetykleeninternational.com\\\/es\\\/#organization\",\"name\":\"Safetykleen\",\"url\":\"https:\\\/\\\/safetykleeninternational.com\\\/es\\\/\",\"logo\":{\"@type\":\"ImageObject\",\"inLanguage\":\"es\",\"@id\":\"https:\\\/\\\/safetykleeninternational.com\\\/es\\\/#\\\/schema\\\/logo\\\/image\\\/\",\"url\":\"https:\\\/\\\/safetykleeninternational.com\\\/wp-content\\\/uploads\\\/2020\\\/12\\\/Screen-Shot-2020-12-15-at-09.13.37.png\",\"contentUrl\":\"https:\\\/\\\/safetykleeninternational.com\\\/wp-content\\\/uploads\\\/2020\\\/12\\\/Screen-Shot-2020-12-15-at-09.13.37.png\",\"width\":628,\"height\":280,\"caption\":\"Safetykleen\"},\"image\":{\"@id\":\"https:\\\/\\\/safetykleeninternational.com\\\/es\\\/#\\\/schema\\\/logo\\\/image\\\/\"},\"sameAs\":[\"https:\\\/\\\/x.com\\\/SafetykleenUK\",\"https:\\\/\\\/www.instagram.com\\\/safetykleeninternational\\\/\",\"https:\\\/\\\/www.linkedin.com\\\/company\\\/safetykleen\\\/\",\"https:\\\/\\\/www.youtube.com\\\/channel\\\/UCWA-lHlJu6XDHKtNszhebFA\"]}]}<\/script>\n<!-- \/ Yoast SEO plugin. -->","yoast_head_json":{"title":"Safetykleen Espa\u00f1a: Limpieza de piezas especializadas","description":"Somos capaces de construir la mejor soluci\u00f3n adaptada a tu negocio, ya que somos l\u00edderes en la limpieza de piezas.","robots":{"index":"index","follow":"follow","max-snippet":"max-snippet:-1","max-image-preview":"max-image-preview:large","max-video-preview":"max-video-preview:-1"},"canonical":"https:\/\/safetykleeninternational.com\/es\/servicios\/limpieza-piezas-especializadas\/","og_locale":"es_ES","og_type":"article","og_title":"Safetykleen Espa\u00f1a: Limpieza de piezas especializadas","og_description":"Somos capaces de construir la mejor soluci\u00f3n adaptada a tu negocio, ya que somos l\u00edderes en la limpieza de piezas.","og_url":"https:\/\/safetykleeninternational.com\/es\/servicios\/limpieza-piezas-especializadas\/","og_site_name":"Safetykleen","article_modified_time":"2021-12-03T10:37:59+00:00","og_image":[{"width":1200,"height":1008,"url":"https:\/\/safetykleeninternational.com\/wp-content\/uploads\/2023\/05\/photoshoot-carrello-macchina-1200large.jpg","type":"image\/jpeg"}],"twitter_card":"summary_large_image","twitter_site":"@SafetykleenUK","schema":{"@context":"https:\/\/schema.org","@graph":[{"@type":"WebPage","@id":"https:\/\/safetykleeninternational.com\/es\/servicios\/limpieza-piezas-especializadas\/","url":"https:\/\/safetykleeninternational.com\/es\/servicios\/limpieza-piezas-especializadas\/","name":"Safetykleen Espa\u00f1a: Limpieza de piezas especializadas","isPartOf":{"@id":"https:\/\/safetykleeninternational.com\/es\/#website"},"primaryImageOfPage":{"@id":"https:\/\/safetykleeninternational.com\/es\/servicios\/limpieza-piezas-especializadas\/#primaryimage"},"image":{"@id":"https:\/\/safetykleeninternational.com\/es\/servicios\/limpieza-piezas-especializadas\/#primaryimage"},"thumbnailUrl":"https:\/\/safetykleeninternational.com\/wp-content\/uploads\/2023\/05\/photoshoot-carrello-macchina-1200large.jpg","datePublished":"2020-11-29T13:09:27+00:00","dateModified":"2021-12-03T10:37:59+00:00","description":"Somos capaces de construir la mejor soluci\u00f3n adaptada a tu negocio, ya que somos l\u00edderes en la limpieza de piezas.","breadcrumb":{"@id":"https:\/\/safetykleeninternational.com\/es\/servicios\/limpieza-piezas-especializadas\/#breadcrumb"},"inLanguage":"es","potentialAction":[{"@type":"ReadAction","target":["https:\/\/safetykleeninternational.com\/es\/servicios\/limpieza-piezas-especializadas\/"]}]},{"@type":"ImageObject","inLanguage":"es","@id":"https:\/\/safetykleeninternational.com\/es\/servicios\/limpieza-piezas-especializadas\/#primaryimage","url":"https:\/\/safetykleeninternational.com\/wp-content\/uploads\/2023\/05\/photoshoot-carrello-macchina-1200large.jpg","contentUrl":"https:\/\/safetykleeninternational.com\/wp-content\/uploads\/2023\/05\/photoshoot-carrello-macchina-1200large.jpg","width":1200,"height":1008,"caption":"Corporate photography at Safetykleen Milan and Modena locations"},{"@type":"BreadcrumbList","@id":"https:\/\/safetykleeninternational.com\/es\/servicios\/limpieza-piezas-especializadas\/#breadcrumb","itemListElement":[{"@type":"ListItem","position":1,"name":"Servicios","item":"https:\/\/safetykleeninternational.com\/es\/services\/"},{"@type":"ListItem","position":2,"name":"Limpieza de Piezas Especializadas"}]},{"@type":"WebSite","@id":"https:\/\/safetykleeninternational.com\/es\/#website","url":"https:\/\/safetykleeninternational.com\/es\/","name":"Safetykleen","description":"Parts Cleaning Services for Business &amp; Industry","publisher":{"@id":"https:\/\/safetykleeninternational.com\/es\/#organization"},"potentialAction":[{"@type":"SearchAction","target":{"@type":"EntryPoint","urlTemplate":"https:\/\/safetykleeninternational.com\/es\/?s={search_term_string}"},"query-input":{"@type":"PropertyValueSpecification","valueRequired":true,"valueName":"search_term_string"}}],"inLanguage":"es"},{"@type":"Organization","@id":"https:\/\/safetykleeninternational.com\/es\/#organization","name":"Safetykleen","url":"https:\/\/safetykleeninternational.com\/es\/","logo":{"@type":"ImageObject","inLanguage":"es","@id":"https:\/\/safetykleeninternational.com\/es\/#\/schema\/logo\/image\/","url":"https:\/\/safetykleeninternational.com\/wp-content\/uploads\/2020\/12\/Screen-Shot-2020-12-15-at-09.13.37.png","contentUrl":"https:\/\/safetykleeninternational.com\/wp-content\/uploads\/2020\/12\/Screen-Shot-2020-12-15-at-09.13.37.png","width":628,"height":280,"caption":"Safetykleen"},"image":{"@id":"https:\/\/safetykleeninternational.com\/es\/#\/schema\/logo\/image\/"},"sameAs":["https:\/\/x.com\/SafetykleenUK","https:\/\/www.instagram.com\/safetykleeninternational\/","https:\/\/www.linkedin.com\/company\/safetykleen\/","https:\/\/www.youtube.com\/channel\/UCWA-lHlJu6XDHKtNszhebFA"]}]}},"_links":{"self":[{"href":"https:\/\/safetykleeninternational.com\/es\/wp-json\/wp\/v2\/pages\/1787","targetHints":{"allow":["GET"]}}],"collection":[{"href":"https:\/\/safetykleeninternational.com\/es\/wp-json\/wp\/v2\/pages"}],"about":[{"href":"https:\/\/safetykleeninternational.com\/es\/wp-json\/wp\/v2\/types\/page"}],"author":[{"embeddable":true,"href":"https:\/\/safetykleeninternational.com\/es\/wp-json\/wp\/v2\/users\/3"}],"replies":[{"embeddable":true,"href":"https:\/\/safetykleeninternational.com\/es\/wp-json\/wp\/v2\/comments?post=1787"}],"version-history":[{"count":0,"href":"https:\/\/safetykleeninternational.com\/es\/wp-json\/wp\/v2\/pages\/1787\/revisions"}],"up":[{"embeddable":true,"href":"https:\/\/safetykleeninternational.com\/es\/wp-json\/wp\/v2\/pages\/1696"}],"wp:featuredmedia":[{"embeddable":true,"href":"https:\/\/safetykleeninternational.com\/es\/wp-json\/wp\/v2\/media\/12712"}],"wp:attachment":[{"href":"https:\/\/safetykleeninternational.com\/es\/wp-json\/wp\/v2\/media?parent=1787"}],"wp:term":[{"taxonomy":"format","embeddable":true,"href":"https:\/\/safetykleeninternational.com\/es\/wp-json\/wp\/v2\/format?post=1787"},{"taxonomy":"funnel","embeddable":true,"href":"https:\/\/safetykleeninternational.com\/es\/wp-json\/wp\/v2\/funnel?post=1787"},{"taxonomy":"industry","embeddable":true,"href":"https:\/\/safetykleeninternational.com\/es\/wp-json\/wp\/v2\/industry?post=1787"},{"taxonomy":"pillar","embeddable":true,"href":"https:\/\/safetykleeninternational.com\/es\/wp-json\/wp\/v2\/pillar?post=1787"},{"taxonomy":"searchcategory","embeddable":true,"href":"https:\/\/safetykleeninternational.com\/es\/wp-json\/wp\/v2\/searchcategory?post=1787"}],"curies":[{"name":"wp","href":"https:\/\/api.w.org\/{rel}","templated":true}]}}