{"id":1713,"date":"2020-11-28T09:05:15","date_gmt":"2020-11-28T09:05:36","guid":{"rendered":"https:\/\/safetykleenstg.wpengine.com\/services\/training-and-compliance\/"},"modified":"2026-04-06T13:54:24","modified_gmt":"2026-04-06T13:54:24","slug":"consultoria-ambiental","status":"publish","type":"page","link":"https:\/\/safetykleeninternational.com\/es\/servicios\/consultoria-ambiental\/","title":{"rendered":"Consultor\u00eda Ambiental"},"content":{"rendered":"","protected":false},"excerpt":{"rendered":"","protected":false},"author":3,"featured_media":41588,"parent":1696,"menu_order":1,"comment_status":"closed","ping_status":"closed","template":"","format":[],"meta":{"_acf_changed":false,"footnotes":""},"funnel":[257],"industry":[275],"pillar":[261],"searchcategory":[168],"class_list":["post-1713","page","type-page","status-publish","has-post-thumbnail","hentry","searchcategory-services"],"acf":[],"yoast_head":"<!-- This site is optimized with the Yoast SEO plugin v27.4 - https:\/\/yoast.com\/product\/yoast-seo-wordpress\/ -->\n<title>Consultor\u00eda Ambiental en Espa\u00f1a | Safetykleen<\/title>\n<meta name=\"description\" content=\"Contamos con los mejores t\u00e9cnicos expertos en medio ambiente para ayudarte a cumplimentar todos los requisitos legales de sostenibilidad.\" \/>\n<meta name=\"robots\" content=\"index, follow, max-snippet:-1, max-image-preview:large, max-video-preview:-1\" \/>\n<link rel=\"canonical\" href=\"https:\/\/safetykleeninternational.com\/es\/servicios\/consultoria-ambiental\/\" \/>\n<meta property=\"og:locale\" content=\"es_ES\" \/>\n<meta property=\"og:type\" content=\"article\" \/>\n<meta property=\"og:title\" content=\"Consultor\u00eda Ambiental en Espa\u00f1a | Safetykleen\" \/>\n<meta property=\"og:description\" content=\"Contamos con los mejores t\u00e9cnicos expertos en medio ambiente para ayudarte a cumplimentar todos los requisitos legales de sostenibilidad.\" \/>\n<meta property=\"og:url\" content=\"https:\/\/safetykleeninternational.com\/es\/servicios\/consultoria-ambiental\/\" \/>\n<meta property=\"og:site_name\" content=\"Safetykleen\" \/>\n<meta property=\"article:modified_time\" content=\"2026-04-06T13:54:24+00:00\" \/>\n<meta property=\"og:image\" content=\"https:\/\/safetykleeninternational.com\/wp-content\/uploads\/2026\/03\/PID0060_sales_meeting_lowres-1.jpg\" \/>\n\t<meta property=\"og:image:width\" content=\"2500\" \/>\n\t<meta property=\"og:image:height\" content=\"1669\" \/>\n\t<meta property=\"og:image:type\" content=\"image\/jpeg\" \/>\n<meta name=\"twitter:card\" content=\"summary_large_image\" \/>\n<meta name=\"twitter:site\" content=\"@SafetykleenUK\" \/>\n<meta name=\"twitter:label1\" content=\"Tiempo de lectura\" \/>\n\t<meta name=\"twitter:data1\" content=\"4 minutos\" \/>\n<script type=\"application\/ld+json\" class=\"yoast-schema-graph\">{\"@context\":\"https:\\\/\\\/schema.org\",\"@graph\":[{\"@type\":\"WebPage\",\"@id\":\"https:\\\/\\\/safetykleeninternational.com\\\/es\\\/servicios\\\/consultoria-ambiental\\\/\",\"url\":\"https:\\\/\\\/safetykleeninternational.com\\\/es\\\/servicios\\\/consultoria-ambiental\\\/\",\"name\":\"Consultor\u00eda Ambiental en Espa\u00f1a | Safetykleen\",\"isPartOf\":{\"@id\":\"https:\\\/\\\/safetykleeninternational.com\\\/es\\\/#website\"},\"primaryImageOfPage\":{\"@id\":\"https:\\\/\\\/safetykleeninternational.com\\\/es\\\/servicios\\\/consultoria-ambiental\\\/#primaryimage\"},\"image\":{\"@id\":\"https:\\\/\\\/safetykleeninternational.com\\\/es\\\/servicios\\\/consultoria-ambiental\\\/#primaryimage\"},\"thumbnailUrl\":\"https:\\\/\\\/safetykleeninternational.com\\\/wp-content\\\/uploads\\\/2026\\\/03\\\/PID0060_sales_meeting_lowres-1.jpg\",\"datePublished\":\"2020-11-28T09:05:36+00:00\",\"dateModified\":\"2026-04-06T13:54:24+00:00\",\"description\":\"Contamos con los mejores t\u00e9cnicos expertos en medio ambiente para ayudarte a cumplimentar todos los requisitos legales de sostenibilidad.\",\"breadcrumb\":{\"@id\":\"https:\\\/\\\/safetykleeninternational.com\\\/es\\\/servicios\\\/consultoria-ambiental\\\/#breadcrumb\"},\"inLanguage\":\"es\",\"potentialAction\":[{\"@type\":\"ReadAction\",\"target\":[\"https:\\\/\\\/safetykleeninternational.com\\\/es\\\/servicios\\\/consultoria-ambiental\\\/\"]}]},{\"@type\":\"ImageObject\",\"inLanguage\":\"es\",\"@id\":\"https:\\\/\\\/safetykleeninternational.com\\\/es\\\/servicios\\\/consultoria-ambiental\\\/#primaryimage\",\"url\":\"https:\\\/\\\/safetykleeninternational.com\\\/wp-content\\\/uploads\\\/2026\\\/03\\\/PID0060_sales_meeting_lowres-1.jpg\",\"contentUrl\":\"https:\\\/\\\/safetykleeninternational.com\\\/wp-content\\\/uploads\\\/2026\\\/03\\\/PID0060_sales_meeting_lowres-1.jpg\",\"width\":2500,\"height\":1669,\"caption\":\"Una experta en medioambiente de Safetykleen asesora sobre sostenibilidad y normativa medioambiental a sus clientes.\"},{\"@type\":\"BreadcrumbList\",\"@id\":\"https:\\\/\\\/safetykleeninternational.com\\\/es\\\/servicios\\\/consultoria-ambiental\\\/#breadcrumb\",\"itemListElement\":[{\"@type\":\"ListItem\",\"position\":1,\"name\":\"Servicios\",\"item\":\"https:\\\/\\\/safetykleeninternational.com\\\/es\\\/services\\\/\"},{\"@type\":\"ListItem\",\"position\":2,\"name\":\"Consultor\u00eda Ambiental\"}]},{\"@type\":\"WebSite\",\"@id\":\"https:\\\/\\\/safetykleeninternational.com\\\/es\\\/#website\",\"url\":\"https:\\\/\\\/safetykleeninternational.com\\\/es\\\/\",\"name\":\"Safetykleen\",\"description\":\"Parts Cleaning Services for Business &amp; Industry\",\"publisher\":{\"@id\":\"https:\\\/\\\/safetykleeninternational.com\\\/es\\\/#organization\"},\"potentialAction\":[{\"@type\":\"SearchAction\",\"target\":{\"@type\":\"EntryPoint\",\"urlTemplate\":\"https:\\\/\\\/safetykleeninternational.com\\\/es\\\/?s={search_term_string}\"},\"query-input\":{\"@type\":\"PropertyValueSpecification\",\"valueRequired\":true,\"valueName\":\"search_term_string\"}}],\"inLanguage\":\"es\"},{\"@type\":\"Organization\",\"@id\":\"https:\\\/\\\/safetykleeninternational.com\\\/es\\\/#organization\",\"name\":\"Safetykleen\",\"url\":\"https:\\\/\\\/safetykleeninternational.com\\\/es\\\/\",\"logo\":{\"@type\":\"ImageObject\",\"inLanguage\":\"es\",\"@id\":\"https:\\\/\\\/safetykleeninternational.com\\\/es\\\/#\\\/schema\\\/logo\\\/image\\\/\",\"url\":\"https:\\\/\\\/safetykleeninternational.com\\\/wp-content\\\/uploads\\\/2020\\\/12\\\/Screen-Shot-2020-12-15-at-09.13.37.png\",\"contentUrl\":\"https:\\\/\\\/safetykleeninternational.com\\\/wp-content\\\/uploads\\\/2020\\\/12\\\/Screen-Shot-2020-12-15-at-09.13.37.png\",\"width\":628,\"height\":280,\"caption\":\"Safetykleen\"},\"image\":{\"@id\":\"https:\\\/\\\/safetykleeninternational.com\\\/es\\\/#\\\/schema\\\/logo\\\/image\\\/\"},\"sameAs\":[\"https:\\\/\\\/x.com\\\/SafetykleenUK\",\"https:\\\/\\\/www.instagram.com\\\/safetykleeninternational\\\/\",\"https:\\\/\\\/www.linkedin.com\\\/company\\\/safetykleen\\\/\",\"https:\\\/\\\/www.youtube.com\\\/channel\\\/UCWA-lHlJu6XDHKtNszhebFA\"]}]}<\/script>\n<!-- \/ Yoast SEO plugin. -->","yoast_head_json":{"title":"Consultor\u00eda Ambiental en Espa\u00f1a | Safetykleen","description":"Contamos con los mejores t\u00e9cnicos expertos en medio ambiente para ayudarte a cumplimentar todos los requisitos legales de sostenibilidad.","robots":{"index":"index","follow":"follow","max-snippet":"max-snippet:-1","max-image-preview":"max-image-preview:large","max-video-preview":"max-video-preview:-1"},"canonical":"https:\/\/safetykleeninternational.com\/es\/servicios\/consultoria-ambiental\/","og_locale":"es_ES","og_type":"article","og_title":"Consultor\u00eda Ambiental en Espa\u00f1a | Safetykleen","og_description":"Contamos con los mejores t\u00e9cnicos expertos en medio ambiente para ayudarte a cumplimentar todos los requisitos legales de sostenibilidad.","og_url":"https:\/\/safetykleeninternational.com\/es\/servicios\/consultoria-ambiental\/","og_site_name":"Safetykleen","article_modified_time":"2026-04-06T13:54:24+00:00","og_image":[{"width":2500,"height":1669,"url":"https:\/\/safetykleeninternational.com\/wp-content\/uploads\/2026\/03\/PID0060_sales_meeting_lowres-1.jpg","type":"image\/jpeg"}],"twitter_card":"summary_large_image","twitter_site":"@SafetykleenUK","twitter_misc":{"Tiempo de lectura":"4 minutos"},"schema":{"@context":"https:\/\/schema.org","@graph":[{"@type":"WebPage","@id":"https:\/\/safetykleeninternational.com\/es\/servicios\/consultoria-ambiental\/","url":"https:\/\/safetykleeninternational.com\/es\/servicios\/consultoria-ambiental\/","name":"Consultor\u00eda Ambiental en Espa\u00f1a | Safetykleen","isPartOf":{"@id":"https:\/\/safetykleeninternational.com\/es\/#website"},"primaryImageOfPage":{"@id":"https:\/\/safetykleeninternational.com\/es\/servicios\/consultoria-ambiental\/#primaryimage"},"image":{"@id":"https:\/\/safetykleeninternational.com\/es\/servicios\/consultoria-ambiental\/#primaryimage"},"thumbnailUrl":"https:\/\/safetykleeninternational.com\/wp-content\/uploads\/2026\/03\/PID0060_sales_meeting_lowres-1.jpg","datePublished":"2020-11-28T09:05:36+00:00","dateModified":"2026-04-06T13:54:24+00:00","description":"Contamos con los mejores t\u00e9cnicos expertos en medio ambiente para ayudarte a cumplimentar todos los requisitos legales de sostenibilidad.","breadcrumb":{"@id":"https:\/\/safetykleeninternational.com\/es\/servicios\/consultoria-ambiental\/#breadcrumb"},"inLanguage":"es","potentialAction":[{"@type":"ReadAction","target":["https:\/\/safetykleeninternational.com\/es\/servicios\/consultoria-ambiental\/"]}]},{"@type":"ImageObject","inLanguage":"es","@id":"https:\/\/safetykleeninternational.com\/es\/servicios\/consultoria-ambiental\/#primaryimage","url":"https:\/\/safetykleeninternational.com\/wp-content\/uploads\/2026\/03\/PID0060_sales_meeting_lowres-1.jpg","contentUrl":"https:\/\/safetykleeninternational.com\/wp-content\/uploads\/2026\/03\/PID0060_sales_meeting_lowres-1.jpg","width":2500,"height":1669,"caption":"Una experta en medioambiente de Safetykleen asesora sobre sostenibilidad y normativa medioambiental a sus clientes."},{"@type":"BreadcrumbList","@id":"https:\/\/safetykleeninternational.com\/es\/servicios\/consultoria-ambiental\/#breadcrumb","itemListElement":[{"@type":"ListItem","position":1,"name":"Servicios","item":"https:\/\/safetykleeninternational.com\/es\/services\/"},{"@type":"ListItem","position":2,"name":"Consultor\u00eda Ambiental"}]},{"@type":"WebSite","@id":"https:\/\/safetykleeninternational.com\/es\/#website","url":"https:\/\/safetykleeninternational.com\/es\/","name":"Safetykleen","description":"Parts Cleaning Services for Business &amp; Industry","publisher":{"@id":"https:\/\/safetykleeninternational.com\/es\/#organization"},"potentialAction":[{"@type":"SearchAction","target":{"@type":"EntryPoint","urlTemplate":"https:\/\/safetykleeninternational.com\/es\/?s={search_term_string}"},"query-input":{"@type":"PropertyValueSpecification","valueRequired":true,"valueName":"search_term_string"}}],"inLanguage":"es"},{"@type":"Organization","@id":"https:\/\/safetykleeninternational.com\/es\/#organization","name":"Safetykleen","url":"https:\/\/safetykleeninternational.com\/es\/","logo":{"@type":"ImageObject","inLanguage":"es","@id":"https:\/\/safetykleeninternational.com\/es\/#\/schema\/logo\/image\/","url":"https:\/\/safetykleeninternational.com\/wp-content\/uploads\/2020\/12\/Screen-Shot-2020-12-15-at-09.13.37.png","contentUrl":"https:\/\/safetykleeninternational.com\/wp-content\/uploads\/2020\/12\/Screen-Shot-2020-12-15-at-09.13.37.png","width":628,"height":280,"caption":"Safetykleen"},"image":{"@id":"https:\/\/safetykleeninternational.com\/es\/#\/schema\/logo\/image\/"},"sameAs":["https:\/\/x.com\/SafetykleenUK","https:\/\/www.instagram.com\/safetykleeninternational\/","https:\/\/www.linkedin.com\/company\/safetykleen\/","https:\/\/www.youtube.com\/channel\/UCWA-lHlJu6XDHKtNszhebFA"]}]}},"_links":{"self":[{"href":"https:\/\/safetykleeninternational.com\/es\/wp-json\/wp\/v2\/pages\/1713","targetHints":{"allow":["GET"]}}],"collection":[{"href":"https:\/\/safetykleeninternational.com\/es\/wp-json\/wp\/v2\/pages"}],"about":[{"href":"https:\/\/safetykleeninternational.com\/es\/wp-json\/wp\/v2\/types\/page"}],"author":[{"embeddable":true,"href":"https:\/\/safetykleeninternational.com\/es\/wp-json\/wp\/v2\/users\/3"}],"replies":[{"embeddable":true,"href":"https:\/\/safetykleeninternational.com\/es\/wp-json\/wp\/v2\/comments?post=1713"}],"version-history":[{"count":1,"href":"https:\/\/safetykleeninternational.com\/es\/wp-json\/wp\/v2\/pages\/1713\/revisions"}],"predecessor-version":[{"id":41942,"href":"https:\/\/safetykleeninternational.com\/es\/wp-json\/wp\/v2\/pages\/1713\/revisions\/41942"}],"up":[{"embeddable":true,"href":"https:\/\/safetykleeninternational.com\/es\/wp-json\/wp\/v2\/pages\/1696"}],"wp:featuredmedia":[{"embeddable":true,"href":"https:\/\/safetykleeninternational.com\/es\/wp-json\/wp\/v2\/media\/41588"}],"wp:attachment":[{"href":"https:\/\/safetykleeninternational.com\/es\/wp-json\/wp\/v2\/media?parent=1713"}],"wp:term":[{"taxonomy":"format","embeddable":true,"href":"https:\/\/safetykleeninternational.com\/es\/wp-json\/wp\/v2\/format?post=1713"},{"taxonomy":"funnel","embeddable":true,"href":"https:\/\/safetykleeninternational.com\/es\/wp-json\/wp\/v2\/funnel?post=1713"},{"taxonomy":"industry","embeddable":true,"href":"https:\/\/safetykleeninternational.com\/es\/wp-json\/wp\/v2\/industry?post=1713"},{"taxonomy":"pillar","embeddable":true,"href":"https:\/\/safetykleeninternational.com\/es\/wp-json\/wp\/v2\/pillar?post=1713"},{"taxonomy":"searchcategory","embeddable":true,"href":"https:\/\/safetykleeninternational.com\/es\/wp-json\/wp\/v2\/searchcategory?post=1713"}],"curies":[{"name":"wp","href":"https:\/\/api.w.org\/{rel}","templated":true}]}}