{"id":28246,"date":"2024-12-06T10:49:53","date_gmt":"2024-12-06T10:49:53","guid":{"rendered":"https:\/\/safetykleenstg.wpengine.com\/free-guide-ultrasonics-for-rubber-and-plastics\/"},"modified":"2025-03-13T15:59:15","modified_gmt":"2025-03-13T15:59:15","slug":"ultraschall-praezisionsreinigung-gummi-kunststoffe","status":"publish","type":"page","link":"https:\/\/safetykleeninternational.com\/de\/ultraschall-praezisionsreinigung-gummi-kunststoffe\/","title":{"rendered":"Leitfaden: Ultraschall-Pr\u00e4zisionsreinigung f\u00fcr Gummi und Kunststoffe"},"content":{"rendered":"","protected":false},"excerpt":{"rendered":"","protected":false},"author":37,"featured_media":0,"parent":0,"menu_order":48,"comment_status":"closed","ping_status":"closed","template":"","format":[],"meta":{"_acf_changed":false,"footnotes":""},"funnel":[],"industry":[],"pillar":[],"searchcategory":[],"class_list":["post-28246","page","type-page","status-publish","hentry"],"acf":[],"yoast_head":"<!-- This site is optimized with the Yoast SEO plugin v27.3 - https:\/\/yoast.com\/product\/yoast-seo-wordpress\/ -->\n<title>Leitfaden: Ultraschall-Pr\u00e4zisionsreinigung f\u00fcr Gummi und Kunststoffe - Safetykleen<\/title>\n<meta name=\"description\" content=\"Teilereinigung ineffizient? Teile besch\u00e4digt? Jetzt mit Ultraschall Pr\u00e4zisionsreinigung f\u00fcr Gummi und Kunststoffe Produktivit\u00e4t\/Nachhaltigkeit steigern!\" \/>\n<meta name=\"robots\" content=\"noindex, nofollow\" \/>\n<meta property=\"og:locale\" content=\"de_DE\" \/>\n<meta property=\"og:type\" content=\"article\" \/>\n<meta property=\"og:title\" content=\"Leitfaden: Ultraschall-Pr\u00e4zisionsreinigung f\u00fcr Gummi und Kunststoffe - Safetykleen\" \/>\n<meta property=\"og:description\" content=\"Teilereinigung ineffizient? Teile besch\u00e4digt? Jetzt mit Ultraschall Pr\u00e4zisionsreinigung f\u00fcr Gummi und Kunststoffe Produktivit\u00e4t\/Nachhaltigkeit steigern!\" \/>\n<meta property=\"og:url\" content=\"https:\/\/safetykleeninternational.com\/de\/ultraschall-praezisionsreinigung-gummi-kunststoffe\/\" \/>\n<meta property=\"og:site_name\" content=\"Safetykleen\" \/>\n<meta property=\"article:modified_time\" content=\"2025-03-13T15:59:15+00:00\" \/>\n<meta property=\"og:image\" content=\"https:\/\/safetykleeninternational.com\/wp-content\/uploads\/2020\/12\/facebook-share-image-@2x-1.png\" \/>\n\t<meta property=\"og:image:width\" content=\"2400\" \/>\n\t<meta property=\"og:image:height\" content=\"1260\" \/>\n\t<meta property=\"og:image:type\" content=\"image\/png\" \/>\n<meta name=\"twitter:card\" content=\"summary_large_image\" \/>\n<meta name=\"twitter:site\" content=\"@SafetykleenUK\" \/>\n<meta name=\"twitter:label1\" content=\"Gesch\u00e4tzte Lesezeit\" \/>\n\t<meta name=\"twitter:data1\" content=\"1 Minute\" \/>\n<script type=\"application\/ld+json\" class=\"yoast-schema-graph\">{\"@context\":\"https:\\\/\\\/schema.org\",\"@graph\":[{\"@type\":\"WebPage\",\"@id\":\"https:\\\/\\\/safetykleeninternational.com\\\/de\\\/ultraschall-praezisionsreinigung-gummi-kunststoffe\\\/\",\"url\":\"https:\\\/\\\/safetykleeninternational.com\\\/de\\\/ultraschall-praezisionsreinigung-gummi-kunststoffe\\\/\",\"name\":\"Leitfaden: Ultraschall-Pr\u00e4zisionsreinigung f\u00fcr Gummi und Kunststoffe - Safetykleen\",\"isPartOf\":{\"@id\":\"https:\\\/\\\/safetykleeninternational.com\\\/de\\\/#website\"},\"datePublished\":\"2024-12-06T10:49:53+00:00\",\"dateModified\":\"2025-03-13T15:59:15+00:00\",\"description\":\"Teilereinigung ineffizient? Teile besch\u00e4digt? Jetzt mit Ultraschall Pr\u00e4zisionsreinigung f\u00fcr Gummi und Kunststoffe Produktivit\u00e4t\\\/Nachhaltigkeit steigern!\",\"inLanguage\":\"de-DE\",\"potentialAction\":[{\"@type\":\"ReadAction\",\"target\":[\"https:\\\/\\\/safetykleeninternational.com\\\/de\\\/ultraschall-praezisionsreinigung-gummi-kunststoffe\\\/\"]}]},{\"@type\":\"WebSite\",\"@id\":\"https:\\\/\\\/safetykleeninternational.com\\\/de\\\/#website\",\"url\":\"https:\\\/\\\/safetykleeninternational.com\\\/de\\\/\",\"name\":\"Safetykleen\",\"description\":\"Parts Cleaning Services for Business &amp; Industry\",\"publisher\":{\"@id\":\"https:\\\/\\\/safetykleeninternational.com\\\/de\\\/#organization\"},\"potentialAction\":[{\"@type\":\"SearchAction\",\"target\":{\"@type\":\"EntryPoint\",\"urlTemplate\":\"https:\\\/\\\/safetykleeninternational.com\\\/de\\\/?s={search_term_string}\"},\"query-input\":{\"@type\":\"PropertyValueSpecification\",\"valueRequired\":true,\"valueName\":\"search_term_string\"}}],\"inLanguage\":\"de-DE\"},{\"@type\":\"Organization\",\"@id\":\"https:\\\/\\\/safetykleeninternational.com\\\/de\\\/#organization\",\"name\":\"Safetykleen\",\"url\":\"https:\\\/\\\/safetykleeninternational.com\\\/de\\\/\",\"logo\":{\"@type\":\"ImageObject\",\"inLanguage\":\"de-DE\",\"@id\":\"https:\\\/\\\/safetykleeninternational.com\\\/de\\\/#\\\/schema\\\/logo\\\/image\\\/\",\"url\":\"https:\\\/\\\/safetykleeninternational.com\\\/wp-content\\\/uploads\\\/2020\\\/12\\\/Screen-Shot-2020-12-15-at-09.13.37.png\",\"contentUrl\":\"https:\\\/\\\/safetykleeninternational.com\\\/wp-content\\\/uploads\\\/2020\\\/12\\\/Screen-Shot-2020-12-15-at-09.13.37.png\",\"width\":628,\"height\":280,\"caption\":\"Safetykleen\"},\"image\":{\"@id\":\"https:\\\/\\\/safetykleeninternational.com\\\/de\\\/#\\\/schema\\\/logo\\\/image\\\/\"},\"sameAs\":[\"https:\\\/\\\/x.com\\\/SafetykleenUK\",\"https:\\\/\\\/www.instagram.com\\\/safetykleeninternational\\\/\",\"https:\\\/\\\/www.linkedin.com\\\/company\\\/safetykleen\\\/\",\"https:\\\/\\\/www.youtube.com\\\/channel\\\/UCWA-lHlJu6XDHKtNszhebFA\"]}]}<\/script>\n<!-- \/ Yoast SEO plugin. -->","yoast_head_json":{"title":"Leitfaden: Ultraschall-Pr\u00e4zisionsreinigung f\u00fcr Gummi und Kunststoffe - Safetykleen","description":"Teilereinigung ineffizient? Teile besch\u00e4digt? Jetzt mit Ultraschall Pr\u00e4zisionsreinigung f\u00fcr Gummi und Kunststoffe Produktivit\u00e4t\/Nachhaltigkeit steigern!","robots":{"index":"noindex","follow":"nofollow"},"og_locale":"de_DE","og_type":"article","og_title":"Leitfaden: Ultraschall-Pr\u00e4zisionsreinigung f\u00fcr Gummi und Kunststoffe - Safetykleen","og_description":"Teilereinigung ineffizient? Teile besch\u00e4digt? Jetzt mit Ultraschall Pr\u00e4zisionsreinigung f\u00fcr Gummi und Kunststoffe Produktivit\u00e4t\/Nachhaltigkeit steigern!","og_url":"https:\/\/safetykleeninternational.com\/de\/ultraschall-praezisionsreinigung-gummi-kunststoffe\/","og_site_name":"Safetykleen","article_modified_time":"2025-03-13T15:59:15+00:00","og_image":[{"width":2400,"height":1260,"url":"https:\/\/safetykleeninternational.com\/wp-content\/uploads\/2020\/12\/facebook-share-image-@2x-1.png","type":"image\/png"}],"twitter_card":"summary_large_image","twitter_site":"@SafetykleenUK","twitter_misc":{"Gesch\u00e4tzte Lesezeit":"1 Minute"},"schema":{"@context":"https:\/\/schema.org","@graph":[{"@type":"WebPage","@id":"https:\/\/safetykleeninternational.com\/de\/ultraschall-praezisionsreinigung-gummi-kunststoffe\/","url":"https:\/\/safetykleeninternational.com\/de\/ultraschall-praezisionsreinigung-gummi-kunststoffe\/","name":"Leitfaden: Ultraschall-Pr\u00e4zisionsreinigung f\u00fcr Gummi und Kunststoffe - Safetykleen","isPartOf":{"@id":"https:\/\/safetykleeninternational.com\/de\/#website"},"datePublished":"2024-12-06T10:49:53+00:00","dateModified":"2025-03-13T15:59:15+00:00","description":"Teilereinigung ineffizient? Teile besch\u00e4digt? Jetzt mit Ultraschall Pr\u00e4zisionsreinigung f\u00fcr Gummi und Kunststoffe Produktivit\u00e4t\/Nachhaltigkeit steigern!","inLanguage":"de-DE","potentialAction":[{"@type":"ReadAction","target":["https:\/\/safetykleeninternational.com\/de\/ultraschall-praezisionsreinigung-gummi-kunststoffe\/"]}]},{"@type":"WebSite","@id":"https:\/\/safetykleeninternational.com\/de\/#website","url":"https:\/\/safetykleeninternational.com\/de\/","name":"Safetykleen","description":"Parts Cleaning Services for Business &amp; Industry","publisher":{"@id":"https:\/\/safetykleeninternational.com\/de\/#organization"},"potentialAction":[{"@type":"SearchAction","target":{"@type":"EntryPoint","urlTemplate":"https:\/\/safetykleeninternational.com\/de\/?s={search_term_string}"},"query-input":{"@type":"PropertyValueSpecification","valueRequired":true,"valueName":"search_term_string"}}],"inLanguage":"de-DE"},{"@type":"Organization","@id":"https:\/\/safetykleeninternational.com\/de\/#organization","name":"Safetykleen","url":"https:\/\/safetykleeninternational.com\/de\/","logo":{"@type":"ImageObject","inLanguage":"de-DE","@id":"https:\/\/safetykleeninternational.com\/de\/#\/schema\/logo\/image\/","url":"https:\/\/safetykleeninternational.com\/wp-content\/uploads\/2020\/12\/Screen-Shot-2020-12-15-at-09.13.37.png","contentUrl":"https:\/\/safetykleeninternational.com\/wp-content\/uploads\/2020\/12\/Screen-Shot-2020-12-15-at-09.13.37.png","width":628,"height":280,"caption":"Safetykleen"},"image":{"@id":"https:\/\/safetykleeninternational.com\/de\/#\/schema\/logo\/image\/"},"sameAs":["https:\/\/x.com\/SafetykleenUK","https:\/\/www.instagram.com\/safetykleeninternational\/","https:\/\/www.linkedin.com\/company\/safetykleen\/","https:\/\/www.youtube.com\/channel\/UCWA-lHlJu6XDHKtNszhebFA"]}]}},"_links":{"self":[{"href":"https:\/\/safetykleeninternational.com\/de\/wp-json\/wp\/v2\/pages\/28246","targetHints":{"allow":["GET"]}}],"collection":[{"href":"https:\/\/safetykleeninternational.com\/de\/wp-json\/wp\/v2\/pages"}],"about":[{"href":"https:\/\/safetykleeninternational.com\/de\/wp-json\/wp\/v2\/types\/page"}],"author":[{"embeddable":true,"href":"https:\/\/safetykleeninternational.com\/de\/wp-json\/wp\/v2\/users\/37"}],"replies":[{"embeddable":true,"href":"https:\/\/safetykleeninternational.com\/de\/wp-json\/wp\/v2\/comments?post=28246"}],"version-history":[{"count":0,"href":"https:\/\/safetykleeninternational.com\/de\/wp-json\/wp\/v2\/pages\/28246\/revisions"}],"wp:attachment":[{"href":"https:\/\/safetykleeninternational.com\/de\/wp-json\/wp\/v2\/media?parent=28246"}],"wp:term":[{"taxonomy":"format","embeddable":true,"href":"https:\/\/safetykleeninternational.com\/de\/wp-json\/wp\/v2\/format?post=28246"},{"taxonomy":"funnel","embeddable":true,"href":"https:\/\/safetykleeninternational.com\/de\/wp-json\/wp\/v2\/funnel?post=28246"},{"taxonomy":"industry","embeddable":true,"href":"https:\/\/safetykleeninternational.com\/de\/wp-json\/wp\/v2\/industry?post=28246"},{"taxonomy":"pillar","embeddable":true,"href":"https:\/\/safetykleeninternational.com\/de\/wp-json\/wp\/v2\/pillar?post=28246"},{"taxonomy":"searchcategory","embeddable":true,"href":"https:\/\/safetykleeninternational.com\/de\/wp-json\/wp\/v2\/searchcategory?post=28246"}],"curies":[{"name":"wp","href":"https:\/\/api.w.org\/{rel}","templated":true}]}}